{"id":843,"date":"2018-11-18T00:04:54","date_gmt":"2018-11-17T23:04:54","guid":{"rendered":"http:\/\/agora.xtec.cat\/iesperealsius\/?page_id=843"},"modified":"2022-04-28T16:13:37","modified_gmt":"2022-04-28T14:13:37","slug":"eso-3-confirmacio-de-matricula","status":"publish","type":"page","link":"https:\/\/agora.xtec.cat\/iesperealsius\/preinscripcio\/preinscripcio-eso\/eso-3-confirmacio-de-matricula\/","title":{"rendered":"3. Confirmaci\u00f3 de matr\u00edcula"},"content":{"rendered":"<h4><span style=\"font-size: 24px;\"><strong>ESO: <\/strong><strong>Confirmaci\u00f3 de matr\u00edcula per al curs 2022-2023\u00a0<\/strong><\/span><\/h4>\n<h4><span style=\"font-size: 24px;\"><strong>Alumnat que actualment est\u00e0 cursant 1r, 2n o 3r d&#8217;ESO<\/strong><\/span><\/h4>\n<p><span lang=\"CA\"><span style=\"font-size: 20px;\">L&#8217;alumnat matriculat a 1r, 2n i 3r d&#8217;ESO t\u00e9 pla\u00e7a reservada en el centre per al proper curs, <\/span><\/span><span lang=\"CA\"><span style=\"font-size: 20px;\">tot i aix\u00f2 per gaudir-ne cal fer-ne la confirmaci\u00f3, del 29 d&#8217;abril\u00a0 al 9 de maig. El tutor\/a donar\u00e0 el full de confirmaci\u00f3 per omplir i el de pagament de matr\u00edcula que caldr\u00e0 retornar dintre el termini indicat.\u00a0<\/span><\/span><\/p>\n<p><span style=\"font-size: 20px;\">La quota de l&#8217;AFA i de l&#8217;auxiliar de conversa es pagar\u00e0 a trav\u00e9s de la plataforma IDDINK en el moment de fer la comanda<\/span><span style=\"font-size: 20px;\"> dels llibres i materials del curs.<\/span><\/p>\n<div><\/div>\n<div style=\"text-align: center;\"><\/div>\n<div><span style=\"font-size: 20px;\">\u00a0<\/span><\/div>\n<div><\/div>\n<div><\/div>\n<p>&nbsp;<\/p>\n","protected":false},"excerpt":{"rendered":"<p>ESO: Confirmaci\u00f3 de matr\u00edcula per al curs 2022-2023\u00a0<br \/>\nAlumnat que actualment est\u00e0 cursant 1r, 2n o 3r d&#8217;ESO<br \/>\nL&#8217;alumnat matriculat a 1r, 2n i 3r d&#8217;ESO t\u00e9 pla\u00e7a reservada en el centre per al proper curs, tot i aix\u00f2 per gaudir-ne cal fer-ne la confirmaci\u00f3, del 29&hellip;  <a href=\"https:\/\/agora.xtec.cat\/iesperealsius\/preinscripcio\/preinscripcio-eso\/eso-3-confirmacio-de-matricula\/\" title=\"Read 3. Confirmaci\u00f3 de matr\u00edcula\">Llegeix m\u00e9s\u00bb<\/a><\/p>\n","protected":false},"author":1,"featured_media":0,"parent":822,"menu_order":20,"comment_status":"closed","ping_status":"closed","template":"page-templates\/side-menu.php","meta":{"_bbp_topic_count":0,"_bbp_reply_count":0,"_bbp_total_topic_count":0,"_bbp_total_reply_count":0,"_bbp_voice_count":0,"_bbp_anonymous_reply_count":0,"_bbp_topic_count_hidden":0,"_bbp_reply_count_hidden":0,"_bbp_forum_subforum_count":0,"footnotes":""},"class_list":["post-843","page","type-page","status-publish","hentry"],"post_mailing_queue_ids":[],"_links":{"self":[{"href":"https:\/\/agora.xtec.cat\/iesperealsius\/wp-json\/wp\/v2\/pages\/843","targetHints":{"allow":["GET"]}}],"collection":[{"href":"https:\/\/agora.xtec.cat\/iesperealsius\/wp-json\/wp\/v2\/pages"}],"about":[{"href":"https:\/\/agora.xtec.cat\/iesperealsius\/wp-json\/wp\/v2\/types\/page"}],"author":[{"embeddable":true,"href":"https:\/\/agora.xtec.cat\/iesperealsius\/wp-json\/wp\/v2\/users\/1"}],"replies":[{"embeddable":true,"href":"https:\/\/agora.xtec.cat\/iesperealsius\/wp-json\/wp\/v2\/comments?post=843"}],"version-history":[{"count":4,"href":"https:\/\/agora.xtec.cat\/iesperealsius\/wp-json\/wp\/v2\/pages\/843\/revisions"}],"predecessor-version":[{"id":8510,"href":"https:\/\/agora.xtec.cat\/iesperealsius\/wp-json\/wp\/v2\/pages\/843\/revisions\/8510"}],"up":[{"embeddable":true,"href":"https:\/\/agora.xtec.cat\/iesperealsius\/wp-json\/wp\/v2\/pages\/822"}],"wp:attachment":[{"href":"https:\/\/agora.xtec.cat\/iesperealsius\/wp-json\/wp\/v2\/media?parent=843"}],"curies":[{"name":"wp","href":"https:\/\/api.w.org\/{rel}","templated":true}]}}