{"id":840,"date":"2018-11-18T00:00:30","date_gmt":"2018-11-17T23:00:30","guid":{"rendered":"http:\/\/agora.xtec.cat\/iesperealsius\/?page_id=840"},"modified":"2026-02-12T12:57:35","modified_gmt":"2026-02-12T11:57:35","slug":"eso-2-matricula","status":"publish","type":"page","link":"https:\/\/agora.xtec.cat\/iesperealsius\/preinscripcio\/preinscripcio-eso\/eso-2-matricula\/","title":{"rendered":"2. Matr\u00edcula"},"content":{"rendered":"<h3 align=\"left\"><\/h3>\n<h3 align=\"left\"><span style=\"font-size: 24px;\"><b style=\"font-family: inherit;\"><span style=\"font-family: verdana,sans-serif;\">ESO: <\/span><\/b><b>MATR\u00cdCULA<\/b><b style=\"font-family: inherit;\"> <\/b><span style=\"font-family: verdana,sans-serif;\">(alumnat nou al centre): del 22 al 30 de juny.<\/span><\/span><\/h3>\n<div>\n<p><span style=\"font-size: 20px;\"><span style=\"font-family: verdana,sans-serif;\">Recordeu que si no us matriculeu en el per\u00edode establert, renuncieu a la pla\u00e7a, i aquesta ser\u00e0 assignada a la primera persona de la llista d&#8217;espera.<\/span><\/span><\/p>\n<h2><span style=\"font-family: verdana, sans-serif; font-size: 20px;\"><span style=\"color: #ff0000;\"><b>DOCUMENTACI\u00d3 QUE CAL OMPLIR EN EL MOMENT DE FORMALITZAR LA MATR\u00cdCULA:\u00a0<\/b><\/span><\/span><\/h2>\n<ul>\n<li><span style=\"font-size: 24px;\"><strong>1 fotografia mida carnet amb el nom escrit al darrere<\/strong><\/span><\/li>\n<li><span style=\"font-size: 20px;\"><b style=\"font-family: verdana,sans-serif;\"><span lang=\"CA\">DNI\/NIE original i fotoc\u00f2pia dels tutors legals i de l&#8217;alumne\/a, si en t\u00e9<\/span><\/b><\/span><\/li>\n<li style=\"font-family: verdana,sans-serif;\"><span style=\"font-size: 20px;\"><b><span lang=\"CA\">Resguard de la preinscripci\u00f3 <\/span><\/b><\/span><\/li>\n<li style=\"font-family: verdana,sans-serif;\"><span style=\"font-size: 20px;\"><b><span lang=\"CA\">Llibre de fam\u00edlia i fotoc\u00f2pia<\/span><\/b><\/span><\/li>\n<li style=\"font-family: verdana,sans-serif;\"><span style=\"font-size: 20px;\"><b><span lang=\"CA\"> Carnet de vacunes i TSI (Targeta Sanit\u00e0ria individual) de l&#8217;alumne\/a, original i fotoc\u00f2pia<\/span><\/b><\/span><\/li>\n<li style=\"font-family: verdana,sans-serif;\"><span style=\"font-size: 20px;\"><b><span lang=\"CA\"><a href=\"https:\/\/drive.google.com\/file\/d\/1225j-BaOJa6I_iGM4s9ZH1AZ0e1CXhkN\/view?usp=sharing\"><span style=\"text-decoration: underline; background-color: #ffff00;\">Fitxa de dades pers<\/span><span style=\"text-decoration: underline; background-color: #ffff00;\">onals<\/span><\/a>\u00a0<u><br \/>\n<\/u><\/span><\/b><\/span><\/li>\n<li><a href=\"https:\/\/drive.google.com\/file\/d\/1IkkURLUTEuv7qZRr0m9TFPralAuVl3ga\/view?usp=sharing\"><span style=\"background-color: #ffff00;\"><strong><span style=\"font-size: 20px; background-color: #ffff00;\">Autoritzaci\u00f3 d&#8217;activitats i sortides<\/span><\/strong><\/span><\/a><\/li>\n<li><span style=\"font-size: 20px;\"><a href=\"https:\/\/drive.google.com\/file\/d\/1cxV8VlO5nTF6oMifd2D4zzHLlvByiWuE\/view?usp=sharing\"><span style=\"text-decoration: underline;\"><strong><span style=\"background-color: #ffff00;\">Carta de comprom\u00eds educatiu<\/span><\/strong><\/span><\/a><b><span lang=\"CA\"> signada per la fam\u00edlia i l&#8217;alumne\/a (<u>alumnat<br \/>\nnou)<\/u><\/span><\/b><\/span><\/li>\n<\/ul>\n<ul>\n<li style=\"font-family: verdana,sans-serif;\"><a href=\"https:\/\/drive.google.com\/file\/d\/1CUnq3OzGo0MJJ7doJazaHfn9Acpl98iP\/view?usp=sharing\"><span style=\"font-size: 20px;\"><b><span style=\"text-decoration: underline;\"><span style=\"background-color: #ffff00;\">Autoritzaci\u00f3 d&#8217;\u00fas de serveis<\/span><\/span><\/b><\/span><span style=\"font-size: 20px;\"><b><span style=\"text-decoration: underline;\"><span style=\"background-color: #ffff00;\"> i recursos digitals a Internet per treballar a l&#8217;aula<\/span><\/span><\/b><\/span><\/a><\/li>\n<li style=\"font-family: verdana,sans-serif;\"><a href=\"https:\/\/drive.google.com\/file\/d\/151-iXIwUEmBLJx51j8pCDKXjBCJQnyK2\/view?usp=sharing\"><span style=\"font-size: 20px;\"><b><span style=\"text-decoration: underline;\"><span style=\"background-color: #ffff00;\">Autoritzaci\u00f3 d&#8217;\u00fas d&#8217;imatges, publicaci\u00f3 de dades de car\u00e0cter personal i de material que elaboren.<\/span><\/span><\/b><\/span><\/a><\/li>\n<li><a href=\"https:\/\/drive.google.com\/file\/d\/1QgG4gHMoJLrC96Aoa3YhRzyQLspN3Mon\/view?usp=sharing\"><span style=\"font-size: 20px; color: #00ccff; background-color: #ffff00;\"><b><span lang=\"CA\">El resguard de pagament de matr\u00edcula\u00a0<\/span><\/b><\/span><\/a><\/li>\n<li style=\"font-family: verdana,sans-serif;\"><a href=\"https:\/\/drive.google.com\/file\/d\/1GkyT9UC8hScCMYpbwJSpEM52K9YSVPt2\/view?usp=sharing\"><span style=\"font-size: 20px;\"><span style=\"background-color: #ffff00;\">Material per a l&#8217;alumnat de 1r ESO<\/span><\/span><\/a><\/li>\n<li><span style=\"font-size: 20px;\">Omplir el <strong><span style=\"background-color: #ffff00;\"><a href=\"https:\/\/docs.google.com\/forms\/d\/e\/1FAIpQLScK2oXoIo-s97cfizWKitr_SGycfnioHq5VDbpMJbZ0fqcOjw\/viewform?usp=dialog\">formulari d&#8217;optatives<\/a> (veure <a href=\"https:\/\/drive.google.com\/file\/d\/1rXkfykq-GDvk-gl9pHKKGVTyyHMVbZ-w\/view?usp=sharing\">ressenya d&#8217;optatives)<\/a>\u00a0<\/span><\/strong><\/span><\/li>\n<\/ul>\n<\/div>\n<div>\n<ul>\n<li><span style=\"font-size: 20px;\"><span style=\"font-family: verdana,sans-serif;\">La quota de l&#8217;AFA i de l&#8217;auxiliar de conversa es paga a trav\u00e9s de la plataforma <a href=\"https:\/\/agora.xtec.cat\/iesperealsius\/compra-llibres\/\">IDDINK<\/a> paral\u00b7lelament a l&#8217;adquisici\u00f3 dels llibres i materials del curs:<\/span><\/span><\/li>\n<\/ul>\n<\/div>\n<div style=\"margin-left: 240px;\"><a href=\"https:\/\/drive.google.com\/file\/d\/1C8TE-eF_IQq7uINPuQZ3WTsGf1xKlCsi\/view?usp=sharing\"><span style=\"font-size: 20px;\"><span style=\"font-family: verdana,sans-serif;\"><b><span style=\"text-decoration: underline; background-color: #ffff00;\">Circular informativa de<\/span><\/b><\/span><\/span><span style=\"font-size: 20px;\"><span style=\"font-family: verdana,sans-serif;\"><b><span style=\"text-decoration: underline; background-color: #ffff00;\"> l&#8217;AFA<\/span><\/b><\/span><\/span><\/a><\/div>\n<div><\/div>\n<p>&nbsp;<\/p>\n<p>&nbsp;<\/p>\n<div id=\"gtx-trans\" style=\"position: absolute; left: 20px; top: 695.944px;\">\n<div class=\"gtx-trans-icon\"><\/div>\n<\/div>\n","protected":false},"excerpt":{"rendered":"<p>ESO: MATR\u00cdCULA (alumnat nou al centre): del 22 al 30 de juny.<\/p>\n<p>Recordeu que si no us matriculeu en el per\u00edode establert, renuncieu a la pla\u00e7a, i aquesta ser\u00e0 assignada a la primera persona de la llista d&#8217;espera.<br \/>\nDOCUMENTACI\u00d3 QUE CAL OMPLIR EN EL MOMENT DE FORMALITZAR&hellip;  <a href=\"https:\/\/agora.xtec.cat\/iesperealsius\/preinscripcio\/preinscripcio-eso\/eso-2-matricula\/\" title=\"Read 2. Matr\u00edcula\">Llegeix m\u00e9s\u00bb<\/a><\/p>\n","protected":false},"author":1,"featured_media":0,"parent":822,"menu_order":10,"comment_status":"closed","ping_status":"closed","template":"page-templates\/side-menu.php","meta":{"_bbp_topic_count":0,"_bbp_reply_count":0,"_bbp_total_topic_count":0,"_bbp_total_reply_count":0,"_bbp_voice_count":0,"_bbp_anonymous_reply_count":0,"_bbp_topic_count_hidden":0,"_bbp_reply_count_hidden":0,"_bbp_forum_subforum_count":0,"footnotes":""},"class_list":["post-840","page","type-page","status-publish","hentry"],"post_mailing_queue_ids":[],"_links":{"self":[{"href":"https:\/\/agora.xtec.cat\/iesperealsius\/wp-json\/wp\/v2\/pages\/840","targetHints":{"allow":["GET"]}}],"collection":[{"href":"https:\/\/agora.xtec.cat\/iesperealsius\/wp-json\/wp\/v2\/pages"}],"about":[{"href":"https:\/\/agora.xtec.cat\/iesperealsius\/wp-json\/wp\/v2\/types\/page"}],"author":[{"embeddable":true,"href":"https:\/\/agora.xtec.cat\/iesperealsius\/wp-json\/wp\/v2\/users\/1"}],"replies":[{"embeddable":true,"href":"https:\/\/agora.xtec.cat\/iesperealsius\/wp-json\/wp\/v2\/comments?post=840"}],"version-history":[{"count":7,"href":"https:\/\/agora.xtec.cat\/iesperealsius\/wp-json\/wp\/v2\/pages\/840\/revisions"}],"predecessor-version":[{"id":12666,"href":"https:\/\/agora.xtec.cat\/iesperealsius\/wp-json\/wp\/v2\/pages\/840\/revisions\/12666"}],"up":[{"embeddable":true,"href":"https:\/\/agora.xtec.cat\/iesperealsius\/wp-json\/wp\/v2\/pages\/822"}],"wp:attachment":[{"href":"https:\/\/agora.xtec.cat\/iesperealsius\/wp-json\/wp\/v2\/media?parent=840"}],"curies":[{"name":"wp","href":"https:\/\/api.w.org\/{rel}","templated":true}]}}