{"id":837,"date":"2018-11-17T23:56:51","date_gmt":"2018-11-17T22:56:51","guid":{"rendered":"http:\/\/agora.xtec.cat\/iesperealsius\/?page_id=837"},"modified":"2026-04-29T09:49:26","modified_gmt":"2026-04-29T07:49:26","slug":"eso-1-preinscripcio","status":"publish","type":"page","link":"https:\/\/agora.xtec.cat\/iesperealsius\/preinscripcio\/preinscripcio-eso\/eso-1-preinscripcio\/","title":{"rendered":"1. Preinscripci\u00f3"},"content":{"rendered":"<div><span style=\"font-size: 20px;\"><strong>CALENDARI DEL PROC\u00c9S DE PREINSCRIPCI\u00d3 I MATR\u00cdCULA. CURS 2026-27(pot estar subjecte a canvis):<\/strong><\/span><\/div>\n<div><\/div>\n<ul style=\"list-style-type: disc;\">\n<li><span style=\"font-size: 20px;\">2 de mar\u00e7: Portes obertes a l&#8217;Institut Pere Alsius<\/span><\/li>\n<li><span style=\"font-size: 20px;\">3 de mar\u00e7: Publicaci\u00f3 de l&#8217;oferta inicial. Clica <a href=\"https:\/\/drive.google.com\/file\/d\/1BpcJ9eNE2cF7xX95VVtjWMt_6rwk47ND\/view?usp=sharing\">aqu\u00ed<\/a>.<\/span><\/li>\n<li><span style=\"font-size: 20px;\"><strong>Del 6 al 18 de mar\u00e7: Presentaci\u00f3 i\/o modificaci\u00f3 de sol\u00b7licituds<\/strong><\/span><\/li>\n<li><span style=\"font-size: 20px;\">Fins al 19 de mar\u00e7: Presentaci\u00f3 de documentaci\u00f3<\/span><\/li>\n<li><span style=\"font-size: 20px;\"><strong>15 d&#8217;abril: Publicaci\u00f3 de la llista de sol\u00b7licituds amb la puntuaci\u00f3 provisional.\u00a0<\/strong>Clica <a href=\"https:\/\/drive.google.com\/file\/d\/1VZs41jc8r5of3IvuI4Tm22FH3MIGH7m4\/view?usp=sharing\">aqu\u00ed.<\/a><\/span><\/li>\n<li><span style=\"font-size: 20px;\">Del 15 al 20 d&#8217;abril: Presentaci\u00f3 de reclamacions a la llista amb la puntuaci\u00f3 provisional<\/span><\/li>\n<li><span style=\"font-size: 20px;\"><strong>23 d&#8217;abril: Publicaci\u00f3 de la llista amb la puntuaci\u00f3, un cop resoltes les reclamacions.<\/strong> Clica <a href=\"https:\/\/drive.google.com\/file\/d\/1440wOlQs-Z4DmcFYitStdxLxgMITd2N1\/view?usp=sharing\">aqu\u00ed<\/a>.<\/span><\/li>\n<li><span style=\"font-size: 20px;\"><strong>28 d&#8217;abril: Sorteig.<\/strong> Serveix per reordenar les sol\u00b7licituds que estiguin empatades en punts.\u00a0<\/span><\/li>\n<li><strong><span style=\"font-size: 20px;\">29 d&#8217;abril: Publicaci\u00f3 de la llista ordenada.\u00a0<\/span><\/strong><span style=\"font-size: 20px;\">Clica <a href=\"https:\/\/agora.xtec.cat\/iesperealsius\/wp-content\/uploads\/usu45\/2026\/04\/INFORME_BAREM_DEFINITIU_BAREM.pdf\">aqu\u00ed<\/a>.<\/span><\/li>\n<li><span style=\"font-size: 20px;\">10 de juny: Publicaci\u00f3 de l&#8217;oferta final.\u00a0<\/span><\/li>\n<li><span style=\"font-size: 20px;\"><strong>10 de juny: Publicaci\u00f3 de la llista d&#8217;admesos \u00a0i la llista d&#8217;espera.\u00a0<\/strong><\/span><\/li>\n<li><span style=\"font-size: 20px;\"><strong>\u00a022 al 30 de juny: Per\u00edode de matriculaci\u00f3<\/strong><\/span><\/li>\n<\/ul>\n<p>&nbsp;<\/p>\n<ul style=\"list-style-type: disc;\">\n<li><b style=\"font-size: 20px; font-family: inherit;\">PRESENTACI\u00d3 DE SOL\u00b7LICITUDS:\u00a0<\/b><\/li>\n<\/ul>\n<ul>\n<li><span style=\"font-size: 20px;\"><span style=\"font-weight: 400;\">Totes les sol\u00b7licituds s\u00f3n en f<strong>ormat telem\u00e0tic, a trav\u00e9s del web de preinscripci\u00f3 de la Generalitat:<\/strong> <a href=\"https:\/\/preinscripcio.gencat.cat\/ca\/inici\">https:\/\/preinscripcio.gencat.cat\/ca\/inici \u00a0<\/a>\u00a0<\/span><\/span><\/li>\n<li><span style=\"font-weight: 400; font-size: 20px;\">S\u2019ha de presentar una sola sol\u00b7licitud i indicar-hi per ordre de prefer\u00e8ncia els\u00a0 diferents centres als que us interessa inscriure la vostra filla o fill.\u00a0\u00a0<\/span><\/li>\n<li><span style=\"font-weight: 400; font-size: 20px;\">No cal lliurar cap documentaci\u00f3 presencialment al centre educatiu que indiqueu en\u00a0 primera opci\u00f3.\u00a0\u00a0<\/span><\/li>\n<li><span style=\"font-weight: 400; font-size: 20px;\">Hi ha dos tipus de sol\u00b7licitud:\u00a0\u00a0<\/span><\/li>\n<\/ul>\n<p><span style=\"font-size: 20px;\"><span style=\"font-weight: 400;\">o <\/span><strong>Electr\u00f2nica: cal identificaci\u00f3 digital\u00a0\u00a0<\/strong><\/span><\/p>\n<p><span style=\"font-size: 20px;\"><span style=\"font-weight: 400;\">Mitjan\u00e7ant certificat digital, com DNI electr\u00f2nic, Cl@ve,\u00a0 idCat, etc. Si no es disposa de cap certificat, us en podeu generar un de forma f\u00e0cil,\u00a0 l\u2019idCat M\u00f2bil, us expliquem com:\u00a0\u00a0<\/span><\/span><\/p>\n<p><span style=\"font-weight: 400; font-size: 20px;\">Cal complir els requisits seg\u00fcents:\u00a0\u00a0<\/span><\/p>\n<ul>\n<li><span style=\"font-weight: 400; font-size: 20px;\">Ser major de 16 anys\u00a0\u00a0<\/span><\/li>\n<li><span style=\"font-weight: 400; font-size: 20px;\">Disposar de DNI\/NIE\/Passaport\/Doc identificador d\u2019un pa\u00eds de la UE o targeta\u00a0 de resid\u00e8ncia comunit\u00e0ria\u00a0\u00a0<\/span><\/li>\n<li><span style=\"font-weight: 400; font-size: 20px;\">Disposar d\u2019adre\u00e7a de correu electr\u00f2nic i un tel\u00e8fon m\u00f2bil a efectes\u00a0 d\u2019identificaci\u00f3 i contacte\u00a0\u00a0<\/span><\/li>\n<li><span style=\"font-weight: 400; font-size: 20px;\">Targeta sanit\u00e0ria per la teva identificaci\u00f3\u00a0\u00a0<\/span><\/li>\n<\/ul>\n<p><span style=\"font-size: 20px;\"><span style=\"font-weight: 400;\">Accediu a l\u2019adre\u00e7a <\/span><a href=\"https:\/\/idcatmobil.seu.cat\/\"><span style=\"font-weight: 400;\">https:\/\/idcatmobil.seu.cat\/ <\/span><\/a><span style=\"font-weight: 400;\">i trobareu les instruccions pas a pas de\u00a0 com fer-ho.\u00a0\u00a0<\/span><\/span><\/p>\n<p><span style=\"font-weight: 400; font-size: 20px;\">Per utilitzar l\u2019idCAT M\u00f2bil nom\u00e9s cal introduir el n\u00famero de document d\u2019identitat i el\u00a0 n\u00famero de tel\u00e8fon m\u00f2bil en el web on calgui identificar-se electr\u00f2nicament per fer un\u00a0 tr\u00e0mit. Tot seguit es rep un missatge al tel\u00e8fon, que cont\u00e9 una clau d\u2019acc\u00e9s per\u00a0 introduir-la en el web. En aquest cas, al tr\u00e0mit de sol\u00b7licitud de preinscripci\u00f3.\u00a0\u00a0<\/span><\/p>\n<p><span style=\"font-size: 20px;\"><span style=\"font-weight: 400;\">Una vegada identificats, caldr\u00e0 entrar el <\/span><i><span style=\"font-weight: 400;\">n\u00famero d\u2019identificaci\u00f3 de l\u2019alumne\/a (IDALU) <\/span><\/i><span style=\"font-weight: 400;\">que us proporcionar\u00e0 l\u2019escola on est\u00e0 matriculat per poder recuperar les seves dades\u00a0 personals i acad\u00e8miques, omplir les prefer\u00e8ncies i enviar la sol\u00b7licitud. En la majoria de\u00a0 casos no caldr\u00e0 fer res m\u00e9s ni adjuntar cap tipus de documentaci\u00f3, donat que s\u2019haur\u00e0\u00a0 fet l\u2019intercanvi de validaci\u00f3 de les vostres dades amb totes les administracions\u00a0 implicades.\u00a0<\/span><\/span><\/p>\n<p><span style=\"font-size: 20px;\"><span style=\"font-weight: 400;\">o <\/span><strong>Suport inform\u00e0tic: sense identificaci\u00f3 digital\u00a0\u00a0<\/strong><\/span><\/p>\n<p><span style=\"font-size: 20px;\"><span style=\"font-weight: 400;\">Caldr\u00e0 identificar l\u2019alumne\/a amb el seu <\/span><i><span style=\"font-weight: 400;\">n\u00fam.\u00a0 d\u2019Identificaci\u00f3 d\u2019alumne <\/span><\/i><span style=\"font-weight: 400;\">i omplir el formulari, a l\u2019enviar-ho es far\u00e0 l\u2019intercanvi de dades\u00a0 amb les administracions implicades i adjuntar escanejada o fotografiada la\u00a0 documentaci\u00f3 d\u2019identificaci\u00f3 i filiaci\u00f3 (DNI, llibre de fam\u00edlia, etc), juntament amb la\u00a0 que al\u00b7legueu a efectes de barems i que no s\u2019hagi pogut validar.\u00a0\u00a0<\/span><\/span><\/p>\n<p>&nbsp;<\/p>\n<p><span style=\"font-size: 20px;\"><b>INFORMACIONS I\/O RECOMANACIONS:\u00a0\u00a0<\/b><\/span><\/p>\n<ul>\n<li><span style=\"font-weight: 400; font-size: 20px;\">Tenir fotografiada o escanejada la documentaci\u00f3 en el mateix dispositiu des d\u2019on es fa\u00a0 la sol\u00b7licitud.\u00a0\u00a0<\/span><\/li>\n<li><span style=\"font-weight: 400; font-size: 20px;\">El codi de centre del nostre centre \u00e9s 17000305, el necessitareu per indicar a quin\u00a0 centre voleu preinscriure-us.\u00a0\u00a0<\/span><\/li>\n<li><span style=\"font-weight: 400; font-size: 20px;\">Demaneu al vostre centre actual el N\u00fam. d\u2019Identificaci\u00f3 de l\u2019alumne a RALC per poder\u00a0 lligar la sol\u00b7licitud al seu expedient acad\u00e8mic i personal.\u00a0\u00a0<\/span><\/li>\n<li><span style=\"font-weight: 400; font-size: 20px;\">Cenyiu-vos al calendari establert, lliurar la sol\u00b7licitud o la documentaci\u00f3 fora de\u00a0 termini us fa perdre tots els drets d\u2019adscripci\u00f3 amb el risc que aix\u00f2 comporta de\u00a0 quedar-se sense pla\u00e7a al centre.\u00a0<\/span><\/li>\n<li><span style=\"font-size: 20px;\">Si tot \u00e9s correcte es validar\u00e0 la sol\u00b7licitud. Si es detect\u00e9s algun error o falt\u00e9s documentaci\u00f3, ens posar\u00edem en contacte amb la fam\u00edlia.<\/span><\/li>\n<li><span style=\"font-size: 20px;\">Trobareu informaci\u00f3 addicional a :\u00a0<\/span><a href=\"https:\/\/docs.google.com\/presentation\/d\/1w9aSyfxsKZqv63rhSItD5LKP8jgFY4BL\/edit?usp=sharing&amp;ouid=108805669330011559383&amp;rtpof=true&amp;sd=true\"><span style=\"font-size: 20px;\">Informaci\u00f3 i assessorament de l&#8217;Oficina Municipal d&#8217;Escolaritzaci\u00f3<\/span><\/a><\/li>\n<\/ul>\n<p>&nbsp;<\/p>\n<p><span style=\"font-size: 20px;\"><strong>BAREMACI\u00d3:<\/strong><\/span><\/p>\n<ul>\n<li><span style=\"font-weight: 400; font-size: 20px;\">Criteri preferent: adscripci\u00f3 de centre ( Baldiri Reixac, Bora Gran, Carles Fortuny, El Frigolet, La Draga)<\/span><\/li>\n<li><span style=\"font-size: 20px;\">Criteris prioritaris:\u00a0<\/span>\n<ul>\n<li><span style=\"font-size: 20px;\">Germans: 50 punts<\/span><\/li>\n<li><span style=\"font-size: 20px;\">\u00c0rea d&#8217;influ\u00e8ncia (no se sumen entre s\u00ed):<\/span>\n<ul>\n<li><span style=\"font-size: 20px;\">Domicili: 30 punts *<\/span><\/li>\n<li><span style=\"font-size: 20px;\">Lloc de treball: 20 punts<\/span><\/li>\n<li><span style=\"font-size: 20px;\">Domicili al mateix municipi, per\u00f2 no a la zona educativa:. 10 punts<\/span><\/li>\n<\/ul>\n<\/li>\n<li><span style=\"font-size: 20px;\">Renda garantida de ciutadania: 15 punts<\/span><\/li>\n<\/ul>\n<\/li>\n<li><span style=\"font-size: 20px;\">Criteris complementaris (pel desempat):<\/span>\n<ul>\n<li><span style=\"font-size: 20px;\">Discapacitat a la fam\u00edlia: 15 punts<\/span><\/li>\n<li><span style=\"font-size: 20px;\">Pare, mare o tutor legal que treballa al centre: 10 punts<\/span><\/li>\n<li><span style=\"font-size: 20px;\">Fam\u00edlia monoparental o nombrosa: 10 punts<\/span><\/li>\n<li><span style=\"font-size: 20px;\">Part m\u00faltiple: 10 punts<\/span><\/li>\n<li><span style=\"font-size: 20px;\">V\u00edctima de viol\u00e8ncia de g\u00e8nere o terrorisme o altres: 10 punts<\/span><\/li>\n<\/ul>\n<\/li>\n<\/ul>\n<p>*<span style=\"font-size: 20px;\"><a href=\"https:\/\/drive.google.com\/file\/d\/1Lx7XR6go3O6IQ6OK7jiGszClC92RfSPK\/view?usp=sharing\">Resoluci\u00f3 zonificaci\u00f3 vigent ESO<\/a><\/span><\/p>\n<div><\/div>\n<div><\/div>\n<div>\n<p><a href=\"https:\/\/agora.xtec.cat\/iesperealsius\/wp-content\/uploads\/usu45\/2024\/06\/Fulleto_general_page-0002.jpg\"><img loading=\"lazy\" decoding=\"async\" class=\"alignnone size-large wp-image-11149\" src=\"https:\/\/agora.xtec.cat\/iesperealsius\/wp-content\/uploads\/usu45\/2024\/06\/Fulleto_general_page-0002-1024x724.jpg\" alt=\"\" width=\"1024\" height=\"724\" srcset=\"https:\/\/agora.xtec.cat\/iesperealsius\/wp-content\/uploads\/usu45\/2024\/06\/Fulleto_general_page-0002-1024x724.jpg 1024w, https:\/\/agora.xtec.cat\/iesperealsius\/wp-content\/uploads\/usu45\/2024\/06\/Fulleto_general_page-0002-300x212.jpg 300w, https:\/\/agora.xtec.cat\/iesperealsius\/wp-content\/uploads\/usu45\/2024\/06\/Fulleto_general_page-0002-768x543.jpg 768w, https:\/\/agora.xtec.cat\/iesperealsius\/wp-content\/uploads\/usu45\/2024\/06\/Fulleto_general_page-0002-1536x1085.jpg 1536w, https:\/\/agora.xtec.cat\/iesperealsius\/wp-content\/uploads\/usu45\/2024\/06\/Fulleto_general_page-0002.jpg 1755w\" sizes=\"auto, (max-width: 1024px) 100vw, 1024px\" \/><\/a><\/p>\n<\/div>\n<p><a href=\"https:\/\/agora.xtec.cat\/iesperealsius\/wp-content\/uploads\/usu45\/2026\/02\/diptic-eso-imagenes-0-scaled.jpg\"><img loading=\"lazy\" decoding=\"async\" class=\"alignnone wp-image-12692 size-large\" src=\"https:\/\/agora.xtec.cat\/iesperealsius\/wp-content\/uploads\/usu45\/2026\/02\/diptic-eso-imagenes-0-1024x724.jpg\" alt=\"\" width=\"1024\" height=\"724\" srcset=\"https:\/\/agora.xtec.cat\/iesperealsius\/wp-content\/uploads\/usu45\/2026\/02\/diptic-eso-imagenes-0-1024x724.jpg 1024w, https:\/\/agora.xtec.cat\/iesperealsius\/wp-content\/uploads\/usu45\/2026\/02\/diptic-eso-imagenes-0-300x212.jpg 300w, https:\/\/agora.xtec.cat\/iesperealsius\/wp-content\/uploads\/usu45\/2026\/02\/diptic-eso-imagenes-0-768x543.jpg 768w, https:\/\/agora.xtec.cat\/iesperealsius\/wp-content\/uploads\/usu45\/2026\/02\/diptic-eso-imagenes-0-1536x1086.jpg 1536w, https:\/\/agora.xtec.cat\/iesperealsius\/wp-content\/uploads\/usu45\/2026\/02\/diptic-eso-imagenes-0-2048x1447.jpg 2048w\" sizes=\"auto, (max-width: 1024px) 100vw, 1024px\" \/><\/a><\/p>\n<div>\n<div><\/div>\n<\/div>\n<div>\n<div style=\"border-width: medium medium 0.75pt; border-style: none none solid; padding: 0cm 0cm 1pt;\"><\/div>\n<\/div>\n","protected":false},"excerpt":{"rendered":"<p>CALENDARI DEL PROC\u00c9S DE PREINSCRIPCI\u00d3 I MATR\u00cdCULA. CURS 2026-27(pot estar subjecte a canvis):<\/p>\n<ul style=\"list-style-type: disc;\">\n<li>2 de mar\u00e7: Portes obertes a l&#8217;Institut Pere Alsius<\/li>\n<li>3 de mar\u00e7: Publicaci\u00f3 de l&#8217;oferta inicial. Clica <a href=\"https:\/\/drive.google.com\/file\/d\/1BpcJ9eNE2cF7xX95VVtjWMt_6rwk47ND\/view?usp=sharing\">aqu\u00ed<\/a>.<\/li>\n<li>Del 6 al 18 de mar\u00e7: Presentaci\u00f3 i\/o modificaci\u00f3 de sol\u00b7licituds<\/li>\n<li>Fins al 19 de&hellip;  <a href=\"https:\/\/agora.xtec.cat\/iesperealsius\/preinscripcio\/preinscripcio-eso\/eso-1-preinscripcio\/\" title=\"Read 1. Preinscripci\u00f3\">Llegeix m\u00e9s\u00bb<\/a><br \/>\n","protected":false},"author":1,"featured_media":0,"parent":822,"menu_order":0,"comment_status":"closed","ping_status":"closed","template":"page-templates\/side-menu.php","meta":{"_bbp_topic_count":0,"_bbp_reply_count":0,"_bbp_total_topic_count":0,"_bbp_total_reply_count":0,"_bbp_voice_count":0,"_bbp_anonymous_reply_count":0,"_bbp_topic_count_hidden":0,"_bbp_reply_count_hidden":0,"_bbp_forum_subforum_count":0,"footnotes":""},"class_list":["post-837","page","type-page","status-publish","hentry"],"post_mailing_queue_ids":[],"_links":{"self":[{"href":"https:\/\/agora.xtec.cat\/iesperealsius\/wp-json\/wp\/v2\/pages\/837","targetHints":{"allow":["GET"]}}],"collection":[{"href":"https:\/\/agora.xtec.cat\/iesperealsius\/wp-json\/wp\/v2\/pages"}],"about":[{"href":"https:\/\/agora.xtec.cat\/iesperealsius\/wp-json\/wp\/v2\/types\/page"}],"author":[{"embeddable":true,"href":"https:\/\/agora.xtec.cat\/iesperealsius\/wp-json\/wp\/v2\/users\/1"}],"replies":[{"embeddable":true,"href":"https:\/\/agora.xtec.cat\/iesperealsius\/wp-json\/wp\/v2\/comments?post=837"}],"version-history":[{"count":8,"href":"https:\/\/agora.xtec.cat\/iesperealsius\/wp-json\/wp\/v2\/pages\/837\/revisions"}],"predecessor-version":[{"id":13069,"href":"https:\/\/agora.xtec.cat\/iesperealsius\/wp-json\/wp\/v2\/pages\/837\/revisions\/13069"}],"up":[{"embeddable":true,"href":"https:\/\/agora.xtec.cat\/iesperealsius\/wp-json\/wp\/v2\/pages\/822"}],"wp:attachment":[{"href":"https:\/\/agora.xtec.cat\/iesperealsius\/wp-json\/wp\/v2\/media?parent=837"}],"curies":[{"name":"wp","href":"https:\/\/api.w.org\/{rel}","templated":true}]}}