{"id":829,"date":"2018-11-17T23:49:07","date_gmt":"2018-11-17T22:49:07","guid":{"rendered":"http:\/\/agora.xtec.cat\/iesperealsius\/?page_id=829"},"modified":"2026-03-10T12:00:35","modified_gmt":"2026-03-10T11:00:35","slug":"preinscripcio-batxillerat","status":"publish","type":"page","link":"https:\/\/agora.xtec.cat\/iesperealsius\/preinscripcio\/preinscripcio-batxillerat\/","title":{"rendered":"Preinscripci\u00f3 Batxillerat"},"content":{"rendered":"<div>\n<p><span style=\"font-size: large;\"><b><span style=\"font-size: x-large;\"><span style=\"font-family: verdana,sans-serif;\">INS Pere Alsius:\u00a0<\/span><\/span><\/b><br style=\"font-family: verdana,sans-serif;\" \/><\/span><\/p>\n<ul>\n<li style=\"font-family: verdana,sans-serif;\"><strong><span style=\"font-size: 24px;\"><a href=\"http:\/\/agora.xtec.cat\/iesperealsius\/preinscripcio\/preinscripcio-batxillerat\/batx-1-preinscripcio\/\">Preinscripci\u00f3: Informaci\u00f3<\/a><\/span><\/strong><\/li>\n<li><strong><span style=\"font-size: 24px;\"><a href=\"http:\/\/agora.xtec.cat\/iesperealsius\/preinscripcio\/preinscripcio-batxillerat\/batx-2-matricula\/\"><span style=\"font-family: verdana,sans-serif;\">Matr\u00edcula: Informaci\u00f3 <\/span><\/a><\/span><\/strong><\/li>\n<\/ul>\n<\/div>\n<div><\/div>\n<div>\n<p><span style=\"font-size: 24px;\"><br style=\"font-family: verdana,sans-serif;\" \/><b><span style=\"font-family: verdana,sans-serif;\">Departament <span style=\"font-size: large;\"><span style=\"font-size: x-large;\">d&#8217;Educaci\u00f3<\/span><\/span>:<\/span><\/b><br style=\"font-family: verdana,sans-serif;\" \/><\/span><\/p>\n<ul>\n<li><span style=\"font-size: 24px;\"><a style=\"font-family: verdana,sans-serif;\" href=\"http:\/\/queestudiar.gencat.cat\/ca\/estudis\/batxillerat\/\" target=\"_blank\" rel=\"noopener noreferrer\">Informaci\u00f3 General<\/a><\/span><\/li>\n<li style=\"font-family: verdana,sans-serif;\"><a href=\"https:\/\/universitats.gencat.cat\/ca\/proves-acces-PAU-PAP\/sobre-PAU\/que-son-PAU\/\"><span style=\"font-size: 24px;\">Estructura de les PAU<\/span><\/a><\/li>\n<li style=\"font-family: verdana,sans-serif;\"><span style=\"font-size: 24px;\"><a href=\"https:\/\/universitats.gencat.cat\/ca\/preinscripcions\/sobre-preinscripcio\/ponderacions\/\">Ponderaci\u00f3 de les mat\u00e8ries de modalitat en l&#8217;acc\u00e9s a la universitat<\/a><br \/>\n<\/span><\/li>\n<li style=\"font-family: verdana,sans-serif;\"><a href=\"https:\/\/universitats.gencat.cat\/ca\/preinscripcions\/sobre-preinscripcio\/notes-tall\/\"><span style=\"font-size: 24px;\"><span style=\"font-weight: normal;\">Llistes de notes de tall i de places universit\u00e0ries<\/span><\/span><\/a><\/li>\n<li style=\"font-family: verdana,sans-serif;\"><a href=\"https:\/\/triaeducativa.gencat.cat\/ca\/fp\/gs\/\"><span style=\"font-weight: normal; font-size: 24px;\">Cicles formatius de grau superior<\/span><\/a><\/li>\n<li style=\"font-family: verdana,sans-serif;\"><span style=\"font-weight: normal;\"><span style=\"font-size: large;\"><span style=\"font-size: 24px;\"><a href=\"https:\/\/drive.google.com\/open?id=1Dqe6zy3RlmleLJQXozy5smRdtgpbjffz\" target=\"_blank\" rel=\"noopener noreferrer\">Acc\u00e9s als cicles formatius de grau superior: prioritat per la via del batxillerat<\/a><\/span><br \/>\n<\/span><\/span><\/li>\n<\/ul>\n<p>&nbsp;<\/p>\n<\/div>\n","protected":false},"excerpt":{"rendered":"<p>INS Pere Alsius:\u00a0<\/p>\n<ul>\n<li style=\"font-family: verdana,sans-serif;\"><a href=\"http:\/\/agora.xtec.cat\/iesperealsius\/preinscripcio\/preinscripcio-batxillerat\/batx-1-preinscripcio\/\">Preinscripci\u00f3: Informaci\u00f3<\/a><\/li>\n<li><a href=\"http:\/\/agora.xtec.cat\/iesperealsius\/preinscripcio\/preinscripcio-batxillerat\/batx-2-matricula\/\">Matr\u00edcula: Informaci\u00f3 <\/a><\/li>\n<\/ul>\n<p>Departament d&#8217;Educaci\u00f3:<\/p>\n<ul>\n<li><a style=\"font-family: verdana,sans-serif;\" href=\"http:\/\/queestudiar.gencat.cat\/ca\/estudis\/batxillerat\/\" target=\"_blank\" rel=\"noopener noreferrer\">Informaci\u00f3 General<\/a><\/li>\n<li style=\"font-family: verdana,sans-serif;\"><a href=\"https:\/\/universitats.gencat.cat\/ca\/proves-acces-PAU-PAP\/sobre-PAU\/que-son-PAU\/\">Estructura de les PAU<\/a><\/li>\n<li style=\"font-family: verdana,sans-serif;\"><a href=\"https:\/\/universitats.gencat.cat\/ca\/preinscripcions\/sobre-preinscripcio\/ponderacions\/\">Ponderaci\u00f3 de les mat\u00e8ries de modalitat en l&#8217;acc\u00e9s a la universitat<\/a>\n<\/li>\n<li style=\"font-family: verdana,sans-serif;\"><a href=\"https:\/\/universitats.gencat.cat\/ca\/preinscripcions\/sobre-preinscripcio\/notes-tall\/\">Llistes de notes de tall i&hellip;  <a href=\"https:\/\/agora.xtec.cat\/iesperealsius\/preinscripcio\/preinscripcio-batxillerat\/\" title=\"Read Preinscripci\u00f3 Batxillerat\">Llegeix m\u00e9s\u00bb<\/a><br \/>\n","protected":false},"author":1,"featured_media":0,"parent":542,"menu_order":10,"comment_status":"closed","ping_status":"closed","template":"page-templates\/side-menu.php","meta":{"_bbp_topic_count":0,"_bbp_reply_count":0,"_bbp_total_topic_count":0,"_bbp_total_reply_count":0,"_bbp_voice_count":0,"_bbp_anonymous_reply_count":0,"_bbp_topic_count_hidden":0,"_bbp_reply_count_hidden":0,"_bbp_forum_subforum_count":0,"footnotes":""},"class_list":["post-829","page","type-page","status-publish","hentry"],"post_mailing_queue_ids":[],"_links":{"self":[{"href":"https:\/\/agora.xtec.cat\/iesperealsius\/wp-json\/wp\/v2\/pages\/829","targetHints":{"allow":["GET"]}}],"collection":[{"href":"https:\/\/agora.xtec.cat\/iesperealsius\/wp-json\/wp\/v2\/pages"}],"about":[{"href":"https:\/\/agora.xtec.cat\/iesperealsius\/wp-json\/wp\/v2\/types\/page"}],"author":[{"embeddable":true,"href":"https:\/\/agora.xtec.cat\/iesperealsius\/wp-json\/wp\/v2\/users\/1"}],"replies":[{"embeddable":true,"href":"https:\/\/agora.xtec.cat\/iesperealsius\/wp-json\/wp\/v2\/comments?post=829"}],"version-history":[{"count":5,"href":"https:\/\/agora.xtec.cat\/iesperealsius\/wp-json\/wp\/v2\/pages\/829\/revisions"}],"predecessor-version":[{"id":12799,"href":"https:\/\/agora.xtec.cat\/iesperealsius\/wp-json\/wp\/v2\/pages\/829\/revisions\/12799"}],"up":[{"embeddable":true,"href":"https:\/\/agora.xtec.cat\/iesperealsius\/wp-json\/wp\/v2\/pages\/542"}],"wp:attachment":[{"href":"https:\/\/agora.xtec.cat\/iesperealsius\/wp-json\/wp\/v2\/media?parent=829"}],"curies":[{"name":"wp","href":"https:\/\/api.w.org\/{rel}","templated":true}]}}