{"id":8247,"date":"2022-03-21T06:38:33","date_gmt":"2022-03-21T05:38:33","guid":{"rendered":"https:\/\/agora.xtec.cat\/iesperealsius\/?page_id=8247"},"modified":"2026-04-05T19:24:01","modified_gmt":"2026-04-05T17:24:01","slug":"matricula-cfgm-2n-curs","status":"publish","type":"page","link":"https:\/\/agora.xtec.cat\/iesperealsius\/preinscripcio\/preinscripcio-grau-mitja\/matricula-cfgm-2n-curs\/","title":{"rendered":"2.2 &#8211; Matr\u00edcula CFGM &#8211; 2n curs"},"content":{"rendered":"<div dir=\"ltr\">\n<p><span style=\"font-size: 24px;\"><b style=\"font-family: inherit;\">2n CURS:<\/b><\/span><\/p>\n<\/div>\n<p><span style=\"font-size: 20px;\"><b>Dates: del 25 de juny al 03 <\/b><b>de juliol de 2026<\/b><\/span><\/p>\n<p><span style=\"font-size: 20px;\"><strong>Per matricular-vos heu d&#8217;omplir el formulari que trobareu en el seg\u00fcent enlla\u00e7:\u00a0<\/strong><\/span><\/p>\n<ul>\n<li><span style=\"font-size: 20px;\"><strong>ENLLA\u00c7 MATRICULACI\u00d3: FORMULARI<\/strong><\/span><\/li>\n<\/ul>\n<p><span style=\"font-size: 24px;\"><b>DOCUMENTACI\u00d3\u00a0 A PRESENTAR (es demana en el formulari):<\/b><\/span><\/p>\n<div dir=\"ltr\">\n<ul>\n<li><span style=\"font-size: 20px;\"><b><span lang=\"CA\">DNI\u00a0 per comprovar les dades<\/span><\/b><\/span><\/li>\n<li><span style=\"font-size: 20px;\"><b><span lang=\"CA\">DNI\u00a0 del pare o mare o tutor legal en cas de ser menor d&#8217;edat<\/span><\/b><\/span><\/li>\n<li><span style=\"font-size: 20px;\"><b><span lang=\"CA\">Targeta sanit\u00e0ria individual\u00a0<\/span><\/b><\/span><\/li>\n<li><span style=\"font-size: 20px;\"><b><span lang=\"CA\">1 fotografia (tamany carnet)<\/span><\/b><\/span><\/li>\n<\/ul>\n<ul>\n<li><span style=\"font-size: 20px;\"><a href=\"https:\/\/drive.google.com\/file\/d\/1HcvogtBA-UpTJkCYdGFJjit1FnelYIuK\/view\"><b>Carta de comprom\u00eds educatiu<\/b><\/a><\/span><\/li>\n<\/ul>\n<ul>\n<li><span style=\"font-size: 20px;\"><b><span lang=\"CA\">Resguard de pagament de la quota de material, sortides i la quota de l\u2019AFA<br \/>\n<\/span><\/b><\/span><\/li>\n<\/ul>\n<ul>\n<li style=\"list-style-type: none;\">\n<ul>\n<li><span style=\"font-size: 20px;\"><b><span lang=\"CA\">Full de pagament del material i sortides<\/span><\/b><\/span><\/li>\n<\/ul>\n<\/li>\n<\/ul>\n<\/div>\n<div dir=\"ltr\">\n<ul>\n<li><span style=\"font-size: 20px;\"><span lang=\"CA\"><b>Comunicaci\u00f3 d\u2019acceptaci\u00f3 de\u00a0<a href=\"https:\/\/drive.google.com\/open?id=1wj5yKwWbaJu1xB5VgjupWd5YhD_8-q3b\" target=\"_blank\" rel=\"noopener noreferrer\">l\u2019\u00fas de serveis i recursos digitals a Internet.<\/a><\/b><\/span><a href=\"https:\/\/sites.google.com\/a\/xtec.cat\/preinscripcio-ins-pere-alsius\/home\/batxillerat\/batxillerat-matricula\/autoritzacio%20digital%20INS%20PAT%20CF%20i%20BTX.pdf?attredirects=0&amp;d=1\" target=\"_blank\" rel=\"noopener noreferrer\"><br \/>\n<\/a><\/span><\/li>\n<li><span lang=\"CA\" style=\"font-size: 20px;\"><b>Comunicaci\u00f3 d\u2019acceptaci\u00f3 de\u00a0<a href=\"https:\/\/drive.google.com\/file\/d\/1kxjad8yJxli319Qab37UpZo7lRiJV2Yf\/view?usp=sharing\">l\u2019\u00fas d\u2019imatges i dades de car\u00e0cter personal<\/a><\/b><\/span><\/li>\n<\/ul>\n<\/div>\n<div dir=\"ltr\">\n<ul>\n<li><span style=\"font-size: 20px;\"><b><span lang=\"CA\"><a href=\"https:\/\/drive.google.com\/file\/d\/1MTH5KbrGRDQQeTMD_Y67lEFj0gC-uGup\/view?usp=sharing\">Fitxa de dades personals<\/a>\u00a0(permisos i dades de l\u2019alumne\/a )<\/span><\/b><\/span><\/li>\n<li><span style=\"font-size: 20px;\"><strong>Autoritzaci\u00f3 <a href=\"https:\/\/drive.google.com\/file\/d\/1ud_rxELcpIVhWL7cdylXvUfmZeleCP27\/view?usp=drive_link\">cessi\u00f3 de dades<\/a> per l&#8217;orientaci\u00f3.<\/strong><\/span><\/li>\n<\/ul>\n<ul>\n<li><span style=\"font-size: 20px;\"><b><span lang=\"CA\">Full de material recomanable per al curs\u00a0(el dia de la reuni\u00f3 de pares s\u2019acabar\u00e0 de concretar)<\/span><\/b><\/span><\/li>\n<li><span style=\"font-size: 20px;\"><strong>Per al nou curs escolar \u00e9s necessari que els alumnes puguin disposar del seu ordinador port\u00e0til. L\u2019institut recomana que tingui les seg\u00fcents caracter\u00edstiques m\u00ednimes recomanades:<\/strong><\/span><span style=\"font-size: 20px;\"><strong>* Processador: Intel i5 \/ AMD Ryzen 5<\/strong><\/span><br \/>\n<span style=\"font-size: 20px;\"><strong>* Mem\u00f2ria RAM: 8 gb RAM<\/strong><\/span><br \/>\n<span style=\"font-size: 20px;\"><strong>* Emmagatzematge principal (disc dur): tipus SSD.<\/strong><\/span><br \/>\n<span style=\"font-size: 20px;\"><strong>* Assegurar-se que la bateria tingui una duraci\u00f3 de 6-8 hores.<\/strong><\/span><\/li>\n<\/ul>\n<div>\n<div>\n<div><\/div>\n<\/div>\n<\/div>\n<\/div>\n","protected":false},"excerpt":{"rendered":"<p>2n CURS:<\/p>\n<p>Dates: del 25 de juny al 03 de juliol de 2026<br \/>\nPer matricular-vos heu d&#8217;omplir el formulari que trobareu en el seg\u00fcent enlla\u00e7:\u00a0<\/p>\n<ul>\n<li>ENLLA\u00c7 MATRICULACI\u00d3: FORMULARI<\/li>\n<\/ul>\n<p>DOCUMENTACI\u00d3\u00a0 A PRESENTAR (es demana en el formulari):<\/p>\n<ul>\n<li>DNI\u00a0 per comprovar les dades<\/li>\n<li>DNI\u00a0 del pare o mare o tutor legal en cas&hellip;  <a href=\"https:\/\/agora.xtec.cat\/iesperealsius\/preinscripcio\/preinscripcio-grau-mitja\/matricula-cfgm-2n-curs\/\" title=\"Read 2.2 &#8211; Matr\u00edcula CFGM &#8211; 2n curs\">Llegeix m\u00e9s\u00bb<\/a><br \/>\n","protected":false},"author":1,"featured_media":0,"parent":831,"menu_order":60,"comment_status":"closed","ping_status":"closed","template":"page-templates\/side-menu.php","meta":{"_bbp_topic_count":0,"_bbp_reply_count":0,"_bbp_total_topic_count":0,"_bbp_total_reply_count":0,"_bbp_voice_count":0,"_bbp_anonymous_reply_count":0,"_bbp_topic_count_hidden":0,"_bbp_reply_count_hidden":0,"_bbp_forum_subforum_count":0,"footnotes":""},"class_list":["post-8247","page","type-page","status-publish","hentry"],"post_mailing_queue_ids":[],"_links":{"self":[{"href":"https:\/\/agora.xtec.cat\/iesperealsius\/wp-json\/wp\/v2\/pages\/8247","targetHints":{"allow":["GET"]}}],"collection":[{"href":"https:\/\/agora.xtec.cat\/iesperealsius\/wp-json\/wp\/v2\/pages"}],"about":[{"href":"https:\/\/agora.xtec.cat\/iesperealsius\/wp-json\/wp\/v2\/types\/page"}],"author":[{"embeddable":true,"href":"https:\/\/agora.xtec.cat\/iesperealsius\/wp-json\/wp\/v2\/users\/1"}],"replies":[{"embeddable":true,"href":"https:\/\/agora.xtec.cat\/iesperealsius\/wp-json\/wp\/v2\/comments?post=8247"}],"version-history":[{"count":6,"href":"https:\/\/agora.xtec.cat\/iesperealsius\/wp-json\/wp\/v2\/pages\/8247\/revisions"}],"predecessor-version":[{"id":12928,"href":"https:\/\/agora.xtec.cat\/iesperealsius\/wp-json\/wp\/v2\/pages\/8247\/revisions\/12928"}],"up":[{"embeddable":true,"href":"https:\/\/agora.xtec.cat\/iesperealsius\/wp-json\/wp\/v2\/pages\/831"}],"wp:attachment":[{"href":"https:\/\/agora.xtec.cat\/iesperealsius\/wp-json\/wp\/v2\/media?parent=8247"}],"curies":[{"name":"wp","href":"https:\/\/api.w.org\/{rel}","templated":true}]}}