{"id":8244,"date":"2022-03-21T06:37:43","date_gmt":"2022-03-21T05:37:43","guid":{"rendered":"https:\/\/agora.xtec.cat\/iesperealsius\/?page_id=8244"},"modified":"2026-04-05T19:11:50","modified_gmt":"2026-04-05T17:11:50","slug":"matricula-cfgm-1r-curs","status":"publish","type":"page","link":"https:\/\/agora.xtec.cat\/iesperealsius\/preinscripcio\/preinscripcio-grau-mitja\/matricula-cfgm-1r-curs\/","title":{"rendered":"2.1 &#8211; Matr\u00edcula CFGM &#8211; 1r curs"},"content":{"rendered":"<div dir=\"ltr\">\n<p><span style=\"font-size: 24px;\"><strong>1r CURS<\/strong><\/span><\/p>\n<p><span style=\"font-size: 24px;\"><b>+ <span style=\"color: #ff0000;\">Alumnat primera assignaci\u00f3:\u00a0<\/span><br \/>\n<\/b><\/span><\/p>\n<p><span style=\"font-size: 24px;\"><b><span style=\"font-size: 20px;\">Confirmaci\u00f3 matr\u00edcula online: del 10 al 14 de juliol de 2026<\/span><\/b><\/span><\/p>\n<p><span style=\"font-size: 24px;\"><b><span style=\"font-size: 20px;\">Matr\u00edcula presencial institut: 14 de juliol de 2026<\/span><\/b><\/span><\/p>\n<p><span style=\"font-size: 20px;\"><b>Horari: de les 9 a les 14 h.\u00a0Lloc: Secretaria<\/b><\/span><\/p>\n<p><span style=\"font-size: 20px;\"><strong>Per matricular-vos rebreu un correu electr\u00f2nic dient-vos el dia i l&#8217;hora de la matriculaci\u00f3.\u00a0<\/strong><\/span><\/p>\n<p><span style=\"font-size: 20px;\">Recordeu que si no us matriculeu en el per\u00edode establert, renuncieu a la pla\u00e7a.<\/span><\/p>\n<p><b><span style=\"font-size: 24px;\">+ <span style=\"color: #00ff00;\">Alumnat segona assignaci\u00f3:\u00a0<\/span><\/span><br \/>\n<\/b><\/p>\n<p><span style=\"font-size: 24px;\"><b><span style=\"font-size: 20px;\">Confirmaci\u00f3 matr\u00edcula online: del 24 al 28 de juliol de 2026<\/span><\/b><\/span><\/p>\n<p><span style=\"font-size: 24px;\"><b><span style=\"font-size: 20px;\">Matr\u00edcula presencial institut: 28 de juliol de 2026<\/span><\/b><\/span><\/p>\n<p><span style=\"font-size: 20px;\"><b>Horari: de les 9 a les 14 h.\u00a0Lloc: Secretaria<\/b><\/span><\/p>\n<p><span style=\"font-size: 20px;\"><strong>Per matricular-vos rebreu un correu electr\u00f2nic dient-vos el dia i l&#8217;hora de la matriculaci\u00f3.\u00a0<\/strong><\/span><\/p>\n<p><span style=\"font-size: 20px;\">Recordeu que si no us matriculeu en el per\u00edode establert, renuncieu a la pla\u00e7a.<\/span><\/p>\n<\/div>\n<p><span style=\"font-size: 24px;\"><b>DOCUMENTACI\u00d3 A PRESENTAR:<\/b><\/span><\/p>\n<div dir=\"ltr\">\n<ul>\n<li><span style=\"font-size: 20px;\"><b><span lang=\"CA\">DNI\u00a0 (original i fotoc\u00f2pia) per comprovar les dades<\/span><\/b><\/span><\/li>\n<li><span style=\"font-size: 20px;\"><b><span lang=\"CA\">DNI\u00a0 (original i fotoc\u00f2pia) del pare o mare o tutor legal en cas de ser menor d&#8217;edat<\/span><\/b><\/span><\/li>\n<li><span style=\"font-size: 20px;\"><b><span lang=\"CA\">Targeta sanit\u00e0ria individual (original i fotoc\u00f2pia)<\/span><\/b><\/span><\/li>\n<li><span style=\"font-size: 20px;\"><b><span lang=\"CA\">Llibre de fam\u00edlia<\/span><\/b><\/span><\/li>\n<\/ul>\n<ul>\n<li><span style=\"font-size: 20px;\"><b><span lang=\"CA\">1 fotografia\u00a0 (amb el nom al darrera)<\/span><\/b><\/span><\/li>\n<\/ul>\n<ul>\n<li><span style=\"font-size: 20px;\"><b><span lang=\"CA\">Resguard de la preinscripci\u00f3 (<u>alumnat nou)<\/u><\/span><\/b><\/span><\/li>\n<\/ul>\n<ul>\n<li><span style=\"font-size: 20px;\"><a href=\"https:\/\/drive.google.com\/file\/d\/1HcvogtBA-UpTJkCYdGFJjit1FnelYIuK\/view\"><b>Carta de comprom\u00eds educatiu<\/b><\/a><\/span><\/li>\n<\/ul>\n<ul>\n<li><span style=\"font-size: 20px;\"><b><span lang=\"CA\">Resguard de pagament de la quota de material, sortides i la quota de l\u2019AFA<br \/>\n<\/span><\/b><\/span><\/li>\n<\/ul>\n<ul>\n<li style=\"list-style-type: none;\">\n<ul>\n<li><span style=\"font-size: 20px;\"><b><span lang=\"CA\">Full de pagament del material i sortides<\/span><\/b><\/span><\/li>\n<\/ul>\n<\/li>\n<\/ul>\n<ul>\n<li><span style=\"font-size: 20px;\"><b><span lang=\"CA\">Fotoc\u00f2pia sol\u00b7licitud del t\u00edtol d\u2019ESO (excepte l\u2019alumnat que prov\u00e9 de la prova d\u2019acc\u00e9s a cicles formatius)<\/span><\/b><\/span><\/li>\n<\/ul>\n<\/div>\n<div><\/div>\n<div dir=\"ltr\">\n<ul>\n<li><span style=\"font-size: 20px;\"><span lang=\"CA\"><b>Comunicaci\u00f3 d\u2019acceptaci\u00f3 de\u00a0<a href=\"https:\/\/drive.google.com\/open?id=1wj5yKwWbaJu1xB5VgjupWd5YhD_8-q3b\" target=\"_blank\" rel=\"noopener noreferrer\">l\u2019\u00fas de serveis i recursos digitals a Internet.<\/a><\/b><\/span><a href=\"https:\/\/sites.google.com\/a\/xtec.cat\/preinscripcio-ins-pere-alsius\/home\/batxillerat\/batxillerat-matricula\/autoritzacio%20digital%20INS%20PAT%20CF%20i%20BTX.pdf?attredirects=0&amp;d=1\" target=\"_blank\" rel=\"noopener noreferrer\"><br \/>\n<\/a><\/span><\/li>\n<li><span style=\"font-size: 20px;\"><span lang=\"CA\"><b>Comunicaci\u00f3 d\u2019acceptaci\u00f3 de <a href=\"https:\/\/drive.google.com\/file\/d\/1kxjad8yJxli319Qab37UpZo7lRiJV2Yf\/view?usp=sharing\">l&#8217;\u00fas d&#8217;imatges i dades de car\u00e0cter personal<\/a><\/b><\/span><\/span><\/li>\n<\/ul>\n<\/div>\n<div><\/div>\n<div dir=\"ltr\">\n<ul>\n<li><span style=\"font-size: 20px;\"><b><span lang=\"CA\"><a href=\"https:\/\/drive.google.com\/file\/d\/1MTH5KbrGRDQQeTMD_Y67lEFj0gC-uGup\/view?usp=sharing\">Fitxa de dades personals<\/a>\u00a0(permisos i dades de l\u2019alumne\/a )<\/span><\/b><\/span><\/li>\n<\/ul>\n<ul>\n<li><span style=\"font-size: 20px;\"><b><span lang=\"CA\">Certificat m\u00e8dic oficial, on consti la seg\u00fcent informaci\u00f3: <\/span><\/b><strong><span lang=\"CA\">l&#8217;alumne\/a est\u00e0 capacitat per a fer activitat f\u00edsica que impliqui esfor\u00e7os d&#8217;alta intensitat<\/span><\/strong><b><span lang=\"CA\"> (nom\u00e9s alumnes de 1r curs)<\/span><\/b><\/span><\/li>\n<\/ul>\n<ul>\n<li><span style=\"font-size: 20px;\"><b><span lang=\"CA\"><a href=\"https:\/\/drive.google.com\/file\/d\/1T-cKWC732RhRopkrjWm2rrakDac0iU77\/view?usp=sharing\">Full de material recomanable per al curs\u00a0<\/a>(el dia de la reuni\u00f3 de pares s\u2019acabar\u00e0 de concretar)<\/span><\/b><\/span><\/li>\n<li><strong><span style=\"font-size: 20px;\"><a href=\"https:\/\/drive.google.com\/file\/d\/1ud_rxELcpIVhWL7cdylXvUfmZeleCP27\/view?usp=sharing\">Cessi\u00f3 de dades<\/a> per l&#8217;orientaci\u00f3<\/span><\/strong><\/li>\n<li><span style=\"font-size: 20px;\"><strong>\u00c9s necessari que els alumnes puguin disposar del seu ordinador port\u00e0til. L\u2019institut recomana que tingui les seg\u00fcents caracter\u00edstiques m\u00ednimes:<\/strong><\/span><span style=\"font-size: 20px;\"><strong>* Processador: Intel i5 \/ AMD Ryzen 5<\/strong><\/span><br \/>\n<span style=\"font-size: 20px;\"><strong>* Mem\u00f2ria RAM: 8 gb RAM<\/strong><\/span><br \/>\n<span style=\"font-size: 20px;\"><strong>* Emmagatzematge principal (disc dur): tipus SSD.<\/strong><\/span><br \/>\n<span style=\"font-size: 20px;\"><strong>* Assegurar-se que la bateria tingui una duraci\u00f3 de 6-8 hores.<\/strong><\/span><\/li>\n<\/ul>\n<h2><span style=\"font-size: 24px;\"><b>ASPECTES NORMATIUS:<\/b><\/span><\/h2>\n<div>\n<div>\n<div>\n<div>\n<p><span style=\"font-size: 20px;\">Els alumnes admesos han de formalitzar la matr\u00edcula en les dates indicades al calendari (en cas contrari, es considera que renuncien a la pla\u00e7a adjudicada).<\/span><\/p>\n<p><span style=\"font-size: 20px;\">Per matricular-se cal presentar la documentaci\u00f3 que acredita el compliment dels requisits d\u2019acc\u00e9s. Els alumnes que els compleixen per\u00f2 que per causes justificades no poden presentar la documentaci\u00f3 es matriculen condicionalment (la matr\u00edcula s\u2019anul\u00b7la si, abans de l\u2019inici del curs, no presenten la documentaci\u00f3 pendent).<\/span><\/p>\n<p><span style=\"font-size: 20px;\">Els alumnes amb titulacions estrangeres han d\u2019acreditar que han iniciat el tr\u00e0mit d\u2019homologaci\u00f3 o convalidaci\u00f3 amb la presentaci\u00f3 del volant d\u2019inscripci\u00f3 condicional vigent. Cal tenir present que el volant acreditatiu d\u2019haver iniciat el tr\u00e0mit d\u2019homologaci\u00f3 mant\u00e9 la seva vig\u00e8ncia \u00fanicament durant un curs acad\u00e8mic i que la matr\u00edcula queda condicionada a la resoluci\u00f3 positiva de la sol\u00b7licitud d\u2019homologaci\u00f3.<\/span><\/p>\n<p><span style=\"font-size: 20px;\">Als alumnes que han participat en el proc\u00e9s de preinscripci\u00f3 per\u00f2 no compleixen els requisits acad\u00e8mics per matricular-se en\u00a0el per\u00edode ordinari de matr\u00edcula, no se\u2019ls mant\u00e9 la pla\u00e7a assignada.<\/span><\/p>\n<\/div>\n<\/div>\n<\/div>\n<\/div>\n<\/div>\n","protected":false},"excerpt":{"rendered":"<p>1r CURS<br \/>\n+ Alumnat primera assignaci\u00f3:\u00a0<\/p>\n<p>Confirmaci\u00f3 matr\u00edcula online: del 10 al 14 de juliol de 2026<br \/>\nMatr\u00edcula presencial institut: 14 de juliol de 2026<br \/>\nHorari: de les 9 a les 14 h.\u00a0Lloc: Secretaria<br \/>\nPer matricular-vos rebreu un correu electr\u00f2nic dient-vos el dia i l&#8217;hora de la matriculaci\u00f3.\u00a0<br \/>\nRecordeu que si&hellip;  <a href=\"https:\/\/agora.xtec.cat\/iesperealsius\/preinscripcio\/preinscripcio-grau-mitja\/matricula-cfgm-1r-curs\/\" title=\"Read 2.1 &#8211; Matr\u00edcula CFGM &#8211; 1r curs\">Llegeix m\u00e9s\u00bb<\/a><\/p>\n","protected":false},"author":1,"featured_media":0,"parent":831,"menu_order":50,"comment_status":"closed","ping_status":"closed","template":"page-templates\/side-menu.php","meta":{"_bbp_topic_count":0,"_bbp_reply_count":0,"_bbp_total_topic_count":0,"_bbp_total_reply_count":0,"_bbp_voice_count":0,"_bbp_anonymous_reply_count":0,"_bbp_topic_count_hidden":0,"_bbp_reply_count_hidden":0,"_bbp_forum_subforum_count":0,"footnotes":""},"class_list":["post-8244","page","type-page","status-publish","hentry"],"post_mailing_queue_ids":[],"_links":{"self":[{"href":"https:\/\/agora.xtec.cat\/iesperealsius\/wp-json\/wp\/v2\/pages\/8244","targetHints":{"allow":["GET"]}}],"collection":[{"href":"https:\/\/agora.xtec.cat\/iesperealsius\/wp-json\/wp\/v2\/pages"}],"about":[{"href":"https:\/\/agora.xtec.cat\/iesperealsius\/wp-json\/wp\/v2\/types\/page"}],"author":[{"embeddable":true,"href":"https:\/\/agora.xtec.cat\/iesperealsius\/wp-json\/wp\/v2\/users\/1"}],"replies":[{"embeddable":true,"href":"https:\/\/agora.xtec.cat\/iesperealsius\/wp-json\/wp\/v2\/comments?post=8244"}],"version-history":[{"count":6,"href":"https:\/\/agora.xtec.cat\/iesperealsius\/wp-json\/wp\/v2\/pages\/8244\/revisions"}],"predecessor-version":[{"id":12927,"href":"https:\/\/agora.xtec.cat\/iesperealsius\/wp-json\/wp\/v2\/pages\/8244\/revisions\/12927"}],"up":[{"embeddable":true,"href":"https:\/\/agora.xtec.cat\/iesperealsius\/wp-json\/wp\/v2\/pages\/831"}],"wp:attachment":[{"href":"https:\/\/agora.xtec.cat\/iesperealsius\/wp-json\/wp\/v2\/media?parent=8244"}],"curies":[{"name":"wp","href":"https:\/\/api.w.org\/{rel}","templated":true}]}}