{"id":7796,"date":"2021-10-20T10:19:17","date_gmt":"2021-10-20T08:19:17","guid":{"rendered":"https:\/\/agora.xtec.cat\/iesperealsius\/?page_id=7796"},"modified":"2025-07-14T10:20:34","modified_gmt":"2025-07-14T08:20:34","slug":"auxiliar-de-conversa","status":"publish","type":"page","link":"https:\/\/agora.xtec.cat\/iesperealsius\/serveis\/auxiliar-de-conversa\/","title":{"rendered":"Auxiliar de conversa"},"content":{"rendered":"<header class=\"entry-header\"><\/header>\n<div class=\"entry-content\">\n<div>\n<hr \/>\n<\/div>\n<ul>\n<li>El servei d&#8217;auxiliar de conversa s&#8217;ofereix a tots els nivells, durant una hora a la setmana, a ESO i Batxillerat.<\/li>\n<li>Consisteix en una trobada en grups redu\u00efts amb en Jesse, per treballar i millorar tant l&#8217;expressi\u00f3 com la comprensi\u00f3 orals en llengua anglesa.<\/li>\n<li>L&#8217;avantatge de treballar en grups redu\u00efts \u00e9s que els alumnes tenen la possibilitat de participar amb profunditat i, per tant, millorar la seva compet\u00e8ncia en llengua anglesa.<\/li>\n<li>Aquest recurs est\u00e0 subvencionat per l&#8217;AFA, amb la col\u00b7laboraci\u00f3 de l&#8217;Ajuntament de Banyoles.<\/li>\n<\/ul>\n<\/div>\n","protected":false},"excerpt":{"rendered":"<ul>\n<li>El servei d&#8217;auxiliar de conversa s&#8217;ofereix a tots els nivells, durant una hora a la setmana, a ESO i Batxillerat.<\/li>\n<li>Consisteix en una trobada en grups redu\u00efts amb en Jesse, per treballar i millorar tant l&#8217;expressi\u00f3 com la comprensi\u00f3 orals en llengua anglesa.<\/li>\n<li>L&#8217;avantatge de treballar en&hellip;  <a href=\"https:\/\/agora.xtec.cat\/iesperealsius\/serveis\/auxiliar-de-conversa\/\" title=\"Read Auxiliar de conversa\">Llegeix m\u00e9s\u00bb<\/a><br \/>\n","protected":false},"author":1,"featured_media":0,"parent":63,"menu_order":60,"comment_status":"closed","ping_status":"closed","template":"page-templates\/side-menu.php","meta":{"_bbp_topic_count":0,"_bbp_reply_count":0,"_bbp_total_topic_count":0,"_bbp_total_reply_count":0,"_bbp_voice_count":0,"_bbp_anonymous_reply_count":0,"_bbp_topic_count_hidden":0,"_bbp_reply_count_hidden":0,"_bbp_forum_subforum_count":0,"footnotes":""},"class_list":["post-7796","page","type-page","status-publish","hentry"],"post_mailing_queue_ids":[],"_links":{"self":[{"href":"https:\/\/agora.xtec.cat\/iesperealsius\/wp-json\/wp\/v2\/pages\/7796","targetHints":{"allow":["GET"]}}],"collection":[{"href":"https:\/\/agora.xtec.cat\/iesperealsius\/wp-json\/wp\/v2\/pages"}],"about":[{"href":"https:\/\/agora.xtec.cat\/iesperealsius\/wp-json\/wp\/v2\/types\/page"}],"author":[{"embeddable":true,"href":"https:\/\/agora.xtec.cat\/iesperealsius\/wp-json\/wp\/v2\/users\/1"}],"replies":[{"embeddable":true,"href":"https:\/\/agora.xtec.cat\/iesperealsius\/wp-json\/wp\/v2\/comments?post=7796"}],"version-history":[{"count":5,"href":"https:\/\/agora.xtec.cat\/iesperealsius\/wp-json\/wp\/v2\/pages\/7796\/revisions"}],"predecessor-version":[{"id":12272,"href":"https:\/\/agora.xtec.cat\/iesperealsius\/wp-json\/wp\/v2\/pages\/7796\/revisions\/12272"}],"up":[{"embeddable":true,"href":"https:\/\/agora.xtec.cat\/iesperealsius\/wp-json\/wp\/v2\/pages\/63"}],"wp:attachment":[{"href":"https:\/\/agora.xtec.cat\/iesperealsius\/wp-json\/wp\/v2\/media?parent=7796"}],"curies":[{"name":"wp","href":"https:\/\/api.w.org\/{rel}","templated":true}]}}