{"id":7751,"date":"2021-09-28T11:38:27","date_gmt":"2021-09-28T09:38:27","guid":{"rendered":"https:\/\/agora.xtec.cat\/iesperealsius\/?page_id=7751"},"modified":"2025-11-19T15:32:44","modified_gmt":"2025-11-19T14:32:44","slug":"equip-docent-ensenyaments-esportius","status":"publish","type":"page","link":"https:\/\/agora.xtec.cat\/iesperealsius\/equips-docents\/equip-docent-ensenyaments-esportius\/","title":{"rendered":"Equip docent &#8211; Ensenyaments esportius"},"content":{"rendered":"<p><strong>Equip docent &#8211; Ensenyaments esportius<\/strong><\/p>\n<p><a href=\"https:\/\/agora.xtec.cat\/iesperealsius\/wp-content\/uploads\/usu45\/2025\/11\/PHOTO-2025-11-12-14-10-36.jpg\"><img loading=\"lazy\" decoding=\"async\" class=\"alignnone wp-image-12511 size-large\" src=\"https:\/\/agora.xtec.cat\/iesperealsius\/wp-content\/uploads\/usu45\/2025\/11\/PHOTO-2025-11-12-14-10-36-1024x768.jpg\" alt=\"\" width=\"1024\" height=\"768\" srcset=\"https:\/\/agora.xtec.cat\/iesperealsius\/wp-content\/uploads\/usu45\/2025\/11\/PHOTO-2025-11-12-14-10-36-1024x768.jpg 1024w, https:\/\/agora.xtec.cat\/iesperealsius\/wp-content\/uploads\/usu45\/2025\/11\/PHOTO-2025-11-12-14-10-36-300x225.jpg 300w, https:\/\/agora.xtec.cat\/iesperealsius\/wp-content\/uploads\/usu45\/2025\/11\/PHOTO-2025-11-12-14-10-36-768x576.jpg 768w, https:\/\/agora.xtec.cat\/iesperealsius\/wp-content\/uploads\/usu45\/2025\/11\/PHOTO-2025-11-12-14-10-36-1536x1152.jpg 1536w, https:\/\/agora.xtec.cat\/iesperealsius\/wp-content\/uploads\/usu45\/2025\/11\/PHOTO-2025-11-12-14-10-36-200x150.jpg 200w, https:\/\/agora.xtec.cat\/iesperealsius\/wp-content\/uploads\/usu45\/2025\/11\/PHOTO-2025-11-12-14-10-36.jpg 2048w\" sizes=\"auto, (max-width: 1024px) 100vw, 1024px\" \/><\/a><\/p>\n<p>Joan Butiny\u00e0, David Mart\u00ed, Mart\u00ed Carrera, David Gifreu, Albert V\u00e1zquez, Pere\u00a0Hidalgo, Marc Juan, Pol Reixach, Rosa Juan, Marc Bassols.<\/p>\n<p>&nbsp;<\/p>\n<p>&nbsp;<\/p>\n","protected":false},"excerpt":{"rendered":"<p>Equip docent &#8211; Ensenyaments esportius<br \/>\n<a href=\"https:\/\/agora.xtec.cat\/iesperealsius\/wp-content\/uploads\/usu45\/2025\/11\/PHOTO-2025-11-12-14-10-36.jpg\"><\/a><br \/>\nJoan Butiny\u00e0, David Mart\u00ed, Mart\u00ed Carrera, David Gifreu, Albert V\u00e1zquez, Pere\u00a0Hidalgo, Marc Juan, Pol Reixach, Rosa Juan, Marc Bassols.<br \/>\n&nbsp;<br \/>\n&nbsp;<\/p>\n","protected":false},"author":1,"featured_media":0,"parent":7618,"menu_order":70,"comment_status":"closed","ping_status":"closed","template":"page-templates\/side-menu.php","meta":{"_bbp_topic_count":0,"_bbp_reply_count":0,"_bbp_total_topic_count":0,"_bbp_total_reply_count":0,"_bbp_voice_count":0,"_bbp_anonymous_reply_count":0,"_bbp_topic_count_hidden":0,"_bbp_reply_count_hidden":0,"_bbp_forum_subforum_count":0,"footnotes":""},"class_list":["post-7751","page","type-page","status-publish","hentry"],"post_mailing_queue_ids":[],"_links":{"self":[{"href":"https:\/\/agora.xtec.cat\/iesperealsius\/wp-json\/wp\/v2\/pages\/7751","targetHints":{"allow":["GET"]}}],"collection":[{"href":"https:\/\/agora.xtec.cat\/iesperealsius\/wp-json\/wp\/v2\/pages"}],"about":[{"href":"https:\/\/agora.xtec.cat\/iesperealsius\/wp-json\/wp\/v2\/types\/page"}],"author":[{"embeddable":true,"href":"https:\/\/agora.xtec.cat\/iesperealsius\/wp-json\/wp\/v2\/users\/1"}],"replies":[{"embeddable":true,"href":"https:\/\/agora.xtec.cat\/iesperealsius\/wp-json\/wp\/v2\/comments?post=7751"}],"version-history":[{"count":3,"href":"https:\/\/agora.xtec.cat\/iesperealsius\/wp-json\/wp\/v2\/pages\/7751\/revisions"}],"predecessor-version":[{"id":12513,"href":"https:\/\/agora.xtec.cat\/iesperealsius\/wp-json\/wp\/v2\/pages\/7751\/revisions\/12513"}],"up":[{"embeddable":true,"href":"https:\/\/agora.xtec.cat\/iesperealsius\/wp-json\/wp\/v2\/pages\/7618"}],"wp:attachment":[{"href":"https:\/\/agora.xtec.cat\/iesperealsius\/wp-json\/wp\/v2\/media?parent=7751"}],"curies":[{"name":"wp","href":"https:\/\/api.w.org\/{rel}","templated":true}]}}