{"id":7732,"date":"2021-09-21T18:49:27","date_gmt":"2021-09-21T16:49:27","guid":{"rendered":"https:\/\/agora.xtec.cat\/iesperealsius\/?page_id=7732"},"modified":"2025-11-19T15:40:09","modified_gmt":"2025-11-19T14:40:09","slug":"equips-docents-cicles-formatius","status":"publish","type":"page","link":"https:\/\/agora.xtec.cat\/iesperealsius\/equips-docents\/equips-docents-cicles-formatius\/","title":{"rendered":"Equips docents &#8211; Cicles formatius"},"content":{"rendered":"<p><strong>Equip docent &#8211; GM guia en el medi natural i de temps de lleure<\/strong><\/p>\n<p><a href=\"https:\/\/agora.xtec.cat\/iesperealsius\/wp-content\/uploads\/usu45\/2025\/11\/PHOTO-2025-11-12-14-14-21-2.jpg\"><img loading=\"lazy\" decoding=\"async\" class=\"alignnone wp-image-12518 size-large\" src=\"https:\/\/agora.xtec.cat\/iesperealsius\/wp-content\/uploads\/usu45\/2025\/11\/PHOTO-2025-11-12-14-14-21-2-1024x768.jpg\" alt=\"\" width=\"1024\" height=\"768\" srcset=\"https:\/\/agora.xtec.cat\/iesperealsius\/wp-content\/uploads\/usu45\/2025\/11\/PHOTO-2025-11-12-14-14-21-2-1024x768.jpg 1024w, https:\/\/agora.xtec.cat\/iesperealsius\/wp-content\/uploads\/usu45\/2025\/11\/PHOTO-2025-11-12-14-14-21-2-300x225.jpg 300w, https:\/\/agora.xtec.cat\/iesperealsius\/wp-content\/uploads\/usu45\/2025\/11\/PHOTO-2025-11-12-14-14-21-2-768x576.jpg 768w, https:\/\/agora.xtec.cat\/iesperealsius\/wp-content\/uploads\/usu45\/2025\/11\/PHOTO-2025-11-12-14-14-21-2-1536x1152.jpg 1536w, https:\/\/agora.xtec.cat\/iesperealsius\/wp-content\/uploads\/usu45\/2025\/11\/PHOTO-2025-11-12-14-14-21-2-200x150.jpg 200w, https:\/\/agora.xtec.cat\/iesperealsius\/wp-content\/uploads\/usu45\/2025\/11\/PHOTO-2025-11-12-14-14-21-2.jpg 2048w\" sizes=\"auto, (max-width: 1024px) 100vw, 1024px\" \/><\/a><\/p>\n<p>Marta Romagosa, Pere Pujol, Gerard Codol\u00e0, Marc Juan, David Gifreu, Pau Vilarrub\u00ed, Eloi Mercader, Pere Hidalgo, Aleix Masseg\u00fa, Joan Butiny\u00e0, Germinal Tello, Eduard Vitales, J\u00falia Forn, Ona Beneit, Albert Costa<\/p>\n<p>&nbsp;<\/p>\n<p><strong>Equip docent &#8211; GS condicionament f\u00edsic<\/strong><\/p>\n<p><a href=\"https:\/\/agora.xtec.cat\/iesperealsius\/wp-content\/uploads\/usu45\/2025\/11\/PHOTO-2025-11-12-14-11-41.jpg\"><img loading=\"lazy\" decoding=\"async\" class=\"alignnone wp-image-12514 size-large\" src=\"https:\/\/agora.xtec.cat\/iesperealsius\/wp-content\/uploads\/usu45\/2025\/11\/PHOTO-2025-11-12-14-11-41-768x1024.jpg\" alt=\"\" width=\"768\" height=\"1024\" srcset=\"https:\/\/agora.xtec.cat\/iesperealsius\/wp-content\/uploads\/usu45\/2025\/11\/PHOTO-2025-11-12-14-11-41-768x1024.jpg 768w, https:\/\/agora.xtec.cat\/iesperealsius\/wp-content\/uploads\/usu45\/2025\/11\/PHOTO-2025-11-12-14-11-41-225x300.jpg 225w, https:\/\/agora.xtec.cat\/iesperealsius\/wp-content\/uploads\/usu45\/2025\/11\/PHOTO-2025-11-12-14-11-41-1152x1536.jpg 1152w, https:\/\/agora.xtec.cat\/iesperealsius\/wp-content\/uploads\/usu45\/2025\/11\/PHOTO-2025-11-12-14-11-41.jpg 1536w\" sizes=\"auto, (max-width: 768px) 100vw, 768px\" \/><\/a><\/p>\n<p>Rosa Juan, Albert Costa, David Gifreu, Eduard Vitales, Mart\u00ed Carrera, Merc\u00e8 Miquel, Marc Juan, Pol Reixach, L\u00eddia Vil\u00e0.<\/p>\n<p>&nbsp;<\/p>\n<p><strong>Equip docent &#8211; GS Animaci\u00f3 socioesportiva<\/strong><\/p>\n<p><a href=\"https:\/\/agora.xtec.cat\/iesperealsius\/wp-content\/uploads\/usu45\/2025\/11\/PHOTO-2025-11-12-14-13-41.jpg\"><img loading=\"lazy\" decoding=\"async\" class=\"alignnone wp-image-12516 size-large\" src=\"https:\/\/agora.xtec.cat\/iesperealsius\/wp-content\/uploads\/usu45\/2025\/11\/PHOTO-2025-11-12-14-13-41-1024x768.jpg\" alt=\"\" width=\"1024\" height=\"768\" srcset=\"https:\/\/agora.xtec.cat\/iesperealsius\/wp-content\/uploads\/usu45\/2025\/11\/PHOTO-2025-11-12-14-13-41-1024x768.jpg 1024w, https:\/\/agora.xtec.cat\/iesperealsius\/wp-content\/uploads\/usu45\/2025\/11\/PHOTO-2025-11-12-14-13-41-300x225.jpg 300w, https:\/\/agora.xtec.cat\/iesperealsius\/wp-content\/uploads\/usu45\/2025\/11\/PHOTO-2025-11-12-14-13-41-768x576.jpg 768w, https:\/\/agora.xtec.cat\/iesperealsius\/wp-content\/uploads\/usu45\/2025\/11\/PHOTO-2025-11-12-14-13-41-1536x1152.jpg 1536w, https:\/\/agora.xtec.cat\/iesperealsius\/wp-content\/uploads\/usu45\/2025\/11\/PHOTO-2025-11-12-14-13-41-200x150.jpg 200w, https:\/\/agora.xtec.cat\/iesperealsius\/wp-content\/uploads\/usu45\/2025\/11\/PHOTO-2025-11-12-14-13-41.jpg 2048w\" sizes=\"auto, (max-width: 1024px) 100vw, 1024px\" \/><\/a><\/p>\n<p>Marta Romagosa, Albert Costa, David Mart\u00ed, David Gifreu, Eduard Vitales, Pau Vilarrub\u00ed, Eloi Mercader, Aleix Masseg\u00fa, Germinal Tello, Pere Pujol, In\u00e9s Eritja, J\u00falia Forn, Ona Beneit, Pol Reixach.<\/p>\n<p>&nbsp;<\/p>\n<p>&nbsp;<\/p>\n","protected":false},"excerpt":{"rendered":"<p>Equip docent &#8211; GM guia en el medi natural i de temps de lleure<br \/>\n<a href=\"https:\/\/agora.xtec.cat\/iesperealsius\/wp-content\/uploads\/usu45\/2025\/11\/PHOTO-2025-11-12-14-14-21-2.jpg\"><\/a><br \/>\nMarta Romagosa, Pere Pujol, Gerard Codol\u00e0, Marc Juan, David Gifreu, Pau Vilarrub\u00ed, Eloi Mercader, Pere Hidalgo, Aleix Masseg\u00fa, Joan Butiny\u00e0, Germinal Tello, Eduard Vitales, J\u00falia Forn, Ona Beneit, Albert Costa<br \/>\n&nbsp;<br \/>\nEquip docent&hellip;  <a href=\"https:\/\/agora.xtec.cat\/iesperealsius\/equips-docents\/equips-docents-cicles-formatius\/\" title=\"Read Equips docents &#8211; Cicles formatius\">Llegeix m\u00e9s\u00bb<\/a><\/p>\n","protected":false},"author":1,"featured_media":0,"parent":7618,"menu_order":70,"comment_status":"closed","ping_status":"closed","template":"page-templates\/side-menu.php","meta":{"_bbp_topic_count":0,"_bbp_reply_count":0,"_bbp_total_topic_count":0,"_bbp_total_reply_count":0,"_bbp_voice_count":0,"_bbp_anonymous_reply_count":0,"_bbp_topic_count_hidden":0,"_bbp_reply_count_hidden":0,"_bbp_forum_subforum_count":0,"footnotes":""},"class_list":["post-7732","page","type-page","status-publish","hentry"],"post_mailing_queue_ids":[],"_links":{"self":[{"href":"https:\/\/agora.xtec.cat\/iesperealsius\/wp-json\/wp\/v2\/pages\/7732","targetHints":{"allow":["GET"]}}],"collection":[{"href":"https:\/\/agora.xtec.cat\/iesperealsius\/wp-json\/wp\/v2\/pages"}],"about":[{"href":"https:\/\/agora.xtec.cat\/iesperealsius\/wp-json\/wp\/v2\/types\/page"}],"author":[{"embeddable":true,"href":"https:\/\/agora.xtec.cat\/iesperealsius\/wp-json\/wp\/v2\/users\/1"}],"replies":[{"embeddable":true,"href":"https:\/\/agora.xtec.cat\/iesperealsius\/wp-json\/wp\/v2\/comments?post=7732"}],"version-history":[{"count":8,"href":"https:\/\/agora.xtec.cat\/iesperealsius\/wp-json\/wp\/v2\/pages\/7732\/revisions"}],"predecessor-version":[{"id":12520,"href":"https:\/\/agora.xtec.cat\/iesperealsius\/wp-json\/wp\/v2\/pages\/7732\/revisions\/12520"}],"up":[{"embeddable":true,"href":"https:\/\/agora.xtec.cat\/iesperealsius\/wp-json\/wp\/v2\/pages\/7618"}],"wp:attachment":[{"href":"https:\/\/agora.xtec.cat\/iesperealsius\/wp-json\/wp\/v2\/media?parent=7732"}],"curies":[{"name":"wp","href":"https:\/\/api.w.org\/{rel}","templated":true}]}}