{"id":7699,"date":"2021-09-21T10:02:01","date_gmt":"2021-09-21T08:02:01","guid":{"rendered":"https:\/\/agora.xtec.cat\/iesperealsius\/?page_id=7699"},"modified":"2024-10-03T13:47:31","modified_gmt":"2024-10-03T11:47:31","slug":"equip-docent-de-1r-de-batxillerat","status":"publish","type":"page","link":"https:\/\/agora.xtec.cat\/iesperealsius\/equips-docents\/equip-docent-de-1r-de-batxillerat\/","title":{"rendered":"Equip docent de 1r de BATXILLERAT"},"content":{"rendered":"<p style=\"text-align: justify;\"><strong>Equip docent de 1r de BATXILLERAT &#8211; Curs 2024-25<\/strong><\/p>\n<p><a href=\"https:\/\/agora.xtec.cat\/iesperealsius\/wp-content\/uploads\/usu45\/2024\/10\/6ae6ce1f-012e-4cc8-966e-154a4048c5fa.jpg\"><img loading=\"lazy\" decoding=\"async\" class=\"alignnone size-large wp-image-11368\" src=\"https:\/\/agora.xtec.cat\/iesperealsius\/wp-content\/uploads\/usu45\/2024\/10\/6ae6ce1f-012e-4cc8-966e-154a4048c5fa-1024x461.jpg\" alt=\"\" width=\"1024\" height=\"461\" srcset=\"https:\/\/agora.xtec.cat\/iesperealsius\/wp-content\/uploads\/usu45\/2024\/10\/6ae6ce1f-012e-4cc8-966e-154a4048c5fa-1024x461.jpg 1024w, https:\/\/agora.xtec.cat\/iesperealsius\/wp-content\/uploads\/usu45\/2024\/10\/6ae6ce1f-012e-4cc8-966e-154a4048c5fa-300x135.jpg 300w, https:\/\/agora.xtec.cat\/iesperealsius\/wp-content\/uploads\/usu45\/2024\/10\/6ae6ce1f-012e-4cc8-966e-154a4048c5fa-768x346.jpg 768w, https:\/\/agora.xtec.cat\/iesperealsius\/wp-content\/uploads\/usu45\/2024\/10\/6ae6ce1f-012e-4cc8-966e-154a4048c5fa-1536x691.jpg 1536w, https:\/\/agora.xtec.cat\/iesperealsius\/wp-content\/uploads\/usu45\/2024\/10\/6ae6ce1f-012e-4cc8-966e-154a4048c5fa.jpg 1600w\" sizes=\"auto, (max-width: 1024px) 100vw, 1024px\" \/><\/a><\/p>\n<p><strong>Angl\u00e8s<\/strong>: Rosa Milla i Imma Verdaguer<br \/>\n<strong>Franc\u00e8s<\/strong>: Isabel Feliu<br \/>\n<strong>Filosofia<\/strong>: Esther Deulofeu<br \/>\n<strong>Llengua castellana i literatura<\/strong>: Irene Tirado<br \/>\n<strong>Llengua catalana i literatura<\/strong>: Maria Fern\u00e1ndez (Estel Torrent)<br \/>\n<strong>Educaci\u00f3 f\u00edsica<\/strong>: Jordi Mas\u00f3<br \/>\n<strong>Matem\u00e0tiques<\/strong>: Dolors Roca<br \/>\n<strong>Matem\u00e0tiques aplicades a les CS<\/strong>: Esther Valent\u00ed<br \/>\n<strong>Llat\u00ed<\/strong>: David Fluriach<br \/>\n<strong>Dibuix T\u00e8cnic<\/strong>: Jaume Duran<br \/>\n<strong>Biologia<\/strong>: Teresa Cels<br \/>\n<strong>Geologia<\/strong>: Anna Sunyer<br \/>\n<strong>F\u00edsica<\/strong>: Narc\u00eds Bartis<br \/>\n<strong>Qu\u00edmica<\/strong>: Pep Martos<br \/>\n<strong>Tecnologia industrial<\/strong>: Dani Marin<br \/>\n<strong>Hist\u00f2ria del m\u00f3n contemporani<\/strong>: Mariona Coll<br \/>\n<strong>Cultura audiovisual<\/strong>: Irene Tirado<br \/>\n<strong>Literatura universal<\/strong>: Maria Fernandez<br \/>\n<strong>Economia<\/strong>: Carme Montcanut<br \/>\n<strong>Biomedicina<\/strong>: Marc Almeida<br \/>\n<strong>Funcionament de l&#8217;empresa<\/strong>: Carme Montcanut<br \/>\n<strong>Psicologia<\/strong>: Al\u00edcia Rodr\u00edguez<br \/>\n<strong>Rob\u00f2tica<\/strong>: Dani Mar\u00edn<br \/>\n<strong>Ciutadania, pol\u00edtica i dret<\/strong>: \u00c0lex Agust\u00ed<br \/>\n<strong>Preparaci\u00f3 ex. Cambrigde<\/strong>: S\u00edlvia Torrent<br \/>\n<strong>Activitat f\u00edsica i salut<\/strong>: Albert V\u00e1zquez<\/p>\n<p>&nbsp;<\/p>\n","protected":false},"excerpt":{"rendered":"<p>Equip docent de 1r de BATXILLERAT &#8211; Curs 2024-25<br \/>\n<a href=\"https:\/\/agora.xtec.cat\/iesperealsius\/wp-content\/uploads\/usu45\/2024\/10\/6ae6ce1f-012e-4cc8-966e-154a4048c5fa.jpg\"><\/a><br \/>\nAngl\u00e8s: Rosa Milla i Imma Verdaguer<br \/>\nFranc\u00e8s: Isabel Feliu<br \/>\nFilosofia: Esther Deulofeu<br \/>\nLlengua castellana i literatura: Irene Tirado<br \/>\nLlengua catalana i literatura: Maria Fern\u00e1ndez (Estel Torrent)<br \/>\nEducaci\u00f3 f\u00edsica: Jordi Mas\u00f3<br \/>\nMatem\u00e0tiques: Dolors Roca<br \/>\nMatem\u00e0tiques aplicades a les CS: Esther Valent\u00ed<br \/>\nLlat\u00ed: David Fluriach<br \/>\nDibuix T\u00e8cnic:&hellip;  <a href=\"https:\/\/agora.xtec.cat\/iesperealsius\/equips-docents\/equip-docent-de-1r-de-batxillerat\/\" title=\"Read Equip docent de 1r de BATXILLERAT\">Llegeix m\u00e9s\u00bb<\/a><\/p>\n","protected":false},"author":1,"featured_media":0,"parent":7618,"menu_order":40,"comment_status":"closed","ping_status":"closed","template":"page-templates\/side-menu.php","meta":{"_bbp_topic_count":0,"_bbp_reply_count":0,"_bbp_total_topic_count":0,"_bbp_total_reply_count":0,"_bbp_voice_count":0,"_bbp_anonymous_reply_count":0,"_bbp_topic_count_hidden":0,"_bbp_reply_count_hidden":0,"_bbp_forum_subforum_count":0,"footnotes":""},"class_list":["post-7699","page","type-page","status-publish","hentry"],"post_mailing_queue_ids":[],"_links":{"self":[{"href":"https:\/\/agora.xtec.cat\/iesperealsius\/wp-json\/wp\/v2\/pages\/7699","targetHints":{"allow":["GET"]}}],"collection":[{"href":"https:\/\/agora.xtec.cat\/iesperealsius\/wp-json\/wp\/v2\/pages"}],"about":[{"href":"https:\/\/agora.xtec.cat\/iesperealsius\/wp-json\/wp\/v2\/types\/page"}],"author":[{"embeddable":true,"href":"https:\/\/agora.xtec.cat\/iesperealsius\/wp-json\/wp\/v2\/users\/1"}],"replies":[{"embeddable":true,"href":"https:\/\/agora.xtec.cat\/iesperealsius\/wp-json\/wp\/v2\/comments?post=7699"}],"version-history":[{"count":6,"href":"https:\/\/agora.xtec.cat\/iesperealsius\/wp-json\/wp\/v2\/pages\/7699\/revisions"}],"predecessor-version":[{"id":11376,"href":"https:\/\/agora.xtec.cat\/iesperealsius\/wp-json\/wp\/v2\/pages\/7699\/revisions\/11376"}],"up":[{"embeddable":true,"href":"https:\/\/agora.xtec.cat\/iesperealsius\/wp-json\/wp\/v2\/pages\/7618"}],"wp:attachment":[{"href":"https:\/\/agora.xtec.cat\/iesperealsius\/wp-json\/wp\/v2\/media?parent=7699"}],"curies":[{"name":"wp","href":"https:\/\/api.w.org\/{rel}","templated":true}]}}