{"id":7687,"date":"2021-09-21T09:38:05","date_gmt":"2021-09-21T07:38:05","guid":{"rendered":"https:\/\/agora.xtec.cat\/iesperealsius\/?page_id=7687"},"modified":"2025-09-09T10:09:59","modified_gmt":"2025-09-09T08:09:59","slug":"equip-docent-de-3r-deso","status":"publish","type":"page","link":"https:\/\/agora.xtec.cat\/iesperealsius\/equips-docents\/equip-docent-de-3r-deso\/","title":{"rendered":"Equip docent de 3r d&#8217;ESO"},"content":{"rendered":"<p style=\"text-align: justify;\"><strong>Equip docent de 3r d&#8217;ESO &#8211; Curs 2025-26<\/strong><\/p>\n<p><a href=\"https:\/\/agora.xtec.cat\/iesperealsius\/wp-content\/uploads\/usu45\/2025\/09\/IMG_1889-1-scaled.jpg\"><img loading=\"lazy\" decoding=\"async\" class=\"alignnone wp-image-12323 size-large\" src=\"https:\/\/agora.xtec.cat\/iesperealsius\/wp-content\/uploads\/usu45\/2025\/09\/IMG_1889-1-1024x576.jpg\" alt=\"\" width=\"1024\" height=\"576\" srcset=\"https:\/\/agora.xtec.cat\/iesperealsius\/wp-content\/uploads\/usu45\/2025\/09\/IMG_1889-1-1024x576.jpg 1024w, https:\/\/agora.xtec.cat\/iesperealsius\/wp-content\/uploads\/usu45\/2025\/09\/IMG_1889-1-300x169.jpg 300w, https:\/\/agora.xtec.cat\/iesperealsius\/wp-content\/uploads\/usu45\/2025\/09\/IMG_1889-1-768x432.jpg 768w, https:\/\/agora.xtec.cat\/iesperealsius\/wp-content\/uploads\/usu45\/2025\/09\/IMG_1889-1-1536x864.jpg 1536w, https:\/\/agora.xtec.cat\/iesperealsius\/wp-content\/uploads\/usu45\/2025\/09\/IMG_1889-1-2048x1152.jpg 2048w\" sizes=\"auto, (max-width: 1024px) 100vw, 1024px\" \/><\/a><\/p>\n<p><strong>Tutors<\/strong>: Maria Cots, Olga Mu\u00f1oz i Anna Giron\u00e8s<\/p>\n<p><strong>Llengua catalana<\/strong>: Maria Cots i Olga Mu\u00f1oz<\/p>\n<p><strong>Llengua castellana<\/strong>: Irene Tirado i Encarna L\u00f3pez<\/p>\n<p><strong>Angl\u00e8s<\/strong>: Imma Agust\u00ed, Esther Garc\u00eda i Gemma Mart\u00ednez<\/p>\n<p><strong>Matem\u00e0tiques<\/strong>: Dolors Roca i Esther Valent\u00ed<\/p>\n<p><strong>Tecnologia<\/strong>: Anna Giron\u00e8s<\/p>\n<p><strong>Educaci\u00f3 F\u00edsica<\/strong>: Imma Malagelada<\/p>\n<p><strong>Dibuix<\/strong>: Montse Lao<\/p>\n<p><strong>Socials<\/strong>: Miquel Castillo<\/p>\n<p><strong>Cultura i valors<\/strong>: Imma Trias<\/p>\n<p><strong>Biologia i geologia<\/strong>: Pilar Rubert<\/p>\n<p><strong>F\u00edsica i qu\u00edmica<\/strong>: Mireia Raja i L\u00eddia Bruns\u00f3<\/p>\n<p><strong>Franc\u00e8s<\/strong>: Carolina Padrosa<\/p>\n<p><strong>Emprenedoria<\/strong>: S\u00edlvia Vi\u00f1as i Queralt Bancells<\/p>\n<p><strong>Projectes art\u00edstics<\/strong>: Judith Torrent i Olga Mu\u00f1oz<\/p>\n<p><strong>Mitologia<\/strong>: Raquel Galera<\/p>\n<p><strong>PIM<\/strong>: Imma Trias, Encarna L\u00f3pez, Esther Garc\u00eda, Mireia Raja, Esther Valent\u00ed i Cristina Otero<\/p>\n<p><strong>Orientadora<\/strong>: Imma Trias<\/p>\n<p>&nbsp;<\/p>\n","protected":false},"excerpt":{"rendered":"<p>Equip docent de 3r d&#8217;ESO &#8211; Curs 2025-26<br \/>\n<a href=\"https:\/\/agora.xtec.cat\/iesperealsius\/wp-content\/uploads\/usu45\/2025\/09\/IMG_1889-1-scaled.jpg\"><\/a><br \/>\nTutors: Maria Cots, Olga Mu\u00f1oz i Anna Giron\u00e8s<br \/>\nLlengua catalana: Maria Cots i Olga Mu\u00f1oz<br \/>\nLlengua castellana: Irene Tirado i Encarna L\u00f3pez<br \/>\nAngl\u00e8s: Imma Agust\u00ed, Esther Garc\u00eda i Gemma Mart\u00ednez<br \/>\nMatem\u00e0tiques: Dolors Roca i Esther Valent\u00ed<br \/>\nTecnologia: Anna Giron\u00e8s<br \/>\nEducaci\u00f3 F\u00edsica: Imma Malagelada<br \/>\nDibuix:&hellip;  <a href=\"https:\/\/agora.xtec.cat\/iesperealsius\/equips-docents\/equip-docent-de-3r-deso\/\" title=\"Read Equip docent de 3r d&#8217;ESO\">Llegeix m\u00e9s\u00bb<\/a><\/p>\n","protected":false},"author":1,"featured_media":0,"parent":7618,"menu_order":20,"comment_status":"closed","ping_status":"closed","template":"page-templates\/side-menu.php","meta":{"_bbp_topic_count":0,"_bbp_reply_count":0,"_bbp_total_topic_count":0,"_bbp_total_reply_count":0,"_bbp_voice_count":0,"_bbp_anonymous_reply_count":0,"_bbp_topic_count_hidden":0,"_bbp_reply_count_hidden":0,"_bbp_forum_subforum_count":0,"footnotes":""},"class_list":["post-7687","page","type-page","status-publish","hentry"],"post_mailing_queue_ids":[],"_links":{"self":[{"href":"https:\/\/agora.xtec.cat\/iesperealsius\/wp-json\/wp\/v2\/pages\/7687","targetHints":{"allow":["GET"]}}],"collection":[{"href":"https:\/\/agora.xtec.cat\/iesperealsius\/wp-json\/wp\/v2\/pages"}],"about":[{"href":"https:\/\/agora.xtec.cat\/iesperealsius\/wp-json\/wp\/v2\/types\/page"}],"author":[{"embeddable":true,"href":"https:\/\/agora.xtec.cat\/iesperealsius\/wp-json\/wp\/v2\/users\/1"}],"replies":[{"embeddable":true,"href":"https:\/\/agora.xtec.cat\/iesperealsius\/wp-json\/wp\/v2\/comments?post=7687"}],"version-history":[{"count":7,"href":"https:\/\/agora.xtec.cat\/iesperealsius\/wp-json\/wp\/v2\/pages\/7687\/revisions"}],"predecessor-version":[{"id":12325,"href":"https:\/\/agora.xtec.cat\/iesperealsius\/wp-json\/wp\/v2\/pages\/7687\/revisions\/12325"}],"up":[{"embeddable":true,"href":"https:\/\/agora.xtec.cat\/iesperealsius\/wp-json\/wp\/v2\/pages\/7618"}],"wp:attachment":[{"href":"https:\/\/agora.xtec.cat\/iesperealsius\/wp-json\/wp\/v2\/media?parent=7687"}],"curies":[{"name":"wp","href":"https:\/\/api.w.org\/{rel}","templated":true}]}}