{"id":7678,"date":"2021-09-20T20:30:49","date_gmt":"2021-09-20T18:30:49","guid":{"rendered":"https:\/\/agora.xtec.cat\/iesperealsius\/?page_id=7678"},"modified":"2025-09-06T17:00:27","modified_gmt":"2025-09-06T15:00:27","slug":"equip-docent-de-1r-deso","status":"publish","type":"page","link":"https:\/\/agora.xtec.cat\/iesperealsius\/equips-docents\/equip-docent-de-1r-deso\/","title":{"rendered":"Equip docent de 1r d&#8217;ESO"},"content":{"rendered":"<p style=\"text-align: justify;\"><strong>Equip docent de 1r d&#8217;ESO &#8211; Curs 2025-26<\/strong><\/p>\n<p>&nbsp;<\/p>\n<p><a href=\"https:\/\/agora.xtec.cat\/iesperealsius\/wp-content\/uploads\/usu45\/2025\/09\/IMG_1871-1-min.jpg\"><img loading=\"lazy\" decoding=\"async\" class=\"alignnone wp-image-12313 size-full\" src=\"https:\/\/agora.xtec.cat\/iesperealsius\/wp-content\/uploads\/usu45\/2025\/09\/IMG_1871-1-min.jpg\" alt=\"\" width=\"1280\" height=\"720\" srcset=\"https:\/\/agora.xtec.cat\/iesperealsius\/wp-content\/uploads\/usu45\/2025\/09\/IMG_1871-1-min.jpg 1280w, https:\/\/agora.xtec.cat\/iesperealsius\/wp-content\/uploads\/usu45\/2025\/09\/IMG_1871-1-min-300x169.jpg 300w, https:\/\/agora.xtec.cat\/iesperealsius\/wp-content\/uploads\/usu45\/2025\/09\/IMG_1871-1-min-1024x576.jpg 1024w, https:\/\/agora.xtec.cat\/iesperealsius\/wp-content\/uploads\/usu45\/2025\/09\/IMG_1871-1-min-768x432.jpg 768w\" sizes=\"auto, (max-width: 1280px) 100vw, 1280px\" \/><\/a><\/p>\n<p>&nbsp;<\/p>\n<p><strong>Tutors<\/strong>: Anna Sunyer, Queralt Bancells i Esther Valent\u00ed<\/p>\n<p><strong>Llengua<\/strong> <strong>catalana<\/strong>: Nat\u00e0lia Cuf\u00ed i Maria Cots<\/p>\n<p><strong>Llengua castellana<\/strong>: Encarna L\u00f3pez<\/p>\n<p><strong>Angl\u00e8s<\/strong>: Imma Verdaguer i Gemma Mart\u00ednez<\/p>\n<p><strong>Matem\u00e0tiques<\/strong>: Esther Valent\u00ed i Sergi P\u00e9rez<\/p>\n<p><strong>Tecnologia<\/strong>: Queralt Bancells<\/p>\n<p><strong>Educaci\u00f3 f\u00edsica<\/strong>: Anna Saiz i Albert V\u00e1zquez<\/p>\n<p><strong>Dibuix<\/strong>: Josep Juanola<\/p>\n<p><strong>Socials<\/strong>: Jordi Gal\u00ed<\/p>\n<p><strong>Naturals<\/strong>: Anna Sunyer i Pilar Rubert<\/p>\n<p><strong>M\u00fasica<\/strong>: Carme Monells<\/p>\n<p><strong>Digitalitzaci\u00f3<\/strong>: Queralt Bancells i L\u00eddia Bruns\u00f3<\/p>\n<p><strong>Franc\u00e8s<\/strong>: Carolina Padrosa<\/p>\n<p><strong>Entorn<\/strong>: Albert V\u00e0zquez, Anna Sunyer i Jordi Gal\u00ed<\/p>\n<p><strong>PIM<\/strong>: Gemma Mart\u00ednez, Raquel Galera, Nat\u00e0lia i Al\u00edcia Rodr\u00edguez<\/p>\n<p><strong>Orienadora<\/strong>: Al\u00edcia Rodr\u00edguez<\/p>\n<p><strong>Aula d&#8217;acollida<\/strong>: Carolina Padrosa i Judith Romans<\/p>\n<p><strong>PAE<\/strong>: Marta Bramon<\/p>\n","protected":false},"excerpt":{"rendered":"<p>Equip docent de 1r d&#8217;ESO &#8211; Curs 2025-26<br \/>\n&nbsp;<br \/>\n<a href=\"https:\/\/agora.xtec.cat\/iesperealsius\/wp-content\/uploads\/usu45\/2025\/09\/IMG_1871-1-min.jpg\"><\/a><br \/>\n&nbsp;<br \/>\nTutors: Anna Sunyer, Queralt Bancells i Esther Valent\u00ed<br \/>\nLlengua catalana: Nat\u00e0lia Cuf\u00ed i Maria Cots<br \/>\nLlengua castellana: Encarna L\u00f3pez<br \/>\nAngl\u00e8s: Imma Verdaguer i Gemma Mart\u00ednez<br \/>\nMatem\u00e0tiques: Esther Valent\u00ed i Sergi P\u00e9rez<br \/>\nTecnologia: Queralt Bancells<br \/>\nEducaci\u00f3 f\u00edsica: Anna Saiz i Albert V\u00e1zquez<br \/>\nDibuix: Josep Juanola<br \/>\nSocials:&hellip;  <a href=\"https:\/\/agora.xtec.cat\/iesperealsius\/equips-docents\/equip-docent-de-1r-deso\/\" title=\"Read Equip docent de 1r d&#8217;ESO\">Llegeix m\u00e9s\u00bb<\/a><\/p>\n","protected":false},"author":1,"featured_media":0,"parent":7618,"menu_order":0,"comment_status":"closed","ping_status":"closed","template":"page-templates\/side-menu.php","meta":{"_bbp_topic_count":0,"_bbp_reply_count":0,"_bbp_total_topic_count":0,"_bbp_total_reply_count":0,"_bbp_voice_count":0,"_bbp_anonymous_reply_count":0,"_bbp_topic_count_hidden":0,"_bbp_reply_count_hidden":0,"_bbp_forum_subforum_count":0,"footnotes":""},"class_list":["post-7678","page","type-page","status-publish","hentry"],"post_mailing_queue_ids":[],"_links":{"self":[{"href":"https:\/\/agora.xtec.cat\/iesperealsius\/wp-json\/wp\/v2\/pages\/7678","targetHints":{"allow":["GET"]}}],"collection":[{"href":"https:\/\/agora.xtec.cat\/iesperealsius\/wp-json\/wp\/v2\/pages"}],"about":[{"href":"https:\/\/agora.xtec.cat\/iesperealsius\/wp-json\/wp\/v2\/types\/page"}],"author":[{"embeddable":true,"href":"https:\/\/agora.xtec.cat\/iesperealsius\/wp-json\/wp\/v2\/users\/1"}],"replies":[{"embeddable":true,"href":"https:\/\/agora.xtec.cat\/iesperealsius\/wp-json\/wp\/v2\/comments?post=7678"}],"version-history":[{"count":7,"href":"https:\/\/agora.xtec.cat\/iesperealsius\/wp-json\/wp\/v2\/pages\/7678\/revisions"}],"predecessor-version":[{"id":12317,"href":"https:\/\/agora.xtec.cat\/iesperealsius\/wp-json\/wp\/v2\/pages\/7678\/revisions\/12317"}],"up":[{"embeddable":true,"href":"https:\/\/agora.xtec.cat\/iesperealsius\/wp-json\/wp\/v2\/pages\/7618"}],"wp:attachment":[{"href":"https:\/\/agora.xtec.cat\/iesperealsius\/wp-json\/wp\/v2\/media?parent=7678"}],"curies":[{"name":"wp","href":"https:\/\/api.w.org\/{rel}","templated":true}]}}