{"id":7668,"date":"2021-09-15T19:53:08","date_gmt":"2021-09-15T17:53:08","guid":{"rendered":"https:\/\/agora.xtec.cat\/iesperealsius\/?page_id=7668"},"modified":"2021-09-15T19:54:29","modified_gmt":"2021-09-15T17:54:29","slug":"equivalencia-del-nivell-b2-c1-de-llengua-catalana","status":"publish","type":"page","link":"https:\/\/agora.xtec.cat\/iesperealsius\/equivalencia-del-nivell-b2-c1-de-llengua-catalana\/","title":{"rendered":"Equival\u00e8ncia del nivell B2 \/ C1 de llengua catalana"},"content":{"rendered":"<p>Totes les persones que han cursat el seu itinerari educatiu \u00edntegrament a Catalunya (o, parcialment, a d&#8217;altres territoris on el catal\u00e0 hi fos llengua curricular i avaluable) i que han obtingut la titulaci\u00f3 al sistema educatiu de Catalunya poden sol\u00b7licitar l&#8217;equival\u00e8ncia del nivell B2\/C1 de llengua catalana per l&#8217;escolaritat reglada no universit\u00e0ria.<\/p>\n<p><a href=\"https:\/\/agora.xtec.cat\/iesperealsius\/wp-content\/uploads\/usu45\/2021\/09\/A816-nivell-B2-i-C1-catala.pdf\">Acc\u00e9s a la sol\u00b7licitud<\/a><\/p>\n","protected":false},"excerpt":{"rendered":"<p>Totes les persones que han cursat el seu itinerari educatiu \u00edntegrament a Catalunya (o, parcialment, a d&#8217;altres territoris on el catal\u00e0 hi fos llengua curricular i avaluable) i que han obtingut la titulaci\u00f3 al sistema educatiu de Catalunya poden sol\u00b7licitar l&#8217;equival\u00e8ncia del nivell B2\/C1 de&hellip;  <a href=\"https:\/\/agora.xtec.cat\/iesperealsius\/equivalencia-del-nivell-b2-c1-de-llengua-catalana\/\" title=\"Read Equival\u00e8ncia del nivell B2 \/ C1 de llengua catalana\">Llegeix m\u00e9s\u00bb<\/a><\/p>\n","protected":false},"author":1,"featured_media":0,"parent":0,"menu_order":0,"comment_status":"closed","ping_status":"closed","template":"","meta":{"_bbp_topic_count":0,"_bbp_reply_count":0,"_bbp_total_topic_count":0,"_bbp_total_reply_count":0,"_bbp_voice_count":0,"_bbp_anonymous_reply_count":0,"_bbp_topic_count_hidden":0,"_bbp_reply_count_hidden":0,"_bbp_forum_subforum_count":0,"footnotes":""},"class_list":["post-7668","page","type-page","status-publish","hentry"],"post_mailing_queue_ids":[],"_links":{"self":[{"href":"https:\/\/agora.xtec.cat\/iesperealsius\/wp-json\/wp\/v2\/pages\/7668","targetHints":{"allow":["GET"]}}],"collection":[{"href":"https:\/\/agora.xtec.cat\/iesperealsius\/wp-json\/wp\/v2\/pages"}],"about":[{"href":"https:\/\/agora.xtec.cat\/iesperealsius\/wp-json\/wp\/v2\/types\/page"}],"author":[{"embeddable":true,"href":"https:\/\/agora.xtec.cat\/iesperealsius\/wp-json\/wp\/v2\/users\/1"}],"replies":[{"embeddable":true,"href":"https:\/\/agora.xtec.cat\/iesperealsius\/wp-json\/wp\/v2\/comments?post=7668"}],"version-history":[{"count":2,"href":"https:\/\/agora.xtec.cat\/iesperealsius\/wp-json\/wp\/v2\/pages\/7668\/revisions"}],"predecessor-version":[{"id":7671,"href":"https:\/\/agora.xtec.cat\/iesperealsius\/wp-json\/wp\/v2\/pages\/7668\/revisions\/7671"}],"wp:attachment":[{"href":"https:\/\/agora.xtec.cat\/iesperealsius\/wp-json\/wp\/v2\/media?parent=7668"}],"curies":[{"name":"wp","href":"https:\/\/api.w.org\/{rel}","templated":true}]}}