{"id":6985,"date":"2021-04-06T14:38:50","date_gmt":"2021-04-06T12:38:50","guid":{"rendered":"https:\/\/agora.xtec.cat\/iesperealsius\/?page_id=6985"},"modified":"2022-04-03T19:55:59","modified_gmt":"2022-04-03T17:55:59","slug":"mp14-angles","status":"publish","type":"page","link":"https:\/\/agora.xtec.cat\/iesperealsius\/estudis\/cicles-formatius-2\/cfgm-conduccio-dactivitats-fisiques-en-el-medi-natural\/mp14-angles\/","title":{"rendered":"MP14 &#8211; Angl\u00e8s"},"content":{"rendered":"<p><span style=\"font-weight: 400;\">En el m\u00f2dul d\u2019Angl\u00e8s t\u00e8cnic es treballen els continguts perqu\u00e8\u00a0 els alumnes siguin capa\u00e7os de comunicar-se oralment i de manera escrita en llengua anglesa dins l\u2019\u00e0mbit del lleure, l\u2019esport i l\u2019animaci\u00f3 tur\u00edstica.<\/span><\/p>\n<p><span style=\"font-weight: 400;\">Les sessions s\u00f3n majorit\u00e0riament pr\u00e0ctiques i es basa en quatre pilars fonamentals: listening, speaking, writing and reading.<\/span><\/p>\n<p><span style=\"font-weight: 400;\">Els alumnes desenvolupen i dirigeixen sessions pr\u00e0ctiques dels diferents esports o activitats relacionades amb el m\u00f3n de l\u2019activitat f\u00edsica i el lleure que m\u00e9s tard han de portar a terme davant dels companys.<\/span><\/p>\n<p><span style=\"font-weight: 400;\">Tamb\u00e9 es realitza cerca de vocabulari o expressions en llengua anglesa, aix\u00ed com treball\u00a0 en diferents articles que els ajudi a aprofundir en el coneixement del vocabulari espec\u00edfic del nostre \u00e0mbit.<\/span><\/p>\n","protected":false},"excerpt":{"rendered":"<p>En el m\u00f2dul d\u2019Angl\u00e8s t\u00e8cnic es treballen els continguts perqu\u00e8\u00a0 els alumnes siguin capa\u00e7os de comunicar-se oralment i de manera escrita en llengua anglesa dins l\u2019\u00e0mbit del lleure, l\u2019esport i l\u2019animaci\u00f3 tur\u00edstica.<br \/>\nLes sessions s\u00f3n majorit\u00e0riament pr\u00e0ctiques i es basa en quatre pilars fonamentals: listening, speaking,&hellip;  <a href=\"https:\/\/agora.xtec.cat\/iesperealsius\/estudis\/cicles-formatius-2\/cfgm-conduccio-dactivitats-fisiques-en-el-medi-natural\/mp14-angles\/\" title=\"Read MP14 &#8211; Angl\u00e8s\">Llegeix m\u00e9s\u00bb<\/a><\/p>\n","protected":false},"author":1,"featured_media":0,"parent":4401,"menu_order":0,"comment_status":"closed","ping_status":"closed","template":"page-templates\/side-menu.php","meta":{"_bbp_topic_count":0,"_bbp_reply_count":0,"_bbp_total_topic_count":0,"_bbp_total_reply_count":0,"_bbp_voice_count":0,"_bbp_anonymous_reply_count":0,"_bbp_topic_count_hidden":0,"_bbp_reply_count_hidden":0,"_bbp_forum_subforum_count":0,"footnotes":""},"class_list":["post-6985","page","type-page","status-publish","hentry"],"post_mailing_queue_ids":[],"_links":{"self":[{"href":"https:\/\/agora.xtec.cat\/iesperealsius\/wp-json\/wp\/v2\/pages\/6985","targetHints":{"allow":["GET"]}}],"collection":[{"href":"https:\/\/agora.xtec.cat\/iesperealsius\/wp-json\/wp\/v2\/pages"}],"about":[{"href":"https:\/\/agora.xtec.cat\/iesperealsius\/wp-json\/wp\/v2\/types\/page"}],"author":[{"embeddable":true,"href":"https:\/\/agora.xtec.cat\/iesperealsius\/wp-json\/wp\/v2\/users\/1"}],"replies":[{"embeddable":true,"href":"https:\/\/agora.xtec.cat\/iesperealsius\/wp-json\/wp\/v2\/comments?post=6985"}],"version-history":[{"count":2,"href":"https:\/\/agora.xtec.cat\/iesperealsius\/wp-json\/wp\/v2\/pages\/6985\/revisions"}],"predecessor-version":[{"id":8403,"href":"https:\/\/agora.xtec.cat\/iesperealsius\/wp-json\/wp\/v2\/pages\/6985\/revisions\/8403"}],"up":[{"embeddable":true,"href":"https:\/\/agora.xtec.cat\/iesperealsius\/wp-json\/wp\/v2\/pages\/4401"}],"wp:attachment":[{"href":"https:\/\/agora.xtec.cat\/iesperealsius\/wp-json\/wp\/v2\/media?parent=6985"}],"curies":[{"name":"wp","href":"https:\/\/api.w.org\/{rel}","templated":true}]}}