{"id":657,"date":"2018-08-20T11:19:26","date_gmt":"2018-08-20T09:19:26","guid":{"rendered":"http:\/\/agora.xtec.cat\/iesperealsius\/?page_id=657"},"modified":"2026-04-05T22:31:01","modified_gmt":"2026-04-05T20:31:01","slug":"proves-especifiques-dacces","status":"publish","type":"page","link":"https:\/\/agora.xtec.cat\/iesperealsius\/estudis\/ensenyaments-esportius\/proves-especifiques-dacces\/","title":{"rendered":"Proves espec\u00edfiques d&#8217;acc\u00e9s"},"content":{"rendered":"<div id=\"cCentre4\">\n<div id=\"contingutApartat\">\n<div id=\"textApartat\">\n<h3 align=\"center\"><span style=\"font-size: x-large;\"><span style=\"color: #993366;\"><strong>Proves espec\u00edfiques d&#8217;acc\u00e9s<br \/>\n<\/strong><\/span><\/span><\/h3>\n<h3 align=\"center\"><span style=\"font-size: x-large;\"><span style=\"color: #993366;\"><strong>als ensenyaments esportius:<br \/>\n<\/strong><\/span><\/span><\/h3>\n<div align=\"center\"><strong><span style=\"color: #000000; font-size: large;\">CONVOCAT\u00d2RIA JUNY 2026<\/span><\/strong><\/div>\n<p>&nbsp;<\/p>\n<p><span style=\"font-size: medium;\">La inscripci\u00f3 al 2N PER\u00cdODE a la prova espec\u00edfica d&#8217;acc\u00e9s al 1r nivell o cicle inicial dels\u00a0 ensenyaments esportius de t\u00e8cnic esportiu de qualsevol especialitat <strong>estar\u00e0 oberta entre els dies <span style=\"color: #ff0000;\">27 d&#8217;abril i 15 de maig de 2026.<\/span><br \/>\n<\/strong><br \/>\n<\/span><span style=\"font-size: large;\"><span style=\"font-size: medium;\">El preu de la prova : 49,25 \u20ac<\/span><\/span><br \/>\n<span style=\"font-size: medium;\">Enlla\u00e7os relacionats: <em>buscar sempre l&#8217;especialitat escollida<\/em><\/span><\/p>\n<ul>\n<li><strong><span style=\"font-size: medium;\"><a href=\"https:\/\/triaeducativa.gencat.cat\/ca\/proves\/proves-acces\/esportius\/esportius-prova-especifica\/index.html\">Inscripci\u00f3 a les proves<\/a><br \/>\n<\/span><\/strong><\/li>\n<li><a href=\"https:\/\/drive.google.com\/file\/d\/1nKdkY4a5UzYmvliKC9CzffwIfTJX_RNy\/view?usp=sharing\"><strong>V\u00eddeo explicatiu de la inscripci\u00f3 a les proves d&#8217;acc\u00e9s espec\u00edfiques.<\/strong><\/a><\/li>\n<\/ul>\n<ul>\n<li><strong><span style=\"font-size: medium;\"><a href=\"https:\/\/triaeducativa.gencat.cat\/ca\/proves\/proves-acces\/esportius\/esportius-prova-especifica\/index.html\">Informaci\u00f3 del calendari de dies, hores i lloc de les proves\u00a0<\/a><\/span><\/strong><\/li>\n<li>\n<h5><a href=\"https:\/\/triaeducativa.gencat.cat\/ca\/proves\/proves-acces\/esportius\/esportius-prova-especifica\/index.html\"><span style=\"font-size: medium;\">Material necessari per la realitzaci\u00f3 de la prova que ha d\u2019aportar l\u2019aspirant<\/span><\/a><\/h5>\n<\/li>\n<\/ul>\n<ul>\n<li><a href=\"https:\/\/triaeducativa.gencat.cat\/ca\/artistics-esportius\/esportius\/\"><strong><span style=\"font-size: medium;\">M\u00e9s informaci\u00f3 d&#8217;aquests cicles en aquest enlla\u00e7\u00a0.<\/span><\/strong><\/a><\/li>\n<\/ul>\n<p><span style=\"font-size: large;\"><span style=\"font-size: medium;\"><br \/>\n<strong>La superaci\u00f3 d&#8217;aquesta prova \u00e9s un dels requisits<\/strong>\u00a0imprescindibles per accedir a matricular-se al primer nivell \/ cicle inicial de t\u00e8cnic esportiu en qualsevol especialitat. (<strong>requisit esportiu<\/strong>)<\/span><\/span><\/p>\n<p>Tamb\u00e9 cal tenir el t\u00edtol de l&#8217;ESO (<strong>requisit acad\u00e8mic<\/strong>)\u00a0 o equivalent.<br \/>\n<span style=\"font-size: large;\"><strong><br \/>\n<\/strong><\/span><\/p>\n<div>\n<p><span style=\"font-size: large;\"><strong>Futbol<\/strong><\/span><\/p>\n<p><span style=\"font-size: large;\"><span style=\"color: #0000ff; font-size: medium;\"><strong>Realitzaci\u00f3 de la prova a Banyoles:\u00a0<\/strong><\/span><strong><br \/>\n<\/strong><\/span><\/p>\n<ul>\n<li><span style=\"font-size: medium;\"><strong>Dia i hora: <span style=\"color: #ff0000;\">dijous 25 de juny de 2026 a les 17&#8217;30 hores.\u00a0<\/span><\/strong><\/span><\/li>\n<li><span style=\"font-size: medium;\"><strong><span style=\"color: #000000;\">Presentaci\u00f3 de les proves<\/span><span style=\"color: #ff0000;\">: dilluns 22 de juny de 2026 a les 17&#8217;00 hores per videoconfer\u00e8ncia.<\/span><\/strong><\/span><\/li>\n<li><span style=\"font-size: medium;\"><strong>Lloc: <\/strong>Institut Pere Alsius i Torrent C\/ Sardana 17 17820 Banyoles (Girona)<\/span><\/li>\n<li><span style=\"font-size: medium;\">Qualificacions provisionals: tres dies h\u00e0bils a comptar a partir del darrer dia de realitzaci\u00f3 de la prova<\/span><\/li>\n<li><span style=\"font-size: medium;\">Qualificacions definitives: set dies h\u00e0bils a comptar des de la publicaci\u00f3 dels resultats provisionals<\/span><\/li>\n<li><strong><a href=\"https:\/\/www.youtube.com\/watch?v=quehesm37Zg\">V\u00eddeo explicatiu de la prova d&#8217;acc\u00e9s de futbol<\/a><\/strong><\/li>\n<\/ul>\n<p><span style=\"font-size: large;\"><br \/>\n<\/span><span style=\"font-size: large;\"><strong>Salvament i socorrisme<\/strong><\/span><\/p>\n<p><span style=\"font-size: large;\"><span style=\"color: #0000ff; font-size: medium;\"><strong>Realitzaci\u00f3 de la prova a Banyoles:\u00a0<\/strong><\/span><strong><br \/>\n<\/strong><\/span><\/p>\n<ul>\n<li><span style=\"font-size: medium;\"><strong>Dia i hora: <span style=\"color: #ff0000;\">dissabte 27 de juny a les 14 hores<\/span><\/strong><\/span><\/li>\n<li><span style=\"font-size: medium;\"><strong><span style=\"color: #ff0000;\"><span style=\"color: #000000;\">Presentaci\u00f3 de les proves:<\/span> dilluns 22 de juny de 2026 a les 16&#8217;00 hores per videoconfer\u00e8ncia.<\/span><\/strong><\/span><\/li>\n<li><span style=\"font-size: medium;\"><strong>Lloc:\u00a0<\/strong>Piscina del Club Nataci\u00f3 de Banyoles. Pg Antoni Gaud\u00ed, 3. 17820 Banyoles (Girona)<\/span><\/li>\n<li><span style=\"font-size: medium;\">Qualificacions provisionals: tres dies h\u00e0bils a comptar a partir del darrer dia de realitzaci\u00f3 de la prova<\/span><\/li>\n<li><span style=\"font-size: medium;\">Qualificacions definitives: set dies h\u00e0bils a comptar des de la publicaci\u00f3 dels resultats provisionals<\/span><\/li>\n<li><strong><a href=\"https:\/\/youtu.be\/rk66fI8H918\">V\u00eddeo explicatiu de la prova d&#8217;acc\u00e9s de salvament i socorrisme<\/a><\/strong><\/li>\n<\/ul>\n<div><span style=\"font-size: large;\"><strong>\u00a0<\/strong><\/span><\/div>\n<p><span style=\"font-size: large;\"><strong>B\u00e0squet, Futbol sala i handbol<\/strong><\/span><\/p>\n<ul>\n<li><span style=\"font-size: medium;\"><strong>Inscripci\u00f3:<\/strong>\u00a0<\/span><span style=\"font-size: medium;\">entre els die<span style=\"font-size: large;\">s <strong><span style=\"color: #ff0000;\">27 d&#8217;abril i 15 de maig de 2026.<\/span><\/strong><\/span><\/span><\/li>\n<\/ul>\n<p><span style=\"font-size: large;\"><strong><br \/>\n<\/strong><\/span><span style=\"font-size: large;\"><strong><br \/>\n<\/strong>\u00a0\u00a0\u00a0\u00a0\u00a0\u00a0\u00a0\u00a0\u00a0\u00a0<\/span><span style=\"font-size: large;\">\u00a0<strong>\u00a0<\/strong><\/span><a href=\"https:\/\/triaeducativa.gencat.cat\/ca\/proves\/proves-acces\/esportius\/esportius-prova-especifica\/index.html\"><span style=\"font-size: large;\"><strong>INSCRIU-TE AQU\u00cd<\/strong><\/span><\/a><\/p>\n<p><span style=\"font-size: large;\"><br \/>\nInformaci\u00f3 de les proves:\u00a0<a href=\"https:\/\/triaeducativa.gencat.cat\/ca\/proves\/proves-acces\/esportius\/esportius-prova-especifica\/index.html\">Departament d&#8217;Educaci\u00f3 i Formaci\u00f3 Professional. Informaci\u00f3 completa\u00a0<\/a><\/span><\/p>\n<\/div>\n<\/div>\n<\/div>\n<\/div>\n","protected":false},"excerpt":{"rendered":"<p>Proves espec\u00edfiques d&#8217;acc\u00e9s<\/p>\n<p>als ensenyaments esportius:<\/p>\n<p>CONVOCAT\u00d2RIA JUNY 2026<br \/>\n&nbsp;<br \/>\nLa inscripci\u00f3 al 2N PER\u00cdODE a la prova espec\u00edfica d&#8217;acc\u00e9s al 1r nivell o cicle inicial dels\u00a0 ensenyaments esportius de t\u00e8cnic esportiu de qualsevol especialitat estar\u00e0 oberta entre els dies 27 d&#8217;abril i 15 de maig de 2026.<\/p>\n<p>El preu&hellip;  <a href=\"https:\/\/agora.xtec.cat\/iesperealsius\/estudis\/ensenyaments-esportius\/proves-especifiques-dacces\/\" title=\"Read Proves espec\u00edfiques d&#8217;acc\u00e9s\">Llegeix m\u00e9s\u00bb<\/a><\/p>\n","protected":false},"author":1,"featured_media":0,"parent":528,"menu_order":70,"comment_status":"closed","ping_status":"closed","template":"page-templates\/side-menu.php","meta":{"_bbp_topic_count":0,"_bbp_reply_count":0,"_bbp_total_topic_count":0,"_bbp_total_reply_count":0,"_bbp_voice_count":0,"_bbp_anonymous_reply_count":0,"_bbp_topic_count_hidden":0,"_bbp_reply_count_hidden":0,"_bbp_forum_subforum_count":0,"footnotes":""},"class_list":["post-657","page","type-page","status-publish","hentry"],"post_mailing_queue_ids":[],"_links":{"self":[{"href":"https:\/\/agora.xtec.cat\/iesperealsius\/wp-json\/wp\/v2\/pages\/657","targetHints":{"allow":["GET"]}}],"collection":[{"href":"https:\/\/agora.xtec.cat\/iesperealsius\/wp-json\/wp\/v2\/pages"}],"about":[{"href":"https:\/\/agora.xtec.cat\/iesperealsius\/wp-json\/wp\/v2\/types\/page"}],"author":[{"embeddable":true,"href":"https:\/\/agora.xtec.cat\/iesperealsius\/wp-json\/wp\/v2\/users\/1"}],"replies":[{"embeddable":true,"href":"https:\/\/agora.xtec.cat\/iesperealsius\/wp-json\/wp\/v2\/comments?post=657"}],"version-history":[{"count":6,"href":"https:\/\/agora.xtec.cat\/iesperealsius\/wp-json\/wp\/v2\/pages\/657\/revisions"}],"predecessor-version":[{"id":12941,"href":"https:\/\/agora.xtec.cat\/iesperealsius\/wp-json\/wp\/v2\/pages\/657\/revisions\/12941"}],"up":[{"embeddable":true,"href":"https:\/\/agora.xtec.cat\/iesperealsius\/wp-json\/wp\/v2\/pages\/528"}],"wp:attachment":[{"href":"https:\/\/agora.xtec.cat\/iesperealsius\/wp-json\/wp\/v2\/media?parent=657"}],"curies":[{"name":"wp","href":"https:\/\/api.w.org\/{rel}","templated":true}]}}