{"id":649,"date":"2018-08-12T17:52:50","date_gmt":"2018-08-12T15:52:50","guid":{"rendered":"http:\/\/agora.xtec.cat\/iesperealsius\/?page_id=649"},"modified":"2026-04-22T13:14:53","modified_gmt":"2026-04-22T11:14:53","slug":"altres-especialitats","status":"publish","type":"page","link":"https:\/\/agora.xtec.cat\/iesperealsius\/estudis\/ensenyaments-esportius\/altres-especialitats\/","title":{"rendered":"Altres especialitats"},"content":{"rendered":"<div id=\"textApartat\">\n<p><strong><span style=\"font-size: medium;\">Qualsevol persona que vulgui cursar una modalitat esportiva pot matricular-se en el nostre centre del bloc com\u00fa en qualsevol dels diferents nivells:<\/span><\/strong><\/p>\n<p><b>Informaci\u00f3 Preinscripci\u00f3: Departament d\u2019Educaci\u00f3 i Formaci\u00f3 Professional:<br \/>\n<\/b><\/p>\n<ul>\n<li><a href=\"https:\/\/triaeducativa.gencat.cat\/ca\/esportius\/\"><b>Informaci\u00f3 General<\/b><\/a><\/li>\n<li><a href=\"https:\/\/agora.xtec.cat\/iesperealsius\/preinscripcio\/preinscripcio-ensenyaments-esportius\/\"><b>Preinscripci\u00f3<\/b><\/a><\/li>\n<li><a href=\"https:\/\/drive.google.com\/file\/d\/1UePjhkyiiXFsZL569t8BhSt55yitacl-\/view?usp=sharing\"><strong>Full Sol\u00b7licitud Preinscripci\u00f3<\/strong><\/a><\/li>\n<\/ul>\n<p><strong>Un cop omplert el full de preinscripci\u00f3, cal enviar-lo, juntament amb fotoc\u00f2pia DNI alumne\/a i pare\/mare o tutor legal i la targeta sanit\u00e0ria al correu electr\u00f2nic: secretaria<span class=\"\">@iesperealsius.cat<\/span><\/strong><\/p>\n<p><span style=\"font-size: 24px; color: #ff0000;\"><strong>Curs 2026 &#8211; 2027<\/strong><\/span><\/p>\n<div id=\"textApartat\">\n<p><strong>MODALITATS LOGSE<\/strong>: (<em>modalitats d&#8217;esqu\u00ed,&#8230;<\/em>)<\/p>\n<p>* Per a m\u00e9s informaci\u00f3 contactar amb l&#8217;institut al 972570991 o b\u00e9 a iesperealsius.esports@gmail.com<\/p>\n<p><strong>MODALITATS LOE<\/strong>: (nataci\u00f3, patinatge, senderisme, <em>vela, busseig, h\u00edpica,&#8230;<\/em>)<\/p>\n<p><strong><span style=\"font-size: medium;\">*\u00a0I<a href=\"https:\/\/drive.google.com\/file\/d\/13fpkY_jERlZGc5nLjK2-xH5k3dRpRzCz\/view?usp=sharing\">nformaci\u00f3 bloc com\u00fa de nivell inicial (semipresencial 30%-70%)<\/a> <span style=\"color: #ff0000;\"><em>Format extensiu de setembre a desembre 2026<\/em><\/span><\/span><\/strong><\/p>\n<p><strong><span style=\"font-size: medium;\">* \u00a0Informaci\u00f3 bloc com\u00fa de nivell inicial (semipresencial 30%-70%) <span style=\"color: #ff0000;\"><em>Format intensiu setembre 2026 (si esteu interessats\/es envieu un correu a iesperealsius.esports@gmail.com).<\/em><\/span><\/span><\/strong><\/p>\n<ul>\n<li><strong><span style=\"font-size: medium;\"><a href=\"https:\/\/drive.google.com\/file\/d\/1XVUuj-KCloiml4Ds2Hadn-siGQ_CADZ1\/view?usp=sharing\">Informaci\u00f3 bloc com\u00fa de nivell final (semipresencial 30%-70%)<\/a> <span style=\"color: #ff0000;\"><em>Format extensiu de gener<\/em><\/span><\/span><\/strong><strong><span style=\"font-size: medium;\"><span style=\"color: #ff0000;\"><em>\u00a0a juny 2026<\/em><\/span><\/span><\/strong><\/li>\n<\/ul>\n<\/div>\n<p>&nbsp;<\/p>\n<\/div>\n<div id=\"textApartat\">\n<p><span style=\"color: #993366;\"><strong><span style=\"font-size: 20px;\"><em>Informaci\u00f3 per aquelles persones interessades a realitzar el curs Bloc Com\u00fa Transitori Intensiu del mes de juny&#8217;26:<\/em><\/span><\/strong><\/span><\/p>\n<p><strong><span style=\"font-size: medium;\"><a href=\"https:\/\/drive.google.com\/file\/d\/1Wr9r3x2G8nEPrjZ0LqchHWdONrBC_TQs\/view?usp=sharing\"><span style=\"font-size: 20px;\">Informaci\u00f3 bloc com\u00fa de nivell inicial<\/span><\/a><span style=\"color: #993366; font-size: 20px;\"> <em>Format semipresencial 30%-70% Intensiu juny 2026<\/em><\/span><\/span><\/strong><\/p>\n<\/div>\n<p><span style=\"font-size: 20px;\"><strong><a href=\"https:\/\/drive.google.com\/file\/d\/1rZ8S8DWq1FWMp6rsxJfCRg_S1Puw-kUW\/view?usp=sharing\">Horaris bloc com\u00fa de nivell inicial (juny 2026)<\/a> <span style=\"font-size: medium;\"><span style=\"color: #993366; font-size: 20px;\"><em>Provisional<\/em><\/span><\/span><\/strong><\/span><\/p>\n<p><strong><span style=\"font-size: 20px;\">Full Sol\u00b7licitud Preinscripci\u00f3<\/span><\/strong><\/p>\n<p><span style=\"font-size: 20px;\"><strong>Un cop omplert el full de preinscripci\u00f3, cal enviar-lo, juntament amb la documentaci\u00f3 sol\u00b7licitada en la informaci\u00f3 del curs al correu electr\u00f2nic: secretaria@iesperealsius.cat<\/strong><\/span><\/p>\n<p><strong style=\"font-family: inherit; font-size: 1em;\"><span style=\"font-size: medium;\">Per a inscriure&#8217;s a les proves espec\u00edfiques d&#8217;Ensenyaments Esportius: <\/span><a href=\"https:\/\/triaeducativa.gencat.cat\/ca\/proves\/proves-acces\/esportius\/esportius-prova-especifica\/index.html\"><span style=\"font-size: medium;\">ENLLA\u00c7 DIRECTE PROVES ACCES ESPEC\u00cdFIQUES ENSENYAMENTS ESPORTS<\/span><\/a><\/strong><\/p>\n","protected":false},"excerpt":{"rendered":"<p>Qualsevol persona que vulgui cursar una modalitat esportiva pot matricular-se en el nostre centre del bloc com\u00fa en qualsevol dels diferents nivells:<br \/>\nInformaci\u00f3 Preinscripci\u00f3: Departament d\u2019Educaci\u00f3 i Formaci\u00f3 Professional:<\/p>\n<ul>\n<li><a href=\"https:\/\/triaeducativa.gencat.cat\/ca\/esportius\/\">Informaci\u00f3 General<\/a><\/li>\n<li><a href=\"https:\/\/agora.xtec.cat\/iesperealsius\/preinscripcio\/preinscripcio-ensenyaments-esportius\/\">Preinscripci\u00f3<\/a><\/li>\n<li><a href=\"https:\/\/drive.google.com\/file\/d\/1UePjhkyiiXFsZL569t8BhSt55yitacl-\/view?usp=sharing\">Full Sol\u00b7licitud Preinscripci\u00f3<\/a><\/li>\n<\/ul>\n<p>Un cop omplert el full de preinscripci\u00f3, cal enviar-lo, juntament amb fotoc\u00f2pia&hellip;  <a href=\"https:\/\/agora.xtec.cat\/iesperealsius\/estudis\/ensenyaments-esportius\/altres-especialitats\/\" title=\"Read Altres especialitats\">Llegeix m\u00e9s\u00bb<\/a><\/p>\n","protected":false},"author":1,"featured_media":0,"parent":528,"menu_order":50,"comment_status":"closed","ping_status":"closed","template":"page-templates\/side-menu.php","meta":{"_bbp_topic_count":0,"_bbp_reply_count":0,"_bbp_total_topic_count":0,"_bbp_total_reply_count":0,"_bbp_voice_count":0,"_bbp_anonymous_reply_count":0,"_bbp_topic_count_hidden":0,"_bbp_reply_count_hidden":0,"_bbp_forum_subforum_count":0,"footnotes":""},"class_list":["post-649","page","type-page","status-publish","hentry"],"post_mailing_queue_ids":[],"_links":{"self":[{"href":"https:\/\/agora.xtec.cat\/iesperealsius\/wp-json\/wp\/v2\/pages\/649","targetHints":{"allow":["GET"]}}],"collection":[{"href":"https:\/\/agora.xtec.cat\/iesperealsius\/wp-json\/wp\/v2\/pages"}],"about":[{"href":"https:\/\/agora.xtec.cat\/iesperealsius\/wp-json\/wp\/v2\/types\/page"}],"author":[{"embeddable":true,"href":"https:\/\/agora.xtec.cat\/iesperealsius\/wp-json\/wp\/v2\/users\/1"}],"replies":[{"embeddable":true,"href":"https:\/\/agora.xtec.cat\/iesperealsius\/wp-json\/wp\/v2\/comments?post=649"}],"version-history":[{"count":7,"href":"https:\/\/agora.xtec.cat\/iesperealsius\/wp-json\/wp\/v2\/pages\/649\/revisions"}],"predecessor-version":[{"id":13040,"href":"https:\/\/agora.xtec.cat\/iesperealsius\/wp-json\/wp\/v2\/pages\/649\/revisions\/13040"}],"up":[{"embeddable":true,"href":"https:\/\/agora.xtec.cat\/iesperealsius\/wp-json\/wp\/v2\/pages\/528"}],"wp:attachment":[{"href":"https:\/\/agora.xtec.cat\/iesperealsius\/wp-json\/wp\/v2\/media?parent=649"}],"curies":[{"name":"wp","href":"https:\/\/api.w.org\/{rel}","templated":true}]}}