{"id":644,"date":"2018-08-12T17:49:37","date_gmt":"2018-08-12T15:49:37","guid":{"rendered":"http:\/\/agora.xtec.cat\/iesperealsius\/?page_id=644"},"modified":"2026-04-06T12:01:53","modified_gmt":"2026-04-06T10:01:53","slug":"salvament-i-socorrisme","status":"publish","type":"page","link":"https:\/\/agora.xtec.cat\/iesperealsius\/estudis\/ensenyaments-esportius\/salvament-i-socorrisme\/","title":{"rendered":"Salvament i socorrisme"},"content":{"rendered":"<div class=\"container25\" align=\"center\">\n<p align=\"center\"><a href=\"https:\/\/agora.xtec.cat\/iesperealsius\/estudis\/ensenyaments-esportius\/salvament-i-socorrisme\/jornada-portes-obertes-salvament-i-socorrisme\/\">\u00a0<\/a><\/p>\n<\/div>\n<div>\n<div style=\"text-align: center;\"><span style=\"font-size: 24px;\"><strong><span style=\"color: #ff0000;\">CURSOS DE SALVAMENT I SOCORRISME 2026 &#8211; 2027<\/span><\/strong><\/span><\/div>\n<p><strong><span style=\"font-size: medium;\"><span style=\"color: #ff0000;\">\u00a0<\/span><\/span><\/strong><\/p>\n<p><span style=\"color: #000000;\">L&#8217;Institut ofereix cada curs escolar el grau mig de salvament i socorrisme, tant el nivell inicial com el nivell final.<\/span><\/p>\n<p>El nivell inicial de socorrisme permet fer de socorrista en piscines i parcs aqu\u00e0tics, mentre el nivell final de socorrisme permet fer de socorrista en platges i parcs aqu\u00e0tics naturals.<\/p>\n<p>Cada dos cursos escolar l&#8217;institut organitza el grau superior de salvament i socorrisme. El proper curs 2025-2026 no est\u00e0 previst realitzar el Grau Superior. Podeu trobar la informaci\u00f3 a continuaci\u00f3<\/p>\n<ul>\n<li><a href=\"https:\/\/drive.google.com\/file\/d\/1Rs-v5HqEXMqhFUxh0gJmUP5ZD92wS2J-\/view?usp=sharing\"><strong><span style=\"font-size: medium;\"><span style=\"color: #ff0000;\">GRAU MITJ\u00c0 SOCORRISME (cicle inicial i cicle final)<\/span><\/span><\/strong><\/a><\/li>\n<\/ul>\n<p><strong><span style=\"font-size: medium;\">* <\/span><\/strong><span style=\"font-size: medium;\">L&#8217;institut oferir\u00e0 a partir de setembre el curs de\u00a0<\/span><span style=\"font-size: medium;\"><strong><span style=\"color: #ff0000;\">nivell inicial de l&#8217;especialitat de salvament i socorrisme<\/span><\/strong>. El curs tindr\u00e0 format semipresencial i intensiu, comen\u00e7ar\u00e0 a meitat de setembre i acabar\u00e0 a inicis de mes de desembre de 2026. <\/span><\/p>\n<p><span style=\"font-size: medium;\">Podeu trobar m\u00e9s informaci\u00f3 a:\u00a0<a href=\"https:\/\/drive.google.com\/file\/d\/1vK5S_hWSDn7oRjkl-xJipnNf75wZd-jS\/view?usp=sharing\"><strong>Nivell inicial de l&#8217;especialitat de salvament i socorrisme<\/strong><\/a><\/span><\/p>\n<p>* A partir de meitat de mes de gener de 2027 s&#8217;iniciar\u00e0 el <strong><span style=\"color: #ff0000;\">nivell final de salvament i socorrisme<\/span><\/strong>. El curs tindr\u00e0 format semipresencial i intensiu i acabar\u00e0 a inicis de mes de juny.<\/p>\n<p><span style=\"font-size: medium;\">Podeu trobar m\u00e9s informaci\u00f3 a:\u00a0<a href=\"https:\/\/drive.google.com\/file\/d\/1UroG9mA5T_emvKn_4Xi0jMYnUAfMYucc\/view?usp=sharing\"><strong>Nivell final de l&#8217;especialitat de salvament i socorrism<\/strong><strong>e<\/strong><\/a><\/span><\/p>\n<p>Cliqueu a sobre per obtenir informaci\u00f3 sobre les proves espec\u00edfiques d&#8217;acc\u00e9s:<\/p>\n<\/div>\n<div>\n<ul>\n<li>\n<div><a href=\"https:\/\/triaeducativa.gencat.cat\/ca\/proves\/proves-acces\/esportius\/esportius-prova-especifica\/index.html\"><strong><span style=\"font-size: medium;\">ENLLA\u00c7 DIRECTE PROVES ACCES ESPEC\u00cdFIQUES ENSENYAMENTS ESPORTS<\/span><\/strong><\/a><\/div>\n<\/li>\n<\/ul>\n<\/div>\n<div><strong><span style=\"font-size: medium;\">\u00a0<\/span><\/strong><\/div>\n<div>\n<p><strong><span style=\"font-size: medium;\">Per tenir m\u00e9s informaci\u00f3 dels Ensenyaments podeu anar a la p\u00e0gina web del Departament d&#8217;Educaci\u00f3 i Formaci\u00f3 Professional: <\/span><\/strong><a href=\"https:\/\/triaeducativa.gencat.cat\/ca\/artistics-esportius\/esportius\/\"><strong><span style=\"font-size: medium;\">Departament Ensenyament -socorrisme<\/span><\/strong><\/a><\/p>\n<\/div>\n<p><a href=\"https:\/\/agora.xtec.cat\/iesperealsius\/wp-content\/uploads\/usu45\/2024\/04\/SALVAMENT-Ins-Pere-Alsius_page-0002.jpg\"><img loading=\"lazy\" decoding=\"async\" class=\"alignnone size-large wp-image-10866\" src=\"https:\/\/agora.xtec.cat\/iesperealsius\/wp-content\/uploads\/usu45\/2024\/04\/SALVAMENT-Ins-Pere-Alsius_page-0002-1024x738.jpg\" alt=\"\" width=\"1024\" height=\"738\" srcset=\"https:\/\/agora.xtec.cat\/iesperealsius\/wp-content\/uploads\/usu45\/2024\/04\/SALVAMENT-Ins-Pere-Alsius_page-0002-1024x738.jpg 1024w, https:\/\/agora.xtec.cat\/iesperealsius\/wp-content\/uploads\/usu45\/2024\/04\/SALVAMENT-Ins-Pere-Alsius_page-0002-300x216.jpg 300w, https:\/\/agora.xtec.cat\/iesperealsius\/wp-content\/uploads\/usu45\/2024\/04\/SALVAMENT-Ins-Pere-Alsius_page-0002-768x554.jpg 768w, https:\/\/agora.xtec.cat\/iesperealsius\/wp-content\/uploads\/usu45\/2024\/04\/SALVAMENT-Ins-Pere-Alsius_page-0002-1536x1107.jpg 1536w, https:\/\/agora.xtec.cat\/iesperealsius\/wp-content\/uploads\/usu45\/2024\/04\/SALVAMENT-Ins-Pere-Alsius_page-0002.jpg 1842w\" sizes=\"auto, (max-width: 1024px) 100vw, 1024px\" \/><\/a><\/p>\n<p>&nbsp;<\/p>\n<p><iframe loading=\"lazy\" title=\"Anunci Salvament i Socorrisme opci\u00f3 A SUBTITULAT\" width=\"500\" height=\"281\" src=\"https:\/\/www.youtube.com\/embed\/nzkbO6igpik?feature=oembed\" frameborder=\"0\" allow=\"accelerometer; autoplay; clipboard-write; encrypted-media; gyroscope; picture-in-picture; web-share\" referrerpolicy=\"strict-origin-when-cross-origin\" allowfullscreen><\/iframe><\/p>\n<p><!--\n\n\n<div><a href=\"https:\/\/drive.google.com\/open?id=1nyVRxMhqTSXBATgTwf8rQM2vZTKPJabd\" target=\"_blank\" rel=\"noopener noreferrer\"><strong>Tr\u00edptic Grau mig salvament i socorrisme<\/strong><\/a><\/div>\n\n\n--><\/p>\n<p>&nbsp;<\/p>\n<p><iframe loading=\"lazy\" title=\"Anunci Salvament i Socorrisme opci\u00f3 B SUBTITULAT\" width=\"500\" height=\"281\" src=\"https:\/\/www.youtube.com\/embed\/lurmleTv2LE?feature=oembed\" frameborder=\"0\" allow=\"accelerometer; autoplay; clipboard-write; encrypted-media; gyroscope; picture-in-picture; web-share\" referrerpolicy=\"strict-origin-when-cross-origin\" allowfullscreen><\/iframe><\/p>\n<p>&nbsp;<\/p>\n<p><iframe loading=\"lazy\" title=\"SOS\" width=\"500\" height=\"281\" src=\"https:\/\/www.youtube.com\/embed\/jfJ7wIlZask?feature=oembed\" frameborder=\"0\" allow=\"accelerometer; autoplay; clipboard-write; encrypted-media; gyroscope; picture-in-picture; web-share\" referrerpolicy=\"strict-origin-when-cross-origin\" allowfullscreen><\/iframe><\/p>\n","protected":false},"excerpt":{"rendered":"<p><a href=\"https:\/\/agora.xtec.cat\/iesperealsius\/estudis\/ensenyaments-esportius\/salvament-i-socorrisme\/jornada-portes-obertes-salvament-i-socorrisme\/\">\u00a0<\/a><\/p>\n<p>CURSOS DE SALVAMENT I SOCORRISME 2026 &#8211; 2027<br \/>\n\u00a0<br \/>\nL&#8217;Institut ofereix cada curs escolar el grau mig de salvament i socorrisme, tant el nivell inicial com el nivell final.<br \/>\nEl nivell inicial de socorrisme permet fer de socorrista en piscines i parcs aqu\u00e0tics, mentre el nivell final&hellip;  <a href=\"https:\/\/agora.xtec.cat\/iesperealsius\/estudis\/ensenyaments-esportius\/salvament-i-socorrisme\/\" title=\"Read Salvament i socorrisme\">Llegeix m\u00e9s\u00bb<\/a><\/p>\n","protected":false},"author":1,"featured_media":0,"parent":528,"menu_order":40,"comment_status":"closed","ping_status":"closed","template":"page-templates\/side-menu.php","meta":{"_bbp_topic_count":0,"_bbp_reply_count":0,"_bbp_total_topic_count":0,"_bbp_total_reply_count":0,"_bbp_voice_count":0,"_bbp_anonymous_reply_count":0,"_bbp_topic_count_hidden":0,"_bbp_reply_count_hidden":0,"_bbp_forum_subforum_count":0,"footnotes":""},"class_list":["post-644","page","type-page","status-publish","hentry"],"post_mailing_queue_ids":[],"_links":{"self":[{"href":"https:\/\/agora.xtec.cat\/iesperealsius\/wp-json\/wp\/v2\/pages\/644","targetHints":{"allow":["GET"]}}],"collection":[{"href":"https:\/\/agora.xtec.cat\/iesperealsius\/wp-json\/wp\/v2\/pages"}],"about":[{"href":"https:\/\/agora.xtec.cat\/iesperealsius\/wp-json\/wp\/v2\/types\/page"}],"author":[{"embeddable":true,"href":"https:\/\/agora.xtec.cat\/iesperealsius\/wp-json\/wp\/v2\/users\/1"}],"replies":[{"embeddable":true,"href":"https:\/\/agora.xtec.cat\/iesperealsius\/wp-json\/wp\/v2\/comments?post=644"}],"version-history":[{"count":7,"href":"https:\/\/agora.xtec.cat\/iesperealsius\/wp-json\/wp\/v2\/pages\/644\/revisions"}],"predecessor-version":[{"id":12956,"href":"https:\/\/agora.xtec.cat\/iesperealsius\/wp-json\/wp\/v2\/pages\/644\/revisions\/12956"}],"up":[{"embeddable":true,"href":"https:\/\/agora.xtec.cat\/iesperealsius\/wp-json\/wp\/v2\/pages\/528"}],"wp:attachment":[{"href":"https:\/\/agora.xtec.cat\/iesperealsius\/wp-json\/wp\/v2\/media?parent=644"}],"curies":[{"name":"wp","href":"https:\/\/api.w.org\/{rel}","templated":true}]}}