{"id":642,"date":"2018-08-12T17:46:56","date_gmt":"2018-08-12T15:46:56","guid":{"rendered":"http:\/\/agora.xtec.cat\/iesperealsius\/?page_id=642"},"modified":"2026-04-06T11:53:05","modified_gmt":"2026-04-06T09:53:05","slug":"basquet","status":"publish","type":"page","link":"https:\/\/agora.xtec.cat\/iesperealsius\/estudis\/ensenyaments-esportius\/basquet\/","title":{"rendered":"B\u00e0squet"},"content":{"rendered":"<p><strong><span style=\"font-size: medium;\">El\u00a0<span style=\"color: #ff0000;\">curs 2026 &#8211; 2027 <\/span>l&#8217;institut oferir\u00e0 el BLOC COM\u00da dels diferents nivells de l&#8217;especialitat de b\u00e0squet:<\/span><\/strong><\/p>\n<p>Cliqueu a sobre del nivell per obtenir informaci\u00f3 del proc\u00e9s de preinscripci\u00f3 i matr\u00edcula:<\/p>\n<ul>\n<li><a href=\"https:\/\/drive.google.com\/file\/d\/13fpkY_jERlZGc5nLjK2-xH5k3dRpRzCz\/view?usp=sharing\"><strong><span style=\"font-size: large;\">Bloc com\u00fa nivell inicial modalitat semipresencial 30%-70%\u00a0\u00a0<\/span><\/strong><\/a><\/li>\n<\/ul>\n<div>\n<ul>\n<li><a href=\"https:\/\/drive.google.com\/file\/d\/1XVUuj-KCloiml4Ds2Hadn-siGQ_CADZ1\/view?usp=sharing\"><span style=\"font-size: large;\"><strong>Bloc com\u00fa nivell final modalitat semipresencial 30%-70%<\/strong><\/span><\/a><\/li>\n<li><strong><a href=\"https:\/\/drive.google.com\/file\/d\/1Wr9r3x2G8nEPrjZ0LqchHWdONrBC_TQs\/view?usp=sharing\">Bloc com\u00fa nivell inicial modalitat semipresencial<\/a> <span style=\"background-color: #ff0000; color: #000000;\">INTENSIU JUNY 2026<\/span><\/strong><\/li>\n<li><strong>Bloc com\u00fa nivell inicial modalitat semipresencial <span style=\"background-color: #ffff00; color: #000000;\">INTENSIU SETEMBRE 2026 (demanar informaci\u00f3 a l&#8217;institut)<\/span><\/strong><\/li>\n<\/ul>\n<\/div>\n<div>\n<p><strong><span style=\"font-size: medium;\">Per a inscriure&#8217;s a les proves espec\u00edfiques d&#8217;Ensenyaments Esportius:\u00a0<\/span><a href=\"https:\/\/triaeducativa.gencat.cat\/ca\/proves\/proves-acces\/esportius\/esportius-prova-especifica\/index.html\"><span style=\"font-size: medium;\">ENLLA\u00c7 DIRECTE PROVES ACCES ESPEC\u00cdFIQUES ENSENYAMENTS ESPORTS<\/span><\/a><\/strong><\/p>\n<\/div>\n<div><\/div>\n","protected":false},"excerpt":{"rendered":"<p>El\u00a0curs 2026 &#8211; 2027 l&#8217;institut oferir\u00e0 el BLOC COM\u00da dels diferents nivells de l&#8217;especialitat de b\u00e0squet:<br \/>\nCliqueu a sobre del nivell per obtenir informaci\u00f3 del proc\u00e9s de preinscripci\u00f3 i matr\u00edcula:<\/p>\n<ul>\n<li><a href=\"https:\/\/drive.google.com\/file\/d\/13fpkY_jERlZGc5nLjK2-xH5k3dRpRzCz\/view?usp=sharing\">Bloc com\u00fa nivell inicial modalitat semipresencial 30%-70%\u00a0\u00a0<\/a><\/li>\n<\/ul>\n<ul>\n<li><a href=\"https:\/\/drive.google.com\/file\/d\/1XVUuj-KCloiml4Ds2Hadn-siGQ_CADZ1\/view?usp=sharing\">Bloc com\u00fa nivell final modalitat semipresencial 30%-70%<\/a><\/li>\n<li><a href=\"https:\/\/drive.google.com\/file\/d\/1Wr9r3x2G8nEPrjZ0LqchHWdONrBC_TQs\/view?usp=sharing\">Bloc com\u00fa&hellip;  <a href=\"https:\/\/agora.xtec.cat\/iesperealsius\/estudis\/ensenyaments-esportius\/basquet\/\" title=\"Read B\u00e0squet\">Llegeix m\u00e9s\u00bb<\/a><br \/>\n","protected":false},"author":1,"featured_media":0,"parent":528,"menu_order":30,"comment_status":"closed","ping_status":"closed","template":"page-templates\/side-menu.php","meta":{"_bbp_topic_count":0,"_bbp_reply_count":0,"_bbp_total_topic_count":0,"_bbp_total_reply_count":0,"_bbp_voice_count":0,"_bbp_anonymous_reply_count":0,"_bbp_topic_count_hidden":0,"_bbp_reply_count_hidden":0,"_bbp_forum_subforum_count":0,"footnotes":""},"class_list":["post-642","page","type-page","status-publish","hentry"],"post_mailing_queue_ids":[],"_links":{"self":[{"href":"https:\/\/agora.xtec.cat\/iesperealsius\/wp-json\/wp\/v2\/pages\/642","targetHints":{"allow":["GET"]}}],"collection":[{"href":"https:\/\/agora.xtec.cat\/iesperealsius\/wp-json\/wp\/v2\/pages"}],"about":[{"href":"https:\/\/agora.xtec.cat\/iesperealsius\/wp-json\/wp\/v2\/types\/page"}],"author":[{"embeddable":true,"href":"https:\/\/agora.xtec.cat\/iesperealsius\/wp-json\/wp\/v2\/users\/1"}],"replies":[{"embeddable":true,"href":"https:\/\/agora.xtec.cat\/iesperealsius\/wp-json\/wp\/v2\/comments?post=642"}],"version-history":[{"count":7,"href":"https:\/\/agora.xtec.cat\/iesperealsius\/wp-json\/wp\/v2\/pages\/642\/revisions"}],"predecessor-version":[{"id":12953,"href":"https:\/\/agora.xtec.cat\/iesperealsius\/wp-json\/wp\/v2\/pages\/642\/revisions\/12953"}],"up":[{"embeddable":true,"href":"https:\/\/agora.xtec.cat\/iesperealsius\/wp-json\/wp\/v2\/pages\/528"}],"wp:attachment":[{"href":"https:\/\/agora.xtec.cat\/iesperealsius\/wp-json\/wp\/v2\/media?parent=642"}],"curies":[{"name":"wp","href":"https:\/\/api.w.org\/{rel}","templated":true}]}}