{"id":637,"date":"2018-08-12T17:40:02","date_gmt":"2018-08-12T15:40:02","guid":{"rendered":"http:\/\/agora.xtec.cat\/iesperealsius\/?page_id=637"},"modified":"2026-04-06T11:48:23","modified_gmt":"2026-04-06T09:48:23","slug":"futbol","status":"publish","type":"page","link":"https:\/\/agora.xtec.cat\/iesperealsius\/estudis\/ensenyaments-esportius\/futbol\/","title":{"rendered":"Futbol"},"content":{"rendered":"<div class=\"container25\" align=\"center\">\n<p align=\"center\"><a href=\"https:\/\/agora.xtec.cat\/iesperealsius\/estudis\/ensenyaments-esportius\/futbol\/jornada-portes-obertes-futbol\/\">\u00a0<\/a><\/p>\n<\/div>\n<div><strong><span style=\"color: #ff0000; font-size: large;\"><u>Curs 2026 &#8211; 2027<\/u><\/span><\/strong><\/div>\n<div><strong><span style=\"font-size: medium;\">\u00a0<\/span><\/strong><\/div>\n<div>L&#8217;Institut ofereix el grau mig de futbol (1r nivell &#8211; 2n nivell) en un sol curs escolar, en horari de matins i de forma intensiva.<\/div>\n<div><\/div>\n<div><\/div>\n<div><\/div>\n<div>\n<p><strong><span style=\"font-size: medium;\">Cliqueu a sobre del nivell per obtenir informaci\u00f3 del proc\u00e9s de preinscripci\u00f3 i matr\u00edcula:<\/span><\/strong><\/p>\n<p>&nbsp;<\/p>\n<ul>\n<li><a href=\"https:\/\/drive.google.com\/file\/d\/124Z2ExlMqAqOdlLrzpOxFMOIhgVECUpa\/view?usp=sharing\"><strong>1r i 2n nivell di\u00fcrn de l&#8217;especialitat de futbol (grau mitj\u00e0)<\/strong><\/a><\/li>\n<\/ul>\n<p>Cada 2 cursos escolars ofereix el grau superior de futbol, en un sol curs escolar, en horari de matins i en format semipresencial. El curs 2025 &#8211; 2026 en principi l&#8217;institut l&#8217;oferir\u00e0 si hi ha prou alumnes interessats.<\/p>\n<ul>\n<li><strong>Grau Superior di\u00fcrn de l&#8217;especialitat de futbol (semipresencial 50%)<\/strong><\/li>\n<\/ul>\n<p>En el cas d&#8217;estar-hi interessats envieu un correu electr\u00f2nic a iesperealsius.esports<span class=\"\">@gmail.com<\/span><\/p>\n<\/div>\n<p>&nbsp;<\/p>\n<div>\n<div><strong><span style=\"font-size: medium;\"><br \/>\n<\/span><\/strong><strong><span style=\"font-size: medium;\">Per a inscriure&#8217;s a les proves espec\u00edfiques d&#8217;Ensenyaments Esportius:\u00a0<\/span><\/strong><\/div>\n<div><\/div>\n<div><strong><span style=\"font-size: medium;\"><a href=\"https:\/\/triaeducativa.gencat.cat\/ca\/proves\/proves-acces\/esportius\/esportius-prova-especifica\/index.html\">ENLLA\u00c7 DIRECTE PROVES ACCES ESPEC\u00cdFIQUES ENSENYAMENTS ESPORTS<\/a><\/span><\/strong><br \/>\n<span style=\"font-size: medium;\"><strong><br \/>\n<\/strong><\/span><\/div>\n<\/div>\n<div><a href=\"https:\/\/agora.xtec.cat\/iesperealsius\/wp-content\/uploads\/usu45\/2024\/04\/FUTBOL-Ins-Pere-Alsius_page-0002.jpg\"><img loading=\"lazy\" decoding=\"async\" class=\"alignnone size-large wp-image-10862\" src=\"https:\/\/agora.xtec.cat\/iesperealsius\/wp-content\/uploads\/usu45\/2024\/04\/FUTBOL-Ins-Pere-Alsius_page-0002-1024x738.jpg\" alt=\"\" width=\"1024\" height=\"738\" srcset=\"https:\/\/agora.xtec.cat\/iesperealsius\/wp-content\/uploads\/usu45\/2024\/04\/FUTBOL-Ins-Pere-Alsius_page-0002-1024x738.jpg 1024w, https:\/\/agora.xtec.cat\/iesperealsius\/wp-content\/uploads\/usu45\/2024\/04\/FUTBOL-Ins-Pere-Alsius_page-0002-300x216.jpg 300w, https:\/\/agora.xtec.cat\/iesperealsius\/wp-content\/uploads\/usu45\/2024\/04\/FUTBOL-Ins-Pere-Alsius_page-0002-768x554.jpg 768w, https:\/\/agora.xtec.cat\/iesperealsius\/wp-content\/uploads\/usu45\/2024\/04\/FUTBOL-Ins-Pere-Alsius_page-0002-1536x1107.jpg 1536w, https:\/\/agora.xtec.cat\/iesperealsius\/wp-content\/uploads\/usu45\/2024\/04\/FUTBOL-Ins-Pere-Alsius_page-0002.jpg 1842w\" sizes=\"auto, (max-width: 1024px) 100vw, 1024px\" \/><\/a><\/div>\n<div><\/div>\n<div><\/div>\n<div><iframe loading=\"lazy\" src=\"\/\/www.youtube.com\/embed\/UKL_ZQV7jDY\" width=\"560\" height=\"314\" allowfullscreen=\"allowfullscreen\"><\/iframe><\/div>\n<div><\/div>\n<div><\/div>\n<div><iframe loading=\"lazy\" src=\"\/\/www.youtube.com\/embed\/u7KsVnOP96o\" width=\"560\" height=\"314\" allowfullscreen=\"allowfullscreen\"><\/iframe><\/div>\n<div><\/div>\n<div><\/div>\n","protected":false},"excerpt":{"rendered":"<p><a href=\"https:\/\/agora.xtec.cat\/iesperealsius\/estudis\/ensenyaments-esportius\/futbol\/jornada-portes-obertes-futbol\/\">\u00a0<\/a><\/p>\n<p>Curs 2026 &#8211; 2027<br \/>\n\u00a0<br \/>\nL&#8217;Institut ofereix el grau mig de futbol (1r nivell &#8211; 2n nivell) en un sol curs escolar, en horari de matins i de forma intensiva.<\/p>\n<p>Cliqueu a sobre del nivell per obtenir informaci\u00f3 del proc\u00e9s de preinscripci\u00f3 i matr\u00edcula:<br \/>\n&nbsp;<\/p>\n<ul>\n<li><a href=\"https:\/\/drive.google.com\/file\/d\/124Z2ExlMqAqOdlLrzpOxFMOIhgVECUpa\/view?usp=sharing\">1r i 2n&hellip;  <a href=\"https:\/\/agora.xtec.cat\/iesperealsius\/estudis\/ensenyaments-esportius\/futbol\/\" title=\"Read Futbol\">Llegeix m\u00e9s\u00bb<\/a><br \/>\n","protected":false},"author":1,"featured_media":0,"parent":528,"menu_order":20,"comment_status":"closed","ping_status":"closed","template":"page-templates\/side-menu.php","meta":{"_bbp_topic_count":0,"_bbp_reply_count":0,"_bbp_total_topic_count":0,"_bbp_total_reply_count":0,"_bbp_voice_count":0,"_bbp_anonymous_reply_count":0,"_bbp_topic_count_hidden":0,"_bbp_reply_count_hidden":0,"_bbp_forum_subforum_count":0,"footnotes":""},"class_list":["post-637","page","type-page","status-publish","hentry"],"post_mailing_queue_ids":[],"_links":{"self":[{"href":"https:\/\/agora.xtec.cat\/iesperealsius\/wp-json\/wp\/v2\/pages\/637","targetHints":{"allow":["GET"]}}],"collection":[{"href":"https:\/\/agora.xtec.cat\/iesperealsius\/wp-json\/wp\/v2\/pages"}],"about":[{"href":"https:\/\/agora.xtec.cat\/iesperealsius\/wp-json\/wp\/v2\/types\/page"}],"author":[{"embeddable":true,"href":"https:\/\/agora.xtec.cat\/iesperealsius\/wp-json\/wp\/v2\/users\/1"}],"replies":[{"embeddable":true,"href":"https:\/\/agora.xtec.cat\/iesperealsius\/wp-json\/wp\/v2\/comments?post=637"}],"version-history":[{"count":8,"href":"https:\/\/agora.xtec.cat\/iesperealsius\/wp-json\/wp\/v2\/pages\/637\/revisions"}],"predecessor-version":[{"id":12952,"href":"https:\/\/agora.xtec.cat\/iesperealsius\/wp-json\/wp\/v2\/pages\/637\/revisions\/12952"}],"up":[{"embeddable":true,"href":"https:\/\/agora.xtec.cat\/iesperealsius\/wp-json\/wp\/v2\/pages\/528"}],"wp:attachment":[{"href":"https:\/\/agora.xtec.cat\/iesperealsius\/wp-json\/wp\/v2\/media?parent=637"}],"curies":[{"name":"wp","href":"https:\/\/api.w.org\/{rel}","templated":true}]}}