{"id":5788,"date":"2020-05-12T12:41:07","date_gmt":"2020-05-12T10:41:07","guid":{"rendered":"https:\/\/agora.xtec.cat\/iesperealsius\/?page_id=5788"},"modified":"2022-04-13T18:27:25","modified_gmt":"2022-04-13T16:27:25","slug":"jornada-portes-obertes-futbol","status":"publish","type":"page","link":"https:\/\/agora.xtec.cat\/iesperealsius\/estudis\/ensenyaments-esportius\/futbol\/jornada-portes-obertes-futbol\/","title":{"rendered":"Jornada Portes Obertes &#8211; Futbol"},"content":{"rendered":"<p>Aquest any les portes obertes son presencials, el dijous 07 d&#8217;abril a les 19 hores i a les 20 hores; cal inscripci\u00f3 pr\u00e8via a la web de l&#8217;institut.<\/p>\n<p>En el seg\u00fcent enlla\u00e7 podeu trobar la presentaci\u00f3 de les portes obertes d&#8217;aquest curs<\/p>\n<p><a href=\"https:\/\/drive.google.com\/file\/d\/1gA2dHuXn6IlHV_ALPX57bQa9A-1z2lcu\/view?usp=sharing\"><span style=\"font-size: 16px;\"><strong>Presentaci\u00f3 Portes Obertes 2022<\/strong><\/span><\/a><\/p>\n<p>V\u00eddeo de presentaci\u00f3 de l&#8217;Institut Pere Alsius i Torrent<br \/>\n<iframe loading=\"lazy\" src=\"https:\/\/drive.google.com\/file\/d\/1XDw3b189kGwaki1hdCyy4BtCjMgK5S6S\/preview\" width=\"1000\" height=\"500\"><\/iframe><\/p>\n<p><iframe loading=\"lazy\" src=\"https:\/\/www.youtube.com\/embed\/eOx7wcABBHo\" width=\"1000\" height=\"500\" frameborder=\"0\" allowfullscreen=\"allowfullscreen\"><\/iframe><\/p>\n<p><iframe loading=\"lazy\" src=\"https:\/\/drive.google.com\/file\/d\/1H4XHQTVP6aXfRwVHMnX-l2vqBN3yu0Db\/preview\" width=\"1000\" height=\"500\"><span data-mce-type=\"bookmark\" style=\"display: inline-block; width: 0px; overflow: hidden; line-height: 0;\" class=\"mce_SELRES_start\">\ufeff<\/span><\/iframe><\/p>\n<div id=\"gtx-trans\" style=\"position: absolute; left: 526px; top: -12.6667px;\">\n<div class=\"gtx-trans-icon\"><\/div>\n<\/div>\n","protected":false},"excerpt":{"rendered":"<p>Aquest any les portes obertes son presencials, el dijous 07 d&#8217;abril a les 19 hores i a les 20 hores; cal inscripci\u00f3 pr\u00e8via a la web de l&#8217;institut.<br \/>\nEn el seg\u00fcent enlla\u00e7 podeu trobar la presentaci\u00f3 de les portes obertes d&#8217;aquest curs<br \/>\n<a href=\"https:\/\/drive.google.com\/file\/d\/1gA2dHuXn6IlHV_ALPX57bQa9A-1z2lcu\/view?usp=sharing\">Presentaci\u00f3 Portes Obertes 2022<\/a><br \/>\nV\u00eddeo&hellip;  <a href=\"https:\/\/agora.xtec.cat\/iesperealsius\/estudis\/ensenyaments-esportius\/futbol\/jornada-portes-obertes-futbol\/\" title=\"Read Jornada Portes Obertes &#8211; Futbol\">Llegeix m\u00e9s\u00bb<\/a><\/p>\n","protected":false},"author":1,"featured_media":0,"parent":637,"menu_order":0,"comment_status":"closed","ping_status":"closed","template":"page-templates\/side-menu.php","meta":{"_bbp_topic_count":0,"_bbp_reply_count":0,"_bbp_total_topic_count":0,"_bbp_total_reply_count":0,"_bbp_voice_count":0,"_bbp_anonymous_reply_count":0,"_bbp_topic_count_hidden":0,"_bbp_reply_count_hidden":0,"_bbp_forum_subforum_count":0,"footnotes":""},"class_list":["post-5788","page","type-page","status-publish","hentry"],"post_mailing_queue_ids":[],"_links":{"self":[{"href":"https:\/\/agora.xtec.cat\/iesperealsius\/wp-json\/wp\/v2\/pages\/5788","targetHints":{"allow":["GET"]}}],"collection":[{"href":"https:\/\/agora.xtec.cat\/iesperealsius\/wp-json\/wp\/v2\/pages"}],"about":[{"href":"https:\/\/agora.xtec.cat\/iesperealsius\/wp-json\/wp\/v2\/types\/page"}],"author":[{"embeddable":true,"href":"https:\/\/agora.xtec.cat\/iesperealsius\/wp-json\/wp\/v2\/users\/1"}],"replies":[{"embeddable":true,"href":"https:\/\/agora.xtec.cat\/iesperealsius\/wp-json\/wp\/v2\/comments?post=5788"}],"version-history":[{"count":4,"href":"https:\/\/agora.xtec.cat\/iesperealsius\/wp-json\/wp\/v2\/pages\/5788\/revisions"}],"predecessor-version":[{"id":8448,"href":"https:\/\/agora.xtec.cat\/iesperealsius\/wp-json\/wp\/v2\/pages\/5788\/revisions\/8448"}],"up":[{"embeddable":true,"href":"https:\/\/agora.xtec.cat\/iesperealsius\/wp-json\/wp\/v2\/pages\/637"}],"wp:attachment":[{"href":"https:\/\/agora.xtec.cat\/iesperealsius\/wp-json\/wp\/v2\/media?parent=5788"}],"curies":[{"name":"wp","href":"https:\/\/api.w.org\/{rel}","templated":true}]}}