{"id":576,"date":"2018-07-23T22:46:30","date_gmt":"2018-07-23T20:46:30","guid":{"rendered":"http:\/\/agora.xtec.cat\/iesperealsius\/?page_id=576"},"modified":"2020-02-10T20:14:08","modified_gmt":"2020-02-10T19:14:08","slug":"proves-obtencio-geso","status":"publish","type":"page","link":"https:\/\/agora.xtec.cat\/iesperealsius\/proves-obtencio-geso\/","title":{"rendered":"Proves obtenci\u00f3 GESO"},"content":{"rendered":"<p><span style=\"font-size: medium;\">Prova per a l\u2019obtenci\u00f3 del Graduat en Educaci\u00f3 Secund\u00e0ria Obligat\u00f2ria (alumnes que no l\u2019han obtingut en finalitzar l\u2019etapa).<\/span><\/p>\n<p><span style=\"font-size: medium;\">Termini d\u2019inscripci\u00f3: 3 al 14 de febrer de 2020<\/span><\/p>\n<p><strong><u><span style=\"font-size: medium;\">Requisits:<\/span><\/u><\/strong><\/p>\n<div id=\"bloc1\" class=\"panel-collapse collapse in\">\n<div class=\"col-xs-12\">\n<div class=\"cos_bloc basic_text_peq pd-15\">\n<p><span style=\"font-size: medium;\">Es poden presentar a la prova les persones que compleixen els\u00a0<strong>requisits<\/strong>\u00a0seg\u00fcents:<\/span><\/p>\n<ul>\n<li><span style=\"font-size: medium;\">Tenir 18 anys o complir-los dins l\u2019any natural de la prova. Tamb\u00e9 s\u2019hi poden presentar amb de 17 anys o complir-los dins l\u2019any natural de la prova si es troben en alguna d\u2019aquestes situacions (cal presentar la documentaci\u00f3 que ho acredita):<br \/>\n\u2013 tenir un contracte laboral que els impedeix d\u2019assistir al centre educatiu en r\u00e8gim ordinari,<br \/>\n\u2013 trobar-se en proc\u00e9s d\u2019obteir un perm\u00eds de treball o<br \/>\n\u2013 ser esportista d\u2019alt rendiment.<\/span><\/li>\n<li><span style=\"font-size: medium;\">Haver finalitzat l\u2019ESO sense obtenir el t\u00edtol i no tenir m\u00e9s de 5 mat\u00e8ries pendents de qualificaci\u00f3 positiva (compten com una sola mat\u00e8ria les cursades amb el mateix nom en diferents cursos).<\/span><\/li>\n<li><span style=\"font-size: medium;\">Haver finalitzat l\u2019ESO durant un dels 2 cursos anteriors al qual es presenten a les proves.<\/span><\/li>\n<\/ul>\n<p><strong><span style=\"font-size: medium;\">Inscripci\u00f3:<\/span><\/strong><\/p>\n<p><span style=\"font-size: medium;\">Els interessats han de sol\u00b7licitar la participaci\u00f3 a la prova del 3 al 14 de febrer, a la secretaria del centre on van estar matriculats de 4t d\u2019ESO per \u00faltima vegada, presentant l\u2019impr\u00e8s de sol\u00b7licitud que trobareu a l\u2019enlla\u00e7 seg\u00fcent:<\/span><\/p>\n<p><span style=\"font-size: medium;\"><a href=\"http:\/\/educacio.gencat.cat\/documents\/FormularisModels\/CentresGestioAcademica\/Y332_166.pdf\">\u00a0<\/a><a href=\"http:\/\/educacio.gencat.cat\/documents\/FormularisModels\/CentresGestioAcademica\/A665.pdf\">http:\/\/educacio.gencat.cat\/documents\/FormularisModels\/CentresGestioAcademica\/Y332_166.pdf<\/a><\/span><\/p>\n<\/div>\n<\/div>\n<\/div>\n<p><strong><span style=\"font-size: medium;\">Contingut m\u00ednim i criteris d&#8217;avaluaci\u00f3:<\/span><\/strong><\/p>\n<p><span style=\"font-size: medium;\">Podeu accedir als continguts m\u00ednims i els criteris d&#8217;avaluaci\u00f3 de les mat\u00e8ries a trav\u00e9s del seg\u00fcent<strong>\u00a0<a href=\"https:\/\/drive.google.com\/drive\/folders\/19nHuRVyW6AAOGW428sv-dPI6_HnulOWO?usp=sharing\" target=\"_blank\" rel=\"noopener noreferrer\">enlla\u00e7<\/a>.<\/strong><\/span><strong><span style=\"font-size: medium;\"><br \/>\n<\/span><\/strong><\/p>\n","protected":false},"excerpt":{"rendered":"<p>Prova per a l\u2019obtenci\u00f3 del Graduat en Educaci\u00f3 Secund\u00e0ria Obligat\u00f2ria (alumnes que no l\u2019han obtingut en finalitzar l\u2019etapa).<br \/>\nTermini d\u2019inscripci\u00f3: 3 al 14 de febrer de 2020<br \/>\nRequisits:<\/p>\n<p>Es poden presentar a la prova les persones que compleixen els\u00a0requisits\u00a0seg\u00fcents:<\/p>\n<ul>\n<li>Tenir 18 anys o complir-los dins l\u2019any natural de la&hellip;  <a href=\"https:\/\/agora.xtec.cat\/iesperealsius\/proves-obtencio-geso\/\" title=\"Read Proves obtenci\u00f3 GESO\">Llegeix m\u00e9s\u00bb<\/a><br \/>\n","protected":false},"author":1,"featured_media":0,"parent":0,"menu_order":0,"comment_status":"closed","ping_status":"closed","template":"page-templates\/side-menu.php","meta":{"_bbp_topic_count":0,"_bbp_reply_count":0,"_bbp_total_topic_count":0,"_bbp_total_reply_count":0,"_bbp_voice_count":0,"_bbp_anonymous_reply_count":0,"_bbp_topic_count_hidden":0,"_bbp_reply_count_hidden":0,"_bbp_forum_subforum_count":0,"footnotes":""},"class_list":["post-576","page","type-page","status-publish","hentry"],"post_mailing_queue_ids":[],"_links":{"self":[{"href":"https:\/\/agora.xtec.cat\/iesperealsius\/wp-json\/wp\/v2\/pages\/576","targetHints":{"allow":["GET"]}}],"collection":[{"href":"https:\/\/agora.xtec.cat\/iesperealsius\/wp-json\/wp\/v2\/pages"}],"about":[{"href":"https:\/\/agora.xtec.cat\/iesperealsius\/wp-json\/wp\/v2\/types\/page"}],"author":[{"embeddable":true,"href":"https:\/\/agora.xtec.cat\/iesperealsius\/wp-json\/wp\/v2\/users\/1"}],"replies":[{"embeddable":true,"href":"https:\/\/agora.xtec.cat\/iesperealsius\/wp-json\/wp\/v2\/comments?post=576"}],"version-history":[{"count":3,"href":"https:\/\/agora.xtec.cat\/iesperealsius\/wp-json\/wp\/v2\/pages\/576\/revisions"}],"predecessor-version":[{"id":4270,"href":"https:\/\/agora.xtec.cat\/iesperealsius\/wp-json\/wp\/v2\/pages\/576\/revisions\/4270"}],"wp:attachment":[{"href":"https:\/\/agora.xtec.cat\/iesperealsius\/wp-json\/wp\/v2\/media?parent=576"}],"curies":[{"name":"wp","href":"https:\/\/api.w.org\/{rel}","templated":true}]}}