{"id":570,"date":"2018-07-23T22:45:08","date_gmt":"2018-07-23T20:45:08","guid":{"rendered":"http:\/\/agora.xtec.cat\/iesperealsius\/?page_id=570"},"modified":"2020-07-22T19:25:59","modified_gmt":"2020-07-22T17:25:59","slug":"ieduca-tokapp","status":"publish","type":"page","link":"https:\/\/agora.xtec.cat\/iesperealsius\/ieduca-tokapp\/","title":{"rendered":"iEduca TokApp"},"content":{"rendered":"<div id=\"contingutApartat\">\n<div id=\"textApartat\">\n<div>\n<p align=\"left\"><span style=\"font-size: medium;\">iEduca proporciona una aplicaci\u00f3 m\u00f2bil per poder accedir a la intranet que pot ser utilitzada tant pel professorat com pels pares i mares de l&#8217;alumnat.<br \/>\n<\/span><\/p>\n<p align=\"left\"><span style=\"font-size: medium;\">L\u2019Aplicaci\u00f3 est\u00e0 disponible tant per Android com iOS en els seg\u00fcents enlla\u00e7os:<br \/>\n<\/span><\/p>\n<p><span style=\"font-size: medium;\"><u>Android:<\/u>\u00a0\u00a0<a href=\"https:\/\/play.google.com\/store\/apps\/details?id=com.MultiExpo.ieduca\" target=\"_blank\" rel=\"noopener noreferrer\">https:\/\/play.google.com\/store\/apps\/details?id=com.MultiExpo.ieduca<\/a><\/span><\/p>\n<p><span style=\"font-size: medium;\"><u>IOS:<\/u>\u00a0\u00a0<a href=\"https:\/\/itunes.apple.com\/es\/app\/ieduca-tokapp\/id1082664178?mt=8\" target=\"_blank\" rel=\"noopener noreferrer\">https:\/\/itunes.apple.com\/es\/app\/ieduca-tokapp\/id1082664178?mt=8<\/a><\/span><\/p>\n<p><span style=\"font-size: medium;\">En l&#8217;enlla\u00e7 seg\u00fcent trobareu les instruccions per a configurar l&#8217;aplicaci\u00f3:<br \/>\n<\/span><\/p>\n<p align=\"center\"><span style=\"font-size: medium;\"><strong><a href=\"https:\/\/drive.google.com\/open?id=1xRh3F7-PbLQ3oJ7cszCT0oEmH8fBiJmk\" target=\"_blank\" rel=\"noopener noreferrer\">Guia de configuraci\u00f3 iEduca TokApp<\/a><\/strong><br \/>\n<\/span><\/p>\n<\/div>\n<\/div>\n<\/div>\n","protected":false},"excerpt":{"rendered":"<p>iEduca proporciona una aplicaci\u00f3 m\u00f2bil per poder accedir a la intranet que pot ser utilitzada tant pel professorat com pels pares i mares de l&#8217;alumnat.<\/p>\n<p>L\u2019Aplicaci\u00f3 est\u00e0 disponible tant per Android com iOS en els seg\u00fcents enlla\u00e7os:<\/p>\n<p>Android:\u00a0\u00a0<a href=\"https:\/\/play.google.com\/store\/apps\/details?id=com.MultiExpo.ieduca\" target=\"_blank\" rel=\"noopener noreferrer\">https:\/\/play.google.com\/store\/apps\/details?id=com.MultiExpo.ieduca<\/a><br \/>\nIOS:\u00a0\u00a0<a href=\"https:\/\/itunes.apple.com\/es\/app\/ieduca-tokapp\/id1082664178?mt=8\" target=\"_blank\" rel=\"noopener noreferrer\">https:\/\/itunes.apple.com\/es\/app\/ieduca-tokapp\/id1082664178?mt=8<\/a><br \/>\nEn l&#8217;enlla\u00e7&hellip;  <a href=\"https:\/\/agora.xtec.cat\/iesperealsius\/ieduca-tokapp\/\" title=\"Read iEduca TokApp\">Llegeix m\u00e9s\u00bb<\/a><\/p>\n","protected":false},"author":1,"featured_media":0,"parent":0,"menu_order":0,"comment_status":"closed","ping_status":"closed","template":"page-templates\/side-menu.php","meta":{"_bbp_topic_count":0,"_bbp_reply_count":0,"_bbp_total_topic_count":0,"_bbp_total_reply_count":0,"_bbp_voice_count":0,"_bbp_anonymous_reply_count":0,"_bbp_topic_count_hidden":0,"_bbp_reply_count_hidden":0,"_bbp_forum_subforum_count":0,"footnotes":""},"class_list":["post-570","page","type-page","status-publish","hentry"],"post_mailing_queue_ids":[],"_links":{"self":[{"href":"https:\/\/agora.xtec.cat\/iesperealsius\/wp-json\/wp\/v2\/pages\/570","targetHints":{"allow":["GET"]}}],"collection":[{"href":"https:\/\/agora.xtec.cat\/iesperealsius\/wp-json\/wp\/v2\/pages"}],"about":[{"href":"https:\/\/agora.xtec.cat\/iesperealsius\/wp-json\/wp\/v2\/types\/page"}],"author":[{"embeddable":true,"href":"https:\/\/agora.xtec.cat\/iesperealsius\/wp-json\/wp\/v2\/users\/1"}],"replies":[{"embeddable":true,"href":"https:\/\/agora.xtec.cat\/iesperealsius\/wp-json\/wp\/v2\/comments?post=570"}],"version-history":[{"count":3,"href":"https:\/\/agora.xtec.cat\/iesperealsius\/wp-json\/wp\/v2\/pages\/570\/revisions"}],"predecessor-version":[{"id":3717,"href":"https:\/\/agora.xtec.cat\/iesperealsius\/wp-json\/wp\/v2\/pages\/570\/revisions\/3717"}],"wp:attachment":[{"href":"https:\/\/agora.xtec.cat\/iesperealsius\/wp-json\/wp\/v2\/media?parent=570"}],"curies":[{"name":"wp","href":"https:\/\/api.w.org\/{rel}","templated":true}]}}