{"id":566,"date":"2018-07-23T22:44:17","date_gmt":"2018-07-23T20:44:17","guid":{"rendered":"http:\/\/agora.xtec.cat\/iesperealsius\/?page_id=566"},"modified":"2024-04-24T16:12:54","modified_gmt":"2024-04-24T14:12:54","slug":"inscripcio-a-lampa","status":"publish","type":"page","link":"https:\/\/agora.xtec.cat\/iesperealsius\/inscripcio-a-lampa\/","title":{"rendered":"Inscripci\u00f3 a l&#8217;AFA"},"content":{"rendered":"<p>Benvolgudes fam\u00edlies,<br \/>\nVolem aprofitar l\u2019ocasi\u00f3 per donar-vos la benvinguda a l\u2019Institut Pere Alsius i Torrent i animar-vos a associar-vos a l\u2019AFA del Centre.<\/p>\n<p style=\"text-align: center;\"><a href=\"https:\/\/agora.xtec.cat\/iesperealsius\/wp-content\/uploads\/usu45\/2024\/04\/Inscripcio_soci_AMPA.docx-pdf.pdf\"><span style=\"font-size: 24px;\">FULL D&#8217;INSCRIPCI\u00d3 A L&#8217;AFA<\/span><\/a><\/p>\n<p>Des de l\u2019AFA ens agradaria informar-vos que en el proper curs, la quota de soci de l\u2019AFA es cobrar\u00e0 en el moment de fer la comanda de llibres a la web d\u2019IDDINK. D\u2019aquesta manera, els socis de l\u2019AFA gaudeixen del descompte en la compra de llibres reutilitzats (Ecobooks), que representa un estalvi aproximat per alumne de 150 euros.<\/p>\n<p>D\u2019altra banda, les fam\u00edlies que no siguin s\u00f2cies de l\u2019AFA no es podran beneficiar del descompte, no obstant podran comprar els llibres pel mateix<br \/>\nmitj\u00e0, a preu de mercat. Gr\u00e0cies a aquesta aportaci\u00f3, de 30 euros anuals per fam\u00edlia, els nostres fills poden gaudir de tot un seguit d\u2019infraestructures i ajudes en el centre, com ara b\u00e9 la biblioteca escolar, l\u2019auxiliar de conversa, l\u2019educador social, el taller d\u2019estudi assistit o l\u2019adquisici\u00f3 de materials per a diversos \u00e0mbits (tecnologia, laboratoris, inform\u00e0tica,\u2026). A m\u00e9s ens permet dur a terme els actes de comiat del centre, i la gesti\u00f3 de diversos concursos i premis de l\u2019alumnat.<\/p>\n<p>A l\u2019espera que l\u2019empresa IDDINK adeq\u00fci el seu sistema inform\u00e0tic, les fam\u00edlies amb dos o m\u00e9s fills, a l\u2019hora de comprar els llibres se\u2019ls cobrar\u00e0 la quota anual per fill, l\u2019empresa IDDINK retornar\u00e0 l\u2019import que no correspongui mitjan\u00e7ant transfer\u00e8ncia al n\u00famero de compte que consigneu en la vostra comanda. Tot i que ens van assegurar que per aquest curs ho tindrien resolt, no ha pogut ser aix\u00ed.<\/p>\n<p>Ja per concloure, informar-vos del paper que t\u00e9 l\u2019AFA en la vinculaci\u00f3 entre els nostres fills i els docents del centre. \u00c9s per aix\u00f2 que us animem a fer d\u2019aquesta associaci\u00f3 de pares i mares, un \u00f2rgan participatiu, per tal de garantir un futur millor en l\u2019educaci\u00f3 dels nostres fills.<\/p>\n<p>Per qualsevol dubte, podeu posar-vos en contacte amb nosaltres.<\/p>\n<p>Atentament,<br \/>\nLa Junta<\/p>\n","protected":false},"excerpt":{"rendered":"<p>Benvolgudes fam\u00edlies,<br \/>\nVolem aprofitar l\u2019ocasi\u00f3 per donar-vos la benvinguda a l\u2019Institut Pere Alsius i Torrent i animar-vos a associar-vos a l\u2019AFA del Centre.<br \/>\n<a href=\"https:\/\/agora.xtec.cat\/iesperealsius\/wp-content\/uploads\/usu45\/2024\/04\/Inscripcio_soci_AMPA.docx-pdf.pdf\">FULL D&#8217;INSCRIPCI\u00d3 A L&#8217;AFA<\/a><br \/>\nDes de l\u2019AFA ens agradaria informar-vos que en el proper curs, la quota de soci de l\u2019AFA es cobrar\u00e0 en&hellip;  <a href=\"https:\/\/agora.xtec.cat\/iesperealsius\/inscripcio-a-lampa\/\" title=\"Read Inscripci\u00f3 a l&#8217;AFA\">Llegeix m\u00e9s\u00bb<\/a><\/p>\n","protected":false},"author":1,"featured_media":0,"parent":0,"menu_order":0,"comment_status":"closed","ping_status":"closed","template":"page-templates\/side-menu.php","meta":{"_bbp_topic_count":0,"_bbp_reply_count":0,"_bbp_total_topic_count":0,"_bbp_total_reply_count":0,"_bbp_voice_count":0,"_bbp_anonymous_reply_count":0,"_bbp_topic_count_hidden":0,"_bbp_reply_count_hidden":0,"_bbp_forum_subforum_count":0,"footnotes":""},"class_list":["post-566","page","type-page","status-publish","hentry"],"post_mailing_queue_ids":[],"_links":{"self":[{"href":"https:\/\/agora.xtec.cat\/iesperealsius\/wp-json\/wp\/v2\/pages\/566","targetHints":{"allow":["GET"]}}],"collection":[{"href":"https:\/\/agora.xtec.cat\/iesperealsius\/wp-json\/wp\/v2\/pages"}],"about":[{"href":"https:\/\/agora.xtec.cat\/iesperealsius\/wp-json\/wp\/v2\/types\/page"}],"author":[{"embeddable":true,"href":"https:\/\/agora.xtec.cat\/iesperealsius\/wp-json\/wp\/v2\/users\/1"}],"replies":[{"embeddable":true,"href":"https:\/\/agora.xtec.cat\/iesperealsius\/wp-json\/wp\/v2\/comments?post=566"}],"version-history":[{"count":7,"href":"https:\/\/agora.xtec.cat\/iesperealsius\/wp-json\/wp\/v2\/pages\/566\/revisions"}],"predecessor-version":[{"id":10930,"href":"https:\/\/agora.xtec.cat\/iesperealsius\/wp-json\/wp\/v2\/pages\/566\/revisions\/10930"}],"wp:attachment":[{"href":"https:\/\/agora.xtec.cat\/iesperealsius\/wp-json\/wp\/v2\/media?parent=566"}],"curies":[{"name":"wp","href":"https:\/\/api.w.org\/{rel}","templated":true}]}}