{"id":5503,"date":"2020-04-27T19:37:23","date_gmt":"2020-04-27T17:37:23","guid":{"rendered":"https:\/\/agora.xtec.cat\/iesperealsius\/?page_id=5503"},"modified":"2020-04-27T19:37:23","modified_gmt":"2020-04-27T17:37:23","slug":"mp11-angles-tecnic","status":"publish","type":"page","link":"https:\/\/agora.xtec.cat\/iesperealsius\/estudis\/cicles-formatius-2\/cfgs-condicionament-fisic\/mp11-angles-tecnic\/","title":{"rendered":"MP11 &#8211; Angl\u00e8s t\u00e8cnic"},"content":{"rendered":"<p>En el m\u00f2dul d\u2019Angl\u00e8s t\u00e8cnic es treballen els continguts perqu\u00e8 \u00a0els alumnes siguin capa\u00e7os de comunicar-se en llengua anglesa dins l\u2019\u00e0mbit del condicionament f\u00edsic.<\/p>\n<p>Les sessions s\u00f3n majorit\u00e0riament pr\u00e0ctiques i es basa en quatre pilars fonamentals: listening, speaking, writing and reading.<\/p>\n<p>Els alumnes desenvolupen sessions pr\u00e0ctiques de les diferents activitats relacionades amb el m\u00f3n de l\u2019activitat f\u00edsica que m\u00e9s tard han de portar a terme davant dels companys.<\/p>\n<p>Tamb\u00e9 es realitza cerca de vocabulari o expressions en llengua anglesa, aix\u00ed com treball \u00a0en diferents articles que els ajudi a aprofundir en el coneixement del vocabulari espec\u00edfic del nostre \u00e0mbit.<\/p>\n<p>&nbsp;<\/p>\n<p>&nbsp;<\/p>\n","protected":false},"excerpt":{"rendered":"<p>En el m\u00f2dul d\u2019Angl\u00e8s t\u00e8cnic es treballen els continguts perqu\u00e8 \u00a0els alumnes siguin capa\u00e7os de comunicar-se en llengua anglesa dins l\u2019\u00e0mbit del condicionament f\u00edsic.<br \/>\nLes sessions s\u00f3n majorit\u00e0riament pr\u00e0ctiques i es basa en quatre pilars fonamentals: listening, speaking, writing and reading.<br \/>\nEls alumnes desenvolupen sessions pr\u00e0ctiques de&hellip;  <a href=\"https:\/\/agora.xtec.cat\/iesperealsius\/estudis\/cicles-formatius-2\/cfgs-condicionament-fisic\/mp11-angles-tecnic\/\" title=\"Read MP11 &#8211; Angl\u00e8s t\u00e8cnic\">Llegeix m\u00e9s\u00bb<\/a><\/p>\n","protected":false},"author":1,"featured_media":0,"parent":5458,"menu_order":0,"comment_status":"closed","ping_status":"closed","template":"page-templates\/side-menu.php","meta":{"_bbp_topic_count":0,"_bbp_reply_count":0,"_bbp_total_topic_count":0,"_bbp_total_reply_count":0,"_bbp_voice_count":0,"_bbp_anonymous_reply_count":0,"_bbp_topic_count_hidden":0,"_bbp_reply_count_hidden":0,"_bbp_forum_subforum_count":0,"footnotes":""},"class_list":["post-5503","page","type-page","status-publish","hentry"],"post_mailing_queue_ids":[],"_links":{"self":[{"href":"https:\/\/agora.xtec.cat\/iesperealsius\/wp-json\/wp\/v2\/pages\/5503","targetHints":{"allow":["GET"]}}],"collection":[{"href":"https:\/\/agora.xtec.cat\/iesperealsius\/wp-json\/wp\/v2\/pages"}],"about":[{"href":"https:\/\/agora.xtec.cat\/iesperealsius\/wp-json\/wp\/v2\/types\/page"}],"author":[{"embeddable":true,"href":"https:\/\/agora.xtec.cat\/iesperealsius\/wp-json\/wp\/v2\/users\/1"}],"replies":[{"embeddable":true,"href":"https:\/\/agora.xtec.cat\/iesperealsius\/wp-json\/wp\/v2\/comments?post=5503"}],"version-history":[{"count":1,"href":"https:\/\/agora.xtec.cat\/iesperealsius\/wp-json\/wp\/v2\/pages\/5503\/revisions"}],"predecessor-version":[{"id":5504,"href":"https:\/\/agora.xtec.cat\/iesperealsius\/wp-json\/wp\/v2\/pages\/5503\/revisions\/5504"}],"up":[{"embeddable":true,"href":"https:\/\/agora.xtec.cat\/iesperealsius\/wp-json\/wp\/v2\/pages\/5458"}],"wp:attachment":[{"href":"https:\/\/agora.xtec.cat\/iesperealsius\/wp-json\/wp\/v2\/media?parent=5503"}],"curies":[{"name":"wp","href":"https:\/\/api.w.org\/{rel}","templated":true}]}}