{"id":5489,"date":"2020-04-27T19:23:44","date_gmt":"2020-04-27T17:23:44","guid":{"rendered":"https:\/\/agora.xtec.cat\/iesperealsius\/?page_id=5489"},"modified":"2020-04-27T19:24:14","modified_gmt":"2020-04-27T17:24:14","slug":"mp05","status":"publish","type":"page","link":"https:\/\/agora.xtec.cat\/iesperealsius\/estudis\/cicles-formatius-2\/cfgs-condicionament-fisic\/mp05\/","title":{"rendered":"MP05 &#8211; Activitats especialitzades de condicionament f\u00edsic amb suport musical"},"content":{"rendered":"<p>Aquest m\u00f2dul es porta a terme a segon curs despr\u00e9s d\u2019haver realitzat el m\u00f2dul b\u00e0sic en el primer curs.<\/p>\n<p>Aquest m\u00f2dul consta de dos unitats formatives, totes dues eminentment pr\u00e0ctiques, a desenvolupar dins de gimnasos.<\/p>\n<ul>\n<li>La primera unitat formativa \u00e9s la continu\u00eftat del m\u00f2dul de primer curs; s\u2019hi veuen les activitats aer\u00f2biques i de tonificaci\u00f3 avan\u00e7ades i les noves tend\u00e8ncies en aquest camp, totes elles amb suport musical. L\u2019alumne\/a practica, dissenya coreografies i dirigeix sessions de condicionament f\u00edsic amb suport musical.<\/li>\n<li>La segona unitat formativa s\u2019introdueix a l\u2019alumne\/a a les activitats amb aparells c\u00edclics, sempre amb suport musical. Ha de ser capa\u00e7 al final del m\u00f2dul programar activitats, dissenyar coreografies i dirigir sessions amb aparells c\u00edclics de condicionament f\u00edsic amb suport musical.<\/li>\n<\/ul>\n","protected":false},"excerpt":{"rendered":"<p>Aquest m\u00f2dul es porta a terme a segon curs despr\u00e9s d\u2019haver realitzat el m\u00f2dul b\u00e0sic en el primer curs.<br \/>\nAquest m\u00f2dul consta de dos unitats formatives, totes dues eminentment pr\u00e0ctiques, a desenvolupar dins de gimnasos.<\/p>\n<ul>\n<li>La primera unitat formativa \u00e9s la continu\u00eftat del m\u00f2dul de primer curs;&hellip;  <a href=\"https:\/\/agora.xtec.cat\/iesperealsius\/estudis\/cicles-formatius-2\/cfgs-condicionament-fisic\/mp05\/\" title=\"Read MP05 &#8211; Activitats especialitzades de condicionament f\u00edsic amb suport musical\">Llegeix m\u00e9s\u00bb<\/a><br \/>\n","protected":false},"author":1,"featured_media":0,"parent":5458,"menu_order":0,"comment_status":"closed","ping_status":"closed","template":"page-templates\/side-menu.php","meta":{"_bbp_topic_count":0,"_bbp_reply_count":0,"_bbp_total_topic_count":0,"_bbp_total_reply_count":0,"_bbp_voice_count":0,"_bbp_anonymous_reply_count":0,"_bbp_topic_count_hidden":0,"_bbp_reply_count_hidden":0,"_bbp_forum_subforum_count":0,"footnotes":""},"class_list":["post-5489","page","type-page","status-publish","hentry"],"post_mailing_queue_ids":[],"_links":{"self":[{"href":"https:\/\/agora.xtec.cat\/iesperealsius\/wp-json\/wp\/v2\/pages\/5489","targetHints":{"allow":["GET"]}}],"collection":[{"href":"https:\/\/agora.xtec.cat\/iesperealsius\/wp-json\/wp\/v2\/pages"}],"about":[{"href":"https:\/\/agora.xtec.cat\/iesperealsius\/wp-json\/wp\/v2\/types\/page"}],"author":[{"embeddable":true,"href":"https:\/\/agora.xtec.cat\/iesperealsius\/wp-json\/wp\/v2\/users\/1"}],"replies":[{"embeddable":true,"href":"https:\/\/agora.xtec.cat\/iesperealsius\/wp-json\/wp\/v2\/comments?post=5489"}],"version-history":[{"count":2,"href":"https:\/\/agora.xtec.cat\/iesperealsius\/wp-json\/wp\/v2\/pages\/5489\/revisions"}],"predecessor-version":[{"id":5492,"href":"https:\/\/agora.xtec.cat\/iesperealsius\/wp-json\/wp\/v2\/pages\/5489\/revisions\/5492"}],"up":[{"embeddable":true,"href":"https:\/\/agora.xtec.cat\/iesperealsius\/wp-json\/wp\/v2\/pages\/5458"}],"wp:attachment":[{"href":"https:\/\/agora.xtec.cat\/iesperealsius\/wp-json\/wp\/v2\/media?parent=5489"}],"curies":[{"name":"wp","href":"https:\/\/api.w.org\/{rel}","templated":true}]}}