{"id":5471,"date":"2020-04-27T18:56:53","date_gmt":"2020-04-27T16:56:53","guid":{"rendered":"https:\/\/agora.xtec.cat\/iesperealsius\/?page_id=5471"},"modified":"2026-04-08T21:21:34","modified_gmt":"2026-04-08T19:21:34","slug":"informacio-general-cicle-formatiu-grau-superior-condicionament-fisic","status":"publish","type":"page","link":"https:\/\/agora.xtec.cat\/iesperealsius\/estudis\/cicles-formatius-2\/informacio-general-cicle-formatiu-grau-superior-condicionament-fisic\/","title":{"rendered":"Informaci\u00f3 General Cicle Formatiu Grau Superior &#8211; Condicionament F\u00edsic"},"content":{"rendered":"<p><b>T\u00e8cnic o T\u00e8cnica Superior en Condicionament F\u00edsic<\/b><\/p>\n<p><iframe loading=\"lazy\" title=\"YouTube video player\" src=\"https:\/\/www.youtube.com\/embed\/6tMJvFrLpWQ\" width=\"1200\" height=\"600\" frameborder=\"0\" allowfullscreen=\"allowfullscreen\"><\/iframe><\/p>\n<p><span style=\"font-weight: 400;\">Aquests estudis capaciten per elaborar, coordinar, desenvolupar i avaluar programes de condicionament f\u00edsic per a tot tipus d\u2019usuaris i en diferents espais de pr\u00e0ctica, dinamitzant les activitats i orientant-les cap a la millora de la qualitat de vida i la salut, garantint-ne la seguretat i aplicant criteris de qualitat, tant en el proc\u00e9s com en els resultats del servei.<\/span><\/p>\n<p><span style=\"font-weight: 400;\">T\u00e9 una durada de 2000 hores (1617 hores a l\u2019institut i 383 hores en un centre de treball) distribu\u00efdes en <\/span><b>dos cursos<\/b><span style=\"font-weight: 400;\"> escolars.\u00a0<\/span><\/p>\n<p><span style=\"font-weight: 400;\">CF de Grau Superior: Condicionament F\u00edsic<\/span> <b>\u00a0<\/b><b><i>DUAL<\/i><\/b><\/p>\n<p><a href=\"https:\/\/agora.xtec.cat\/iesperealsius\/wp-content\/uploads\/usu45\/2026\/04\/A_4-conndicionament-fisic_page-0001.jpg\"><img loading=\"lazy\" decoding=\"async\" class=\"alignnone wp-image-12981 size-full\" src=\"https:\/\/agora.xtec.cat\/iesperealsius\/wp-content\/uploads\/usu45\/2026\/04\/A_4-conndicionament-fisic_page-0001.jpg\" alt=\"\" width=\"1842\" height=\"1328\" srcset=\"https:\/\/agora.xtec.cat\/iesperealsius\/wp-content\/uploads\/usu45\/2026\/04\/A_4-conndicionament-fisic_page-0001.jpg 1842w, https:\/\/agora.xtec.cat\/iesperealsius\/wp-content\/uploads\/usu45\/2026\/04\/A_4-conndicionament-fisic_page-0001-300x216.jpg 300w, https:\/\/agora.xtec.cat\/iesperealsius\/wp-content\/uploads\/usu45\/2026\/04\/A_4-conndicionament-fisic_page-0001-1024x738.jpg 1024w, https:\/\/agora.xtec.cat\/iesperealsius\/wp-content\/uploads\/usu45\/2026\/04\/A_4-conndicionament-fisic_page-0001-768x554.jpg 768w, https:\/\/agora.xtec.cat\/iesperealsius\/wp-content\/uploads\/usu45\/2026\/04\/A_4-conndicionament-fisic_page-0001-1536x1107.jpg 1536w\" sizes=\"auto, (max-width: 1842px) 100vw, 1842px\" \/><\/a><\/p>\n<p><a href=\"https:\/\/agora.xtec.cat\/iesperealsius\/wp-content\/uploads\/usu45\/2026\/04\/A_4-conndicionament-fisic_page-0002.jpg\"><img loading=\"lazy\" decoding=\"async\" class=\"alignnone wp-image-12980 size-full\" src=\"https:\/\/agora.xtec.cat\/iesperealsius\/wp-content\/uploads\/usu45\/2026\/04\/A_4-conndicionament-fisic_page-0002.jpg\" alt=\"\" width=\"1842\" height=\"1328\" srcset=\"https:\/\/agora.xtec.cat\/iesperealsius\/wp-content\/uploads\/usu45\/2026\/04\/A_4-conndicionament-fisic_page-0002.jpg 1842w, https:\/\/agora.xtec.cat\/iesperealsius\/wp-content\/uploads\/usu45\/2026\/04\/A_4-conndicionament-fisic_page-0002-300x216.jpg 300w, https:\/\/agora.xtec.cat\/iesperealsius\/wp-content\/uploads\/usu45\/2026\/04\/A_4-conndicionament-fisic_page-0002-1024x738.jpg 1024w, https:\/\/agora.xtec.cat\/iesperealsius\/wp-content\/uploads\/usu45\/2026\/04\/A_4-conndicionament-fisic_page-0002-768x554.jpg 768w, https:\/\/agora.xtec.cat\/iesperealsius\/wp-content\/uploads\/usu45\/2026\/04\/A_4-conndicionament-fisic_page-0002-1536x1107.jpg 1536w\" sizes=\"auto, (max-width: 1842px) 100vw, 1842px\" \/><\/a><\/p>\n<p>&nbsp;<\/p>\n","protected":false},"excerpt":{"rendered":"<p>T\u00e8cnic o T\u00e8cnica Superior en Condicionament F\u00edsic<\/p>\n<p>Aquests estudis capaciten per elaborar, coordinar, desenvolupar i avaluar programes de condicionament f\u00edsic per a tot tipus d\u2019usuaris i en diferents espais de pr\u00e0ctica, dinamitzant les activitats i orientant-les cap a la millora de la qualitat de vida i&hellip;  <a href=\"https:\/\/agora.xtec.cat\/iesperealsius\/estudis\/cicles-formatius-2\/informacio-general-cicle-formatiu-grau-superior-condicionament-fisic\/\" title=\"Read Informaci\u00f3 General Cicle Formatiu Grau Superior &#8211; Condicionament F\u00edsic\">Llegeix m\u00e9s\u00bb<\/a><\/p>\n","protected":false},"author":1,"featured_media":0,"parent":2568,"menu_order":2,"comment_status":"closed","ping_status":"closed","template":"page-templates\/side-menu.php","meta":{"_bbp_topic_count":0,"_bbp_reply_count":0,"_bbp_total_topic_count":0,"_bbp_total_reply_count":0,"_bbp_voice_count":0,"_bbp_anonymous_reply_count":0,"_bbp_topic_count_hidden":0,"_bbp_reply_count_hidden":0,"_bbp_forum_subforum_count":0,"footnotes":""},"class_list":["post-5471","page","type-page","status-publish","hentry"],"post_mailing_queue_ids":[],"_links":{"self":[{"href":"https:\/\/agora.xtec.cat\/iesperealsius\/wp-json\/wp\/v2\/pages\/5471","targetHints":{"allow":["GET"]}}],"collection":[{"href":"https:\/\/agora.xtec.cat\/iesperealsius\/wp-json\/wp\/v2\/pages"}],"about":[{"href":"https:\/\/agora.xtec.cat\/iesperealsius\/wp-json\/wp\/v2\/types\/page"}],"author":[{"embeddable":true,"href":"https:\/\/agora.xtec.cat\/iesperealsius\/wp-json\/wp\/v2\/users\/1"}],"replies":[{"embeddable":true,"href":"https:\/\/agora.xtec.cat\/iesperealsius\/wp-json\/wp\/v2\/comments?post=5471"}],"version-history":[{"count":5,"href":"https:\/\/agora.xtec.cat\/iesperealsius\/wp-json\/wp\/v2\/pages\/5471\/revisions"}],"predecessor-version":[{"id":12982,"href":"https:\/\/agora.xtec.cat\/iesperealsius\/wp-json\/wp\/v2\/pages\/5471\/revisions\/12982"}],"up":[{"embeddable":true,"href":"https:\/\/agora.xtec.cat\/iesperealsius\/wp-json\/wp\/v2\/pages\/2568"}],"wp:attachment":[{"href":"https:\/\/agora.xtec.cat\/iesperealsius\/wp-json\/wp\/v2\/media?parent=5471"}],"curies":[{"name":"wp","href":"https:\/\/api.w.org\/{rel}","templated":true}]}}