{"id":5458,"date":"2020-04-27T18:06:03","date_gmt":"2020-04-27T16:06:03","guid":{"rendered":"https:\/\/agora.xtec.cat\/iesperealsius\/?page_id=5458"},"modified":"2024-11-14T13:08:13","modified_gmt":"2024-11-14T12:08:13","slug":"cfgs-condicionament-fisic","status":"publish","type":"page","link":"https:\/\/agora.xtec.cat\/iesperealsius\/estudis\/cicles-formatius-2\/cfgs-condicionament-fisic\/","title":{"rendered":"CFGS &#8211; Condicionament F\u00edsic"},"content":{"rendered":"<div class=\"row\">\n<p>&nbsp;<\/p>\n<div class=\"containerCFGS40\" style=\"text-align: center;\">\n<p><span style=\"font-size: 30px; color: #ffa00c;\">CFGS<\/span> <a href=\"https:\/\/agora.xtec.cat\/iesperealsius\/estudis\/cicles-formatius-2\/informacio-general-cicle-formatiu-grau-superior-condicionament-fisic\/\"> <img decoding=\"async\" class=\"imageEE alignright\" style=\"width: 100%;\" src=\"https:\/\/agora.xtec.cat\/iesperealsius\/wp-content\/uploads\/usu45\/2020\/04\/Informaci\u00f3-general-1-e1588003759289.jpg\" \/> <\/a><\/p>\n<div class=\"middle40\">\n<p>&nbsp;<\/p>\n<div class=\"text40\">Informaci\u00f3 general<\/div>\n<p>&nbsp;<\/p>\n<\/div>\n<p>&nbsp;<\/p>\n<\/div>\n<p>&nbsp;<\/p>\n<div class=\"container20\"><a href=\"https:\/\/agora.xtec.cat\/iesperealsius\/estudis\/cicles-formatius-2\/informacio-general-cicle-formatiu-grau-superior-condicionament-fisic\/jornada-portes-obertes-cfgs-cf\/\"> <img decoding=\"async\" class=\"image20\" src=\"https:\/\/agora.xtec.cat\/iesperealsius\/wp-content\/uploads\/usu45\/2020\/05\/JPO_CF.jpg\" \/> <\/a><\/div>\n<p>&nbsp;<\/p>\n<div class=\"container20\"><a href=\"https:\/\/agora.xtec.cat\/iesperealsius\/estudis\/cicles-formatius-2\/fp-dual-cf\/\"> <img decoding=\"async\" class=\"image20b\" src=\"https:\/\/agora.xtec.cat\/iesperealsius\/wp-content\/uploads\/usu45\/2020\/04\/DUAL_alta.jpg\" \/> <\/a><\/div>\n<p>&nbsp;<\/p>\n<\/div>\n<p>&nbsp;<\/p>\n<p>&nbsp;<\/p>\n<hr \/>\n<div class=\"container25\" style=\"text-align: center;\"><span style=\"font-size: 24px; color: #ffa00c;\">MP01<\/span><br \/>\n<a href=\"https:\/\/agora.xtec.cat\/iesperealsius\/estudis\/cicles-formatius-2\/cfgs-condicionament-fisic\/mp01-valoracio-de-la-condicio-fisica\/\"><br \/>\n<img decoding=\"async\" class=\"imageEE\" src=\"https:\/\/agora.xtec.cat\/iesperealsius\/wp-content\/uploads\/usu45\/2020\/04\/MP01.-Condici\u00f3-f\u00edsica-jpg-e1588003993153.jpg\" \/><\/a><\/p>\n<div class=\"middle25\">\n<div class=\"text25\">Valoraci\u00f3 de la condici\u00f3 f\u00edsica<\/div>\n<\/div>\n<\/div>\n<div class=\"container25\" style=\"text-align: center;\"><span style=\"font-size: 24px; color: #ffa00c;\">MP02<\/span><br \/>\n<a href=\"https:\/\/agora.xtec.cat\/iesperealsius\/estudis\/cicles-formatius-2\/cfgs-condicionament-fisic\/mp02-habilitats-socials\/\"><br \/>\n<img decoding=\"async\" class=\"imageEE\" src=\"https:\/\/agora.xtec.cat\/iesperealsius\/wp-content\/uploads\/usu45\/2020\/04\/MP02.-Habilitats-Socials-e1588004569719.jpg\" \/><\/a><\/p>\n<div class=\"middle25\">\n<div class=\"text25\">Habilitats socials<\/div>\n<\/div>\n<\/div>\n<div class=\"container25\" style=\"text-align: center;\"><span style=\"font-size: 24px; color: #ffa00c;\">MP03<\/span><br \/>\n<a href=\"https:\/\/agora.xtec.cat\/iesperealsius\/estudis\/cicles-formatius-2\/cfgs-condicionament-fisic\/mp03-fitness-en-sala-dentrenament-polivalent\/\"><br \/>\n<img decoding=\"async\" class=\"imageEE\" src=\"https:\/\/agora.xtec.cat\/iesperealsius\/wp-content\/uploads\/usu45\/2020\/04\/MP03.Fitness-en-sala-entrenament-polivalent-e1588004067829.jpg\" \/><\/a><\/p>\n<div class=\"middle25\">\n<div class=\"text25\">Fitness en sala d&#8217;entrenament poliesportiva<\/div>\n<\/div>\n<\/div>\n<div class=\"container25\" style=\"text-align: center;\"><span style=\"font-size: 24px; color: #ffa00c;\">MP04<\/span><br \/>\n<a href=\"https:\/\/agora.xtec.cat\/iesperealsius\/estudis\/cicles-formatius-2\/cfgs-condicionament-fisic\/mp04-activitats-basiques-de-condicionament-fisic-amb-suport-musical\/\"><br \/>\n<img decoding=\"async\" class=\"imageEE\" src=\"https:\/\/agora.xtec.cat\/iesperealsius\/wp-content\/uploads\/usu45\/2021\/04\/MP4_CF_21.jpg\" \/><\/a><\/p>\n<div class=\"middle25\">\n<div class=\"text25\">Activitats b\u00e0siques de condicionament f\u00edsic amb suport musical<\/div>\n<\/div>\n<\/div>\n<p>&nbsp;<\/p>\n<div class=\"container25\" style=\"text-align: center;\"><span style=\"font-size: 24px; color: #ffa00c;\">MP05<\/span><br \/>\n<a href=\"https:\/\/agora.xtec.cat\/iesperealsius\/estudis\/cicles-formatius-2\/cfgs-condicionament-fisic\/mp05\/\/\"><br \/>\n<img decoding=\"async\" class=\"imageEE\" src=\"https:\/\/agora.xtec.cat\/iesperealsius\/wp-content\/uploads\/usu45\/2021\/04\/MP5_CF_21.jpg\" \/><\/a><\/p>\n<div class=\"middle25\">\n<div class=\"text25\">Activitats especialitzades de condicionament f\u00edsic amb suport musical<\/div>\n<\/div>\n<\/div>\n<div class=\"container25\" style=\"text-align: center;\"><span style=\"font-size: 24px; color: #ffa00c;\">MP06<\/span><br \/>\n<a href=\"https:\/\/agora.xtec.cat\/iesperealsius\/estudis\/cicles-formatius-2\/cfgs-condicionament-fisic\/mp06-condicionament-fisic-a-laigua\/\"><br \/>\n<img decoding=\"async\" class=\"imageEE\" src=\"https:\/\/agora.xtec.cat\/iesperealsius\/wp-content\/uploads\/usu45\/2021\/04\/MP6_CF_21.jpg\" \/><\/a><\/p>\n<div class=\"middle25\">\n<div class=\"text25\">Condicionament f\u00edsic a l&#8217;aigua<\/div>\n<\/div>\n<\/div>\n<div class=\"container25\" style=\"text-align: center;\"><span style=\"font-size: 24px; color: #ffa00c;\">MP07<\/span><br \/>\n<a href=\"https:\/\/agora.xtec.cat\/iesperealsius\/estudis\/cicles-formatius-2\/cfgs-condicionament-fisic\/mp07-tecniques-dhicrocinesia\/\"><br \/>\n<img decoding=\"async\" class=\"imageEE\" src=\"https:\/\/agora.xtec.cat\/iesperealsius\/wp-content\/uploads\/usu45\/2020\/04\/MP07.-T\u00e8cniques-hidrocin\u00e8sia-e1588004520399.jpg\" \/><\/a><\/p>\n<div class=\"middle25\">\n<div class=\"text25\">T\u00e8cniques d&#8217;hicrocin\u00e8sia<\/div>\n<\/div>\n<\/div>\n<div class=\"container25\" style=\"text-align: center;\"><span style=\"font-size: 24px; color: #ffa00c;\">MP08<\/span><br \/>\n<a href=\"https:\/\/agora.xtec.cat\/iesperealsius\/estudis\/cicles-formatius-2\/cfgs-condicionament-fisic\/mp08-control-postural-benestar-i-manteniment-funcional\/\"><br \/>\n<img decoding=\"async\" class=\"imageEE\" src=\"https:\/\/agora.xtec.cat\/iesperealsius\/wp-content\/uploads\/usu45\/2021\/04\/MP8_CF_21.jpg\" \/><\/a><\/p>\n<div class=\"middle25\">\n<div class=\"text25\">Control postural, benestar i manteniment funcional<\/div>\n<\/div>\n<\/div>\n<p>&nbsp;<\/p>\n<div class=\"container25\" style=\"text-align: center;\"><span style=\"font-size: 24px; color: #ffa00c;\">MP09<\/span><br \/>\n<a href=\"https:\/\/agora.xtec.cat\/iesperealsius\/estudis\/cicles-formatius-2\/cfgs-condicionament-fisic\/mp09-formacio-i-orientacio-laboral\/\"><br \/>\n<img decoding=\"async\" class=\"imageEE\" src=\"https:\/\/agora.xtec.cat\/iesperealsius\/wp-content\/uploads\/usu45\/2020\/04\/MP09.FOL_-1-e1588004234328.jpg\" \/><\/a><\/p>\n<div class=\"middle25\">\n<div class=\"text25\">Formaci\u00f3 i orientaci\u00f3 laboral<\/div>\n<\/div>\n<\/div>\n<div class=\"container25\" style=\"text-align: center;\"><span style=\"font-size: 24px; color: #ffa00c;\">MP10<\/span><br \/>\n<a href=\"https:\/\/agora.xtec.cat\/iesperealsius\/estudis\/cicles-formatius-2\/cfgs-condicionament-fisic\/mp10-empresa-i-iniciativa-emprenedora\/\"><br \/>\n<img decoding=\"async\" class=\"imageEE\" src=\"https:\/\/agora.xtec.cat\/iesperealsius\/wp-content\/uploads\/usu45\/2020\/04\/MP10.EIE_-1-e1588004122224.jpg\" \/><\/a><\/p>\n<div class=\"middle25\">\n<div class=\"text25\">Empresa i iniciativa emprenedora<\/div>\n<\/div>\n<\/div>\n<div class=\"container25\" style=\"text-align: center;\"><span style=\"font-size: 24px; color: #ffa00c;\">MP11<\/span><br \/>\n<a href=\"https:\/\/agora.xtec.cat\/iesperealsius\/estudis\/cicles-formatius-2\/cfgs-condicionament-fisic\/mp11-angles-tecnic\/\"><br \/>\n<img decoding=\"async\" class=\"imageEE\" src=\"https:\/\/agora.xtec.cat\/iesperealsius\/wp-content\/uploads\/usu45\/2020\/04\/MP11.-Angl\u00e8s-1-e1588004288966.jpg\" \/><\/a><\/p>\n<div class=\"middle25\">\n<div class=\"text25\">Angl\u00e8s t\u00e8cnic<\/div>\n<\/div>\n<\/div>\n<div class=\"container25\" style=\"text-align: center;\"><span style=\"font-size: 24px; color: #ffa00c;\">MP12<\/span><br \/>\n<a href=\"https:\/\/agora.xtec.cat\/iesperealsius\/estudis\/cicles-formatius-2\/cfgs-condicionament-fisic\/mp12-projecte\/\"><br \/>\n<img decoding=\"async\" class=\"imageEE\" src=\"https:\/\/agora.xtec.cat\/iesperealsius\/wp-content\/uploads\/usu45\/2020\/04\/MP12.-Projecte-condicionament-f\u00edsic-1-e1588004179858.jpg\" \/><\/a><\/p>\n<div class=\"middle25\">\n<div class=\"text25\">Projecte<\/div>\n<\/div>\n<\/div>\n","protected":false},"excerpt":{"rendered":"<p>&nbsp;<\/p>\n<p>CFGS <a href=\"https:\/\/agora.xtec.cat\/iesperealsius\/estudis\/cicles-formatius-2\/informacio-general-cicle-formatiu-grau-superior-condicionament-fisic\/\">  <\/a><\/p>\n<p>&nbsp;<br \/>\nInformaci\u00f3 general<br \/>\n&nbsp;<\/p>\n<p>&nbsp;<\/p>\n<p>&nbsp;<br \/>\n<a href=\"https:\/\/agora.xtec.cat\/iesperealsius\/estudis\/cicles-formatius-2\/informacio-general-cicle-formatiu-grau-superior-condicionament-fisic\/jornada-portes-obertes-cfgs-cf\/\">  <\/a><br \/>\n&nbsp;<br \/>\n<a href=\"https:\/\/agora.xtec.cat\/iesperealsius\/estudis\/cicles-formatius-2\/fp-dual-cf\/\">  <\/a><br \/>\n&nbsp;<\/p>\n<p>&nbsp;<br \/>\n&nbsp;<\/p>\n<p>MP01<br \/>\n<a href=\"https:\/\/agora.xtec.cat\/iesperealsius\/estudis\/cicles-formatius-2\/cfgs-condicionament-fisic\/mp01-valoracio-de-la-condicio-fisica\/\"><br \/>\n<\/a><\/p>\n<p>Valoraci\u00f3 de la condici\u00f3 f\u00edsica<\/p>\n<p>MP02<br \/>\n<a href=\"https:\/\/agora.xtec.cat\/iesperealsius\/estudis\/cicles-formatius-2\/cfgs-condicionament-fisic\/mp02-habilitats-socials\/\"><br \/>\n<\/a><\/p>\n<p>Habilitats socials<\/p>\n<p>MP03<br \/>\n<a href=\"https:\/\/agora.xtec.cat\/iesperealsius\/estudis\/cicles-formatius-2\/cfgs-condicionament-fisic\/mp03-fitness-en-sala-dentrenament-polivalent\/\"><br \/>\n<\/a><\/p>\n<p>Fitness en sala d&#8217;entrenament poliesportiva<\/p>\n<p>MP04<br \/>\n<a href=\"https:\/\/agora.xtec.cat\/iesperealsius\/estudis\/cicles-formatius-2\/cfgs-condicionament-fisic\/mp04-activitats-basiques-de-condicionament-fisic-amb-suport-musical\/\"><br \/>\n<\/a><\/p>\n<p>Activitats b\u00e0siques de condicionament f\u00edsic amb suport musical<\/p>\n<p>&nbsp;<br \/>\nMP05<br \/>\n<a href=\"https:\/\/agora.xtec.cat\/iesperealsius\/estudis\/cicles-formatius-2\/cfgs-condicionament-fisic\/mp05\/\/\"><br \/>\n<\/a><\/p>\n<p>Activitats especialitzades de condicionament f\u00edsic amb suport musical<\/p>\n<p>MP06<br \/>\n<a href=\"https:\/\/agora.xtec.cat\/iesperealsius\/estudis\/cicles-formatius-2\/cfgs-condicionament-fisic\/mp06-condicionament-fisic-a-laigua\/\"><br \/>\n<\/a><\/p>\n<p>Condicionament f\u00edsic a l&#8217;aigua<\/p>\n<p>MP07<br \/>\n<a href=\"https:\/\/agora.xtec.cat\/iesperealsius\/estudis\/cicles-formatius-2\/cfgs-condicionament-fisic\/mp07-tecniques-dhicrocinesia\/\"><br \/>\n<\/a><\/p>\n<p>T\u00e8cniques&hellip;  <a href=\"https:\/\/agora.xtec.cat\/iesperealsius\/estudis\/cicles-formatius-2\/cfgs-condicionament-fisic\/\" title=\"Read CFGS &#8211; Condicionament F\u00edsic\">Llegeix m\u00e9s\u00bb<\/a><\/p>\n","protected":false},"author":1,"featured_media":0,"parent":2568,"menu_order":3,"comment_status":"closed","ping_status":"closed","template":"","meta":{"_bbp_topic_count":0,"_bbp_reply_count":0,"_bbp_total_topic_count":0,"_bbp_total_reply_count":0,"_bbp_voice_count":0,"_bbp_anonymous_reply_count":0,"_bbp_topic_count_hidden":0,"_bbp_reply_count_hidden":0,"_bbp_forum_subforum_count":0,"footnotes":""},"class_list":["post-5458","page","type-page","status-publish","hentry"],"post_mailing_queue_ids":[],"_links":{"self":[{"href":"https:\/\/agora.xtec.cat\/iesperealsius\/wp-json\/wp\/v2\/pages\/5458","targetHints":{"allow":["GET"]}}],"collection":[{"href":"https:\/\/agora.xtec.cat\/iesperealsius\/wp-json\/wp\/v2\/pages"}],"about":[{"href":"https:\/\/agora.xtec.cat\/iesperealsius\/wp-json\/wp\/v2\/types\/page"}],"author":[{"embeddable":true,"href":"https:\/\/agora.xtec.cat\/iesperealsius\/wp-json\/wp\/v2\/users\/1"}],"replies":[{"embeddable":true,"href":"https:\/\/agora.xtec.cat\/iesperealsius\/wp-json\/wp\/v2\/comments?post=5458"}],"version-history":[{"count":5,"href":"https:\/\/agora.xtec.cat\/iesperealsius\/wp-json\/wp\/v2\/pages\/5458\/revisions"}],"predecessor-version":[{"id":11518,"href":"https:\/\/agora.xtec.cat\/iesperealsius\/wp-json\/wp\/v2\/pages\/5458\/revisions\/11518"}],"up":[{"embeddable":true,"href":"https:\/\/agora.xtec.cat\/iesperealsius\/wp-json\/wp\/v2\/pages\/2568"}],"wp:attachment":[{"href":"https:\/\/agora.xtec.cat\/iesperealsius\/wp-json\/wp\/v2\/media?parent=5458"}],"curies":[{"name":"wp","href":"https:\/\/api.w.org\/{rel}","templated":true}]}}