{"id":540,"date":"2018-07-23T22:37:46","date_gmt":"2018-07-23T20:37:46","guid":{"rendered":"http:\/\/agora.xtec.cat\/iesperealsius\/?page_id=540"},"modified":"2025-11-17T21:27:01","modified_gmt":"2025-11-17T20:27:01","slug":"salut-i-escola","status":"publish","type":"page","link":"https:\/\/agora.xtec.cat\/iesperealsius\/serveis\/salut-i-escola\/","title":{"rendered":"Salut i escola"},"content":{"rendered":"<p><a href=\"https:\/\/agora.xtec.cat\/iesperealsius\/wp-content\/uploads\/usu45\/2018\/11\/se.jpg\"><img loading=\"lazy\" decoding=\"async\" class=\"alignnone size-full wp-image-820\" src=\"https:\/\/agora.xtec.cat\/iesperealsius\/wp-content\/uploads\/usu45\/2018\/11\/se.jpg\" alt=\"\" width=\"813\" height=\"296\" srcset=\"https:\/\/agora.xtec.cat\/iesperealsius\/wp-content\/uploads\/usu45\/2018\/11\/se.jpg 813w, https:\/\/agora.xtec.cat\/iesperealsius\/wp-content\/uploads\/usu45\/2018\/11\/se-300x109.jpg 300w, https:\/\/agora.xtec.cat\/iesperealsius\/wp-content\/uploads\/usu45\/2018\/11\/se-768x280.jpg 768w\" sizes=\"auto, (max-width: 813px) 100vw, 813px\" \/><\/a><\/p>\n<p><strong>Consulta oberta a l\u2019INS PERE ALSIUS<\/strong><\/p>\n<p>El nostre objectiu \u00e9s millorar la vostra salut mitjan\u00e7ant accions de prevenci\u00f3 i promoci\u00f3 de la salut, d&#8217;una manera estrictament confidencial.<\/p>\n<p><strong><u>Com t&#8217;ajudem?<\/u><\/strong><\/p>\n<ul>\n<li>T&#8217;informem i t&#8217;orientem sobre les drogues, l&#8217;alimentaci\u00f3&#8230;<\/li>\n<li>T&#8217;oferim informaci\u00f3 sobre sexualitat: atenci\u00f3 ginecol\u00f2gica i assessorament sobre m\u00e8todes anticonceptius, la p\u00edndola de l&#8217;endem\u00e0 o les malalties de transmissi\u00f3 sexual.<\/li>\n<li>T&#8217;ajudem a con\u00e8ixer les teves emocions.<\/li>\n<li>T&#8217;orientem sobre aspectes generals en relaci\u00f3 a la teva salut.<\/li>\n<li>T&#8217;oferim suport psicol\u00f2gic sobre tots aquests temes i d&#8217;altres que et puguin preocupar.<\/li>\n<\/ul>\n<p>&nbsp;<\/p>\n<p><strong><u>Qui som ?<\/u><\/strong><\/p>\n<p>Som un col\u00b7lectiu d&#8217;infermeres de la vostra ABS que volem facilitar informaci\u00f3 en temes relacionats amb la salut que et preocupin sobre els quals et manqui informaci\u00f3. Per\u00f2 sobretot volem ajudar-te, sempre d&#8217;una manera confidencial i respectant tothora la teva intimitat.<\/p>\n<p>A l\u2019Institut la teva infermera de refer\u00e8ncia \u00e9s la <strong>Nat\u00e0lia Capell.<\/strong><\/p>\n<p><strong>\u00a0<\/strong><\/p>\n<p><u><strong>Com\u00a0 demanar hora de visita?<\/strong><\/u><\/p>\n<p><!-- Google Calendar Appointment Scheduling begin -->\n<link href=\"https:\/\/calendar.google.com\/calendar\/scheduling-button-script.css\" rel=\"stylesheet\">\n<script src=\"https:\/\/calendar.google.com\/calendar\/scheduling-button-script.js\" async><\/script><br \/>\n<script>\n(function() {\n  var target = document.currentScript;\n  window.addEventListener('load', function() {\n    calendar.schedulingButton.load({\n      url: 'https:\/\/calendar.google.com\/calendar\/appointments\/schedules\/AcZssZ3S4Yp_-TyCQtvgx5Rg4L2_wFEn7Q4FOQS-yDvEjRdOPnPNeivvOY9HecaYFaG0HinVTcPiaIyd?gv=true',\n      color: '#039BE5',\n      label: 'Reserva una cita',\n      target,\n    });\n  });\n})();\n<\/script><br \/>\n<!-- end Google Calendar Appointment Scheduling --><\/p>\n<ul>\n<li>Tamb\u00e9 pots realitzar consultes on-line a trav\u00e9s de l\u2019adre\u00e7a: <b><a href=\"mailto:salut@iesperealsius.cat\">salut@iesperealsius.cat<\/a><\/b><\/li>\n<\/ul>\n<p>Programa Salut i Escola: <a href=\"https:\/\/salutpublica.gencat.cat\/ca\/ambits\/promocio_salut\/Infancia-i-adolescencia\/Adolescencia\/salut-i-escola\/\">https:\/\/salutpublica.gencat.cat\/<\/a><\/p>\n","protected":false},"excerpt":{"rendered":"<p><a href=\"https:\/\/agora.xtec.cat\/iesperealsius\/wp-content\/uploads\/usu45\/2018\/11\/se.jpg\"><\/a><br \/>\nConsulta oberta a l\u2019INS PERE ALSIUS<br \/>\nEl nostre objectiu \u00e9s millorar la vostra salut mitjan\u00e7ant accions de prevenci\u00f3 i promoci\u00f3 de la salut, d&#8217;una manera estrictament confidencial.<br \/>\nCom t&#8217;ajudem?<\/p>\n<ul>\n<li>T&#8217;informem i t&#8217;orientem sobre les drogues, l&#8217;alimentaci\u00f3&#8230;<\/li>\n<li>T&#8217;oferim informaci\u00f3 sobre sexualitat: atenci\u00f3 ginecol\u00f2gica i assessorament sobre m\u00e8todes anticonceptius, la&hellip;  <a href=\"https:\/\/agora.xtec.cat\/iesperealsius\/serveis\/salut-i-escola\/\" title=\"Read Salut i escola\">Llegeix m\u00e9s\u00bb<\/a><br \/>\n","protected":false},"author":1,"featured_media":0,"parent":63,"menu_order":50,"comment_status":"closed","ping_status":"closed","template":"page-templates\/side-menu.php","meta":{"_bbp_topic_count":0,"_bbp_reply_count":0,"_bbp_total_topic_count":0,"_bbp_total_reply_count":0,"_bbp_voice_count":0,"_bbp_anonymous_reply_count":0,"_bbp_topic_count_hidden":0,"_bbp_reply_count_hidden":0,"_bbp_forum_subforum_count":0,"footnotes":""},"class_list":["post-540","page","type-page","status-publish","hentry"],"post_mailing_queue_ids":[],"_links":{"self":[{"href":"https:\/\/agora.xtec.cat\/iesperealsius\/wp-json\/wp\/v2\/pages\/540","targetHints":{"allow":["GET"]}}],"collection":[{"href":"https:\/\/agora.xtec.cat\/iesperealsius\/wp-json\/wp\/v2\/pages"}],"about":[{"href":"https:\/\/agora.xtec.cat\/iesperealsius\/wp-json\/wp\/v2\/types\/page"}],"author":[{"embeddable":true,"href":"https:\/\/agora.xtec.cat\/iesperealsius\/wp-json\/wp\/v2\/users\/1"}],"replies":[{"embeddable":true,"href":"https:\/\/agora.xtec.cat\/iesperealsius\/wp-json\/wp\/v2\/comments?post=540"}],"version-history":[{"count":6,"href":"https:\/\/agora.xtec.cat\/iesperealsius\/wp-json\/wp\/v2\/pages\/540\/revisions"}],"predecessor-version":[{"id":12502,"href":"https:\/\/agora.xtec.cat\/iesperealsius\/wp-json\/wp\/v2\/pages\/540\/revisions\/12502"}],"up":[{"embeddable":true,"href":"https:\/\/agora.xtec.cat\/iesperealsius\/wp-json\/wp\/v2\/pages\/63"}],"wp:attachment":[{"href":"https:\/\/agora.xtec.cat\/iesperealsius\/wp-json\/wp\/v2\/media?parent=540"}],"curies":[{"name":"wp","href":"https:\/\/api.w.org\/{rel}","templated":true}]}}