{"id":5099,"date":"2020-04-08T23:36:22","date_gmt":"2020-04-08T21:36:22","guid":{"rendered":"https:\/\/agora.xtec.cat\/iesperealsius\/?page_id=5099"},"modified":"2024-11-14T08:42:50","modified_gmt":"2024-11-14T07:42:50","slug":"fp-dual","status":"publish","type":"page","link":"https:\/\/agora.xtec.cat\/iesperealsius\/estudis\/cicles-formatius-2\/fp-dual\/","title":{"rendered":"FP Dual &#8211; CFGM"},"content":{"rendered":"<p><strong>Qu\u00e8 \u00e9s la Formaci\u00f3 Professional en Dual (FP Dual)?<\/strong><\/p>\n<p>La Formaci\u00f3 Professional (FP) dual \u00e9s la modalitat de formaci\u00f3 professional en la qual l\u2019estudiant esdev\u00e9 aprenent i combina la formaci\u00f3 en el centre educatiu amb l\u2019activitat a l\u2019empresa.<\/p>\n<p>&nbsp;<\/p>\n<p><strong>On puc trobar informaci\u00f3 de qu\u00e8 \u00e9s la FP Dual?<\/strong><\/p>\n<p>Podeu trobar informaci\u00f3 detallada de la FP Dual a &#8230;<\/p>\n<ul>\n<li><a href=\"https:\/\/projectes.xtec.cat\/fpdual\/\">https:\/\/projectes.xtec.cat\/fpdual\/<\/a><\/li>\n<li><a href=\"http:\/\/queestudiar.gencat.cat\/ca\/estudis\/fp\/mesures-flexib\/fp-dual\/\">http:\/\/queestudiar.gencat.cat\/ca\/estudis\/fp\/mesures-flexib\/fp-dual\/<\/a><\/li>\n<\/ul>\n<p>&nbsp;<\/p>\n<p><strong>I l\u2019Institut Pere Alsius quins estudis ofereix en Dual?<\/strong><\/p>\n<p>Actualment l\u2019institut ofereix el <strong>CFGS Ensenyament i Animaci\u00f3 Socioesportiva<\/strong> ,el <strong>CFGS Condicionament F\u00edsic <\/strong>en format Dual, i el <strong>CFGM Guia en el Medi Natural i de Temps de Lleure.<\/strong><\/p>\n<p>Podeu trobar informaci\u00f3 de com est\u00e0 organitzat el cicle en formaci\u00f3 Dual al nostre institut en els seg\u00fcents documents:<\/p>\n<ul>\n<li>Manual de funcionament TSEAS Dual (en breu)<\/li>\n<li>Manual de funcionament CF Dual (en breu)<\/li>\n<li>Manual de funcionament CFGM Dual (en breu)<\/li>\n<li>V\u00eddeo promocional de la FP Dual a l\u2019institut:<\/li>\n<\/ul>\n<p><iframe loading=\"lazy\" title=\"YouTube video player\" src=\"https:\/\/www.youtube.com\/embed\/prjzOHEVIac\" width=\"1200\" height=\"600\" frameborder=\"0\" allowfullscreen=\"allowfullscreen\"><\/iframe><\/p>\n<p><strong>Empreses amb conveni amb l\u2019institut per a la FP Dual dels nostres alumnes:<\/strong><\/p>\n<table style=\"border-collapse: collapse; width: 100%;\">\n<tbody>\n<tr>\n<td style=\"width: 33.3333%;\"><a href=\"https:\/\/agora.xtec.cat\/iesperealsius\/wp-content\/uploads\/usu45\/2024\/11\/rockart-logo.png\"><img loading=\"lazy\" decoding=\"async\" class=\"size-full wp-image-11496 aligncenter\" src=\"https:\/\/agora.xtec.cat\/iesperealsius\/wp-content\/uploads\/usu45\/2024\/11\/rockart-logo.png\" alt=\"\" width=\"350\" height=\"260\" srcset=\"https:\/\/agora.xtec.cat\/iesperealsius\/wp-content\/uploads\/usu45\/2024\/11\/rockart-logo.png 350w, https:\/\/agora.xtec.cat\/iesperealsius\/wp-content\/uploads\/usu45\/2024\/11\/rockart-logo-300x223.png 300w, https:\/\/agora.xtec.cat\/iesperealsius\/wp-content\/uploads\/usu45\/2024\/11\/rockart-logo-200x150.png 200w\" sizes=\"auto, (max-width: 350px) 100vw, 350px\" \/><\/a><\/td>\n<td style=\"width: 33.3333%;\"><span data-sheets-root=\"1\">Rockart \u00e9s un centre que combina roc\u00f2drom amb activitats dirigides com ioga, pilates, teles a\u00e8ries i acroioga, aix\u00ed com extraescolars, cursos, workshops, entrenaments personals. Tamb\u00e9 t\u00e9 servei de gimn\u00e0s.<\/span><\/td>\n<td style=\"width: 33.3333%;\"><span data-sheets-root=\"1\">Girona<\/span><\/td>\n<\/tr>\n<tr>\n<td style=\"width: 33.3333%;\"><a href=\"https:\/\/agora.xtec.cat\/iesperealsius\/wp-content\/uploads\/usu45\/2024\/11\/vertical.png\"><img loading=\"lazy\" decoding=\"async\" class=\"size-full wp-image-11497 aligncenter\" src=\"https:\/\/agora.xtec.cat\/iesperealsius\/wp-content\/uploads\/usu45\/2024\/11\/vertical.png\" alt=\"\" width=\"201\" height=\"250\" \/><\/a><\/td>\n<td style=\"width: 33.3333%;\"><span data-sheets-root=\"1\">Vertical Emotions \u00e9s una empresa de guies de muntanya. Ofereix una \u00e0mplia gamma d&#8217;activitats, com alpinisme, barranquisme, escalada en roca, vies ferrades i esqu\u00ed de muntanya. Tamb\u00e9 ofereixen col\u00f2nies per escoles tant d&#8217;hivern com primavera.<\/span><\/td>\n<td style=\"width: 33.3333%;\"><span data-sheets-root=\"1\">Girona<\/span><\/td>\n<\/tr>\n<tr>\n<td style=\"width: 33.3333%; text-align: center;\"><span data-sheets-root=\"1\">Pol Espinosa<\/span><\/td>\n<td style=\"width: 33.3333%;\"><span data-sheets-root=\"1\">Empresa de BTT. Escoles de BTT repartides per la Garrotxa. <\/span><\/td>\n<td style=\"width: 33.3333%;\">Garrotxa<\/td>\n<\/tr>\n<\/tbody>\n<\/table>\n<p><a href=\"https:\/\/agora.xtec.cat\/iesperealsius\/wp-content\/uploads\/usu45\/2020\/04\/QR-1.jpg\"><img loading=\"lazy\" decoding=\"async\" class=\"aligncenter size-full wp-image-5106\" src=\"https:\/\/agora.xtec.cat\/iesperealsius\/wp-content\/uploads\/usu45\/2020\/04\/QR-1.jpg\" alt=\"\" width=\"320\" height=\"320\" srcset=\"https:\/\/agora.xtec.cat\/iesperealsius\/wp-content\/uploads\/usu45\/2020\/04\/QR-1.jpg 320w, https:\/\/agora.xtec.cat\/iesperealsius\/wp-content\/uploads\/usu45\/2020\/04\/QR-1-150x150.jpg 150w, https:\/\/agora.xtec.cat\/iesperealsius\/wp-content\/uploads\/usu45\/2020\/04\/QR-1-300x300.jpg 300w\" sizes=\"auto, (max-width: 320px) 100vw, 320px\" \/><\/a><\/p>\n","protected":false},"excerpt":{"rendered":"<p>Qu\u00e8 \u00e9s la Formaci\u00f3 Professional en Dual (FP Dual)?<br \/>\nLa Formaci\u00f3 Professional (FP) dual \u00e9s la modalitat de formaci\u00f3 professional en la qual l\u2019estudiant esdev\u00e9 aprenent i combina la formaci\u00f3 en el centre educatiu amb l\u2019activitat a l\u2019empresa.<br \/>\n&nbsp;<br \/>\nOn puc trobar informaci\u00f3 de qu\u00e8 \u00e9s la FP&hellip;  <a href=\"https:\/\/agora.xtec.cat\/iesperealsius\/estudis\/cicles-formatius-2\/fp-dual\/\" title=\"Read FP Dual &#8211; CFGM\">Llegeix m\u00e9s\u00bb<\/a><\/p>\n","protected":false},"author":1,"featured_media":0,"parent":2568,"menu_order":70,"comment_status":"closed","ping_status":"closed","template":"page-templates\/side-menu.php","meta":{"_bbp_topic_count":0,"_bbp_reply_count":0,"_bbp_total_topic_count":0,"_bbp_total_reply_count":0,"_bbp_voice_count":0,"_bbp_anonymous_reply_count":0,"_bbp_topic_count_hidden":0,"_bbp_reply_count_hidden":0,"_bbp_forum_subforum_count":0,"footnotes":""},"class_list":["post-5099","page","type-page","status-publish","hentry"],"post_mailing_queue_ids":[],"_links":{"self":[{"href":"https:\/\/agora.xtec.cat\/iesperealsius\/wp-json\/wp\/v2\/pages\/5099","targetHints":{"allow":["GET"]}}],"collection":[{"href":"https:\/\/agora.xtec.cat\/iesperealsius\/wp-json\/wp\/v2\/pages"}],"about":[{"href":"https:\/\/agora.xtec.cat\/iesperealsius\/wp-json\/wp\/v2\/types\/page"}],"author":[{"embeddable":true,"href":"https:\/\/agora.xtec.cat\/iesperealsius\/wp-json\/wp\/v2\/users\/1"}],"replies":[{"embeddable":true,"href":"https:\/\/agora.xtec.cat\/iesperealsius\/wp-json\/wp\/v2\/comments?post=5099"}],"version-history":[{"count":7,"href":"https:\/\/agora.xtec.cat\/iesperealsius\/wp-json\/wp\/v2\/pages\/5099\/revisions"}],"predecessor-version":[{"id":11502,"href":"https:\/\/agora.xtec.cat\/iesperealsius\/wp-json\/wp\/v2\/pages\/5099\/revisions\/11502"}],"up":[{"embeddable":true,"href":"https:\/\/agora.xtec.cat\/iesperealsius\/wp-json\/wp\/v2\/pages\/2568"}],"wp:attachment":[{"href":"https:\/\/agora.xtec.cat\/iesperealsius\/wp-json\/wp\/v2\/media?parent=5099"}],"curies":[{"name":"wp","href":"https:\/\/api.w.org\/{rel}","templated":true}]}}