{"id":497,"date":"2018-07-09T15:29:49","date_gmt":"2018-07-09T13:29:49","guid":{"rendered":"http:\/\/agora.xtec.cat\/iesperealsius\/?page_id=497"},"modified":"2021-09-15T19:43:12","modified_gmt":"2021-09-15T17:43:12","slug":"convalidacio-musica","status":"publish","type":"page","link":"https:\/\/agora.xtec.cat\/iesperealsius\/convalidacio-musica\/","title":{"rendered":"Convalidaci\u00f3 m\u00fasica"},"content":{"rendered":"<div id=\"textApartat\">\n<p><span style=\"font-size: medium;\">Els alumnes que estiguin cursant ESO o batxillerat i, simult\u00e0niament, cursin estudis de m\u00fasica en conservatoris, centres professionals o escoles de m\u00fasica autoritzades, poden sol\u00b7licitar la convalidaci\u00f3 o el reconeixement de mat\u00e8ries d&#8217;ESO o batxillerat en els termes que s&#8217;indiquen en el quadre resum d&#8217;aquesta p\u00e0gina.<br \/>\n<\/span><\/p>\n<p>En cas de complir els requisits establerts heu de presentar al centre:<\/p>\n<p><strong>ESO:<\/strong><\/p>\n<ul>\n<li><span style=\"font-size: medium;\"><a href=\"https:\/\/agora.xtec.cat\/iesperealsius\/wp-content\/uploads\/usu45\/2021\/09\/APU154convalidacio-musica-eso.pdf\">Sol\u00b7licitud de reducci\u00f3 de mat\u00e8ries de l&#8217;educaci\u00f3 secund\u00e0ria obligat\u00f2ria (ESO) per als alumnes que cursen estudis de m\u00fasica en un conservatori o en un centre professional o en una escola de m\u00fasica autoritzada<\/a> (EMU1)<\/span><\/li>\n<\/ul>\n<p><span style=\"font-size: medium;\"><br \/>\n<strong>Batxillerat: <\/strong><br \/>\n<\/span><\/p>\n<ul>\n<li><span style=\"font-size: medium;\">Conservatori: <a href=\"https:\/\/agora.xtec.cat\/iesperealsius\/wp-content\/uploads\/usu45\/2021\/09\/APU138convalidacio-musica-bat.pdf\">Sol\u00b7licitud de reducci\u00f3 de mat\u00e8ries de la franja d&#8217;optativitat i\/o d&#8217;una mat\u00e8ria de modalitat de batxillerat basant-se en estudis de m\u00fasica en un conservatori o en un centre professional<\/a> (BMU1)<\/span><\/li>\n<\/ul>\n<ul>\n<li><span style=\"font-size: medium;\">Escola de m\u00fasica autoritzada: <a href=\"https:\/\/agora.xtec.cat\/iesperealsius\/wp-content\/uploads\/usu45\/2021\/09\/APU140convalidacio-musica-bat-2.pdf\">Sol\u00b7licitud de reducci\u00f3 de mat\u00e8ries de la franja d&#8217;optativitat i\/o d&#8217;una mat\u00e8ria de modalitat de batxillerat basant-se en estudis de m\u00fasica en una escola de m\u00fasica autoritzada<\/a> (BMU3)<\/span><\/li>\n<\/ul>\n<p><span style=\"font-size: medium;\"><br \/>\n<strong>ESO i Batxillerat (certificats a omplir pel conservatori o per l&#8217;escola de m\u00fasica):<\/strong><br \/>\n<\/span><\/p>\n<ul>\n<li><a href=\"http:\/\/educacio.gencat.cat\/documents\/FormularisModels\/CentresGestioAdministrativa\/SimultaneitatMusicaDansa\/A136.pdf\" target=\"_blank\" rel=\"noopener noreferrer\"><span style=\"font-size: medium;\">Certificat expedit pel conservatori o pel centre professional de m\u00fasica en qu\u00e8 s&#8217;acredita el curs que fa l&#8217;alumne\/a. <\/span><\/a><\/li>\n<li><a href=\"http:\/\/educacio.gencat.cat\/documents\/FormularisModels\/CentresGestioAdministrativa\/SimultaneitatMusicaDansa\/A155.pdf\" target=\"_blank\" rel=\"noopener noreferrer\">Certificat expedit per l\u2019escola de m\u00fasica autoritzada en qu\u00e8 s\u2019acredita el que fa l\u2019alumne\/a per al reconeixement dels estudis de m\u00fasica en l\u2019ESO.<\/a><\/li>\n<li><a href=\"http:\/\/educacio.gencat.cat\/documents\/FormularisModels\/CentresGestioAdministrativa\/SimultaneitatMusicaDansa\/A137.pdf\" target=\"_blank\" rel=\"noopener noreferrer\">Certificat expedit per l\u2019escola de m\u00fasica autoritzada per tal que l\u2019alumne\/a pugui acollir-se al reconeixement amb reducci\u00f3 de mat\u00e8ries de batxillerat de la franja d\u2019espec\u00edfiques.<\/a><\/li>\n<\/ul>\n<p><span style=\"font-size: medium;\"><br \/>\n<span style=\"text-decoration: underline;\"><strong><span style=\"font-size: 20px;\">Quadre resum:<\/span><\/strong><\/span><\/span><\/p>\n<table border=\"1\" cellspacing=\"1\" cellpadding=\"1\">\n<tbody>\n<tr>\n<td colspan=\"3\"><strong>ESO \/ M\u00daSICA<\/strong><\/td>\n<\/tr>\n<tr>\n<td rowspan=\"2\"><strong>Conservatori o centre professional<\/strong><\/td>\n<td colspan=\"2\"><strong>Escola autoritzada<\/strong><\/td>\n<\/tr>\n<tr>\n<td>Situaci\u00f3 A: Cursant entre 3 i 4 hores<\/td>\n<td>Situaci\u00f3 B: Cursant 4 hores o m\u00e9s<\/td>\n<\/tr>\n<tr>\n<td colspan=\"3\"><strong>Reducci\u00f3 m\u00e0xima per curs<\/strong><\/td>\n<\/tr>\n<tr>\n<td>\n<ul>\n<li style=\"list-style-type: none;\">\n<ul>\n<li>4 hores mat\u00e8ries optatives de 1r a 3r i una mat\u00e8ria optativa espec\u00edfica de 4t (*)<\/li>\n<\/ul>\n<\/li>\n<\/ul>\n<ul>\n<li style=\"list-style-type: none;\">\n<ul>\n<li>m\u00fasica (mat\u00e8ria comuna de 1r a 3r)<\/li>\n<\/ul>\n<\/li>\n<\/ul>\n<\/td>\n<td>\n<ul>\n<li style=\"list-style-type: none;\">\n<ul>\n<li>4 hores mat\u00e8ries optatives de 1r a 3r i una mat\u00e8ria optativa espec\u00edfica de 4t (*)<\/li>\n<\/ul>\n<\/li>\n<\/ul>\n<\/td>\n<td>\n<ul>\n<li style=\"list-style-type: none;\">\n<ul>\n<li>4 hores mat\u00e8ries optatives de 1r a 3r i una mat\u00e8ria optativa espec\u00edfica de 4t (*)<\/li>\n<\/ul>\n<\/li>\n<\/ul>\n<ul>\n<li style=\"list-style-type: none;\">\n<ul>\n<li>m\u00fasica (mat\u00e8ria comuna de 1r a 3r)<\/li>\n<\/ul>\n<\/li>\n<\/ul>\n<\/td>\n<\/tr>\n<\/tbody>\n<\/table>\n<p>(*) Aquesta mat\u00e8ria espec\u00edfica de 4t d&#8217;ESO ha de ser la mat\u00e8ria de m\u00fasica o, en el cas que l&#8217;itinerari escollit per l&#8217;alumne no la inclogui, podr\u00e0 correspondre a una altra mat\u00e8ria optativa espec\u00edfica de la franja 3.<\/p>\n<table border=\"1\" cellspacing=\"1\" cellpadding=\"1\">\n<tbody>\n<tr style=\"height: 32px;\">\n<td style=\"height: 32px;\" colspan=\"3\"><strong>BATXILLERAT \/ M\u00daSICA<\/strong><\/td>\n<\/tr>\n<tr style=\"height: 32px;\">\n<td style=\"height: 63px;\" rowspan=\"2\"><strong>Conservatori o centre professional<\/strong><\/td>\n<td style=\"height: 32px;\" colspan=\"2\"><strong>Escola autoritzada<\/strong><\/td>\n<\/tr>\n<tr style=\"height: 31px;\">\n<td style=\"height: 31px;\">Situaci\u00f3 A: Cursant entre 3 i 5 hores<\/td>\n<td style=\"height: 31px;\">Situaci\u00f3 B: Cursant 5 hores o m\u00e9s<\/td>\n<\/tr>\n<tr style=\"height: 32px;\">\n<td style=\"height: 32px;\" colspan=\"3\"><strong>Reducci\u00f3 m\u00e0xima<\/strong><\/td>\n<\/tr>\n<tr style=\"height: 117px;\">\n<td style=\"height: 117px;\">\n<ul>\n<li style=\"list-style-type: none;\">\n<ul>\n<li>4 hores franja d&#8217;optativitat per curs<\/li>\n<\/ul>\n<\/li>\n<\/ul>\n<ul>\n<li style=\"list-style-type: none;\">\n<ul>\n<li>4 hores d&#8217;una mat\u00e8ria de modalitat d&#8217;un dels dos cursos<\/li>\n<\/ul>\n<\/li>\n<\/ul>\n<\/td>\n<td style=\"height: 117px;\">\n<ul>\n<li style=\"list-style-type: none;\">\n<ul>\n<li>4 hores franja d&#8217;optativitat per curs<\/li>\n<\/ul>\n<\/li>\n<\/ul>\n<\/td>\n<td style=\"height: 117px;\">\n<ul>\n<li style=\"list-style-type: none;\">\n<ul>\n<li>4 hores franja d&#8217;optativitat per curs<\/li>\n<\/ul>\n<\/li>\n<\/ul>\n<ul>\n<li style=\"list-style-type: none;\">\n<ul>\n<li>4 hores d&#8217;una mat\u00e8ria de modalitat d&#8217;un dels dos cursos<\/li>\n<\/ul>\n<\/li>\n<\/ul>\n<\/td>\n<\/tr>\n<tr style=\"height: 196px;\">\n<td style=\"height: 196px;\"><\/td>\n<td style=\"height: 196px;\" colspan=\"2\">Requisits:<\/p>\n<ul>\n<li style=\"list-style-type: none;\">\n<ul>\n<li>cursar estudis en una escola de m\u00fasica autoritzada,<\/li>\n<\/ul>\n<\/li>\n<\/ul>\n<ul>\n<li style=\"list-style-type: none;\">\n<ul>\n<li>haver superat la prova d&#8217;acc\u00e9s als ensenyaments de grau professional de m\u00fasica,<\/li>\n<\/ul>\n<\/li>\n<\/ul>\n<ul>\n<li style=\"list-style-type: none;\">\n<ul>\n<li>cursar estudis que incloguin, com a m\u00ednim, llenguatge musical o harmonia, instrument i pr\u00e0ctica instrumental en grup<\/li>\n<\/ul>\n<\/li>\n<\/ul>\n<\/td>\n<\/tr>\n<\/tbody>\n<\/table>\n<\/div>\n<div>\n<div id=\"cCentre4\">\n<div class=\"docsApartat\">\n<div><\/div>\n<\/div>\n<\/div>\n<\/div>\n","protected":false},"excerpt":{"rendered":"<p>Els alumnes que estiguin cursant ESO o batxillerat i, simult\u00e0niament, cursin estudis de m\u00fasica en conservatoris, centres professionals o escoles de m\u00fasica autoritzades, poden sol\u00b7licitar la convalidaci\u00f3 o el reconeixement de mat\u00e8ries d&#8217;ESO o batxillerat en els termes que s&#8217;indiquen en el quadre resum d&#8217;aquesta&hellip;  <a href=\"https:\/\/agora.xtec.cat\/iesperealsius\/convalidacio-musica\/\" title=\"Read Convalidaci\u00f3 m\u00fasica\">Llegeix m\u00e9s\u00bb<\/a><\/p>\n","protected":false},"author":1,"featured_media":0,"parent":0,"menu_order":0,"comment_status":"closed","ping_status":"closed","template":"","meta":{"_bbp_topic_count":0,"_bbp_reply_count":0,"_bbp_total_topic_count":0,"_bbp_total_reply_count":0,"_bbp_voice_count":0,"_bbp_anonymous_reply_count":0,"_bbp_topic_count_hidden":0,"_bbp_reply_count_hidden":0,"_bbp_forum_subforum_count":0,"footnotes":""},"class_list":["post-497","page","type-page","status-publish","hentry"],"post_mailing_queue_ids":[],"_links":{"self":[{"href":"https:\/\/agora.xtec.cat\/iesperealsius\/wp-json\/wp\/v2\/pages\/497","targetHints":{"allow":["GET"]}}],"collection":[{"href":"https:\/\/agora.xtec.cat\/iesperealsius\/wp-json\/wp\/v2\/pages"}],"about":[{"href":"https:\/\/agora.xtec.cat\/iesperealsius\/wp-json\/wp\/v2\/types\/page"}],"author":[{"embeddable":true,"href":"https:\/\/agora.xtec.cat\/iesperealsius\/wp-json\/wp\/v2\/users\/1"}],"replies":[{"embeddable":true,"href":"https:\/\/agora.xtec.cat\/iesperealsius\/wp-json\/wp\/v2\/comments?post=497"}],"version-history":[{"count":4,"href":"https:\/\/agora.xtec.cat\/iesperealsius\/wp-json\/wp\/v2\/pages\/497\/revisions"}],"predecessor-version":[{"id":7666,"href":"https:\/\/agora.xtec.cat\/iesperealsius\/wp-json\/wp\/v2\/pages\/497\/revisions\/7666"}],"wp:attachment":[{"href":"https:\/\/agora.xtec.cat\/iesperealsius\/wp-json\/wp\/v2\/media?parent=497"}],"curies":[{"name":"wp","href":"https:\/\/api.w.org\/{rel}","templated":true}]}}