{"id":4905,"date":"2020-03-15T15:55:42","date_gmt":"2020-03-15T14:55:42","guid":{"rendered":"https:\/\/agora.xtec.cat\/iesperealsius\/?page_id=4905"},"modified":"2024-05-18T12:47:39","modified_gmt":"2024-05-18T10:47:39","slug":"lliure-eleccio","status":"publish","type":"page","link":"https:\/\/agora.xtec.cat\/iesperealsius\/estudis\/cicles-formatius-2\/cfgm-conduccio-dactivitats-fisiques-en-el-medi-natural\/lliure-eleccio\/","title":{"rendered":"MP12 &#8211; IPO I"},"content":{"rendered":"<p>En el m\u00f2dul \u201c<strong>Itinerari Personal per l\u2019Ocupabilitat I<\/strong>\u201d es treballen diferents continguts que responen als seg\u00fcents blocs:<\/p>\n<p>D\u2019una banda, es treballen tots aquells aspectes relacionats amb el m\u00f3n laboral; dret laboral, condicions de treball, contractes, salaris, representaci\u00f3 dels treballadors, conveni col\u00b7lectiu, etc\u00e8tera.<\/p>\n<p>D\u2019altra banda, es du a terme un proc\u00e9s d\u2019auto-orientaci\u00f3 i la elaboraci\u00f3 d\u2019un full de ruta per a la pr\u00f2pia inserci\u00f3 professional.<\/p>\n<p>Finalment, amb aquest m\u00f2dul s\u2019adquireixen les compet\u00e8ncies b\u00e0siques per a l\u2019obtenci\u00f3 del t\u00edtol de T\u00e8cnic B\u00e0sic en Prevenci\u00f3 de Riscos Laborals.<\/p>\n","protected":false},"excerpt":{"rendered":"<p>En el m\u00f2dul \u201cItinerari Personal per l\u2019Ocupabilitat I\u201d es treballen diferents continguts que responen als seg\u00fcents blocs:<br \/>\nD\u2019una banda, es treballen tots aquells aspectes relacionats amb el m\u00f3n laboral; dret laboral, condicions de treball, contractes, salaris, representaci\u00f3 dels treballadors, conveni col\u00b7lectiu, etc\u00e8tera.<br \/>\nD\u2019altra banda, es du a&hellip;  <a href=\"https:\/\/agora.xtec.cat\/iesperealsius\/estudis\/cicles-formatius-2\/cfgm-conduccio-dactivitats-fisiques-en-el-medi-natural\/lliure-eleccio\/\" title=\"Read MP12 &#8211; IPO I\">Llegeix m\u00e9s\u00bb<\/a><\/p>\n","protected":false},"author":1,"featured_media":0,"parent":4401,"menu_order":0,"comment_status":"closed","ping_status":"closed","template":"page-templates\/side-menu.php","meta":{"_bbp_topic_count":0,"_bbp_reply_count":0,"_bbp_total_topic_count":0,"_bbp_total_reply_count":0,"_bbp_voice_count":0,"_bbp_anonymous_reply_count":0,"_bbp_topic_count_hidden":0,"_bbp_reply_count_hidden":0,"_bbp_forum_subforum_count":0,"footnotes":""},"class_list":["post-4905","page","type-page","status-publish","hentry"],"post_mailing_queue_ids":[],"_links":{"self":[{"href":"https:\/\/agora.xtec.cat\/iesperealsius\/wp-json\/wp\/v2\/pages\/4905","targetHints":{"allow":["GET"]}}],"collection":[{"href":"https:\/\/agora.xtec.cat\/iesperealsius\/wp-json\/wp\/v2\/pages"}],"about":[{"href":"https:\/\/agora.xtec.cat\/iesperealsius\/wp-json\/wp\/v2\/types\/page"}],"author":[{"embeddable":true,"href":"https:\/\/agora.xtec.cat\/iesperealsius\/wp-json\/wp\/v2\/users\/1"}],"replies":[{"embeddable":true,"href":"https:\/\/agora.xtec.cat\/iesperealsius\/wp-json\/wp\/v2\/comments?post=4905"}],"version-history":[{"count":5,"href":"https:\/\/agora.xtec.cat\/iesperealsius\/wp-json\/wp\/v2\/pages\/4905\/revisions"}],"predecessor-version":[{"id":11058,"href":"https:\/\/agora.xtec.cat\/iesperealsius\/wp-json\/wp\/v2\/pages\/4905\/revisions\/11058"}],"up":[{"embeddable":true,"href":"https:\/\/agora.xtec.cat\/iesperealsius\/wp-json\/wp\/v2\/pages\/4401"}],"wp:attachment":[{"href":"https:\/\/agora.xtec.cat\/iesperealsius\/wp-json\/wp\/v2\/media?parent=4905"}],"curies":[{"name":"wp","href":"https:\/\/api.w.org\/{rel}","templated":true}]}}