{"id":4903,"date":"2020-03-15T15:54:24","date_gmt":"2020-03-15T14:54:24","guid":{"rendered":"https:\/\/agora.xtec.cat\/iesperealsius\/?page_id=4903"},"modified":"2024-05-18T12:48:50","modified_gmt":"2024-05-18T10:48:50","slug":"c13-sintesi","status":"publish","type":"page","link":"https:\/\/agora.xtec.cat\/iesperealsius\/estudis\/cicles-formatius-2\/cfgm-conduccio-dactivitats-fisiques-en-el-medi-natural\/c13-sintesi\/","title":{"rendered":"MP13 &#8211; IPO II"},"content":{"rendered":"<p>En el m\u00f2dul \u201c<strong>Itinerari Personal per l\u2019Ocupabilitat II<\/strong>\u201d es continua treballant el proc\u00e9s d&#8217;autoocupaci\u00f3, donant una continu\u00eftat al m\u00f2dul \u201cItinerari Personal a l\u2019Ocupabilitat I\u201d.<\/p>\n<p>A la vegada, es treballen tots aquells aspectes lligats a la posada en marxa d\u2019un projecte emprenedor de l\u2019\u00e0mbit d\u2019estudi de l\u2019alumnat: caracter\u00edstiques pr\u00f2pies de la persona emprenedora, tots elements d\u2019un projecte emprenedor, posada en marxa i gesti\u00f3 d\u2019una empresa, etc\u00e8tera.<\/p>\n<p>El m\u00f2dul culmina amb la creaci\u00f3 d\u2019un projecte emprenedor per part de l\u2019alumnat per tal de posar a la pr\u00e0ctica tot all\u00f2 treballat a nivell te\u00f2ric a trav\u00e9s de diferents activitats did\u00e0ctiques al llarg del curs.<\/p>\n<p>&nbsp;<\/p>\n","protected":false},"excerpt":{"rendered":"<p>En el m\u00f2dul \u201cItinerari Personal per l\u2019Ocupabilitat II\u201d es continua treballant el proc\u00e9s d&#8217;autoocupaci\u00f3, donant una continu\u00eftat al m\u00f2dul \u201cItinerari Personal a l\u2019Ocupabilitat I\u201d.<br \/>\nA la vegada, es treballen tots aquells aspectes lligats a la posada en marxa d\u2019un projecte emprenedor de l\u2019\u00e0mbit d\u2019estudi de l\u2019alumnat:&hellip;  <a href=\"https:\/\/agora.xtec.cat\/iesperealsius\/estudis\/cicles-formatius-2\/cfgm-conduccio-dactivitats-fisiques-en-el-medi-natural\/c13-sintesi\/\" title=\"Read MP13 &#8211; IPO II\">Llegeix m\u00e9s\u00bb<\/a><\/p>\n","protected":false},"author":1,"featured_media":0,"parent":4401,"menu_order":0,"comment_status":"closed","ping_status":"closed","template":"page-templates\/side-menu.php","meta":{"_bbp_topic_count":0,"_bbp_reply_count":0,"_bbp_total_topic_count":0,"_bbp_total_reply_count":0,"_bbp_voice_count":0,"_bbp_anonymous_reply_count":0,"_bbp_topic_count_hidden":0,"_bbp_reply_count_hidden":0,"_bbp_forum_subforum_count":0,"footnotes":""},"class_list":["post-4903","page","type-page","status-publish","hentry"],"post_mailing_queue_ids":[],"_links":{"self":[{"href":"https:\/\/agora.xtec.cat\/iesperealsius\/wp-json\/wp\/v2\/pages\/4903","targetHints":{"allow":["GET"]}}],"collection":[{"href":"https:\/\/agora.xtec.cat\/iesperealsius\/wp-json\/wp\/v2\/pages"}],"about":[{"href":"https:\/\/agora.xtec.cat\/iesperealsius\/wp-json\/wp\/v2\/types\/page"}],"author":[{"embeddable":true,"href":"https:\/\/agora.xtec.cat\/iesperealsius\/wp-json\/wp\/v2\/users\/1"}],"replies":[{"embeddable":true,"href":"https:\/\/agora.xtec.cat\/iesperealsius\/wp-json\/wp\/v2\/comments?post=4903"}],"version-history":[{"count":5,"href":"https:\/\/agora.xtec.cat\/iesperealsius\/wp-json\/wp\/v2\/pages\/4903\/revisions"}],"predecessor-version":[{"id":11059,"href":"https:\/\/agora.xtec.cat\/iesperealsius\/wp-json\/wp\/v2\/pages\/4903\/revisions\/11059"}],"up":[{"embeddable":true,"href":"https:\/\/agora.xtec.cat\/iesperealsius\/wp-json\/wp\/v2\/pages\/4401"}],"wp:attachment":[{"href":"https:\/\/agora.xtec.cat\/iesperealsius\/wp-json\/wp\/v2\/media?parent=4903"}],"curies":[{"name":"wp","href":"https:\/\/api.w.org\/{rel}","templated":true}]}}