{"id":4899,"date":"2020-03-15T15:51:51","date_gmt":"2020-03-15T14:51:51","guid":{"rendered":"https:\/\/agora.xtec.cat\/iesperealsius\/?page_id=4899"},"modified":"2021-04-26T13:44:53","modified_gmt":"2021-04-26T11:44:53","slug":"c10-dinamica-de-grups","status":"publish","type":"page","link":"https:\/\/agora.xtec.cat\/iesperealsius\/estudis\/cicles-formatius-2\/cfgm-conduccio-dactivitats-fisiques-en-el-medi-natural\/c10-dinamica-de-grups\/","title":{"rendered":"MP10 &#8211; Guia en el medi natural aqu\u00e0tic"},"content":{"rendered":"<p>Aquest m\u00f2dul es desenvolupa la gran majoria d&#8217;hores en format pr\u00e0ctic, a l&#8217;estany de Banyoles i a platja. Els alumnes realitzaran rutes en el medi natural aqu\u00e0tic,\u00a0 t\u00e8cniques de guiatge en el medi natural aqu\u00e0tic, t\u00e8cniques de rescat i evacuaci\u00f3 en el medi natural aqu\u00e0tic\u00a0 (en ruta, amb embarcaci\u00f3), ja sigui en embarcacions de pala o aletes (pirag\u00fcisme, rem)\u00a0 i embarcacions de vela.<\/p>\n<div id=\"1F73E\" style=\"width:100%;max-width:1000px;height:800px;display:none;\">\n<img decoding=\"async\" src=\"https:\/\/lh3.googleusercontent.com\/bFS2983ktZ6JAlz9X-GE_0ICKi9G2qRuzDiOQfopsEQXQxzCH_mP51MdH06RwVz4iUL-vThe45BaUpFyy3wJxy3UdM1K2yAWSBgIJR_StnrIMuGlVgQaaupALc8pZAN0XYYejFBD7fAUKNHeG_O_E-e6Put9q8TWtjDXiE_TdlEfDrc0ukgBShnIgP3MYeXySnRKEp4nBcyFikOt7zgF1P3u-TduF9QFCk4VDjzzcz1_3cA7qnmZuqy8sflfUPEzwZvdwr9uVC9oFPXY0TyNr9hsWIhXHEM8AD4ZsN6r_g51s7kSxKmsS49fchp7g1gbvIqnHgdhtZs7eZLto8dXIoE4e9CpyYwIG56rjytzDo1n_0Nea7hMlKETCGDCP29qkc3EMZEJqdqLHvOYKLgSTxfGuPTn-ZLM0K8rbhHIVLJU0vm-WzHN94gxSAqHyUybx_D7JEU9LJOjOhfQRmiP-8o_CfEyh_wW30P_Pr_JvXheE49Kf6F6xnrvmN9VEEDi_ewJoi53VDy7HCCIT_qRzl3Rik_E2kq-j8uSEzZLIoc7Jex363KscedudbrsPPpZhxE_vTO-SmL9gjz8SBXS8FJstdNpSnU5jM_sx5Cj13MVB7Ku9ccGooH3oyB_nVaRlRthf3-gdP72RE8oygCsYgxwLueSW6rN_i4Bp_fxWzjWle_OUK7ByyTLDf43tTaMeOcsvcYWyDBY4cx7neBWalRMaQ=w477-h357-no?authuser=2\"><br \/>\n<img decoding=\"async\" src=\"https:\/\/lh3.googleusercontent.com\/3KqGHPPW54OJTKMkxkq31fiNI4MxJV_Xi-v3e2n3RpGemnvnZHMDX7K3AobvriwHYb6kIDq5-sWugPdpBXMZZAFTgPKG3IfiF-STEOYo4Yo_32PHaboBx9PPpNanzhiGN5eTiaqKzkpfkFCtR6KhgFtOuzJIHxqhyJhHavcPzoLqNfdhWsmy60sOcVL9RlVcjr3JJ7a0vLI9Y6N3enk-RJJuU6zKL5-cllHkz7jMop5s4iy8_fxStaqn9S-d8QB2GdHerE-fgHVPPnHWjL9V5b2DdHwXCbq-kIzHG7vEvRtwP-f7Cw5EXXl--_s6mhpPRinn0uUF5l26n2KzBFqGfI_nYEfoztHBKRkivHyS6UnhEpSS4dt2jV9UGLIdaQN0VfuSl68ktxjaQgTuxlIEfQCeSSncAh8n3gKN_fAzlESPAXHFRrxQtMPqlnkN4D7PljVTYOQJcuxomlZzW5RYK6IC1PVE8KEa705S4IfjBGlMIfeRQfxiRpElRu09Cl7yIwpdcYK98yWllJEW_k5pjPjlmlkrJ-b3bj4asGd5np9INRmkHbtf7noUoZdSDgreFecmwcKNdoJne9sVBIssYRVHV5dwoH4FEDEEsx48qWjJy_EYNeMYy-jF2S3iZauDF05advZuX34_4lmC1h5Q5-LKjumjt_jl0Ldt41iqvlo5-L6WsOlcetOCO7u7WVngwCkyW2VIBTMAYMdoBfco1OKT6g=w477-h357-no?authuser=2\"><br \/>\n<img decoding=\"async\" src=\"https:\/\/lh3.googleusercontent.com\/ZVQUgsa1UWRvBvaVAW6cMYW8sNk75DdPu0KAOe_hf7gAThci9CnTCby7Y3aTEq4ACfQ3AGd8F98JGXh2Gdg9QBvvvJM0AyyDjMCBXmVu_4sqAz41fKY7aSVUIw8se-aiL3aUVQmVBO0ie4WTOFR0RjXG0C3HktLo_NVtEaUId5IgAw84epLrkGDrCPdXJJOsaMcZgefugheamM1qAv7rP4ktoHc2ajOcMt4ah1S6_Z7FmzXdv46d4QS4PgwnjfEM4QirjBp1RVTx3SKCux9_RuKHiop-inEgzqByo4Rl02R8mz-PNlG7t3wGp29mqm8RV6nHQjAM-hL-TC4WDqG1MvEJxS9sI35ymYrYtq8rD4GTQGwCdky3SrE_v_tjGdNhNjmMg3GjbiI-f3Pl01GvlzcXc-rwR-QuwIMRZI_Oq-bNmYdwdmHCuBWk3R8TruTyb-8Wf3na5XV4m8yINBIPm3HIejpq6_XF9MqIOOWKwkHLWgLrqUMBEpOi71BYMEponi5e7nkItG1mkXVz5mYFWIBjWYqFfFTFaxH75HlkktEdmIZstD2is8VcVMakP6QFbJfwk9VIZ9D3yotbnW1J1AMxXmLfTBXit229ZOL61ny3FzGg7JbevWfIXTGGFLjYTfqb38UWOVoGmIq1SXJc6L34dG79u3EMyBOUmDHIq5jp9ixsGTxw10IcFVO51vZ7rUHkEBdRisP_aek3cSl4030ubQ=w477-h357-no?authuser=2\"><br \/>\n<img decoding=\"async\" src=\"https:\/\/lh3.googleusercontent.com\/kN1A0IPXHoAMA8lO7MNXkLnGvz93WEmQGRyr-qwWj0U4_ncL3fMS3LuJkLlUrR5YmrYC_I1ZY6bsqSEbuLmv856BtepjHwf-3rhBpTT3KduCfOenab9CpwHprc88qPMLe7UNA4YiVgGp7VPurEPVLebOJ_UyW1w_QdAWG5zzBPbq3nIC-mTH0eHsujYSHvOyqEK1g_KSAGgvRKVCRsrSnkoJfc9be3EIF3QA1HjT_9ETMb01P_zJtew6wwXwrO-yUhXNmdCCg_6HoV0FTDUDQJUii7Kfegt94CQ-FkHfImCKuKcuGj6A0Bn2csYo2uJSUf_5MWyqRy5MiwiVq4T60xqh5v-auQv6WeggDpiOjZvv6ML-32D_vyca6e000ljMdONhFoEL5i5JdIwlYqzCiJ3jyrqkJvQyz-L7GN7PfI97EDgrB8rUuA2ZIbBYz_e6SajzC2D0kKsWWl2h0mtuQ_sicJeIsUxuesYES2NI1godLhVcTwYodI20YloNeR9TiFJA2X5bV5qllJgtiSRSDN7ZeU7AK4oUU65g2sQ-D7EBUBUyE5tpkLqehVejPhI8ZsZkZwvy2xE2gGT5SDouSIDHAxaYnUG_keKvR16pJPiqEul4xcn7SutlQPMUwY4V8Yz1Pce7MMOqq-gRj7R0iDKFcuC7uVqhS_pWZfCntLdu5CcL4922A32HPC8Za9qRhkI2vyeX_BLqkIEaEv5qhh5SWA=w477-h357-no?authuser=2\"><br \/>\n<img decoding=\"async\" src=\"https:\/\/lh3.googleusercontent.com\/j7G0dWgg0GXfqaI_yfFCAudnhjqjVMsTMZRfYEvQJ1dKrRz35z5rLqTYGN_2vllCuM9Pbx9IHWjjlmVKkS4ms7dwjVxNhTh3TqmuyvwF8R9jtTKK8KdmCV9XX56L0XK_30SLhduWMuVbfjcFSVOIDLSKN0tYUZrYyGl2dwCM3zqTc_RX0c0Orzcsy1tOaQDCJ0rqNZGb_UOr-rJ9qlcIscb_4GAwYpTr_keOiLvR25TAKjdrYQUWo3UZ9LehOiP0a0D3Itw8o320euUBj-25Z-z_ZZ2xhc6o93Ka0zynXsg38ZWgbB9nKDF6mLueMcxI3qWqY65PghQiArIfeZPMQ9dgaJCJMgvslp5Ocpp2iuLTqOZhJhRqXguMXZhPzAeOwaoh8tnebB7wRmZKEhMtP2TYHf2EpurHrP7W7Zmv2suRPAwJSHYMIrAaCoKqSbSL_hQAqlFKDrBB0zXoE6lnYW1yKqe89LAGMsltNfEfMpQ-CpXr205ng-pArcy2LMQRv6o2qxN8QeW4QEupXPnL0h-z3uJY9go2yGo7V_FQNtbVNgCfaKca-Zv9X9nfhF4iD-jG2BPiyLW9oMM-DoNNgnE--ggTuFyLc2Y4e3wb_AzgyG-N0THXciyN1VBnU1XjKGBpmO6ECi7M8ye700fL7WP1_OmM4mE7Lj2_1dunB5iSsryucSiaWa-qgY0jaGaxsVC36-PBdCqF_yiVciSne0GK0w=w477-h357-no?authuser=2\"><br \/>\n<img decoding=\"async\" src=\"https:\/\/lh3.googleusercontent.com\/zLVr0me_XEYe-Am8NZKG9_gCMgCTw_cUGYyuMasQNe8rdsW8oaZmLVKXdj2yhXRR-msSEwE7AMEA3EIkrl6l9u6j5yRQRVCxrPa_-vVowVWh_TsIF5bGoIney_KD_HRwJBVxU_XbMNCIDRTTLwU2tAH6sZT7xjTiWc3q3sQsgOTRxOGcwFLBJOslm4HiNXbMe1EWhAJm6ArDPksUP9gif9c7KWxLj3BWrn9Lx7RROirrG-F1ltY2LLQVCHTHmoyKeY8PkXIuh-8dPnq-oBIcWWN8vquABf-6dIFVG09K9umGYA2zg6esQAbOKcSOvBtg9X-71U-uemIL6iC1gAjLAXfP45nolVU7x3KOfmmxjalLmOvd6yU4Yf4WNCF8fBpJNP02ObCNU5go-me2TXxBgugUoNQWF-OcbR_yR9DXoRGymvK5jTzkOQOnP0DaeVw1SndJUU-ATOdjQwVCegFH1l17T_9LUw0b1x-Y0ULCl7NMXq5JV-mzaxgC2wACQIa6mZL6Ell0Ii-mBsxAeLpYI1dXVgZArcWVX1pbwCuP5yXDyczmKrl_8oJaMYerLiWUviAmDsTq3mPrhTQ9czcoNse50hdVfXpCR01gTax4j-P7rlMqdZ5EdWidL0Vo_acCO8bi7JSU2N2wFv9GhNbsYpJ07VCZ1RV61TLCPeeRFHW0v5qVEgZDQ57d5-Gn3fF8H_eXPh1aXYQHsI_GdKYQo5WgCg=w477-h357-no?authuser=2\"><br \/>\n<img decoding=\"async\" src=\"https:\/\/lh3.googleusercontent.com\/JRzdjZSvBRu3KoaYogEqgNaVTr8lDTwN6_HRq6VSPGUKmkEgmCtQlZntkg050hploT7ZTJUyEIwiTWT8gyf1kdmkePYqDf6sB_C893Gtzi9cpUQj1mSFvktS5tLOw9rbm13PE2C0M0TQqgqplmmPczevrzIR9vOCIYy2nrbbIETezMadGGoGso8nphXl_NNX45J0aWmB5abR6nCY2dWDTjUPUKhus8GspAmpiPCjqmM4WnimQcjor0AhKdkQzpNLsidbsXC1xPh_nz5BOvlHJU84GMW16lGaSr7leeGc_9ioMNejW4cVts5a_ISIArUFLa-6A4np_MQLExnbEdrrMmZEJFrRukxO4LAA7vST9JHHu5TIMQ5f8QcL5epqUskFjD3cpw7Fk6kl8ubtjNmLGVTSPCuFqqG3fEgN2WYxwWBKZBmhbmYEofAh_0b9TJCe1PrZuRbhBGKgPofWADGv5ISHDIRwgYRx8G_pScAWX-Ymip93-jRNLZ80LzmgXaFR-RZRRy3nz0MbG3PpgZGzQ3MrtrJ226ocjMRj3jHNOYJ5sUjez5WUQgjp1f2OY1zlTESMByH-rPU4EhiP5EjusL_DQ85tdH_UcbeVE0FykDsKyU_GVnvk-DxyuddBztXG6fGF-q5ka0Db0OF5BqYmqc2csO6r3RqLCmdI6r9kqubH0g5d9qJfKMUCIDEyjjPADbDTNt2GhvOHXlwS0Aw62L_R-g=w390-h292-no?authuser=2\"><br \/>\n<img decoding=\"async\" src=\"https:\/\/lh3.googleusercontent.com\/FDXiE73KafR5JK0NLuf7JpIsdUaogtohjBSG9cD7j2fn3O3NphO-PAA9Vx8BT22BLgBVtzKDryl9R2T7ReUix5_p6ms2b476Yd_7bbztcoFybcr1XaI_PEG9sQgcORVm7sZpziV9BnbMJ7nvWBQtXxdvyaqr3voD2MGapc2GIIlS1gmhBZ0jPr-zD5I9giQvDuXOx6kgHUbrV6MMTFU2aDwaaylfBjQo1vbP0s_unNwyR31KTRbyu53Kwlb_PfD0CTPnsDJga6QgQsAA9AtxmD5uXyksCJ7HdkxJ7uBe9FfkD-tPjL5BzWq0LetcClQVvgdnVonyYx5z1reJksQKG0ju8eXkbHdsYzEzHVL3m4OvC28BDxFF8OKmK6CSntVHTo50LDbOZF8AKyi2z220Qz8theVhUWo4UK0tcMuw0nyBdB4hApBYyqCNLcwg-8W--Ekza37_C0zIYjVW7pnH9c0ejvRZhlzjpf2BBdY5d0eXo34ZNxZjZ9TyXvGnFhHB92hgds3Cuw7fjLhijcYYUudWweqhbm8jh66Sqbm5OItJFNrF-foEK1yiS4TJNccfBYN0u4uz4-SeHWeioiE15cW8qFP1HGZl-18iGebP5REbxAghG0TKN7fsCL40sS7vSvXiOTEZe9K80dpfe6VuyZDolh1oOx2WdYKo902t15xxgEcReJi3IGtjvSomwC8kMwBDYkI-TKk0ntlgwoK8_e0oHQ=w520-h292-no?authuser=2\"><br \/>\n<img decoding=\"async\" src=\"https:\/\/lh3.googleusercontent.com\/Qs64Bbk7BJQoltnRL3s1nx1w0Kgy6w0E769BHAaQuNJRzjP6NeyXnyb_zQobtDzSjoRb7KObQQnOk-hpiP0Jc-l_YUJu_OWke779slBhiaBbJixloi9nMJI3QAcJN_82BiyBYnjSkQagrniEM3IM7R6anzG_OCkNOnz_DELBr2-YN-XBYSFtzDlsizKAxbF1F7zgbK_NlScOCoe6Dai7UC1IIjzaRbjdUWQ12GT4WTH58Gau5myIzUsuceJHzsCXZLMQWxbbscTxsAcc_h9fy7iGSwsMBQyqfQMe738CHmFoALf9LSbqxKAkxn2E-tvJW86r3ZiGwHx_2M4OqMYffPs5EPypRZBY8LpIGkA1WA4l2MQNdYsK_Aqr_R-bi_NZAWzgebP5paOIj8RZx7Ox3EfKZdselUxYPj6KXTV4cK2Wde_oX3UkHQsoGVHE83n4QTGouEjD5tC0WI8JGmAOcgwAwZlSsEY-W3IYz09L2577lsURkPcP3K9P_PO-C3SY1DqiShu8X1H82crwoc7tEkXxGXMPXt_PfXVs9ncvCdfCX5nvk-bJAWUfeCWtYsPET-KsVzY4S_hbA7kIfalnnuXlfLRDikCn-fsFbVo3EOBbToJju6pUB47vfuortebscMkcPVY-fQjsGS-Ft0ucQEt_zlZTIKT1XgfOXbSLQnFwiuq_zInERJ8V6RYzUouirz5R8vs-CLIyB5RSatpjydqfvA=w520-h292-no?authuser=2\"><br \/>\n<img decoding=\"async\" src=\"https:\/\/lh3.googleusercontent.com\/Xm3eJYmWrkKZ0qpHoQ2aYABhogkn66DuOU_lRWMZE-mZC1-vn_Mx2WCUEnaztP6jq-TU5lFUveQVGRKR1sMQ-CGidVdKMiU8tU-okG32piU9R4OtlXLxdb_lmRrNaQtZ0tE-zVYEHMjIFyPvsAht0oMdfluCMZqs_oGVv3rV-86HkRv_CCOobevM7xD1vwweHDOXmRAsXTWTnHn9WM2RZmZYT3YklODbbqm4LuXXeDoa5PYeTp9Huf4NF5nUPVHq07u77KqZToKgEGMl-6ZMts87hHf_SCHERg1CZZeJxa2Q2KIrHZcPDe0E-fdp4csIyNMCpMOlqdb0HWjpE8BPhKVi7TJ5GUdis_9pGc98NkVUgu_zNjiAmi2q8IH8Cq3LSDiaQxhm8hDLQJVrnB1Ys9Ey-jgiCuzPg-E3nyFXBgwb8ZpLA8YRzGcINusyh6dRIK85ab45o-JEdsn_0pNaygTgC6KHORzn7zUmFaf1VTPHgf570vUj2_h1QhJ68g8-LzObGHl6pmdci7xG3LGzA6tJuvCLrq7_HIObSO3ZzhJlKNRUf6kT3ES03dTDZGF8V6pOT52JRYLAkubAj8etRHYGKXTed9EH8zfQITKBgnEX_W29sPgIheJaS8TJV9sGemcB3GX3sWZI2r2iNF-MY4PB6FnYw5C0Vyg6E5cFWBODAIwLpDWHfb0GXE5cPwG7ElRsSQyd4_48Y6xwjyGZLsYR2w=w718-h403-no?authuser=2\"><br \/>\n<img decoding=\"async\" src=\"https:\/\/lh3.googleusercontent.com\/7p4a6ha0fwKKGOTyCNW9Ug9uBDddpoBGNVG4wR8zIRd8HER2zcbh5_Q9jjQkFm8zLHOqpTtGVsnMoGX2_SjH6O6ro2v3G4d4TeQpMFzxfJA8yd9HFArk14aEkys8grk9yX8oU-Q8lxBlxJ6vP_vpLt_7v_QwOp-f3vHR1AhOT4PtqGvQs3_GBUGn1yX8CoYplD1TAYb3Oyk2X0UwhAnerrOutmunf2bq1_9FhFa_aJRoPqvpP1ab7Ae1iwogOhK7SIm1RKxmGjF_OHPGSjJo2YD5GAn-zQE-j5AYmvSPuifIzV3SjiCz7EYx7d85OdmXUDHbk30R6CQBLUf85Rbf4M34FFepfBaEmqbKtdI5P-sX2QcZf7e1ckDSQQiW9OkuwIoWgEhZBsSmN_cWSoJCiR457ouKmhNN2JQnq5zBnUGRBqZP0TF51AxkbsQGuzE-4-nZAfJQN4HBQoiwVk5cR4m-OUu6q_-RBa_YOoEkmcYJ_dlH7WlSdlPOin6scRLSih4LPg5h6szD5gfvPVqmFGsfLHIlX2aP9pGnSSv_KYr7dyeqMS8Y6LY_-uwbSR68ssKbcojtQPGjIISaC14SbwJk99CGOEOKYV_gpd1iWvUnoz1run9WURRwuI3gZJvXZZG8BDEmrXMrJ9qzZV7vcGK7lxmq3MOzHqX47YhPmjThuSolr-udx-wnrcm-b0z8V5Eyt_O7guqwbQZg1Mhxf3GrKw=w718-h403-no?authuser=2\"><br \/>\n<img decoding=\"async\" src=\"https:\/\/lh3.googleusercontent.com\/XYoC1Fd6k0xN7_tHQYrlXA-tVC8UiJg3Nno0NS8bymGWDWaVlQNHiaE5TpggO_jQjuV-3DiHQtnDAg-nvj8BrBl_1-mNgzo5vXnQmmcm99ZU4Y4YQuSB7kr5Xgo871FSu3WykoNl4CqWSJ6nL9hSpshfsFegTZXkQ2KoOK4Rgl3H5_ghZJCGEIvPRXjVaxKshMdX2ty9Hf_Y0PRoWTEA2z29aiI8HfnsBapVJmIQWDV9IcaLkzAwz3J-0ZgHfQIGPuaJH2KxiQKdNIMdtKLI7pl2as4pLKDNbFbqUzYOW4acNAg71YqAQukSFCyqzim8jZJJskHLdMzePZp7ExrW0pnAvx9NQ2u5w7INuracLZxE-5W-_U1Tg25ak9RyZ1a1INuFrmj8phpehnOsWY01q8EvtjMbl42xoWAn7b6bMnFrfav_bgeWLfhCmKJzp9JlNbdo4MlTLguoNAJUJU4AoGA4t5QTG7ut5oFCKOMqShsuYI7SxAOoXZ44m1cbE5vxAsu3AEgqcifFIpX5prQQeOad8cW2FsNHvMVoWkTYJQVyrdeLGEgSYNPFsQURR_ag-SvQ6Dq5WDGjcNNF0rBfKx_OA0PS0w8At5_R-_Au1epj5A-Dm6gwkVrQ8YaVqpfkhya1O8th41hzXgGHzMS1Dm_YiZMQ8qewSXlCjnJDATxET_n7zOfIBPQKmg1bnHwZGwGUKN76Pw6ii3m0SkmSHFXdVw=w718-h403-no?authuser=2\"><br \/>\n<img decoding=\"async\" src=\"https:\/\/lh3.googleusercontent.com\/w3gzv8eN8GkUi3JiW8fQnJ0priNlUAIZPhTLcZ_ik-s17xgKgfSuJuo7DZlUr5NuKTT22lT_Mvbmj2FhCKZa_MsBYflsI_mDJk0jDO15nNXCLhIRWODOCDLHTRKvcq00Yj00j3-fj2P6vEYbPnes-BSRhQ70u_gzTsij3gRWr7yk7xWx4zklnf3UCfF6uZBd1tVCIFKOM-pwhY2y7xMmkUH9cN1jRWX-o2CN5LaEpHPGRGBsJEJ_dB86vbPU659pKLonhzF0wd9HqQsJsmcfn72_uCvO_qKCZNXrVCHPRK2wTSJuQZehIUMIIm8I1ln6QLRseI6vYE--bb1sNY886UQSeLlZ77DHU_v75oZq24xn9-1cUAMXe4dGsi0Rd_DacrvENruEm4lG-ykPn0_tyU6kzKXOCkuhDdRP7_e5t9zixg6E1hKiT2jyJBsQXvZ1qe26_rBYhslI6w1jGmSnRA6Ca6Eaxn6aDF2vqmwM5OmkaKLahYbthT5-Qg7WWK98uQohzOEXA_9hQeDQQIW_dNZo1Qn3FT8-Xh4ndl_pQQAS2X5Q6Y73rHYCtjIizi7lQG1iLHlr5GIbu1bauMyPDQIrCReSxu3w7rDXQz3vdQ_MENqGWJoDNLoNNbcEF-Zmwq7scQHpqMlTqQz6TJAWVhIg3XcAfFV0NwOu3Tv6sZvDwHmqS6y6q5q76LQyM57q2Coe4cILR-UCsVNW1JAcQW8DpA=w718-h403-no?authuser=2\"><br \/>\n<img decoding=\"async\" src=\"https:\/\/lh3.googleusercontent.com\/h1QjRa5gHdpqqWjIQRNayhHw0_xXrQQEBPOqPeSdMx2ukAHmpTYX2m8Vc1O2HSklSb6u6uYAs3_e-zcvXRefylUFKlKCNUpojQjfONDmjQRR1TU583XHI_nGyt0UAHPZz-UCh6cpCXt8WDmRy0qwY8Ny0phB-h6hPBIiifClKpUDkD0EUuZKWdXRZZM-VsEqw46S1epecn7Lpj3gGi4TgIgVuez2kgli4McR00f2sAuAGxTxNIcJeAzF65WQv6uysChkiMEGXyXtLXyLbfc56o53MLG19zWzlcFIJHhjX5-wtDXJqYAvn1NcmnvCAk-znuTpEZDnnqlWvIRgN-sBWP_WBVWi3_eiK7vJJEwQdTD2CusKYrODUqInSV7BYf-t6bZ-EcZ1oZEvmRJIcWujJqUNZpnGNZSqtPnGEjkkIgSTTcMh8mfCI168epYPaJTbMHYd5VSrOGz2Zz6ZegrR3HAGT5iQ_BOoCATXsn_PSywcMUXhIvx1nq3aSv4IPvrR9LnLwfnxCovjSws50OYWvr5JEeU5ABB6s8FBXrjcsAxVCmoEJGnQB3eLA4DUxEpmkwPMeXAjQ_9_G5i9_YwHU8XRCTT5d6szC_4l8WGzHKYRRk4IHQSboFeVa8fHHlm4ZV0hRL99NHMjHWKJYPOo7W5a80X4dmEW8-qegYUVqD2BSWeMtObAfJYYhJfRguc_Dhl4rjtctkGlbVt9fa65vowGWA=w718-h403-no?authuser=2\"><br \/>\n<img decoding=\"async\" src=\"https:\/\/lh3.googleusercontent.com\/b2LMXadZKJl-UmDZRfXl7EJL0mP-bs1wlO8fTp-5bvvs_bmOSrRDkhOMQ27VnNt6W6hLrBAq6S_dtGtq68zAp7U3xTJQDPe55sdeELbZdtzhv44U9Wl_jcM8S2wyjIj34nWoIm4v2tg8RKXdrQwI3BbpGB926pwuQHGl3ZuZkv3YlZydVW0A_r57wxxiGykSOxTtrxyFwTIivlxqfeTXhX4Rqt-GH0VD70rtlWoRF_dLeK4PO_TZMIVH4VDHU26srhJrpVYbWb3Tr5Mc7h51xQxK_X8i3CMQCsChhIalqugu1_RG-_NDwLhZdIU-mhIxxXPJVJg3NIGwnc-jYDC5DIPQfXURSfx8h9X-U-y9do1G5iqUsxxNdmTehjQkUuuntAXGpmPKhG0RZNCENj-grT8gy93qMFPPCdzD6KHtqwrkTs1GoZso8RxgHMWQaA7O8aRTLoNuBxeqTfS4Zex0Er7U-oRsYzoD5EazIPfoY-0nRKgwTi4yqf1aMGH4zx1x6Kv1V01_tcCQt--FtIUZicAzrqrTJhJqMTk7M6nUEerOaAV0l68RRYBDCUjutDk7SU412hi0YJ9jDSngUo806LB--TYYaX7dF_RRpB253SiF22GJClYVC8pLGbG__dkoLLsU_a5a1nNMWUNxPGNeQ6mkkvKuV17uA-i_u03JboGZdM6vpn94NziSdKnmoIkHjCLQuxV3hBIoJpR8IaZguh7h8w=w718-h403-no?authuser=2\"><br \/>\n<img decoding=\"async\" src=\"https:\/\/lh3.googleusercontent.com\/7x1GzZAyLcTibQxRZS842HbzFoW393K1j3wlTmj4NdAS6EnWhlfYhYgWMJI1RykOX-3-HDcxgeuWo5Z-Pc3rliqPAsQAvFtQse4hKDahN_owUCaY5QkiB8X192c90OfX6SYI7dDjAfhiKVL7PjZSVOkcI8YHJTBpr1zuwSwRghqEq1-wHmkeDbKgZ3GOnRu19WDt-nXpXi8ll4tKoQckqx0E6Oyt2n9U_n2SexeRE4o38AgWyiywudieRmcyXxNoLBpXqFlCuwFxtwL_VpQOmV6XQKN4IOiBUqVUlUjxZVlap3oNVvH7i5FpfH7bjTBjdxOUXOlIuJTjgfuxql59JHu470Fk9GDM-qPLwszdhJd0t9KljFMYIlW9sytDyALmETUc8j58KjX7aWhIU9DuLf7WuoKLOF7fGXXa-OypV_ZGfKcW22tft22xkCCZuVOD0X1A3oXE3WKK2RNXwPlqcTOhdSxn5BoyOe-0B7V9GF8KaCDbAGHCtDgdUyjYKEec-XKlyjIdKP0hCKnSCUz0ogLP6Y0n0s6qLVtgUmRbGoAkil5jZ0VcN5gC995fgJvfJkxN-5inewopm1iN4F0J2s_C4EQmi39-GJSwQ9XicUB7pHy5JSqVQYRbAXyBaHbb8RTc-N-HLd5-v82TJ1zzAlwwnCXyt2mFKDsq3eT2B7QxBRYkjcBQKk7P-NVI41RbIPfvsatGm-Nkrv-W0id1ROqd1g=w512-h288-no?authuser=2\">\n<\/div>\n<p><script type=\"text\/javascript\" src=\"https:\/\/cdn.jsdelivr.net\/npm\/jquery@3.5.1\/dist\/jquery.min.js\"><\/script><br \/>\n<script>\n  (MyGalleries=(typeof MyGalleries === 'undefined' ? [] : MyGalleries)).push({gallId:'#1F73E',autoplay:true,lightbox:true,debug:false,popupLinks:true});\n  if(typeof GalleryLoaded === 'undefined'){\n    GalleryLoaded = jQuery(function(){\n      jQuery.ajax({url:'https:\/\/cdn.jsdelivr.net\/npm\/galleria@1.6.1\/dist\/galleria.min.js',dataType:'script',cache:true}).done(function(){\n        Galleria.loadTheme('https:\/\/cdn.jsdelivr.net\/npm\/galleria@1.6.1\/dist\/themes\/classic\/galleria.classic.js');\n        for(var n in MyGalleries){\n          Galleria.run(MyGalleries[n].gallId, MyGalleries[n]);\n          jQuery(MyGalleries[n].gallId).css('display','block');\n        }\n      });\n    });\n  }\n<\/script><\/p>\n","protected":false},"excerpt":{"rendered":"<p>Aquest m\u00f2dul es desenvolupa la gran majoria d&#8217;hores en format pr\u00e0ctic, a l&#8217;estany de Banyoles i a platja. Els alumnes realitzaran rutes en el medi natural aqu\u00e0tic,\u00a0 t\u00e8cniques de guiatge en el medi natural aqu\u00e0tic, t\u00e8cniques de rescat i evacuaci\u00f3 en el medi natural aqu\u00e0tic\u00a0&hellip;  <a href=\"https:\/\/agora.xtec.cat\/iesperealsius\/estudis\/cicles-formatius-2\/cfgm-conduccio-dactivitats-fisiques-en-el-medi-natural\/c10-dinamica-de-grups\/\" title=\"Read MP10 &#8211; Guia en el medi natural aqu\u00e0tic\">Llegeix m\u00e9s\u00bb<\/a><\/p>\n","protected":false},"author":1,"featured_media":0,"parent":4401,"menu_order":0,"comment_status":"closed","ping_status":"closed","template":"page-templates\/side-menu.php","meta":{"_bbp_topic_count":0,"_bbp_reply_count":0,"_bbp_total_topic_count":0,"_bbp_total_reply_count":0,"_bbp_voice_count":0,"_bbp_anonymous_reply_count":0,"_bbp_topic_count_hidden":0,"_bbp_reply_count_hidden":0,"_bbp_forum_subforum_count":0,"footnotes":""},"class_list":["post-4899","page","type-page","status-publish","hentry"],"post_mailing_queue_ids":[],"_links":{"self":[{"href":"https:\/\/agora.xtec.cat\/iesperealsius\/wp-json\/wp\/v2\/pages\/4899","targetHints":{"allow":["GET"]}}],"collection":[{"href":"https:\/\/agora.xtec.cat\/iesperealsius\/wp-json\/wp\/v2\/pages"}],"about":[{"href":"https:\/\/agora.xtec.cat\/iesperealsius\/wp-json\/wp\/v2\/types\/page"}],"author":[{"embeddable":true,"href":"https:\/\/agora.xtec.cat\/iesperealsius\/wp-json\/wp\/v2\/users\/1"}],"replies":[{"embeddable":true,"href":"https:\/\/agora.xtec.cat\/iesperealsius\/wp-json\/wp\/v2\/comments?post=4899"}],"version-history":[{"count":3,"href":"https:\/\/agora.xtec.cat\/iesperealsius\/wp-json\/wp\/v2\/pages\/4899\/revisions"}],"predecessor-version":[{"id":7204,"href":"https:\/\/agora.xtec.cat\/iesperealsius\/wp-json\/wp\/v2\/pages\/4899\/revisions\/7204"}],"up":[{"embeddable":true,"href":"https:\/\/agora.xtec.cat\/iesperealsius\/wp-json\/wp\/v2\/pages\/4401"}],"wp:attachment":[{"href":"https:\/\/agora.xtec.cat\/iesperealsius\/wp-json\/wp\/v2\/media?parent=4899"}],"curies":[{"name":"wp","href":"https:\/\/api.w.org\/{rel}","templated":true}]}}