{"id":4897,"date":"2020-03-15T15:50:27","date_gmt":"2020-03-15T14:50:27","guid":{"rendered":"https:\/\/agora.xtec.cat\/iesperealsius\/?page_id=4897"},"modified":"2021-04-26T13:45:44","modified_gmt":"2021-04-26T11:45:44","slug":"c09-activitats-fisiques-per-a-persones-amb-discapacitats","status":"publish","type":"page","link":"https:\/\/agora.xtec.cat\/iesperealsius\/estudis\/cicles-formatius-2\/cfgm-conduccio-dactivitats-fisiques-en-el-medi-natural\/c09-activitats-fisiques-per-a-persones-amb-discapacitats\/","title":{"rendered":"MP09 &#8211; Socorrisme en el medi natural"},"content":{"rendered":"<p>Aquest m\u00f2dul es distribueix en dos unitats formatives:<\/p>\n<ul>\n<li>La unitat formativa d&#8217;intervenci\u00f3 en primers auxilis: principis generals del socorrisme, alteracions consci\u00e8ncia, agressions cossos estranys, lesions a la pell, hemorr\u00e0gies, traumatismes de l\u2019aparell locomotor, trastorns produ\u00efts per exc\u00e9s de calor, traumatismes f\u00edsics per fred, traumatismes qu\u00edmics, sistema transport i recollida d\u2019accidentats i farmaciola.En aquesta unitat formativa, majorit\u00e0riament, es treballen els continguts de manera te\u00f2rica i despr\u00e9s s\u2019apliquen a trav\u00e9s de la resoluci\u00f3 de casos pr\u00e0ctics.\n<p>L\u2019institut \u00e9s centre instructor dels cursos de SVB+DEA,\u00a0 que permet als alumnes sortir amb el certificat que els permet actuar en cas d\u2019una aturada cardiorespirat\u00f2ria, i que es treballa en aquesta unitat formativa.<\/li>\n<\/ul>\n<p>&nbsp;<\/p>\n<ul>\n<li>La unitat formativa de rescat d\u2019accidentats en espais aqu\u00e0tics naturals, on s&#8217;hi veuen els requeriments f\u00edsics i t\u00e8cnics del guia i socorrista, les t\u00e8cniques espec\u00edfiques de rescat en el medi aqu\u00e0tic i les t\u00e8cniques espec\u00edfiques de rescat des d\u2019embarcacions. Unitat formativa que es desenvolupar\u00e0 majorit\u00e0riament a l&#8217;estany de Banyoles i a platja.<\/li>\n<\/ul>\n<div id=\"29AB7\" style=\"width:100%;max-width:1000px;height:800px;display:none;\">\n<img decoding=\"async\" src=\"https:\/\/lh3.googleusercontent.com\/VgGVMuGzUzB_-Ean5nXY0xA9smB4fr6hkcgbU3TyCWw97hrZG59d3IcGXq4-7b3Oe6biz7VwBdtGPwaK3kWdKJHi8p9Mf-TYbTQ2BFozmbY4IGSeCLeoN0ZHcYMDUYkocDi_3QDV5TmKNDsyKAI0_giQFXxKj9xvhm_3UEAx8QT_nxvlcZXyqTL7jQjKhNfJbOLAv66fmtJwvTtd72thI_kuzEcXvqwtRKvqc4bvK3lPEtDtxQ20PU4f6I5wO4EXCUWRfHf5O1xgXKHeP0Nd1_WbW6dYTqILZOK1laWGSPPzmN1SfSm39VaAevzCGKB0G5Zx4JmMS_iEAKWEbzd22Y67ATHnj46u7qpZczIEj311-Vrx3z06DdvmCGx1JTCjzdcKPkzSUy_M2a4hJRUci5bjQoJ_BSCpoYpHL5t3zB5foyJHDUZz1qPLVQQgFPixA6iv6WAxlIGsy8IsVH0hHEPlBnhDCLZEA71TnKY7y2nr4TR-Z8ItKYphKuuT-sdhGcNPawQMWq5eahuCwd-wr9EB0-tAMNwV3CCgz7dUxiQuF-TiRUtR34rcN7SFmduNAqZHrPazTNsPugORyQMu8Mi0jWJ2Kq0Nm-b2w_SxsWCTYBZ3IRPuG8o-WLkvm87s3Chvi061KjnGBx7X2iGQ-6izWLlgjJb9qAfcStnVJRtyWRxaYtEQ2CHDpjPN8l_4y1fsRsQOYTesRD8UnUVCNsFaPw=w249-h332-no?authuser=2\"><br \/>\n<img decoding=\"async\" src=\"https:\/\/lh3.googleusercontent.com\/bK4Dhl00l8ikvtPtf0WMtLYAS8hKbHnVCLs8yh7onJprQM_pfkxdWhuMq9pghOJLkuL5tgCI9lL3kENTL2BbpjwvHtdGe4Ws-5_PcnaYSSmfn1lmaX3aUm1i9J6Qr029GFh8FRH20Pkucr5wbo70s8_rIu_4e05oZr2jP70ZgWe4Xu9yAgIWMosTFBxRKVFqzgHEE9C08DATi5zWHxC7mQWzgp4bUOCHd4NlCNu43TgeHk9sfgTPyIRUNMqdSzKrIEW_H-NZGRaFapTDBeNfKTOyUiPioloNAaIAsE-uNtt2Q1YgEsickCeaGYsTp8M1ejSApfeU933RXHXHV_jPdmn0rBzwfLoyzwyjF8pKtgknUhfBVulvMS0NT6lFMIG4bIrgPWi988ITw6cIgN2NRhTaV3NtPdq140FfCPz7FS2UDD8zZHbH-NnrJzEySHD10uiuZDfw-SBtog1E4ZSdr6hd8VdNkmU1J6sLSVM8LvfpYd9YMves9pjWAZlfApIE1dS3iCMTGv6_CZTHXdylzTf2Ou11mCexrpnhaPHfrLEdPnGznL0GGSVzD23vYv96AAqP48jFCviKq4ltV_mPVGRmE3PUXmwL5G67jcT39l-xEdjPcsazRXr9JoZoe3aQARmHOZerVBvaL28K7H423ccAwaylMC8RNztuFr2JqJZDrrTJHQy9yrhFZrhYK1w5KM_qPhJTx52tY5v40mKyUWRR7A=w591-h332-no?authuser=2\"><br \/>\n<img decoding=\"async\" src=\"https:\/\/lh3.googleusercontent.com\/D6hQU43aNvCQtbBM-WWN6F8SbPDS-Pg96Sff1098sNqieAoQTV_YUFwyAHlc5Do2LFTLdqgX5bpI_MEKbyeCTRRmPicYZFTs9Ar5M2Rj9dA8mxCayYPWMArqzwdiXK_9d9e5n5xhtewaHu37C-Caq4JrMvjmBYRApF_I7uSPMk4vvRBKDm6V1FBSzg5qtYmKQw6TM5XumYv0pKoH0mVuyBdpzNMNEZ_85mQtARrwSmVbXy3SHD9JQulVamo10a0J6xtG6ISk70adloeBnwct7jRuR-kKDLkO40VON_5cmHYm6NH1oofFCC0ktvhoWzzamWP9L3NtobX7rDJNq6rxP8aumVV9hwpMKKYb863IPV6Jtx1cS5uhd321tB7pBrStTOkxekBrdjZ4fTcmq0Q4A_L_inome952KviTkVU2aLlWujVhE_-ZECWi163dzR50rEQZFxgwDZxdeT7SUyuh2ZIlus6TK8j9y51PTsmoauIAHlBwXo1rMv8ISmVGJL68V4S0lifX3nKJSMZWp7t6WXqsyGPQThijPgiteiyd1hX1amjmO8zrqfPMsr-mxyHzUFHoNEDKLxRtnzLUCwsr6eKiqn1-qHk7QjUmDD2Ukrmxofb5ti8_NraP3bb_sO6XENnBe8JHafcIT4_RyEOv4iXrX2l_b6h7toKyBWCE_zpS4lPgKiSuPKlZ1UV4ZWvL3wD1bM16SEj1dcb5FIOBwOQkgg=w591-h332-no?authuser=2\"><br \/>\n<img decoding=\"async\" src=\"https:\/\/lh3.googleusercontent.com\/OMEPnN2cAiFQMbYR4QDiOH9zxxp76DhBza867DZzp4Gz6DLrvEHF-JJHDfN_nUDgptcCG6QA5j8Zm5VwynsqzPcXVRzC_PDW_Yee413U9NVEjsLTgRx1K6c5mjDx9Z0lxw1LZGbe9OM6GzuZGErc2Ui2MfLpgrQua3LhrVIVlfpf92Ql2PIfZOGF-NZ_c5LbqKCkyiZuN1ViJ2Drp1AHOlvO3BrTk2cXaj9-GnUnkLufWgYgmiYllVv8i47TiUdya3Zwt4cbu8ocpzxEHgppR9uyJ_RyDdb5zQtxXUzdoTA7LTHQ83G7JwCrmUoq8uU7OPe8ygbwbvPzVaDTGmBLL3swzK9PLL9TSqqGhy36evvN1Oki25KoeS5QhxAFwf_aTU853Daha-FB7Z-GFZI_wCaqZG-GJWSwKYFnOB-uuWgbwhTei7zIQLm1LUGqxhxqjzPZvSwiPgth9S127R1Wkj3JzuuZIHQ5XP64VsRpJ9y6N8EZfsfj9nGBw9bhBB616r2R1fiyoBKYeF2drTumMC4CAXjxTn8bYL5vZkfCpG2uNhIk7L0pjVpVP3yKxx3mxye9NS8O087zz1CjN4U9VPM2lUgkmZcqHrNz7g4_0KhhEVKZVqkYy8Ar5jvGWQZE5u0SuyZj61enHPmEfu2DlayKApDLiJesqfw-k4p9slHyDC52iE8cxgoMzmFKGM4k-vdURr8URRzrkKNt7TZ5iIyvRQ=w512-h288-no?authuser=2\"><br \/>\n<img decoding=\"async\" src=\"https:\/\/lh3.googleusercontent.com\/iytNdKi4QqXGzOiU-zcsQ6tSXWSe6uKz4X5aKwjt9bAiAZ0eQzqDRuAwnE6ezyTGwJRgUb4n_AJKBi8b2crnCwHjs2jggC6jtaAEf5AiGBfcVlI8HqKsBSkfY9jdS2Ha2c9oXmKHlOXcReAmmjmL9dS0Rm9Il3DHslCbF-FYNSGgXqBTX5DCqARaFjYmIGKN__W4yJgo0SsfPAg0ClbP0DYUOe2omcjflvNl1eIIHmPo0bPqgXjvzQwU5-P6s3ZgfbRaFAvtEXskagc2AhEVv1Bt7_dqLnG3Uf_S6GBqI85vCcsIQLTYOubimwFjIPeEyJb-Odiw0M_9rrevzfBbYzHoubJh2O4n8_OPwKSU3PSiO-jmBH4cvoj0r-dLuwUtIUgLTwSLIvxN4-grcm6p93EjuQQXY4tPlGCD5BIboyOUlmIsZyIo0UGzDWa9ae27LjoGMagEhiLcu5-s3y6yvil3HfZuebk6VenOOrZ_ZkP5l-vg2_Rf-CU-sVT7MmZx1ifDsRH3nu-ax76znJZTQsES3D3kmuQ-e2yfCTZxBn1Y8AtV5r7waSza7tOg1wjhU9R9GtjTpyp_TwdBHns6BXDF-R4Zi1uiqEy7xifRV9rNI5SbOAsTmInvG43vZtsiVOBz2QZFtjQS1bWhPm6-QFUwT8EcI5xLzygWeZeaB6nY405DRTBzD6h2DLOFdRuBfUYrOyP_2Ysn2W39uvgOImg-ag=w512-h288-no?authuser=2\">\n<\/div>\n<p><script type=\"text\/javascript\" src=\"https:\/\/cdn.jsdelivr.net\/npm\/jquery@3.5.1\/dist\/jquery.min.js\"><\/script><br \/>\n<script>\n  (MyGalleries=(typeof MyGalleries === 'undefined' ? [] : MyGalleries)).push({gallId:'#29AB7',autoplay:true,lightbox:true,debug:false,popupLinks:true});\n  if(typeof GalleryLoaded === 'undefined'){\n    GalleryLoaded = jQuery(function(){\n      jQuery.ajax({url:'https:\/\/cdn.jsdelivr.net\/npm\/galleria@1.6.1\/dist\/galleria.min.js',dataType:'script',cache:true}).done(function(){\n        Galleria.loadTheme('https:\/\/cdn.jsdelivr.net\/npm\/galleria@1.6.1\/dist\/themes\/classic\/galleria.classic.js');\n        for(var n in MyGalleries){\n          Galleria.run(MyGalleries[n].gallId, MyGalleries[n]);\n          jQuery(MyGalleries[n].gallId).css('display','block');\n        }\n      });\n    });\n  }\n<\/script><\/p>\n","protected":false},"excerpt":{"rendered":"<p>Aquest m\u00f2dul es distribueix en dos unitats formatives:<\/p>\n<ul>\n<li>La unitat formativa d&#8217;intervenci\u00f3 en primers auxilis: principis generals del socorrisme, alteracions consci\u00e8ncia, agressions cossos estranys, lesions a la pell, hemorr\u00e0gies, traumatismes de l\u2019aparell locomotor, trastorns produ\u00efts per exc\u00e9s de calor, traumatismes f\u00edsics per fred, traumatismes qu\u00edmics, sistema&hellip;  <a href=\"https:\/\/agora.xtec.cat\/iesperealsius\/estudis\/cicles-formatius-2\/cfgm-conduccio-dactivitats-fisiques-en-el-medi-natural\/c09-activitats-fisiques-per-a-persones-amb-discapacitats\/\" title=\"Read MP09 &#8211; Socorrisme en el medi natural\">Llegeix m\u00e9s\u00bb<\/a><br \/>\n","protected":false},"author":1,"featured_media":0,"parent":4401,"menu_order":0,"comment_status":"closed","ping_status":"closed","template":"page-templates\/side-menu.php","meta":{"_bbp_topic_count":0,"_bbp_reply_count":0,"_bbp_total_topic_count":0,"_bbp_total_reply_count":0,"_bbp_voice_count":0,"_bbp_anonymous_reply_count":0,"_bbp_topic_count_hidden":0,"_bbp_reply_count_hidden":0,"_bbp_forum_subforum_count":0,"footnotes":""},"class_list":["post-4897","page","type-page","status-publish","hentry"],"post_mailing_queue_ids":[],"_links":{"self":[{"href":"https:\/\/agora.xtec.cat\/iesperealsius\/wp-json\/wp\/v2\/pages\/4897","targetHints":{"allow":["GET"]}}],"collection":[{"href":"https:\/\/agora.xtec.cat\/iesperealsius\/wp-json\/wp\/v2\/pages"}],"about":[{"href":"https:\/\/agora.xtec.cat\/iesperealsius\/wp-json\/wp\/v2\/types\/page"}],"author":[{"embeddable":true,"href":"https:\/\/agora.xtec.cat\/iesperealsius\/wp-json\/wp\/v2\/users\/1"}],"replies":[{"embeddable":true,"href":"https:\/\/agora.xtec.cat\/iesperealsius\/wp-json\/wp\/v2\/comments?post=4897"}],"version-history":[{"count":3,"href":"https:\/\/agora.xtec.cat\/iesperealsius\/wp-json\/wp\/v2\/pages\/4897\/revisions"}],"predecessor-version":[{"id":7205,"href":"https:\/\/agora.xtec.cat\/iesperealsius\/wp-json\/wp\/v2\/pages\/4897\/revisions\/7205"}],"up":[{"embeddable":true,"href":"https:\/\/agora.xtec.cat\/iesperealsius\/wp-json\/wp\/v2\/pages\/4401"}],"wp:attachment":[{"href":"https:\/\/agora.xtec.cat\/iesperealsius\/wp-json\/wp\/v2\/media?parent=4897"}],"curies":[{"name":"wp","href":"https:\/\/api.w.org\/{rel}","templated":true}]}}