{"id":4895,"date":"2020-03-15T15:49:00","date_gmt":"2020-03-15T14:49:00","guid":{"rendered":"https:\/\/agora.xtec.cat\/iesperealsius\/?page_id=4895"},"modified":"2021-04-26T13:46:27","modified_gmt":"2021-04-26T11:46:27","slug":"c08-primers-auxilis","status":"publish","type":"page","link":"https:\/\/agora.xtec.cat\/iesperealsius\/estudis\/cicles-formatius-2\/cfgm-conduccio-dactivitats-fisiques-en-el-medi-natural\/c08-primers-auxilis\/","title":{"rendered":"MP08 &#8211; T\u00e8cniques de nataci\u00f3"},"content":{"rendered":"<p>M\u00f2dul pr\u00e0ctic on l&#8217;alumne\/a ha d&#8217;assolir un nivell \u00f3ptim de nataci\u00f3 en els diferents estils que li permeti desenvolupar sense problemes en el segon curs del cicle formatiu els m\u00f2duls de socorrisme en el medi natural i el de guia en el medi natural aqu\u00e0tic.<\/p>\n<p>S&#8217;hi treballaran les habilitats i destreses b\u00e0siques b\u00e0siques en el medi aqu\u00e0tic (flotaci\u00f3, respiraci\u00f3, propulsi\u00f3,&#8230;) i el domini dels estils de nataci\u00f3 (crol, bra\u00e7a, esquena i papallona) amb efici\u00e8ncia i velocitat.<\/p>\n<p><!--\n\n\n<div id=\"16CCD\" style=\"width: 100%; max-width: 1000px; height: 800px; display: none;\"><img decoding=\"async\" src=\"https:\/\/lh3.googleusercontent.com\/jw2qFdQUU41SniDAAHWR7F35aj84My1xPME8Zvq0zgiPcyutP4nSStdTvxUzjumiTX0Y0r_-ebx4UX8zm0gMs7mnN5INJmramHfaT9BwAn3Ea9khnggDpeNzrIO-c3MhfAdl3Io-9AiW86avqTb83dZJmJne7r0-ADCJti176_mNYII6VuxhxfTlpSoQPO8bST4apwytMhMRzMyOSIjMR2qFMZKdANADm96V3OqZnMC42mL79ucnouB50JFpdCj6qOIbqIyne2k7jup8AHBIY661XhJ9VSJb_gPu0gfHTQTAhKoCUSAm-Xj_ZPCTvluOsFelvoD4VZmGy_MF_khaPpnp4YnbRDUUjtjBcYubWMA5aBZbh3kSjRZkIF169e5pA010vQrsuRxArkyXipYkdgHjz9_WHDURWH-BbfgP_fMuZC5o2zFj4G_pozAAfglwHrHGnBArWIwRUBuRNU7WfQSPSZIEyEfae_mBEuGimo66aXz334IjTJpUl_aih8CtK5Oi04fQPRSARMlhAqFI6AzuYVCazpqQO_cHVhVI3mb_YQu1x9AzSAK4BwgR-ssPd_fEkn4U_dVBuoIpw7n627a9dcewYqeu9NyjExCjdM2Z3GauHK2VlwZFMEjiB41bkPot5N-J4HPeIoOhxVUcXEhnkwShQSB2392mVARgf9KIOZqLvNYaavIx4vdG0X22z3XNR9Om5Ln5JnFJ-bWl2U-ye4Z-hRSVwIIcAYZvMjIN9ONhL5kowkQ=w1000-h800-no\" \/>\n<img decoding=\"async\" src=\"https:\/\/lh3.googleusercontent.com\/BT0pMrJKoLmB-tZX7XMlsyTPg1ekucz4n_A6GqwqHlhQ0VhMBZbqws-cJMjMIrNguuQ8snfFwFDZtTSs2Nf4PsPM-_bcEn7dp9a4hgYRKx8zE0vmukQlBWQPty0XrffLp8mCvIWzvine9TTpXfjHlIJ-aNVgmYKb0HuDEMFIBy6AzTEPW0e3PISSushgZ56M39BjheSQXo7GPfTH5Prc92z_gdHt2wjjgCPO4JZX2ac2yVKNLRDYlzVqzKCH0niJnuEXu50689HSNze0XN4QUnGUIpvsyth_0SjAix93yhFRfw0IuKUM673Tgl9JL8H6z4QVmUa5IlVham18_skCHCJimPvTSqkNr0S8b2MMY8TXOhppb2dIQOOe8WN5ZsIANbwMdH3-pymnBPnRDkF12tjSFbKP0-ZbFRS9SaK6dspphnWYUnzBIAhZF3sYfKmLUR56PPgV9IaAPTADuT2VCAEM5mKJwqXVN7czwXLV3fNpkjMKJ63FMYf_XpEtGTyzKBonb1JHhMmblDKbDh7_n4JJbrGm5ILhWGNuukMLPAkqhCOA07ChFfka32XnxqxejQUbz1ZZszi2L6Od9oBPLqNT6e7tj0q_Xk-v_AfNf_6wXQnOQsIUanzEgh3zFjw2g11qgVtG310g7PaN4ZAW4ZBp7FyoO8HubsyYcmg7jrALX24l2WdQID6wz9YFfZJSgw4TSz-0eAdal0aOdpEtioeTa3N2b_J_DMS5q8oM-0mQHx3YP8qKpig=w1000-h800-no\" \/>\n<img decoding=\"async\" src=\"https:\/\/lh3.googleusercontent.com\/TP5QlvItBihXtAMDrsknGctXZoVAWalVlwhzFcGXsqE4wsWTjiAI6DQZM8ykwalfB5dMpvvKitx6rEu9vhLY7gzNUdscQfZ8wr27WItBhIqYCsaYkecp83-Vh-xySNOrFHvlNB4EN2Zi7AOWWSKpNfwhQDPtSfCt-HuNL1R456V8N-nN3--CKI5U5j1rESi2Xp8uoMkfsV-CWw6V_dn6Ne1GylvboZ8udRf3hJXRuBFUI18Fl0IQ_gKuelX9PrOTM3U8LRsTOZUopi1mP8L34NlIypxHZ5V0rYXVRyP8niM-28VlBF9K40x1kIxIpb2MCO05Xpzk2QUzQ4c7OuYpkhuNuHctOxU7n9WKYRdWcDP7izLs0zyNzuKIFmqv4oRTobyqzpgHqfNzpNKczFeycoVuO8Y2fmM7KpEZrCMCWi56PEk5FsoWKeLHgTrhCCbq52YmtfTCtiPbWNKcqfDdYpuRVAnOqSsuTHbk2EJxsnJAE8WfKLgv5pLGNiH096tDN4pk1LTubMo9fLIAz1We0oJbIQaxFx816XDlY0JMkqYW6ZueqLg6hzfSq0ybTEX7UyRsimARORTmV-GogSE_PU2retBtqW_Y9mo6EjK4tD9N22hx9aiQvXgYXz6-gCoy7l370vLvpqKX2XWoFLRMOd04OtmW6TzRIjshQ52lhE9sWOxP3bus_iGarrU9w9GaRHfJalxUZkQ2pdDL9mNqOYujue5C64EHTVUGHOf3CXZagFD3GWZu9xQ=w1000-h800-no\" \/>\n<img decoding=\"async\" src=\"https:\/\/lh3.googleusercontent.com\/dytTYuEpoFXXiNcOfd3Sr5WaBA5H6qp_-NDQXuWT_NuvT8WFbr-YIqtyb0S5U45sS5PZ1drQd4wHEj6MAznPnrzjkWNQuX3NqOzFReU_sSnt0PxH79S-JrnC60Vhk-dk7l3eFvcMh9VNMnL5EKh5277SeamqqC2V1va4oj1mXhtkOD6O7fp7Ll-d9USAlQ0w5CSX3arMyP1lEkzzZm0eYvebGxk2AtW5thUI0yTNMvGrls7hbBSbCrQbd76D9GletJdHEt21sskz8xYWEeuT3cDwwJ965H-rWmPwmxKRMT8aXTsVCjbuArKMTZxhf6si5rI7RjDWp1pxVuakyo0fwZlTuC5bojGeglUDVr7JJ5cMt1qEAacpshyWw_JjLRWvvNZtYY021s9SZhJMO_qnoot7j1OKM7F5qEVaBC5OFWxI-38KuOa7kaA_7xUZ1NDbPIavIx-TMQD5yrHFJgkHfhPLfdsvReIQ1TwWUh5PDLPJPAZg47inLOwcpHSTisS2LJ0j6-THEF-rwkrq4nk3Ozz8FutIlIULaPEuDY24wcdVaimb-LgqmWYhwaHdbYWG7lP4mRTDjm0Z1vb2W230lpAS13bii1dy25JQwvufDTzaGCzvejsQEsddWyiRKQ3YvRgPZNw_YD5VF6kvjkq8bkG2aDfZ84XaO1A2qPliPuC9FZKMMbjSoYf9d5i-GUlkE7BxUvOvyYG4gha4TkzPsN5qhA690UZHzUu1oHrDiMj5GgQYVhktxjg=w1000-h800-no\" \/>\n<img decoding=\"async\" src=\"https:\/\/lh3.googleusercontent.com\/oifQQJKWAG4JbEbd_xO1zOUxCFTTk0M_V1lxEx5zNL_EpBfeArvmRwNz8KEzlmLtfizP_IMCoNhjKdmS3xwYGFnQ8nwlD4GkFN1gJACGAxGTasNgKox1gunXKN49D706otSWOfNLww1YQ2o5NYyQ28iZJNsnItoC0QkTBpFXfc7ANnUJPo-QVXe90uVN3V4T6iI1rqq5xOXSN6bkSEfHnd9PSp3SVTfQwk4hB30_9M3OsQQCPDvYKSq-dT_21JyY9VDQcp1DyXcH_qy91SXGBkWkNP0qILT1KgRNi-rDlQqXgfoX7gyQfMmgE_IEzYtee3Amc6gKnF8QTD6RQkRPeCaSK85-CC6J2L3vy84xNJYjTrRqmiKIpOWuVtm7wXp7Q8sVvF_YsAbfk1-LpItCVP2fcnW8hXQjogofctBwioP6sTWZB1hPVGid_QoXTvhEhy_FNTfwzd_nzPt2gLwE8ck276rq83hGTdtMiTUgh2COigdL8LnpBvqF25B8akW_HNzmAhDpyQvZuPhutrpG6G2H8PPilmaeD-tta6BhhyuzepHUFk0UQEVD5lYR-BBcK821wpq9F-C6COrd0z2ZaNsO5XYnJy4NPYqU_qmQa-Ep39E5okcBxlEI8XUFWoTTDI4TnjdvLh2SGRhe088M5WIhYU1K-U5pM9yQ_14dteXNPtKXZM-fBgOja8ghN3RvMCQ7JB1u4seQpAZZW1JAB01qEmdUXX11jJS0pUH8Pgy6sujkK2EraBc=w1000-h800-no\" \/>\n<img decoding=\"async\" src=\"https:\/\/lh3.googleusercontent.com\/NqNvX77Qoxzx_Yy9X7077OXjoz-FETskad4jPoDVuahGZipC5SF4mh1VIwHz48XvMuJwT5QrufTr0pRv7tFBQr7Mdogx_QKCUJ3x4q_vlNjNk6vPPTvfyzqWQ3O7E1ySHVxTq5lXlE8dHKn-lk0B78cwBjO06RJvbinB9cM08ZFpSNOJOtpmdqYn2UcBWtEQx0DnOfGNaNw105-i7kH0uuwrWWcoUFyRgtnjATldFn41uG6QcE3Qc2qBzKiA-BptDk9ZAbYDsNx1xvmjhOOb9WBP5qjcfS15D2Wouz-WwPZfRLVNYw_a4qP2wU-y5UYFM9LM3C3viE_zfl7zLrDrPU4kkawxsgB13mtFD0WR9SVaFRSPWFYtOBYZTaOW01en2-wvMuSAqemRHHittcsYn-pA48nDcBJXwLFRRvQpKhGsd44am7QlcjF-iY9c01DpESrP0T56EEgkrcaKrVwoZQhw-4no7gTVefXwjTBz0ihkGFqMfD0g4Zx6QXpqy8N5NAbtatpRNIdpg8RJ26ODEENnPLRZQWYDBIY2REkqQ0vsaMB1FItF0r2QvNvxx52dw30yLSdRWLNp6bCxMeH3k8_GRnZrGz8rzP9zpdC1exNjCMMKLr1WtGiQ1NASEqbkEU_FC1F1-5PlC98ufNnibShfBV2TQhFUD8cZnjqOoRHHChg69h3z0x2y2i240H3R16rkUe4yArZFs9i4RnppRcmxAghZJiii0mqUWkmJCiW49N6AFKZP-QQ=w1000-h800-no\" \/><\/div>\n\n\n<script type=\"text\/javascript\" src=\"https:\/\/cdn.jsdelivr.net\/npm\/jquery@3.4.1\/dist\/jquery.min.js\"><\/script>\n<script>\n  (MyGalleries=(typeof MyGalleries === 'undefined' ? [] : MyGalleries)).push({gallId:'#16CCD',autoplay:true,lightbox:true,debug:false,popupLinks:true});\n  if(typeof GalleryLoaded === 'undefined'){\n    GalleryLoaded = jQuery(function(){\n      jQuery.ajax({url:'https:\/\/cdn.jsdelivr.net\/npm\/galleria@1.5.7\/dist\/galleria.min.js',dataType:'script',cache:true}).done(function(){\n        Galleria.loadTheme('https:\/\/cdn.jsdelivr.net\/npm\/galleria@1.5.7\/dist\/themes\/classic\/galleria.classic.js');\n        for(var n in MyGalleries){\n          Galleria.run(MyGalleries[n].gallId, MyGalleries[n]);\n          jQuery(MyGalleries[n].gallId).css('display','block');\n        }\n      });\n    });\n  }\n<\/script>\n--><\/p>\n<div id=\"1B9B7\" style=\"width:100%;max-width:1000px;height:800px;display:none;\">\n<img decoding=\"async\" src=\"https:\/\/lh3.googleusercontent.com\/8hx5aIUWIbvybeuDkCthFQ5vIQw_dJReEfYUDGWZSpxGkWdRLDr-KDXm1tv7FF87U5xArB5nmMqvHsK_bvIjNaSYHfFyKWAMnzk5mR4cc-jxHu3qIoi4vz9jOegZ0fmuUMDoSWx0UxES4HftT70vEZq9rriX73g762K83lHhdKLydY8XbHmRRqZgKQdSCwOfOTQj5G1Qf9OEZGgPyNmOeemX_TVo8V362nMc97JXsFNN7oNe3t8zbvUv4GD3Jl_cGzg2JcqoNUqCES_fWt-HMBTl7udq-_gNImb6bJo5hIu68-JZaI9vOV8PHzTm-DZ9Q4COm-WYmg3dVnSzHAF1TiLoTsZj-mJtSaN4FB5HtfWAoWP3n6y_gAUsOKG-aboNw9qKCWCl9JINxprka-2clIpuwkOnwDafNGaUStLT2R40V5gqeqXNeepj4REufgDaiNFjjYrXJnU0SLN_iDCg3eYkjWGaio7mUquNHPdIF_LILN9YzKiR-9LUJQb73CSO9MvUwMp7LBlfJTSSWp1c2OeIONqae2YWrgpUxcr0HB8gX-jvwbeWkyQ3NJC96P4gIgYs3S67y81-yfVa-pcON4GoBG5XLs1uRBPCQfiUnRxpwMddXJfhvhST1WxayODoF6joQRY_TeiRC0dPbNByQderFV3jEmeZlriqWw6f5fNLNJbBtFDkDDsqwVHCOnHrGpXriA5JStkbs5X76LFZ809WpQ=w384-h289-no?authuser=2\"><br \/>\n<img decoding=\"async\" src=\"https:\/\/lh3.googleusercontent.com\/0wxICALXnrh44O98uOB3l3Ac_n4-22LOlL43RLTeQjbhryTHkp4Nfj5o1sDxI82sEPTA4600JMtqB-Tf8ca-k0fZP5KYr07KnPuH2xD8nrEBXZnZMtQ-o1jHPY7yYx2TqHghAzDroUSbifBlZ3B0ss_fjwfjbuQSDLkffmoTWSrd3cuoUQ4xBauvRZXPSHpCMKfiR6bmRDEaaO1D8h9jTr5eumf-63W333bM7plYl8lMRxOwECzR79TGxz8omUaTJMLhg5wCd9v-dB3nhWsYP9lreqt9v2iisTHsvIJIguvgXrR6thvl-z3U7RgL32HL7zJ1T0E_U-n98jNehaZ3cqGCLvA0_ZCHoWfthgTM4tme6gd5AYswKVLK65UCflyrqGhf3ciZQGuiIGPSjE8tJiqI-e3IQ6De5NvK82C512-LGLYZ1haTaRiK9o-5z7uNTLoRJLTv2CBon3z6MI1ef2ogPlGRTb1tcOakKdd0eC4AZfDmRlpHgPj326YQAicmOCFgLAl2x-MLguOglVnoXQqcXgi2b5N7-y_5whOzrcEac1f_6HahZZRyZJt2enIC_eI3d-c2aYTZ9DkS2wcYlcNZAq0akO7P-lNBCM4vd02fFUiw5eeivVOhdyrw6FleM5mT0n5gAcTt0H4dM8nL_utDnOgtL61HxvdatuQRWAiHqKjB0ZHC4D-R1LSCzfeelQU6symgErJzyMx1zsQEpYoutQ=w365-h289-no?authuser=2\"><br \/>\n<img decoding=\"async\" src=\"https:\/\/lh3.googleusercontent.com\/fkAaiG1rifRwq8yRIq54EVpWo6mJUw5PVut9htEdncK6BlXVlfGMev7elO0RihnGX9i7OAq4czmt2O0PTnSpj3EnL4prGv2TG8f4gd9vGQ_8FnIHeCsTGZ0Vlb69iq2CmTVYN96It95_NfYywVxZhmOeB3_6F45Skpoi9XIV4sxdmf8mSNRviCpsXjD-lcw5e_aU6C_yVCq9oaBaHHC2nHOvhS5QTdBvQHtULZJXEeAvneD_hT-NOUZxwwb0afwQkj1xf7S0tUZZCA_2OJ8z-_rh1YfxYOTTEPpwLaYI2QUGcRSeFdadnkD0SCCu5uKy6jpbfLqVeB4CDlLkTl6CPuzBeZpOly3t_zHOZPe7sNFm_eCFSh33rhQHBRXly8ILr67gg_lgOdAjihSJTjWUY25hJw-jQhdxFBmbaUM-OHhtM6ui5PTfeC-iLIGEMWRlInA8MjeFgHGgCDqJ3NgRwX7UFnxgft99Gqe-vtdS3Ez093peCfkDEKsLU7MYtrYveEBOI0veDWJR9DERH8Is9N3uEu3o8gs3CI9T8m8bwxTN_rtUO-qBjM8OINYcOadyHDCvHXQiG-pZm-JRV_UmiLpRNqyKNvZ1VmxOyF4MGY8OuRhN528T8YqhAfJ-dGpo1nB9sHY7AOKDVo7YK0adU2X-L_KjVo-EyThM8bYLd7TR6H4mNISxVQgQRGuzARowO5TcfMF0o1TsUsHCf8CJ9dopww=w215-h289-no?authuser=2\"><br \/>\n<img decoding=\"async\" src=\"https:\/\/lh3.googleusercontent.com\/L1IT2BigI6IFzCRvqqo30ipDe9lOQbdWtIZEOzVMNPx5U0j8ZRMzOIB6sYV9AtYpZErIUj4NjdmRp6VeddlSYMgeXd5o1P1-QM_V_AfSAPpBnwN0WTC91-JFqe1wxEj-0C50hQ2LInp_RkuW41sj_-FMHYSJUmiL-S2oq2c6MGXh7EP1akxfEixvU-aKKTNiy5Hg_MKz1b5UElyW1ONX6dN0x6EEGWpny_3w5nqkzWCDzEH2MYTRhO9-0pjlukjvH2SgvURAH3yFGBcSB4RYwGcGGde3NbjVwwUFmBaGT44qQynYuChDAawCYCAt7paeERTdmB9tscSsZ58ulGExhTL5aRy7XJbZoxLbPYG1GNbH_9UYDv3gB4xz1fwCMTxQrWZTqeV33_R6GlpGlRqxFQ88s89XThgg5_Q74vdxTq8eov9D1IZ9VonlYaSnYS-ax6upVO7_6PC1id2IIqORQrVMRhSgtdTygNR2zKyNmPsUFLHq9WImderIV_aQCB1IbNxDuVBeaM8mHXhjrJiUCdXVTbyvhqe3FeDJt2kPW5rYWPrSKnZivB71H9nDOvhl5hdSVkhp66GeBIYuJhX9IWJ8yAM7M8Lahg472UYN22_wBIkoJ3mN4vDWiAah5wD2j1w1wk-VoXn-nq9uIJwASCsxSlEZsaIwl-fMtomQdtH733P32rMwJ4M9uCyf7EABuNpgiSl2e8o1EhBE21wXuiqsYA=w384-h289-no?authuser=2\">\n<\/div>\n<p><script type=\"text\/javascript\" src=\"https:\/\/cdn.jsdelivr.net\/npm\/jquery@3.5.1\/dist\/jquery.min.js\"><\/script><br \/>\n<script>\n  (MyGalleries=(typeof MyGalleries === 'undefined' ? [] : MyGalleries)).push({gallId:'#1B9B7',autoplay:true,lightbox:true,debug:false,popupLinks:true});\n  if(typeof GalleryLoaded === 'undefined'){\n    GalleryLoaded = jQuery(function(){\n      jQuery.ajax({url:'https:\/\/cdn.jsdelivr.net\/npm\/galleria@1.6.1\/dist\/galleria.min.js',dataType:'script',cache:true}).done(function(){\n        Galleria.loadTheme('https:\/\/cdn.jsdelivr.net\/npm\/galleria@1.6.1\/dist\/themes\/classic\/galleria.classic.js');\n        for(var n in MyGalleries){\n          Galleria.run(MyGalleries[n].gallId, MyGalleries[n]);\n          jQuery(MyGalleries[n].gallId).css('display','block');\n        }\n      });\n    });\n  }\n<\/script><\/p>\n","protected":false},"excerpt":{"rendered":"<p>M\u00f2dul pr\u00e0ctic on l&#8217;alumne\/a ha d&#8217;assolir un nivell \u00f3ptim de nataci\u00f3 en els diferents estils que li permeti desenvolupar sense problemes en el segon curs del cicle formatiu els m\u00f2duls de socorrisme en el medi natural i el de guia en el medi natural aqu\u00e0tic.<br \/>\nS&#8217;hi&hellip;  <a href=\"https:\/\/agora.xtec.cat\/iesperealsius\/estudis\/cicles-formatius-2\/cfgm-conduccio-dactivitats-fisiques-en-el-medi-natural\/c08-primers-auxilis\/\" title=\"Read MP08 &#8211; T\u00e8cniques de nataci\u00f3\">Llegeix m\u00e9s\u00bb<\/a><\/p>\n","protected":false},"author":1,"featured_media":0,"parent":4401,"menu_order":0,"comment_status":"closed","ping_status":"closed","template":"page-templates\/side-menu.php","meta":{"_bbp_topic_count":0,"_bbp_reply_count":0,"_bbp_total_topic_count":0,"_bbp_total_reply_count":0,"_bbp_voice_count":0,"_bbp_anonymous_reply_count":0,"_bbp_topic_count_hidden":0,"_bbp_reply_count_hidden":0,"_bbp_forum_subforum_count":0,"footnotes":""},"class_list":["post-4895","page","type-page","status-publish","hentry"],"post_mailing_queue_ids":[],"_links":{"self":[{"href":"https:\/\/agora.xtec.cat\/iesperealsius\/wp-json\/wp\/v2\/pages\/4895","targetHints":{"allow":["GET"]}}],"collection":[{"href":"https:\/\/agora.xtec.cat\/iesperealsius\/wp-json\/wp\/v2\/pages"}],"about":[{"href":"https:\/\/agora.xtec.cat\/iesperealsius\/wp-json\/wp\/v2\/types\/page"}],"author":[{"embeddable":true,"href":"https:\/\/agora.xtec.cat\/iesperealsius\/wp-json\/wp\/v2\/users\/1"}],"replies":[{"embeddable":true,"href":"https:\/\/agora.xtec.cat\/iesperealsius\/wp-json\/wp\/v2\/comments?post=4895"}],"version-history":[{"count":3,"href":"https:\/\/agora.xtec.cat\/iesperealsius\/wp-json\/wp\/v2\/pages\/4895\/revisions"}],"predecessor-version":[{"id":7206,"href":"https:\/\/agora.xtec.cat\/iesperealsius\/wp-json\/wp\/v2\/pages\/4895\/revisions\/7206"}],"up":[{"embeddable":true,"href":"https:\/\/agora.xtec.cat\/iesperealsius\/wp-json\/wp\/v2\/pages\/4401"}],"wp:attachment":[{"href":"https:\/\/agora.xtec.cat\/iesperealsius\/wp-json\/wp\/v2\/media?parent=4895"}],"curies":[{"name":"wp","href":"https:\/\/api.w.org\/{rel}","templated":true}]}}