{"id":4893,"date":"2020-03-15T15:48:10","date_gmt":"2020-03-15T14:48:10","guid":{"rendered":"https:\/\/agora.xtec.cat\/iesperealsius\/?page_id=4893"},"modified":"2022-04-03T19:57:53","modified_gmt":"2022-04-03T17:57:53","slug":"c07-fonaments-de-lactivitat-fisica","status":"publish","type":"page","link":"https:\/\/agora.xtec.cat\/iesperealsius\/estudis\/cicles-formatius-2\/cfgm-conduccio-dactivitats-fisiques-en-el-medi-natural\/c07-fonaments-de-lactivitat-fisica\/","title":{"rendered":"MP07 &#8211; T\u00e8cniques de temps de lleure"},"content":{"rendered":"<p><span style=\"font-weight: 400;\">En aquest m\u00f2dul els alumnes seran capa\u00e7os d&#8217;identificar les caracter\u00edstiques socioculturals, aix\u00ed com diferenciar diferents continguts al voltant de l&#8217;oci i el lleure.<\/span><\/p>\n<p><span style=\"font-weight: 400;\">Per altra banda, bona part del m\u00f2dul es centra amb l&#8217;organitzaci\u00f3, el desenvolupament i l&#8217;avaluaci\u00f3 de diferents tasques, focalitzant l&#8217;atenci\u00f3 amb el joc i les activitats d&#8217;expressi\u00f3 com a motor indispensable per a les activitats de lleure.\u00a0<\/span><\/p>\n<p><span style=\"font-weight: 400;\">Finalment, tamb\u00e9 ens centrarem en com organitzar i desenvolupar les activitats anteriorment esmentades, en un entorn natural amb la finalitat de garantir el bon funcionament i la seguretat d&#8217;aquestes en uns campaments.<\/span><\/p>\n<div id=\"238A5\" style=\"width: 100%; max-width: 1000px; height: 800px; display: none;\"><img decoding=\"async\" src=\"https:\/\/lh3.googleusercontent.com\/VEXiiSkrSy166Sw6eZCW6vSFmgCWgtZqBI-OfJw_vXUHQ2lh6Aa_ZRF1_Cub0lXcCMyZcbSGp31HjzFLlz24WKn8e6sM-RDlInvtb4B4ziXOSpUx5TRY_AQFN4Qb-Zbw1yhnw3sucG0QaNMXYQR2VL95M0VDMAnLZ67KafBKMdiM1ibnjaTW6mneo5RDzMxgoONLhJwZtWhLJQ-XiFQtv4X4d1kHR36fcS03K8N4BLZ8A3Yh26wiv8Mxr5v2fSQoInu6BP23j1OqI3cWkvcUfkE6gb5Prn4bafiLGOmUpb2oerXcWAZ4kCzS3PmA8jtsRzbaKt7j0hwx-p9VqfuTBXeOI0a20VF5sK1YVA5z-iRozqPcaLQqZdZxCkgOyggSY2LoULu731bYtRiuIAfDeTaXwjf7JQ5ZID5SnR8wENlhGwM5k0RW9xtvTGNU4MAcX-ZCzDAV9j6y8jMQUkcOl-YrKSZODHY6D7eLVcFFLe1AeT6DiP1LRrqmnP9avEd24uL8RAO05Ug1zH6hXFBcrfeXS9cSGA7GrbHa7xE6d5a9Q2uU8aoM64EWZey5nHAKu87yw8TqvdRsshspZ2KsGet6xsCEDCN4snmE_5R8rNJxcjtFDBdVJDEyCu_FvFXq74ZK8PXJvj907jrvyDGVpQiYUScXy7D_e5aIeCfxL6UEQ6J1OlSh4xybcXdYeZ-bAzyRxY13CZb84qoILFgJxdntgQ=w718-h403-no?authuser=2\" \/><br \/>\n<img decoding=\"async\" src=\"https:\/\/lh3.googleusercontent.com\/6lUu70HOOlCCl38uY4598veJrCH17Zt-w2M-5W2Uz4S1vik6YvqIe97UZyzjQ80ihENGJ8Zn8olPpU00uXDsCPrfqtElk6hiTzJt1l7vPW0TtVu-udXtW2_9WJFedBIJDzpB7dr7UfRKNld7cyYG6XPa8kj3l5eGMVHR2ZHRXdJSjqtmK2dCkeZbzLv-VwECrKwD5E3u-7XFEP1l4rZNgX0OlAYAPqYid56hCxPiSw1BJ08qTHTP4Vh-5yc2aoWWdKvB6snMiW5YWRGi7tMf7nBxrfWvrqc7N2v_o42BZz4exk9YolTlBBm0D-_mxVBEdqYfyGmlFPn_VwKo0vA8Ln11CUgvzjFXaqY9AZeIE1eCaB0mcQNycfFgDhLEP-49oUigKBr6UbHaxT6Nbq30pE-LYWuxHNVZ5axL3H4BSbOOvFcJ81F88oOikw9DAlEYRIgl16aKJp8xHvp8sBCR8kuwam64jqVchYp_FRtGvZbZcig6hEYChbg6C_b-ZMGur8d3pB4Z7xbdwMogE7tppZmjtmGPyMCfb2GjPK7jA66rRR6sdVwqBDZHpuJ_FswA9-zJktBsG3dPHpsw7Dk7MxTEZs_DK-7fNC5zhxVvWXzXonVLaV52qtUBbmt9K1d8rTpmTwWAUVzdZ1rnR2XTskDJEqVDPLCs2V5oTCmhpp07lKGouDa7CFZJDUbUuHBlB8GvvNsq1IwZUDk47TAQklvajw=w718-h403-no?authuser=2\" \/><br \/>\n<img decoding=\"async\" src=\"https:\/\/lh3.googleusercontent.com\/WtC4s8dexURnKHpVYsQuVoZ0X8lKU0CTVRLyWHl-D3TpecU88Qwnwa1O-IT2Stspp_jU1EZw5t7F_TEY1jeTRdWQzJazXr5SEkgyi8N_zw_ePmeTkIT-eKjdnEzueO10G2ju9rUmV2EN234leCDAn7UZSiY6NL6ooVm0qO17kTnS8P-X5gdLNE2d5JulIpxXDp90zF3k1NjEso4Xw0HZQEh0k740hEy-c4Rgxqhv-K4UHFTidZeLM0yBsXNeXe83ZwriITir9jrxtHutnpE9j4gCoBVzxjUUgIAQVvvoL0u8HR5XUSuu6MsQjzlXkdA_Ih1DXl2bRr3nuHF97RMrI6I0ft7gZu6w5jYzDvo0FliiMWfTVsXN9AZnn9gQdg-OFc-_RkuOrVpqVBdNJi2il3GqBHVLbG2TW0azRfkzfb48BAFsr1AWocRtPyvdQpr3DGR-tpmexF8XNqM6yFarpZW7yzXKXJSvt0-HCFLgWop0iI_u6_SfnUZNNFPZkAGyW7f9-A3UVd-k-ehorDBaFZa-IDqLR9iOETxOcXYRs65SNpIXQPXo0BK0gDjawQFU2wSD59U74J6EVGu6PwZBm7SEAr3QAcvtAEXWLuGMs0IG7J0GsMjP4d3Dh4q8RuksSJ0GZj6F8WcYhJlUZeM_Ue9Xra6N0v05AyDRoB4ZNVQyqr5Fa7gCMc9t2wXQ-6jQh9RCKRY0xyaMCBfWZBCqotVQcw=w718-h403-no?authuser=2\" \/><br \/>\n<img decoding=\"async\" src=\"https:\/\/lh3.googleusercontent.com\/dwlBhj1hAbVtau06q-3xElWSQiHIXqw9oSQ_CJWy4K-TAa1VnO_QEpGwtstGc4NiH43lV5sbd0zRXVgLOciX_ks0obUP9UmDlxdnpqkGEjVonEe9WiK_Vc2VUK6n5tpDkRqSwQkUYsYGSCMVGnDWl-yEDhms_07GNSNLkTIScbpLm9gUxiBBN9MC8UM6W8gblLRzT8voa94hH7DurS1rCRwdWSnlokMgQy9WwZEWkDShW_65DB2fN0Eb28IdllRY2STLpfqqbGXvclQg97xkIN6_BVN9kXGYNoVA34QT-jYKChcFfe679aQKrhUbCEVYiAPR6NLQUnxBGS0uExyLn4Masp48-Nh1NYA-9ZL26Rt6f4IjO87qS_Ycj-jmox2MLNm2A77YGMaGf4_fBAV0gxBnZ6nFZ8SfF7mj9kUtw8PmzhxQg2szGhx8bmjBdPrdK6uYpmiFFJ6ChQPOIjPHrtjFUjTdKzF3Ziiw7fqEqVaCv4EY6g6Q62a1WthjADt7DlQX_fCIghaKQ0wb0_QeDzuKHEDMbnzSM6g_XQjhRUIC1O8PwmoMSKOAfc1GlanH_SQ__7TN4jvK8hOwwZvrYSsyKqO2s-IUo8C-Eakf8AAC6Dx6nedQAE1oXhgZ_fSQPyCIdhIUz4UhpsTH0OKndrdtmHjNGcWdTqH7JWW1MO_L7uCGoTbYJ9SSLTKUXqJXLcpuNJD6RqVi6mdck_5GyK1cbw=w718-h403-no?authuser=2\" \/><br \/>\n<img decoding=\"async\" src=\"https:\/\/lh3.googleusercontent.com\/bRAT2dw-BggjehKls6bkpwSs6RohY1J5Y_dxUswXIiqBwZxVpBbx5ZS7LqZLDY-w8ZCoY1_W0BbLnxJkWxciBkdb5JC4oXpaML9X-TEox7b0_RmqgEbHfxxQPHt4K4d2Kj1bxJsds3ZpGmzOMMcIrlvy3CuCJrt4FNedpN7WT1AjW44w2a-3AuBb14-zA0GEfEO7iiKUVZF219VOw6hh7vE1f6DWoUwZN_S14uJg6ImC-zbjL9-48ls38juohNNtQV_XTEAakBZSIeizcbNYjigKoM3bn-5qI8mRljLZ26i4Ws4n_QYpq_kSD7d7XA9D71u6pZ-PJsL41AylW5E9B7Bh_vXzmgbIeCaY8WgMh-PqdqvF92r8EfEa-knsXeWOqOdCmoMlgne6j5u47QdBUVpyv3Bf__DhVhIhDufQ1zBGrgBUOKdCpWzSwOAMbg9Smt4kPBpzZ3T7-ndRQ7VKv7KvzVw8HsjLZ1FkK3GqrrjLwq9i7jg8ldx3A52lIPDx2g-Rj1eygq9hY1h17faHdGhkPr-m7O3CouiZ_a7fi4mk8CZOaMSOCVcXdugBfeAcn8sxO7-5dXiykZKZTIi8aR7pD4cZYP1i8511vvzk3g_ncHm1RiS-nmG5s8AajFGVwgd07Or4xWIOk4YXL_wezDvPwsR3r_DkjyiNW5jGV2-TBT8tT-GBKsBObJiSzMSC-_eC1A1QBMrQCwt9nUjvtoHsgQ=w512-h288-no?authuser=2\" \/><\/div>\n<p><script type=\"text\/javascript\" src=\"https:\/\/cdn.jsdelivr.net\/npm\/jquery@3.5.1\/dist\/jquery.min.js\"><\/script><br \/>\n<script>\n  (MyGalleries=(typeof MyGalleries === 'undefined' ? [] : MyGalleries)).push({gallId:'#238A5',autoplay:true,lightbox:true,debug:false,popupLinks:true});\n  if(typeof GalleryLoaded === 'undefined'){\n    GalleryLoaded = jQuery(function(){\n      jQuery.ajax({url:'https:\/\/cdn.jsdelivr.net\/npm\/galleria@1.6.1\/dist\/galleria.min.js',dataType:'script',cache:true}).done(function(){\n        Galleria.loadTheme('https:\/\/cdn.jsdelivr.net\/npm\/galleria@1.6.1\/dist\/themes\/classic\/galleria.classic.js');\n        for(var n in MyGalleries){\n          Galleria.run(MyGalleries[n].gallId, MyGalleries[n]);\n          jQuery(MyGalleries[n].gallId).css('display','block');\n        }\n      });\n    });\n  }\n<\/script><\/p>\n","protected":false},"excerpt":{"rendered":"<p>En aquest m\u00f2dul els alumnes seran capa\u00e7os d&#8217;identificar les caracter\u00edstiques socioculturals, aix\u00ed com diferenciar diferents continguts al voltant de l&#8217;oci i el lleure.<br \/>\nPer altra banda, bona part del m\u00f2dul es centra amb l&#8217;organitzaci\u00f3, el desenvolupament i l&#8217;avaluaci\u00f3 de diferents tasques, focalitzant l&#8217;atenci\u00f3 amb el joc&hellip;  <a href=\"https:\/\/agora.xtec.cat\/iesperealsius\/estudis\/cicles-formatius-2\/cfgm-conduccio-dactivitats-fisiques-en-el-medi-natural\/c07-fonaments-de-lactivitat-fisica\/\" title=\"Read MP07 &#8211; T\u00e8cniques de temps de lleure\">Llegeix m\u00e9s\u00bb<\/a><\/p>\n","protected":false},"author":1,"featured_media":0,"parent":4401,"menu_order":0,"comment_status":"closed","ping_status":"closed","template":"page-templates\/side-menu.php","meta":{"_bbp_topic_count":0,"_bbp_reply_count":0,"_bbp_total_topic_count":0,"_bbp_total_reply_count":0,"_bbp_voice_count":0,"_bbp_anonymous_reply_count":0,"_bbp_topic_count_hidden":0,"_bbp_reply_count_hidden":0,"_bbp_forum_subforum_count":0,"footnotes":""},"class_list":["post-4893","page","type-page","status-publish","hentry"],"post_mailing_queue_ids":[],"_links":{"self":[{"href":"https:\/\/agora.xtec.cat\/iesperealsius\/wp-json\/wp\/v2\/pages\/4893","targetHints":{"allow":["GET"]}}],"collection":[{"href":"https:\/\/agora.xtec.cat\/iesperealsius\/wp-json\/wp\/v2\/pages"}],"about":[{"href":"https:\/\/agora.xtec.cat\/iesperealsius\/wp-json\/wp\/v2\/types\/page"}],"author":[{"embeddable":true,"href":"https:\/\/agora.xtec.cat\/iesperealsius\/wp-json\/wp\/v2\/users\/1"}],"replies":[{"embeddable":true,"href":"https:\/\/agora.xtec.cat\/iesperealsius\/wp-json\/wp\/v2\/comments?post=4893"}],"version-history":[{"count":3,"href":"https:\/\/agora.xtec.cat\/iesperealsius\/wp-json\/wp\/v2\/pages\/4893\/revisions"}],"predecessor-version":[{"id":8404,"href":"https:\/\/agora.xtec.cat\/iesperealsius\/wp-json\/wp\/v2\/pages\/4893\/revisions\/8404"}],"up":[{"embeddable":true,"href":"https:\/\/agora.xtec.cat\/iesperealsius\/wp-json\/wp\/v2\/pages\/4401"}],"wp:attachment":[{"href":"https:\/\/agora.xtec.cat\/iesperealsius\/wp-json\/wp\/v2\/media?parent=4893"}],"curies":[{"name":"wp","href":"https:\/\/api.w.org\/{rel}","templated":true}]}}