{"id":4891,"date":"2020-03-15T15:47:10","date_gmt":"2020-03-15T14:47:10","guid":{"rendered":"https:\/\/agora.xtec.cat\/iesperealsius\/?page_id=4891"},"modified":"2021-04-26T13:47:11","modified_gmt":"2021-04-26T11:47:11","slug":"c06-administracio-gestio-i-comercialitzacio-en-la-petita-empresa","status":"publish","type":"page","link":"https:\/\/agora.xtec.cat\/iesperealsius\/estudis\/cicles-formatius-2\/cfgm-conduccio-dactivitats-fisiques-en-el-medi-natural\/c06-administracio-gestio-i-comercialitzacio-en-la-petita-empresa\/","title":{"rendered":"MP06 &#8211; Guia en bicicleta"},"content":{"rendered":"<p>L\u2019objectiu final del m\u00f2dul \u00e9s el d\u2019aportar eines b\u00e0siques per aplicar l\u2019\u00fas de la bicicleta en la conducci\u00f3 de grups en l\u2019entorn natural, reflexionant sobre la import\u00e0ncia de potenciar els estils de vida saludables, el nostre comprom\u00eds social amb la sostenibilitat, i els avantatges en el desenvolupament d\u2019habilitats motrius i\u00a0 la condici\u00f3 f\u00edsica.<\/p>\n<p>Amb aquesta finalitat, s\u2019aporten als alumnes coneixements te\u00f2rics i pr\u00e0ctics sobre mec\u00e0nica, la planificaci\u00f3 i el guiatge de grups, les normes de circulaci\u00f3, la hist\u00f2ria de la bicicleta, referents d\u2019inter\u00e8s des del punt de vista social i mediambiental, i les t\u00e8cniques b\u00e0siques de conducci\u00f3.<\/p>\n<p>Es realitzen tot de rutes en bicicleta a on l&#8217;alumne\/a aprendr\u00e0 en la direcci\u00f3 i orientaci\u00f3 en el medi natural (mapes, roadbook, GPS); tamb\u00e9 es toquen temes de cicloturisme, bikeparks i patins.<\/p>\n<p>La metodologia emprada en el cr\u00e8dit \u00e9s fonamentalment pr\u00e0ctica, a on cada sessi\u00f3 de classes es surt a fer una ruta amb diferents desnivells de forma progressiva.<\/p>\n<ul>\n<li>Una primera part te\u00f2rica introduct\u00f2ria<\/li>\n<li>Una fase principal on es porta a terme una ruta, aprofitant per consolidar els aspectes te\u00f2rics amb la seva aplicaci\u00f3 pr\u00e0ctica, aix\u00ed com per millorar la condici\u00f3 f\u00edsica i les habilitats t\u00e8cniques dels alumnes<\/li>\n<li>Una part de conclusi\u00f3 amb l\u2019elaboraci\u00f3 de la ruta i la reflexi\u00f3 final.<\/li>\n<\/ul>\n<p>L&#8217;alumne\/a al finalitzar el m\u00f2dul ha d&#8217;haver assolit els coneixements per assolir una de les qualificacions professionals complertes associades aquest cicle formatiu, el de guia per itineraris en bicicleta.<\/p>\n<p>&nbsp;<\/p>\n<div id=\"21023\" style=\"width:100%;max-width:1000px;height:800px;display:none;\">\n<img decoding=\"async\" src=\"https:\/\/lh3.googleusercontent.com\/6t-D5PJXcJi6wNW2tiQ9xHG_wF0yASdiJs5JKob5SDzd-DwRU4eBfHGgrRKd0MY_Q7wn6z-worHOasD9yXNdgBb_hdNhRDflOVh52XAx-R5nGCtmOae1sHrv-eiMpmcWkQP5XbelSwzP50KB7SbjLtTLdHP2yUbG1r6qirOvyh120nSJ-VYoFXdeFnQ1BogAcuMLbbPF3tHCjsyk5JcuqqSy6ztuSH1i5F1_0-0P1cWMH5EqrkQ6zeYmQJqRvU6D_qJfG7sf4eGyB83CuAaj4WJ016HZnEG3JpIN4p2MkMjiZSzdvMJ9KLwpdflBvMdMwahhJc0qqrlpYtuqjxlZ8I51Yjg8xnbtkbjqVaHRk038b3_6Ii2XrbpHNOV3LfFGYwzklF7jMCMnb9bhnWiLG0txTPpHuRXuwH-2vjqNg751xPRfiC8YcglmQyHn7enfY6dh339wd9i0sLin1rj2iHRF5QbA_5OO1hx5OImi-GI_WlyzJyRYFKnsFzGTZp8UeA5VhqkJd9ANVreHC8smqSNTO_r25aTerF3oMf-In_byuUttIWARECUrnEWxTLhRrfdU5VlyIC9shnTccqm8F7kjS0yUKL3uVKvq1jiYOr8TQLXipcIqGk96x7mlYSL6vvZfVtLOvrPPlJg6JUUqUpjHelIGTA7ptzJq2SE-fRPZLjpjIz4COEH_DCPFtts_fdw0QPXesI_U0OUiShuXTSxQuQ=w477-h357-no?authuser=2\"><br \/>\n<img decoding=\"async\" src=\"https:\/\/lh3.googleusercontent.com\/xV3elnkklM9nfbqedccZAYgLKj8vIn2Un-Oq_VOTXy-KF2TZkRBQsc4nWa3nPhIHS-k2IwmkDZAMbF249FssgCxb4MQO8a6B5jEo76g7Fp5M6Q55W5cwplvJBmPuoQZGd2dWSmhrUYQq_d71oc-N2ceAChZIZKHSxmVerD8azYK4V2MXe3bLKuFl8D5AHk123O4ZIlTGrSR4EXr-Pac66vwO5OwQV2gLBamjwaR4iYuwUjkgd0uw8Uvf71ks6mM8D8lc5_KCUx-Xv6JyBsaXByWHkNCetVxlmgU8-OjmrbLbPMXbnk4NCdUWFlR1GORNCivStY93pBTQNj6Feaxvb5Ni4BbeSXCzU18JXAbmj1RPFCLi21sQucq6IAzBdcYw6FAOMLaW1TF0XZk5Tqt5m1BEAkgxzxw_xiumRMov2BfuTssXyWbZ61WZIQbUOEOp6XlD_MqBQpvgx0mVugkBj-I1pdIEUoJWjZiE2u8cvL-CuY-Xzy3AUKU_RqGVvNNaYGLVsRXRHKa02CaS_D8AjDTTV5Oeoavb5fDZITI8on6edXGoIs3We4yqJ2G8_FGk97--vr66xUV5CW-NpNO0C6zJyAp2PBZ-Ts2gKnsuKM3_u9JMqSaYqaDbK5ktvlaA_jDb7-2R60_CkXXDkSi4LcItRDomwMXZokciRP0oX5lZpFUhL1mDBuykH8yktPhRcjWjmZDtVHjdtzaGMqeR5EtSnw=w477-h357-no?authuser=2\"><br \/>\n<img decoding=\"async\" src=\"https:\/\/lh3.googleusercontent.com\/uuclABx9f_5-7qppUSNsAF0Ml-lhSMeqYjufZj07N54L5f68DI-1cRjCFyGjDTJXock3yYdZPzJI94T0raBfR1D3mKaXlanuaDwBSLbYrTfTILd0cKtKn3vjRw05yXGk5mYjgvVFNtY-zXnfKUtBLdxHBhgr50hEwEAeVY3xyMvu43opTVhB5lgeXqeclzQfLpOD6pG03Z0HTuc3Tjo5XWpEZ4RRp0eQTVVm0PDowxTXlhBbG86hPEFFPpw-gccuwPDcW7CkJqwleL-e3amPmQ-UcNp3a5J5kLo6beqmVROA53cd38JRQ5hZxR20gXn4uGA8hGLbB7BuULfTaogeorsXp7QsaPreHXX-pPr1LaQ9nAxBn0K_1auXAnMp31-5OJnVKcOai_26S_jiWpq98zFfHw3LL-lpTWXIdCoZfXVk80rieeu2Kcnu6jEZI0ia_0B0FbWzThlluRxj8wLfyasVb3mwiHprrVexBVSssXpoHdxdh8oqlepHafZXbtpCYvvdtaP9XUPAkyjclnFgU7jbLeC6et-vjv2dG1byEL24JPnTP1NaMhSdbuEBUbUBsu1oa_fEBI9yT40AnBDKW3ZN83d54nBBcLLtCh1IqqOIzY9NQ4WBZG-YaKTgcAoHzCJOpZrA8-mNVTULbwPZXOLqLVv0QH4eXUBZN32_utB0Yrp_ruaej6f_0lMIcizBIYZPGtgyKNUL0pE5LLKbiY2_Jw=w477-h357-no?authuser=2\"><br \/>\n<img decoding=\"async\" src=\"https:\/\/lh3.googleusercontent.com\/9AWvoiCbqoi1tiOmNRNEDUiQtnrFaYVUT_UlqWK5mgXYdtCAxx8VgQ7nHE86Np-tzFaSIBjmanhBkUfOQSwpY8F4o-dTTcce3W2jSRJrPFxfWOPxMrOtoXnhhXTPPo7WAQA5vQRfeSK7dipWFwYgD8OSv7Yt3hpqM3ilpD-m1aurUm1iRTMvAtNS83MHACRVZAeRNmnwSItE7_u_NjkN8Zds3yt6ymxCb3a2F4wmszWQYKy7W7hOWt6LuV2wpLY08AD9YkXlTKjjB-rPIkU4wbGBuLryqleh2cQ4efijcPnFDKCxaLgM4BawOC4opswjcdwOOXIi8z8N67CRxinw4qqRDXhB4ZxWlAefvCWLSivgXUpAHYwCdoL8VLGdRUWs7az1daw1FQADcUTnp2uawPeeQ18yvKzfL4dzV2Lf5cYSg8NkmJnkKCofy3UH9Nn7BFeKYowH-z9GIUoFITiY9p4f3T5VnwVnJpCT8uPjK2Sm5rwggJjx4Tl3mhhj8LqYXEWddPq-uD7ggBgu3KrAu44sWHXOz2VsXRiNacw-2J3F8AidchI6Uo3zt05a94_OApsDGYafRG-U3pyGMRMfdYJFTh3WoMVKlx35I13O_FdKbKYtpLh3SRlkvK9B3upCXjEnVlhnBsglbP6lU6C6VIMCYcmnXAWCafJjKkgSt-SQGh_xge_54A-LGg_V6K2IwlqGRbILhUG26xOVwzBGkplfkQ=w390-h292-no?authuser=2\"><br \/>\n<img decoding=\"async\" src=\"https:\/\/lh3.googleusercontent.com\/dAkI7_uJfecZz4D0y5JBPIqaKV1JaIEpG3Bkuj5XjQ_J1P04xXv83jEiWuvpNQHAqK64mk1bkmesf6MfOm1s3yATw1CC1VHRAKPXCZr5bysYe5hI7ceIv-Cqajvq_pq-HQFcgzGGcwQqHYzP2LmACvCfsGNVjEujoluCzg89NfEd8xoRkkDZV2lsx6GjlB--kREgbf5tThdc8rvdF4PG0s8yGcJa8FG5h_86odJuO2HOrUpfk-unEKU_n32g8bEbqLWedN7bGUdvwU_z786kKeZibKzr6wO5DVkLrHr1BzwiE4CbOavuXRZa_crXCN5Nq-xdnIcbMygqCkUc8QVtpZx-pSsY35C6U0oI7-LczHykoLx-W8QXJGTdElykOEtMeLelfW7QjMIVueZ4M82pT8YnxAf52SwX59Fyc1ZlFbbNTFMXrOBMsUUcXmYulpc6-Alr0s4n2fREVTc6x6Nej61zQfQSmJppvbw-VC-u2XQeysAd_jTvPCg9dGde3sTybDsqsbpBZOUoVVY9Jcy9uITHvwpx8FhOav24hETFc24uKLhhwaW-YDDQ2pXtN8x6xNBst2_MyQMJOrEX2tBTzGjKxm_H_9CKqkpognQd54msVkdOk83VvBB32v9gcI8ilJBfCOb4R4ReFBr8i5ERswwsvXsUGx0Mcsllo43FUqZQIQpTqWk38venKb64UBkW68q9Kmb2I7JA3vQPBIqpgoMw1Q=w520-h292-no?authuser=2\"><br \/>\n<img decoding=\"async\" src=\"https:\/\/lh3.googleusercontent.com\/qm0KpeWlBKOzyR2EeN_qjjGCWqIqwJxyg6decX1A9TYb9zdeaQurZnCpH6smQxcwO8n01eZEZqgfR4FRIloCaQyIAL8XdtFpIm3URnsgYaTd-RbmhPDaZMAOFj5IMlT7VUrtNVsq7t2CoVtvc0JQbJBLQdxABncIQuJw3yS0ClPsPxeZ3Hcp7gWv_PwValPsahTfvfN__ffFwW_0SRXZL7H-gWPuo__qpxRIBvqscqFOXex8TtSR1M47kUJQjLq6v3BTOsu3XjkzYeAKuNyHPb_molcmt3g-ZvUxMV69rQ7huKMEMojG1gC3UTbxGjU463wtEU_QVAb6qCyEysBRq8Po-1vLwJ0qfnrPDEwjEyXt3mSFZKH0aDutb-CG3rnYQV4Fis_55k8gTsHbAssoRj78v8ERMTg-5cVHvrXeLb8w7kQLd6EZf_zdTRsRgtYMfuKu45o9Eq0FRMdeWqqskO1jGcqT63C1_GrE_N5bVZGG9XU3MJrNfx-Hh0L0Ke6YslchWSlB8VBVMn8Zh43rn0BswlnvHH9Z2-TnIRVb08IIuEZZLXzlKvLtL8O9v8RxqKOXHD2BBTl5trOGihP8vCWO7UG-dteWWbnjAPYxpd1FILAaGF0BXRW8yoM4nUGjOjirxDD7W_WJ3BfhBkArjPcdytoVPV9jV1vLXDZNf95BeRVqaOD7tMMU3SW4_7b9Wmdf3UW_jnT40o5mrhtSFcu8Hw=w520-h292-no?authuser=2\"><br \/>\n<img decoding=\"async\" src=\"https:\/\/lh3.googleusercontent.com\/lTPRdPTi6ACwgN8NvpyhH49ClBWsIbnkVuxlTkGPDvVuMIPntLkgttLw3EybYO86Aob8LzN2dfdJ6DBiMs5lInAat7X4t-mo9bYBCu78yjZ-C4fRsg0yQ0tg0aCsBI7vT9NH1xAcpGIFEC86eu7whLje9YM60cOAHeGjttQRmWq7KGvlO-s5fG36QyERsFGJGrO6Oiul1HfHBfxA57QWgFP4NAS5yOHzirb-YARSbrb1wZNCHIcO5VJsi6z-JAzCdxtPymfCf7i9tIxMVDwy834c6UdnsSfUOtVQT67AUFp9-svYosGg7xLzvCaH8loxCct7eIea5Wj4LQliq7ZYXWzzxmdqU5qD6La4eY_ahZEEWXMgrDIIZq-IakQOBrW5PnkcO3hA5AydRutGVAd4F2KGqwN1Z6JFPqdHdMOMoi72HFK7cqoHYyhNpQuK314977Blj0tgNeg9lLH3b9sGI3o7PdPqaBPOId0IgghGAaHnucX5Ssl4EMkS3GjruoU9MGSJuacZy8zeYT-p2pwPAq5kn3mVuCCGy9vrcCD-sfIGuBWzLK3cNEQ5AE17cCMtXoQgfmTq-F3IuhuugJCk-doC1aMnKfhFdofNRcjMCYSglue6x8z3tt5g_zQzb_6slkA5hMFB1HSVVEH4uGT5uw-2MjHsX7TcWX7g1l8zAYCXR7YHDfaXKEPFvQTXExyByzP0gh1RA-JdQyZIwk87a0W4RA=w718-h403-k-no?authuser=2\"><br \/>\n<img decoding=\"async\" src=\"https:\/\/lh3.googleusercontent.com\/AfD47aRHX4r_QIpjWEFK2lzTyv8Crq-nKLGVm6czudAf81Zbhkulw90icll8J97pL9lDZtQ2RyRiRW14or1nKdL1b_jjQGC3sAsmS290P4TyaPTA0JshOHIHoydp3Dp6bCn3HAeqv-oKDlei58xkdoBQG92oppZxLaaYOZ5I7sapljtI8GVascLMEtYwQNesrinBEIX3bao9naU6HrZrfbbzhyNWL6IB1MHHLiYv5qQHlvnoRdKE6eh2ObQInC-FDM46hf0bievqzQTj8I6JJqgo6nsvtzNvY-l6GxqhQKR5K2-_vQrn_9pDmom8v171I5jjdaY_w38JaqYLUfNdZTkPbReg715uYUJwN6n1G4I5WS4z0T4VYytyY426-NB-YyjTiHmmZMxHDHMG9Pfo5fOMvXUwXGTBd2V7PunGbJHfn2MJNaUfrrQ0vU2L2GnorPDAXfkB59y4yRrszL4kmh09ODBx6WyESom90DkTzFzMLTH6VMOBCbiD2OsvDH-6lKVcJuUbjArx2mG42EmtCs8X_DSagskiSe4HBT0DM1DeA8m4Qdxt4cdRCxCC4LW6oz8BJTWNTnhcbwdpfyWTvZF8DcQJfoPgSm5tXtAtnwsfxBOhGRewsc3mRSKtmow0Mmkmtg1UQJBVK__cWryfNgGAJzKF7sKcUu1MRMW4VwbU0POWpIiOLhpN3JWCfF4mmzYdV2_n7qj3DMa2r5jACViUKw=w718-h403-no?authuser=2\"><br \/>\n<img decoding=\"async\" src=\"https:\/\/lh3.googleusercontent.com\/Y5bmBxiFwIYindSUsTPhmjahp9xT0d7MG0XbLZ5_2A7vb_S_s11DtNr94xbDSLds5eEBSp3N5tVkFto3HrQXwA21FrBn_7iCKgSqilu1CQlHZeWfGg7IBLMgixppsu48rHsvjFxH9seZDefAQiHYcettZ25ihPGvmq07SiGdk90KUDTafhst63mHEeWjILtH56IurlIKHOTIWSH27r4cGJOCWvDv4QxRPYHamvj41Ywndq7EaRCTkH6_upQlOI4S7ySALT0qNZLSH7KP8tqiFDWQmEQkbAbHD-5vW6fonnELswcxCYRkHotRb_vUMVe81DOiqJkAzGUJhox0Jy7BDpPH3KY64fE_b07Tb010qzKlu8CkCSUyawtgNDHe87q7nGo1rNtNWqzdlkdI4QGZb9R6wRbOfsAsYS5IUyQxJBWWF6qBdqvQI0JgAZPvl2BRWr2_jk7sB7DMPjLGmXQGevTAHE3nAKgsqUA3ghH9QoJQqZhXUGFtGgNXtuhQ51cm0C4j4wKP81aWsEg6vC7GNcX6Kl31uCT8zDBaVq4VYftOtCdnvePz0AbXI6vTe5oWt33AoTqrIrV-CQRgO3Fe0ba5QYwkZT0dCaJ_7W1sX6um3_LPDB4efRtm9FgT9UDDFm3O6IGpzbc5iu8rSt9ifHzenjULMohuEtpejKfr-QRV4XZJZjBdL3ra2-38Z3drVr1V8kitu2_R6V_V-012wHXXHQ=w693-h394-no?authuser=2\"><br \/>\n<img decoding=\"async\" src=\"https:\/\/lh3.googleusercontent.com\/inHtOXA9W56aOQQCPH0kzL9txrqRQolmTeFz36rN7KuvQM51e2OgBYyyE4EOhNuRWt4uBcJKevkYwtyR-JjLG5CAj13L6vl0MQM5CAoUiaG-s68tOlVa4uDfTLsbcap0hkPsEZ90cjPf2cn3BHc9ablH9p3mOBAoaNaqlWYcDmJkUHlhCmlYmyPOAK5TC6C8EAQhDm4f9IRgBpTqsJ2CLt1Ypnm-AMig25NfweVLVKmVN0QpJs6lEusdz-yDm_jeNqOPnSZwmxAq8RHPUtf5rTjdsi7bUQdQK_rAE6B_jxb1ZIRzua708gKG9KOr-KiVeapVcWi0cZhjhqUB_2vU2MRlV6FfkLKTj5OIkgvFnPnR8R3oqTs-gcPJODlyTXaG7pYH5toRIRnOj8hi7x5KCFviZ2J_KqGdIFdPBywvP9FzNBQDQjOyKG2xZsMbstshVlHbRi03seX6rrSgNgSIiiMlWcb-_G0j-_5GYmoTevAO0ZmXF3xXD7wJEW1GORTCn_u41HO4uoG_8W1GpnZC5ICp9geMEtStMBKfcHhVxBzkD66MD4Ys7QbNcpdUlgdasy3HEHcBli3tmP5WZFXx5Mm8qwgTltZ0uqo5nH2dOJRr6zgMnrA-VjNengDqo15KZe0O0KSxnB9pcNWa2O_uNogGFReHYe1v6VBkFbzYrIVpEFC3Jc3yJNp8BJ0H8N40hYgbn5BR9eAUx3BE4peYZyZ41w=w219-h394-no?authuser=2\"><br \/>\n<img decoding=\"async\" src=\"https:\/\/lh3.googleusercontent.com\/AterqDPioOj6q1EpZ4p5hDI2l1i3xAI2dR7Y8y7sM_yTgDXQ79WJ5080R26OYqNodVXLqq9bAHNHAlxHwfTNec5IubuuNNPzYqXq9ccOiw5s8DP2oWwedsn-8OWxguJGOFhm3BwR2xLWyC1OLuCQBTu_XLZl9BqdIXJg_Qk-NBfbgQJGQEreKOZVAPTLMECMGBL7BnzulSSIY2-ITrIAwNyA2G7mjIgfVLUavdfzbYPH99FvAOdeguA-b55chTzzzQxWPz_fD4JUcrVXud_rxjicY-5-IhWyw0-eVLwUbNt1U9NeNvA0F31JgrFPYbohZ1_lJY3cenyWntLEIE4qgQF8jbCjs5TcxPwpkwWZlmBoBaahOY6lyUG5PAqMcNEWA6uPLZt7AaXXMgPxJk6fxvOPT2lw5CJxPV-AfHPjV4IZMbxxDMtaIcXI4vM9daMy9HoN8ts87oVzpiJMzDDfYpWl2tB3uu5ziu0sl8es5dynoG0AKdkLwRjf8rupa2Bz5xYYel48Xx-MUGLl1-6WC82DZKg9dOw6X7JB7KsLFs9cfeL-wf0o6PjpQJjxJKTBQ_iGrLkZRqpazI8pIO5mDc7jGNhVsb-NR6eWBuCikGkMxavfKVHx5Pov_hKXJQh_mHmfTIFjIeO5_QzAyHQioMED5Tpo1cph74RxDdiYVhpzkQ9APabElHALimJP55_FqUjRAnb63dzBnix8IGQJXJQ4pw=w519-h394-no?authuser=2\"><br \/>\n<img decoding=\"async\" src=\"https:\/\/lh3.googleusercontent.com\/Vq4ZLKHQLdA_9euHSif3evsuYED27a6aJfemlkahnhfLCYxpj9pp_jO3PVXqs_HjK4Jq1NVZIEXWfJ48ZEIRFXQTKiraxqXp8zXl7TSCV7fuEuZBKcVZaFwXo5MUDjSEsGndCTFAnBm6zLtzDa1AiNShAj3jTHEGxKkH3FU7Lx3v8i5wSaIO9EXVCkRi1ywZGrjNv-VRnBaJdbq2Q2sinh2hrw5hinKJs82Ip3dgZp06VERFdjNJqrJiJJ8Q9Cby-PJcWdPZ5W6d9z_4pj-NAQroYrfViAoowF-t-2SP4DdyPRRFVGnopUSGFu7wWSiW6p6LVIKg5nG13uOi0YCyXWO5Ia_lvkZBDog3RVAP6imu4C6LdqGy2nhrhqBr5XXwegQsqopcUSUOq1-VpHu6u0n0UM-M2y3grvRxM_i5l6FWY1Of2BTD_LxGmarctUwKbc8GRlyg-NbuWcytCnPHXab3Ooad3PIEq8ckJSSfiyjAQ4lQmAhB80cmP1ZMm4U1BepLRPof3kfasFLQVWZDN0E6y6r4MPGYNDTFeRdzlcC7N0wLEFMe4tVJ7XSuxn59L4ql_6targcWegW9sjqa_3oS3-DFw7fxd8-Os_4zz4GfZ0mirT8aaXlhtnmChqPDiS6SbxDnsOTB-9tDRQaU8ESw4g1_snl-q0hgRXf_-YNHGlbK6tBcMR2sBZM_aecCmaXuxcN_xMd2DgJDAoW21UQm0Q=w384-h288-no?authuser=2\"><br \/>\n<img decoding=\"async\" src=\"https:\/\/lh3.googleusercontent.com\/b9SFTsTsnsTOHYYpMT89dblzywDcZIfZxPCtb1O44Tu1_HN8vPKFjRw-fYC0lgyFhFyrhaR8u7CISR8IZoVT1pRewDX7vLEa2lQ0eTdisMMZekf2lG0u1nu4NE7oIh0gcT_EguMaB-kiCSpefXlsOl37Wf9R23cuq_lKELzVfNho4lh-ug25vaMgdO3jvrQJoBsCoDc0osgJEN2TnXxPisRofIeGXCGnKvh0TMfsQL_392aj0KOACpqxFMXlX935_dnMnsDHIjZiibmBX1c0y8LKAGwb7Ea8TgTAhYekh035qvn1Kroi0WfmjhtE4dfS66goIyIcQuneqa9zHaIOMX9tW2sTuBgrh3o7rKzJOACTTrqOaM1wfc9Hb-bqxXq9xMybGnQNQRUoCdiNF1t0iwV__7Q4zxmP5oJKN6Nnci8J0lEoOYxWJD-khwaFZhhPWYdwvkTUbyTp9ikuaNphtGQrDB2_odscIjPnmkT6qHZxyvTJ4oYggIdbK9j6LaO5ubEUvNWWFI5DYX4gqaajpc8rgqcAdI4srAs5nlUa-BJuR26dGil6LKfXh-m0I-SsieloZFfutUOsLOMlTs4kqJxdlgDfuUOsUA0u59sNzP90oheNXH-EWdzWP_GkCwV0CvEosdFLKim2jJl04Qd2eJaUqkIqs1Uy7eqtIM-51bhcjUYYaxtDX4rQLWXIpR-P-dKmmudeleFHk0YCplAJMTNxpA=w384-h288-no?authuser=2\">\n<\/div>\n<p><script type=\"text\/javascript\" src=\"https:\/\/cdn.jsdelivr.net\/npm\/jquery@3.5.1\/dist\/jquery.min.js\"><\/script><br \/>\n<script>\n  (MyGalleries=(typeof MyGalleries === 'undefined' ? [] : MyGalleries)).push({gallId:'#21023',autoplay:true,lightbox:true,debug:false,popupLinks:true});\n  if(typeof GalleryLoaded === 'undefined'){\n    GalleryLoaded = jQuery(function(){\n      jQuery.ajax({url:'https:\/\/cdn.jsdelivr.net\/npm\/galleria@1.6.1\/dist\/galleria.min.js',dataType:'script',cache:true}).done(function(){\n        Galleria.loadTheme('https:\/\/cdn.jsdelivr.net\/npm\/galleria@1.6.1\/dist\/themes\/classic\/galleria.classic.js');\n        for(var n in MyGalleries){\n          Galleria.run(MyGalleries[n].gallId, MyGalleries[n]);\n          jQuery(MyGalleries[n].gallId).css('display','block');\n        }\n      });\n    });\n  }\n<\/script><\/p>\n","protected":false},"excerpt":{"rendered":"<p>L\u2019objectiu final del m\u00f2dul \u00e9s el d\u2019aportar eines b\u00e0siques per aplicar l\u2019\u00fas de la bicicleta en la conducci\u00f3 de grups en l\u2019entorn natural, reflexionant sobre la import\u00e0ncia de potenciar els estils de vida saludables, el nostre comprom\u00eds social amb la sostenibilitat, i els avantatges en&hellip;  <a href=\"https:\/\/agora.xtec.cat\/iesperealsius\/estudis\/cicles-formatius-2\/cfgm-conduccio-dactivitats-fisiques-en-el-medi-natural\/c06-administracio-gestio-i-comercialitzacio-en-la-petita-empresa\/\" title=\"Read MP06 &#8211; Guia en bicicleta\">Llegeix m\u00e9s\u00bb<\/a><\/p>\n","protected":false},"author":1,"featured_media":0,"parent":4401,"menu_order":0,"comment_status":"closed","ping_status":"closed","template":"page-templates\/side-menu.php","meta":{"_bbp_topic_count":0,"_bbp_reply_count":0,"_bbp_total_topic_count":0,"_bbp_total_reply_count":0,"_bbp_voice_count":0,"_bbp_anonymous_reply_count":0,"_bbp_topic_count_hidden":0,"_bbp_reply_count_hidden":0,"_bbp_forum_subforum_count":0,"footnotes":""},"class_list":["post-4891","page","type-page","status-publish","hentry"],"post_mailing_queue_ids":[],"_links":{"self":[{"href":"https:\/\/agora.xtec.cat\/iesperealsius\/wp-json\/wp\/v2\/pages\/4891","targetHints":{"allow":["GET"]}}],"collection":[{"href":"https:\/\/agora.xtec.cat\/iesperealsius\/wp-json\/wp\/v2\/pages"}],"about":[{"href":"https:\/\/agora.xtec.cat\/iesperealsius\/wp-json\/wp\/v2\/types\/page"}],"author":[{"embeddable":true,"href":"https:\/\/agora.xtec.cat\/iesperealsius\/wp-json\/wp\/v2\/users\/1"}],"replies":[{"embeddable":true,"href":"https:\/\/agora.xtec.cat\/iesperealsius\/wp-json\/wp\/v2\/comments?post=4891"}],"version-history":[{"count":3,"href":"https:\/\/agora.xtec.cat\/iesperealsius\/wp-json\/wp\/v2\/pages\/4891\/revisions"}],"predecessor-version":[{"id":7208,"href":"https:\/\/agora.xtec.cat\/iesperealsius\/wp-json\/wp\/v2\/pages\/4891\/revisions\/7208"}],"up":[{"embeddable":true,"href":"https:\/\/agora.xtec.cat\/iesperealsius\/wp-json\/wp\/v2\/pages\/4401"}],"wp:attachment":[{"href":"https:\/\/agora.xtec.cat\/iesperealsius\/wp-json\/wp\/v2\/media?parent=4891"}],"curies":[{"name":"wp","href":"https:\/\/api.w.org\/{rel}","templated":true}]}}