{"id":4887,"date":"2020-03-15T15:44:25","date_gmt":"2020-03-15T14:44:25","guid":{"rendered":"https:\/\/agora.xtec.cat\/iesperealsius\/?page_id=4887"},"modified":"2021-04-26T13:48:07","modified_gmt":"2021-04-26T11:48:07","slug":"c04-conduccio-de-grups-en-bicicletes","status":"publish","type":"page","link":"https:\/\/agora.xtec.cat\/iesperealsius\/estudis\/cicles-formatius-2\/cfgm-conduccio-dactivitats-fisiques-en-el-medi-natural\/c04-conduccio-de-grups-en-bicicletes\/","title":{"rendered":"MP04 &#8211; Organitzaci\u00f3 d&#8217;itineraris"},"content":{"rendered":"<p>Aquest m\u00f2dul est\u00e0 plantejat per a que els alumnes aprenguin a dissenyar itineraris, interpretar mapes topogr\u00e0fics, la representaci\u00f3 cartogr\u00e0fica, facin c\u00e0lcul de rumbs i azimuts, c\u00e0lcul de dist\u00e0ncies i pendents i els protocols de seguretat en itineraris.<\/p>\n<p>El m\u00f2dul est\u00e0 relacionat amb el m\u00f2dul de guia de muntanya baixa i mitjana, on molts dels aprentatges assolits en aquest m\u00f2dul s&#8217;hi posaran en pr\u00e0ctica.<br \/>\n<!--\n&nbsp;\n\n\n<div id=\"17A5C\" style=\"width: 100%; max-width: 1000px; height: 800px; display: none;\"><img decoding=\"async\" src=\"https:\/\/lh3.googleusercontent.com\/4a1N3WECm8f54KghOvPYu1GGmKYPPWFEkmNtGR1zx-a4AIweon_2oaeltbKXIhWE3t2HmjC5bLb_NpjSBCid3f16KzEOhB0O38GskjeWkXT7NLKbWICknpKxcXcUbXaureHQSDa9XNUtGSaZZDehI3fl9ZyBVVH-4JWx7LyWm_HVJhpG1mw3ixNsbgEZc3pdu46XEW5n8Y9e62UNSETagmJ4x2H7khZD6QNadGxutH6G57MRjY-g_WaR-uvtcXKvBDvpN4tmpQo9-L93VyVIvV5akCcV4IeDOhiJPz5w17Fmv7OUPVUt99mqe1XZK_E5mmpUzjOYpdKHeLtugIZxHoQMuxwyXFw7123wJ8OzaG1i1-9OqJsEGBkyLb5Gjbru53VCkNQCSlmSYVatNEMQiRfF_wNF9E_ENbFIwm7cJbjEdRzOwxocQKEQM7CVXJBKiEbF-mlz88hSrK71cKFFQ586KCZtzKWc3ZZHYTQqN_LYCM3GXvpSk2jZTdfOvMVqxewfbWYb0kyRgaIlRNGlRS7PlJ2YKXQYvHG69WwwTh2dI5EloXH0Lxnu6SrgqfmFRhvLbFAgd3tLXvO2c4ffbZ3TWwkNsXJVummhI6Q59KdtTcdYNchFi2LAp6AYLTlLC2uN-YgAhto7fhVg7arYKPfACv9HTtSGfF1Q3-vxJQDnU4kETUi1zgz8L5hPwnCTzrt6OwJnqDNjVaz-0UbBpwtbpHMvrZ0zikOnpAHxdU9_FHEwJf_5jM8=w1000-h800-no\" \/>\n<img decoding=\"async\" src=\"https:\/\/lh3.googleusercontent.com\/NTiyYyygDD-8QiFf1J9UJ6zD_Hh5v5AN4fgy0elRv9v8ySXwiM2MuQTt9Bh459qpmw07y2SQkYfBv14phkHxB-uKci805tqTaV8TElW6q6Wi2nwrqj6ySkx5vuR2FlG1g0LtL0rAtMG6xoWZRmILK6qPl-KF-eXRBa0vLuALfARwhoVsLf_gbhG67wNu9K9SeMWciHP3DZZpdzGnzylQdS2X5NMtKHUxZvhO2RvcrOYoeecPK4kR96F0C_-FmtlJQUK1oCVc_ADIiUQ2kYTpp8_m70T_jn4exy44LJNJKtlkIAGCkCTPry0__O2wEUxx8vw3j-HfvUAnE2FJL2kapb0hdSO1jp2VlIAO4AW7pzF7OWUX4QzN9n8laKks4MH0VJtCoAUpUet9XCFr2T1Klum0Yz0TgQwAQFec65S1rGC3YsWwiGjgEzMNpZMPB2m2IaVUOo8rdlTOd-_sTO1zmEBEPKPG-3u0o0LEEuWuvcuPWgp1FsoNdt-eKiZoJeSGgz6WPAGJT2En0ZPcUbGRZC8Cjr1u4N_M9M8L10GL2brqaPxvAZZE5gpsmcY58gUGJl-y-1IfwtkqOPNoyNbuRonhTk5xn2pCLuJRksnFBddJ7cjOLqH73mrc1ocr6CqqVvclONqrD2KWd1Ttn0LwsrJWoZwslJQ9YV-yHPpg_W27AwfX9sGPTt-jwulgX4ul-dJ8CTbRJnK4NwcBIffFXaGK2B8F0aAc6-fRuN43pB2CcMUE8dZcy4c=w1000-h800-no\" \/>\n<img decoding=\"async\" src=\"https:\/\/lh3.googleusercontent.com\/2pmCa6uJnYBNvSjfOajOHZJt8bY2cpJUlebFj7hMmLrWp32UHLfR_uV73TO_bB1OOHzVdgCl7u3jlPdrxS5brtZHq2bjZi79z9cdSehI-_vfNtzz0k5vCAgyIPRE6InOVb7k0os6zPXg-oAJrMMiAq6u_eeor1AT1AbYfHgrnbwVQbdbT9Ycr1LdlyP37SuEEQYutXDWWUOiJDmZvkW_EuJblHJWHO19sdxI1FS-ajs1oQ7aKzwQaoUdzWMUFPpq2oAzNiRKJk-AcIYke1RvP6ORaJ4eabmhlNrPCmwpeojp2PLiHjxMJ27mTa1tioTqElFrEztenwQL1kTpUYstGw0A9d-w4qSbekS_48aIwWSihUw_Las9vGArT677kfsa5sFz48PD_n4Gbg1YkbLE0-d_3L-rwdNcyDu00b5gcy96BG8GSIeqEtcUv_DnzZSnQPv2WiEw0IZEGezbu9DL1e_cyIekK8jx0cSN7L0OZ63jF-OkNdFvSk4xVcOC9XWf7wzEXjgvhDQz1B5DEOo4a86FkZ3_5lqZn2olbyfsij44E5J_o6Vf3o5JThK6PvZdslwQF5WlLpxHWDPVx0bm5a_wDgp4QgeegZbxpx0lGAjs9Hw4HM5yMoNH9rBIyaphz_EBQj2VE28g4JZNPXKfwJLIsN87XHYyK6DV2l_nvuVquebfMd9s7mlWdGBr1pCE_z4IefEUsaGEF8-n1d0CQWcyS3skXHNrzk0C0htVzU8wMBDrPeM8pgg=w1000-h800-no\" \/>\n<img decoding=\"async\" src=\"https:\/\/lh3.googleusercontent.com\/Slf2lpEWKOGy0E5WT3XW2llLtEegS9iP-jx4OvsVBbPxnw3-4UG0YZgnTG6STrux9z4V2Mec2W0zZpFxRKBGgy63P6N_Pj5L8Dog0BhXX4KXyyvuTRRQWApmYoTdxaLYfGPr51QAHf2ksqKisXfvauT8r-bJZoLw3thrdtuWdfJ2ldDpfwOA-JJDWmZDU9RINQiE46xL0XGR_y94d3HHLhZWnCOWvhUlbYBfY52nNOwedmb72O1SQUmmo5iLsmKbzY8jRUKNRmNo8CWLUGBrAfYqToYjg7wG4CNpSSz3BWeRglI0AXd1EixjiU2wvlkFwImCNfkw-2OXr9dc42aM5ejpChlcPnwqN8d11KrFK7ymv3rW5YXObnf2QbN9CHsOdh1dQGpqFRlXkE2gN4_Hih6RHQgY3sLEGurPLLEBV7WmIzseA0f4eqbZd88vARylJPrEU6ZVIIRZLJKJTwka54k1Bs0Soc0vPSMUMRDmiCtQGxqr8OLn-6jABBxLtTNBjXWjqFN2ZGRoTEOrASAKLfQseDqFx-QrfRYudk7BoVJwjYGknO9RXN9PKW_fCRpVYvzvVPftHJGHPr8Qmcd8kxmAhT4ZiiZNwqT3luIyVkfLJuM7PNj55smwMFtD3_aBF27H4CInMxMiTr9P9Cc6Gh7fxMlyo_j5WDXNotey6jq-P8o7kKWxEDLwWFmCtzeuMXke1I43KZa78EKPNofmsC7e7m3EZSGw7EVkYk8zYDa81zHHA-nTOFo=w1000-h800-no\" \/>\n<img decoding=\"async\" src=\"https:\/\/lh3.googleusercontent.com\/RxbsMoo9_LPeUiRYZjimTeKmh3poe4yAQO6AfGzwKyx0FZC8SV_i494vzaBECTvRvMvNxVHar5Yr8mBkt6cKRJMX3PoTb10Y22na3tVyuW08qkJITcOkVaoCEUur_ZTv8eqpWLyGNhjb08TBH9k1GJ9xUJrerxj_CzMs0nwW8uP3JqZAIS0BROTEOr-_WbBXNRtQ9V3CX8o-uMBKcF-Dm2_bTjMr9hTh9ACbhpn5p6JhoAVKwcOtIjGpTNQ5uPXGHBb0yHwAAqgYX5bTpG56n1kBCbGM-NG20SNQbyfuHxCGlfDm7KFBtmsiVK4DvYAZWmSzr08ntxhYTppnmIlIZwlRUjnucgmQxuMFdL9KIJCVTIFw4TRAHz6a9eiL1R8l8ScB8lc_55EdzhTMPEBxKM4n34ktWg2nkEjtUBAuBLpnKXodrVRyUpVj0WwIyphbWInf0NFMNrtI7BgyHManhutYQ7vM63TG4jwF-CkUMsRc6HkXuNghPmqyWHbnHukSErBhFmLc_etwnDhDL5WOyuECt21qro-dzDF-e7g2LYmOzMXJ4L3TWsBtVeycCfHWPXFGILdp0Wa9IeXH81r2aGpp8zN5ag7w5uRsW_pw4Omqb0CXqCm3G2GR8N9vTBNBaJATB6ArE6FmDUjKwVlW338DCPlzKWJYNIpJsrlyjWVXlE5RyWl0MNgmQTopQ0f0ZfoPyMuf9fK6kO8pWR7M8lC6R91jqR0S_nsJTr4uTPftZcUBNfC6-1s=w1000-h800-no\" \/>\n<img decoding=\"async\" src=\"https:\/\/lh3.googleusercontent.com\/WEDrrY3a2xY8laPMbQVLuCXl30FV6QK5p9cvEKAwZsYa9wyqpux6Wqy11O9_-aclVrS_1ycn8n5b6zP80Q__QVwqfnkL7YAgR25EFksL_YVkMpNsoDcE0j7Ex79cBpS_lcOoaiQ55Jy-T-tbBCKzaosRkKNod5gmxaqriSXaRWz9jDtjVaxtTXyl7U3CMWJ3Vl16OO57hyhAuGFOzpMrkwRZbzMNnz0IKixTijikkU146ehWgk-2OAARLTKQEostAZZBTseVWBRV8s-xFNJiWxbTkPDYdzU_AeTxFEJGRLdDxGg_iKbr3t3Sxr6KQfu1yQMHFMNW0RU2PMBjl7vNIeezDd5PgIaIYjm4YZbeA3Xw1QIoVVfr4HHDdvNUGz8Fr0UDW9OtBvJSrSQBRrbOidZxzjZdGIEEBxdMfgC7E9-AR-fFybEkypl3P-q7uPlm1box7YP0fDURM3dSKOMfvwc_QPHF_3UcNHLxBqOebIFH-dyZBvlIOMw5bZzV8_VWkGCxOdexwvjW5YtCWUV62HHoq3cj0mo3EDJi0d_iMAENiObocwRcHx9qiMPwtnleD9IbBWalKnt_imN8c1mE3xuu0eI-9cpS6HcNpVPlZZSu3p-8m-_jBL8GM_E4QjMOgD5pSJSVj_sxutn-JODh27nwacxPq1Kmp2Mcu2sks0z6tEWGeoozumoLCOx5E5ufeziDzb5P19Ox9MzSIR7sVNjMzzBgFVBWCoeHwdzleAFJtxVGqJV5GL4=w1000-h800-no\" \/><\/div>\n\n\n<script type=\"text\/javascript\" src=\"https:\/\/cdn.jsdelivr.net\/npm\/jquery@3.4.1\/dist\/jquery.min.js\"><\/script>\n<script>\n  (MyGalleries=(typeof MyGalleries === 'undefined' ? [] : MyGalleries)).push({gallId:'#17A5C',autoplay:true,lightbox:true,debug:false,popupLinks:true});\n  if(typeof GalleryLoaded === 'undefined'){\n    GalleryLoaded = jQuery(function(){\n      jQuery.ajax({url:'https:\/\/cdn.jsdelivr.net\/npm\/galleria@1.5.7\/dist\/galleria.min.js',dataType:'script',cache:true}).done(function(){\n        Galleria.loadTheme('https:\/\/cdn.jsdelivr.net\/npm\/galleria@1.5.7\/dist\/themes\/classic\/galleria.classic.js');\n        for(var n in MyGalleries){\n          Galleria.run(MyGalleries[n].gallId, MyGalleries[n]);\n          jQuery(MyGalleries[n].gallId).css('display','block');\n        }\n      });\n    });\n  }\n<\/script>\n\n&nbsp;\n--><\/p>\n<div id=\"12E88\" style=\"width:100%;max-width:1000px;height:800px;display:none;\">\n<img decoding=\"async\" src=\"https:\/\/lh3.googleusercontent.com\/DYr34_Z4TPGU1tP3rVQtJax_nXeBn65IsXcVJe02sMS2C1L5VKknXfSLiW4shMLKHNLV26GO7DNmt5vO8V4pZrr0V9vm0Nt0vLLC5js1BRVWQuS2a8pokvRW013gelOuVXKnLXEGnvk_fk2lLK874poVmbdRoihOqRuLlAAzY31rIF2s1siJ1SStLpFGumN07oz_VW6qv--_YqZ_PngHZkX07C4siZadyKSnecy7pj5wYj4gx9O8hua_imZ5OeIdqTx1OahNbAcNuZnspVc1oc5i5CW7zbFLM-Ock-EpLqLaTl8va7NiobxjAmrmuMY_E_6SZ8QqL8ZOnKw8NI7xkwPPTJCRDR6jTP_A_Lb-bi-UHlBlv3KSf8gERYcewpuU2H8bG7sOy48VDQzRYZvzMU1FPSv7ZrcdfRNsNTtJTZHSFkQNMhpyKDyCUSZvRBitlrKTOsQ4XnbWt1_dmuPnEtHcRChlaGIBhT_aVJZEa9YkFUZr7JuRkqICcDjWhWg7-eMqNJ7Fiz3pxXgpeKxI6IcHArtPyUjrVDDxTFXMa4sNcfWj1RiCT30rTKuqAv0KYHuwLaN2XCeEVFYoDCMFuqE2uV9BmtR7tf9YymHCdeR20gc_l171pkj674JYMYamj6kAXjiuMfV7vkfk_lGdgY7Sp-hx_pb1j8wxSd6FMyqGzvyBmABmdoKOPC-2PJk55aPwhH67Yb2qw5DhVLMoVRc03g=w918-h688-no?authuser=2\">\n<\/div>\n<p><script type=\"text\/javascript\" src=\"https:\/\/cdn.jsdelivr.net\/npm\/jquery@3.5.1\/dist\/jquery.min.js\"><\/script><br \/>\n<script>\n  (MyGalleries=(typeof MyGalleries === 'undefined' ? [] : MyGalleries)).push({gallId:'#12E88',autoplay:true,lightbox:true,debug:false,popupLinks:true});\n  if(typeof GalleryLoaded === 'undefined'){\n    GalleryLoaded = jQuery(function(){\n      jQuery.ajax({url:'https:\/\/cdn.jsdelivr.net\/npm\/galleria@1.6.1\/dist\/galleria.min.js',dataType:'script',cache:true}).done(function(){\n        Galleria.loadTheme('https:\/\/cdn.jsdelivr.net\/npm\/galleria@1.6.1\/dist\/themes\/classic\/galleria.classic.js');\n        for(var n in MyGalleries){\n          Galleria.run(MyGalleries[n].gallId, MyGalleries[n]);\n          jQuery(MyGalleries[n].gallId).css('display','block');\n        }\n      });\n    });\n  }\n<\/script><\/p>\n","protected":false},"excerpt":{"rendered":"<p>Aquest m\u00f2dul est\u00e0 plantejat per a que els alumnes aprenguin a dissenyar itineraris, interpretar mapes topogr\u00e0fics, la representaci\u00f3 cartogr\u00e0fica, facin c\u00e0lcul de rumbs i azimuts, c\u00e0lcul de dist\u00e0ncies i pendents i els protocols de seguretat en itineraris.<br \/>\nEl m\u00f2dul est\u00e0 relacionat amb el m\u00f2dul de guia&hellip;  <a href=\"https:\/\/agora.xtec.cat\/iesperealsius\/estudis\/cicles-formatius-2\/cfgm-conduccio-dactivitats-fisiques-en-el-medi-natural\/c04-conduccio-de-grups-en-bicicletes\/\" title=\"Read MP04 &#8211; Organitzaci\u00f3 d&#8217;itineraris\">Llegeix m\u00e9s\u00bb<\/a><\/p>\n","protected":false},"author":1,"featured_media":0,"parent":4401,"menu_order":0,"comment_status":"closed","ping_status":"closed","template":"page-templates\/side-menu.php","meta":{"_bbp_topic_count":0,"_bbp_reply_count":0,"_bbp_total_topic_count":0,"_bbp_total_reply_count":0,"_bbp_voice_count":0,"_bbp_anonymous_reply_count":0,"_bbp_topic_count_hidden":0,"_bbp_reply_count_hidden":0,"_bbp_forum_subforum_count":0,"footnotes":""},"class_list":["post-4887","page","type-page","status-publish","hentry"],"post_mailing_queue_ids":[],"_links":{"self":[{"href":"https:\/\/agora.xtec.cat\/iesperealsius\/wp-json\/wp\/v2\/pages\/4887","targetHints":{"allow":["GET"]}}],"collection":[{"href":"https:\/\/agora.xtec.cat\/iesperealsius\/wp-json\/wp\/v2\/pages"}],"about":[{"href":"https:\/\/agora.xtec.cat\/iesperealsius\/wp-json\/wp\/v2\/types\/page"}],"author":[{"embeddable":true,"href":"https:\/\/agora.xtec.cat\/iesperealsius\/wp-json\/wp\/v2\/users\/1"}],"replies":[{"embeddable":true,"href":"https:\/\/agora.xtec.cat\/iesperealsius\/wp-json\/wp\/v2\/comments?post=4887"}],"version-history":[{"count":3,"href":"https:\/\/agora.xtec.cat\/iesperealsius\/wp-json\/wp\/v2\/pages\/4887\/revisions"}],"predecessor-version":[{"id":7210,"href":"https:\/\/agora.xtec.cat\/iesperealsius\/wp-json\/wp\/v2\/pages\/4887\/revisions\/7210"}],"up":[{"embeddable":true,"href":"https:\/\/agora.xtec.cat\/iesperealsius\/wp-json\/wp\/v2\/pages\/4401"}],"wp:attachment":[{"href":"https:\/\/agora.xtec.cat\/iesperealsius\/wp-json\/wp\/v2\/media?parent=4887"}],"curies":[{"name":"wp","href":"https:\/\/api.w.org\/{rel}","templated":true}]}}