{"id":4883,"date":"2020-03-15T15:39:50","date_gmt":"2020-03-15T14:39:50","guid":{"rendered":"https:\/\/agora.xtec.cat\/iesperealsius\/?page_id=4883"},"modified":"2022-04-03T19:48:58","modified_gmt":"2022-04-03T17:48:58","slug":"c03-seguretat","status":"publish","type":"page","link":"https:\/\/agora.xtec.cat\/iesperealsius\/estudis\/cicles-formatius-2\/cfgm-conduccio-dactivitats-fisiques-en-el-medi-natural\/c03-seguretat\/","title":{"rendered":"MP03 &#8211; Atenci\u00f3 a Grups"},"content":{"rendered":"<p><span style=\"font-weight: 400;\">La finalitat d&#8217;aquest m\u00f2dul \u00e9s proporcionar a l&#8217;alumnat les bases necess\u00e0ries per poder dissenyar i dinamitzar, de manera efica\u00e7, activitats grupals en el temps de lleure.\u00a0<\/span><\/p>\n<p><span style=\"font-weight: 400;\">El m\u00f2dul consta de dues unitats formatives. La primera es basa en l&#8217;aprenentatge de les habilitats comunicatives, identificant les parts del proc\u00e9s comunicatiu i analitzant la manera de comunicaci\u00f3 m\u00e9s efica\u00e7 amb el prop\u00f2sit de saber-ho aplicar a l&#8217;hora de resoldre possibles problemes o conflictes grupals. La segona es basa principalment en la pr\u00e0ctica de diferents din\u00e0miques de grup tenint en compte la fase d&#8217;evoluci\u00f3 en la qual es troba el grup.\u00a0<\/span><\/p>\n<p><span style=\"font-weight: 400;\">El contingut es treballa de manera teoricopr\u00e0ctica, d&#8217;aquesta forma, l&#8217;alumnat pot posar en pr\u00e0ctica el que s&#8217;est\u00e0 treballant a l&#8217;aula i assolir significativament els resultats d&#8217;aprenentatge.\u00a0<\/span><\/p>\n<div id=\"1480A\" style=\"width: 100%; max-width: 1000px; height: 800px; display: none;\"><img decoding=\"async\" src=\"https:\/\/lh3.googleusercontent.com\/VqFhMSnginSPer8aBxoyDo1c1MEDJbA2bIfvVyjuC1rcgzyLm3_XNXtUbc0v3JOiIyixIjIbd-DoRxC-Sz1nfsMpj_RuIaKlFTThuoXuoirGz_9jbi2Ibd2jWz0HDNOWeUTJgV7mQ4LxRoEvUmxv22Bok2vusb_AJIrfJBs-H4yTEML33VsxauvcbHWOgdZ-EHF8Y5NsbV9RZZA3chfdWQztd0fdA3DQmc8z40wtl6iUcHiCg-H3KvlXMhBmmj0UjMtNRBbOZopWzHx4keSj7KgU7jMgBUNdPcTuxAtLU5oTmSxJS-J4gUNkhRUfXsu2xma9OdZsu04TnoQDuH1Z-j0v4Nod43PFD-qhBdOmHbiJ4p03lsO9LgL3KbYLYoEFdkWHuBv1aTYFKKlVoMCSOdtYvFDvi2_0iDgjbbcHUEZf_Rk3yUdds9kjsFWCxZ3Op-fBh9F6lKBwfjKl8OA0JTjqZDGC4EF2FThoQ7lki9uZuLo-g8nQMM09C8jJpCiYe4QYKuHamHeoGzBf7iX-LlokVN_nFojOv2yw6ovqpzMVjHB-Tnf--26kmjM8_jpTuGPxFkilXrNgKbIwPK6qeKM344BdGB8fcFsWhBa2hA0EYTK7conjL_VXrLPNPMf__nahQJPu5Kl07EGPfgFMubbxxF-UBcD8DJ3wACkeNt3oknVOGqB-OUE2VFJm_ie2pbd3mJ5hQBKMlBffysC1yVQaEw=w384-h288-no?authuser=2\" \/><br \/>\n<img decoding=\"async\" src=\"https:\/\/lh3.googleusercontent.com\/C_rpPKeJBN2hXqNLxpuJt7dCkeFX5uaaanAnv2YojCJDIxMkNmI-YYES2XxmkDYBV9SPLxopgLgp-2ZV_qnB8DDO2UvyJdn-v5kpuryx5rFyFb8XQMtsZLhigq5aeGdr8W3FFj5ep-BH17xD98xNdJEn3sk9y6YHIk_z-X4kbLn7bEtg8jsdRw4hVQURmXKgWDNznqhhFF-8L0WEg-L5h5hH2Kef5JE2Kj2VCTOg-DrJAJhyajKR0QUuC3BwQvYmB0XWA05tyfYRafGyYSoNrazqqM5GGfE-mhm2fFhXbiXfxhohmPFaxryx9y7SRX5fmjSERi_06qTpvz9fjlXuPFMMa-fvsss3nOOGSXkX35lIJbSHNU48zr0M12wBdDpV6MYc1LVBPD44jM4hkVqkPPKxRjS2F-nG0PbjLZyrcvBuX08p9M02ivIkfXcQx1rk3yZhFWMXRK147Ij2co-sRgxoKreMQ3QFSaxo874UCYKwRNpIJyhIXaUWGzh4izdTWNSNESnhGidtigp1EwUZHT-QjGkqYkdNEUNmwDaS07otSpt_FawaVoLaCEgY5r6WI4VESTco4dbhD5cmRafmlG8OYSXQ7bQyiCDYa4VROEp3AtoKqbCwP5-BUtZmFm2RUdDPUAwgRHuRrHbw23PUu9KFyfPVSWa_hQn6335uiYBxLX-eqHT5Etotk5Cyjah_hZXtaz1ICIoEmC1yvdTThYg6Dw=w384-h288-no?authuser=2\" \/><\/div>\n<p><script type=\"text\/javascript\" src=\"https:\/\/cdn.jsdelivr.net\/npm\/jquery@3.5.1\/dist\/jquery.min.js\"><\/script><br \/>\n<script>\n  (MyGalleries=(typeof MyGalleries === 'undefined' ? [] : MyGalleries)).push({gallId:'#1480A',autoplay:true,lightbox:true,debug:false,popupLinks:true});\n  if(typeof GalleryLoaded === 'undefined'){\n    GalleryLoaded = jQuery(function(){\n      jQuery.ajax({url:'https:\/\/cdn.jsdelivr.net\/npm\/galleria@1.6.1\/dist\/galleria.min.js',dataType:'script',cache:true}).done(function(){\n        Galleria.loadTheme('https:\/\/cdn.jsdelivr.net\/npm\/galleria@1.6.1\/dist\/themes\/classic\/galleria.classic.js');\n        for(var n in MyGalleries){\n          Galleria.run(MyGalleries[n].gallId, MyGalleries[n]);\n          jQuery(MyGalleries[n].gallId).css('display','block');\n        }\n      });\n    });\n  }\n<\/script><\/p>\n","protected":false},"excerpt":{"rendered":"<p>La finalitat d&#8217;aquest m\u00f2dul \u00e9s proporcionar a l&#8217;alumnat les bases necess\u00e0ries per poder dissenyar i dinamitzar, de manera efica\u00e7, activitats grupals en el temps de lleure.\u00a0<br \/>\nEl m\u00f2dul consta de dues unitats formatives. La primera es basa en l&#8217;aprenentatge de les habilitats comunicatives, identificant les parts&hellip;  <a href=\"https:\/\/agora.xtec.cat\/iesperealsius\/estudis\/cicles-formatius-2\/cfgm-conduccio-dactivitats-fisiques-en-el-medi-natural\/c03-seguretat\/\" title=\"Read MP03 &#8211; Atenci\u00f3 a Grups\">Llegeix m\u00e9s\u00bb<\/a><\/p>\n","protected":false},"author":1,"featured_media":0,"parent":4401,"menu_order":0,"comment_status":"closed","ping_status":"closed","template":"page-templates\/side-menu.php","meta":{"_bbp_topic_count":0,"_bbp_reply_count":0,"_bbp_total_topic_count":0,"_bbp_total_reply_count":0,"_bbp_voice_count":0,"_bbp_anonymous_reply_count":0,"_bbp_topic_count_hidden":0,"_bbp_reply_count_hidden":0,"_bbp_forum_subforum_count":0,"footnotes":""},"class_list":["post-4883","page","type-page","status-publish","hentry"],"post_mailing_queue_ids":[],"_links":{"self":[{"href":"https:\/\/agora.xtec.cat\/iesperealsius\/wp-json\/wp\/v2\/pages\/4883","targetHints":{"allow":["GET"]}}],"collection":[{"href":"https:\/\/agora.xtec.cat\/iesperealsius\/wp-json\/wp\/v2\/pages"}],"about":[{"href":"https:\/\/agora.xtec.cat\/iesperealsius\/wp-json\/wp\/v2\/types\/page"}],"author":[{"embeddable":true,"href":"https:\/\/agora.xtec.cat\/iesperealsius\/wp-json\/wp\/v2\/users\/1"}],"replies":[{"embeddable":true,"href":"https:\/\/agora.xtec.cat\/iesperealsius\/wp-json\/wp\/v2\/comments?post=4883"}],"version-history":[{"count":4,"href":"https:\/\/agora.xtec.cat\/iesperealsius\/wp-json\/wp\/v2\/pages\/4883\/revisions"}],"predecessor-version":[{"id":8400,"href":"https:\/\/agora.xtec.cat\/iesperealsius\/wp-json\/wp\/v2\/pages\/4883\/revisions\/8400"}],"up":[{"embeddable":true,"href":"https:\/\/agora.xtec.cat\/iesperealsius\/wp-json\/wp\/v2\/pages\/4401"}],"wp:attachment":[{"href":"https:\/\/agora.xtec.cat\/iesperealsius\/wp-json\/wp\/v2\/media?parent=4883"}],"curies":[{"name":"wp","href":"https:\/\/api.w.org\/{rel}","templated":true}]}}