{"id":4881,"date":"2020-03-15T15:38:47","date_gmt":"2020-03-15T14:38:47","guid":{"rendered":"https:\/\/agora.xtec.cat\/iesperealsius\/?page_id=4881"},"modified":"2022-04-03T19:53:49","modified_gmt":"2022-04-03T17:53:49","slug":"c02-conduccio-de-grups-i-activitats-en-el-medi-natural","status":"publish","type":"page","link":"https:\/\/agora.xtec.cat\/iesperealsius\/estudis\/cicles-formatius-2\/cfgm-conduccio-dactivitats-fisiques-en-el-medi-natural\/c02-conduccio-de-grups-i-activitats-en-el-medi-natural\/","title":{"rendered":"MP02 &#8211; Guia eq\u00fcestre"},"content":{"rendered":"<p><span style=\"font-weight: 400;\">Aquest m\u00f2dul es realitza posteriorment al m\u00f2dul 01 de t\u00e8cniques d\u2019equitaci\u00f3, on l\u2019alumne\/a ha apr\u00e9s el maneig, cura del cavall i a muntar,\u00a0 en aquest m\u00f2dul pot fer sortides i guiatges amb aquest mitj\u00e0.<\/span><\/p>\n<p><span style=\"font-weight: 400;\">El m\u00f2dul est\u00e0 format per dues unitats formatives ben diferenciades:<\/span><\/p>\n<p><span style=\"font-weight: 400;\">La primera unitat formativa es realitzen activitats eq\u00fcestres en el medi natural; preparaci\u00f3 dels cavalls i mitjans per la ruta, maneig dels cavalls en ruta, preparaci\u00f3 d\u2019itineraris eq\u00fcestres,\u00a0 guiatge per itineraris,\u2026<\/span><\/p>\n<p><span style=\"font-weight: 400;\">En la segona unitat formativa es realitzen activitats eq\u00fcestres recreatives, organitzant-les i portant-les a terme per part dels alumnes com a monitors de les activitats<\/span><\/p>\n<div id=\"2382B\" style=\"width: 100%; max-width: 1000px; height: 800px; display: none;\"><img decoding=\"async\" src=\"https:\/\/lh3.googleusercontent.com\/gmCgYTrPBZxqERDVtcVgAvXIpGf1zHVow9M5KnXbQqaEqeFaUBjb0pkWnoP5oCZGZmh4iRvG-pIqqdpXNJ2Gw3tPVnD3TKo3BMqo_UzcAeKbdLSL3eEfmpqVRfASrJNCkHSbaq9IDchOSG8JHw8V0bmQsrjdb0SenydBAafd-X5HRTUOoBR0VewWjNA6qKS_ajbdlmsNf68L5t-CCNui6KSP1m0FpqxcGCy24cp8h8FprdPg0Sc8-FOgW7VAhVFtiqPUzETPcKhl_EcSpQX8oSpt8THQUhZSE2NGQHBEQRrJXibn1xHSj1fLAlKOucxcJeToJK_VGnmQriVqUR97XtV--gTQv38YdT3MEHGW84MFMluU-G8LbssPrTCoHDKHZTbNd9u38CX-jTmEVG2dZKq45aKUsG5qxIKTbzANtl_WTl_4C2LJlkNLhU7QMm8y41-Qc3C017X9f7rekrmuRSuSXF5vtGsmZkOBzCa7Sp0ruwCzwo7J_xZUo1hNsiprK_dMKKlsuIe79BhwMmXbLjD4VSUwaj0MWxfsoASct6G273R2XklBXSZgsgwICDMvk0THSnkNlM49koGHu8aJ3mZ7axSC3-Zi_1hmqw2mOxq9RL2-PE2AKxA9c1uSuFjnplR9NmqtZMvsKpclst6W5ercrMIu_NiRuY07X-C39b31eKYSXTfGr8d8DHfKaVgHMEOFtffk98VeSIO_QlvmsUxEeQ=w718-h403-no?authuser=2\" \/><br \/>\n<img decoding=\"async\" src=\"https:\/\/lh3.googleusercontent.com\/d0nFLF79m8S-TX8EhKoDGqrXWtRPDJh6NpUGQWUp2z_tndPUy1DpNwZGv4IAgSza3okMJ1t7BAp3QkhRZz91r_UPkxvTpJ1lu7SRSYlcue9NLqAa5b1Oa_o-WU5gbFVp9mqgfoxLywyonnrAfY75_6h8pBqcGDcKm-fOnRX9UfFqqKgE419zLdKHKrpyevVN5MJV_QdIEAPDpvtPon7sao9VBdJHlq2CdnCfizt9cmNf72OsXc8M_0kLdw_sBvmzCiHuDiJseGYq270yGOix1_1zgJ0P6ofxKKjKM6_88PYGm2Q2Y0WGTip9qetEmIuPIzMbaJDsVPHrk7VzSwomZOcwwOKH2E_UmEoUgkrcabXZJRGC0Pcj9ZgsB4M-Mv5L7KreN0YddKyc9QdylKr8ObkKqtzB7AqHajJNfiC4gnQANhIN0dfeAVsQdlaKNDRS9KtT097QU1ykQ3RE7VJIHJ-HKa_Zf7aEgrEs3bqHVgvH6rQ93jN2jcovlcd9EdjFDK2ZKaSiLzVeT1tTMD7-XlDm90zC8Ya00BMWnd4xjwSQTADfg42oWmdSdDynRMipuXB5pR7I6HOd93uuaq4jhXIhAqqaoIPhK6v1UCclRvAmbp8lgvsBBvL_t2PCMm-PcJYXYgMc2tNSmEY6Jgd3pgkBddp6sOqfLxR7TxN2Pp4Pn0mzBxRPZJWEMJIifPLDNx4bURio8MBw_E9VW5YF8OBfrA=w718-h403-no?authuser=2\" \/><br \/>\n<img decoding=\"async\" src=\"https:\/\/lh3.googleusercontent.com\/XIOQOl3NF6JgXdYijnQ2luq84N_y0okTa62WZx_l907zmLP0xwfmqFSmJxvRuUC9GFnhP7CUvlmu8c8RzHVKn7DrzCkP9vKURHOqMG_ZiTAyE0duKqwj6oHo3iHXnwyYdDin52WrE2P9wrYPHnh7DfNmdYe2Qk-8lgRNiW44lz3OWQZ7WN9y-cOcVRxBKQRkeoSch5iGpxOMQ03Fu0Q7b5zc3uvOu07p11ht6qZb-dvfEqiJL9TywhFnn7-uumQ-QfU2qxIoCbf-3KIWGSIro9qvkN9rS2Mm65k-hd8Z8T4XzBMPYQA_2SB8GJtAWCfIIT1SSKxX1AcASGKt3Lv36APgWuEDyZMaQDjlMMqXJm5GDncxENYskJqXglhkrZD3VKUQAg-wt1v4E4Ur5wJzv5ohrOO59Ex8En6RGOg0JnH5gkTu213aEp42189gO7bge2pQFNPekLQCNaYEk6-yC2jYG2U9hiRKGjSPIhfrfWIzbTKQEGENcUbhpyRk9eARYImbkaNi3bESmjUxjdwbOjdkmB5JYmhnADNPTNihuFzF0F2b_f5b5J1KewCkmNM8RShFhQnsFtU2sq3L1TvSncJqjltLM3PXAtT7IiCYPOVR3ZDz5vIjRJr-F2d3GAnOYDBGYNOkZz4uZP6P4MwbwH8-rPldrj6hbRjpzdOGxt8uFpW75M-IFa1rWL9kEkS3swneNmKGlODFfA4EGGFXUV1GvA=w591-h332-no?authuser=2\" \/><br \/>\n<img decoding=\"async\" src=\"https:\/\/lh3.googleusercontent.com\/7le4sySXlJ5umcqdsyobpHqumaVWIsBDo4kwoz51wJ3CBO2Mc16L66kbOPoTx5IfB_eMK2I-bpgHXwlxRPKEhXNDNxUeHLtyw0nZ3BokWYu8QAHJhvZk-tvVOtC01G9uILXrSOBGkrBQ9ooWIiVoYLaZhvIcKNRSjVtgl6G02ZzgYc9gEmo5pDIZWtP1U4BnQArvv5hbR8h6QKpde8ZeK_kyHxigNX3iUSCadE3nKDsX8xy_bFEI2PbOa3JB6u9p6BbR8xR9jjQFfPJVH4QevCFJc34MKQgtwOaoS4MSmDit7S0K67N2f-Ox8qGWUuTqc3iXpEp8FfdMAB2JN3y7IXwFLiq67AKSWLTQg8YZRvT1IKNEUyDINBOVX6V25vek9gS1v8Pez4lf1O8Qy7FkkrQogK3dO_9FUswvia6UdmDzgR4h6NpfUt7Yync7_O4KArQyr8Ui0SguwuHo9JwIDpx4MZS5P7E7rs70prHhVQVUZuLbWhzjpAl2BkCg_eGImZKtqKxuisiu102eOlazHAu_K3S3RzpF3-ytacg811NclggK0yCYLgm0I5sr5F8eOA2hOUffqAW52b2HFFH9Aac6DOoJkMS6pOnqNOrhdIgDylDNWdNDG8mb6qln8fYHU6BLr8hxEu8msaH7Ot1NcjOOssbNh68sH_eIWcQ8uCsbJjdtocbDcKlz1iXWqX6snCPbFwYJ944-SHGo75zUKG0wIg=w591-h332-no?authuser=2\" \/><br \/>\n<img decoding=\"async\" src=\"https:\/\/lh3.googleusercontent.com\/urezqlPkwG7XlprPKfdq9gZK0bylYsAIAXQm_Gd18HYXsxxOBJ_78kzMODuGTReToS_Oq8vOUFGnLrkHdxuU-YBDh00APO4CgZrIbLAA9QvIKiNmRu_PPqdKDLd-RZLiV5X80Lu46qAgDCsXQpJPX2dKHxOkxp80WRe27m-GtyfBIa4DOWwifT9MLRnDTJY3dN_zyQUvb37g4wFIdZ4_5LZRFstIwmqrOk8ONqN97kKeuL71Hs5nAVxeL_iIkZdRv8L54cyObuWcskvhR4zxcnidJXe3K1ZkWbx1mwIvAwRWJpjUWaQbwv0KPfdhvLSAYNf1cwDRRtu2bFAaIM5cnba3VZEM27jQeTTjdcQw2SlmVNqADNwpDw3P4rY27ncFTXx0NX4vlipggTI-oM7DbovPIj08ssazKOWtqs3y7XRSlgunKCcbO68TqyqwjfYM_p1yK_vBFsJCeDQmYjQsM341VGpzo-WPIFxC4iTtWodD666QPt5-bMMK_xMfcxCfbzUBmgh4SZxYz_Vj-eAnaVbNgdQ_kwhxfwgoP0le1g9-rxLnRBkNi2zMXq1vew9NR7PptR2EaTGQKpj8txErOs7ZHnjEYyjsDk7qEMWe_hd4NsQZ7bVU9TOUcLtV0ZoDnWQmgRocYEk3Wu5i8BNtJZjKPsMk67oYbY3QLV_o9fGlq0A-vhtDcRkV3eT4-TZcWGDtgNUqUhC9shF7LAuZMWcJzQ=w249-h332-no?authuser=2\" \/><br \/>\n<img decoding=\"async\" src=\"https:\/\/lh3.googleusercontent.com\/3sJTmewkgaJjRwmEGwygMI8fy4X7Sbvm6a30XXj71l0tNkKIVnuoaM9t2r3CNMRdWWe7qSOYwVgw5qxXtPRYa4b4rKW50iQY3eBf908Yony3xzssiuMZ7YO9Mek-3h2HTGdpMRzN9Rwf0edzuSI36hYtB2aoD_6nApRjLjz5DLvk38-89gKYWN8H_tNb_m-mU64rUzJPRRYKxagyapeNq34b3Z2MJo_hSUFUFGj12w31twUgKcNHDZxyxAA83Rf7d7uWK_uU_d6kqXpI68jpQ1NrgNqPPzVYUBa8QgTCav0pec3KHbna8zS5x_i4CipQjb3-_qA7eYE8kaNbKAwA31RcBLqawU03zjcZWPq6L6D_GO_veqvFsCtEHW_o1A9fNMOF60dWmxip_KC-wdiiPZjTgTFoFzwdJb3pejtIM4CYxsagElddgtJq38HFqQSPuw4Nm10_oUGEmEymfN88QmAwMuixXqVYK4rxL-aqxxT9VYZAja0jCdbK5v-x3szpn07px8q2AaIi0LRTp578qesPYGNz7XlMragmcQ8dhrRRkX_9UO_Yz5JY0tQL1jhJfQs3LcIIGqdpMNqCmoBW1ymALRtsGmgN7XeHoM3FDa2tqFec5iAkPrHPRUGzxtITX-gSuvrLtTY8Vo332I235LasnFGmBcfAEseD7uBY0Ri9Qk5uL8iqtwsm4oHj1BuGSQVVKRDo4ZwTrg6D26-YEzYl2Q=w477-h357-no?authuser=2\" \/><br \/>\n<img decoding=\"async\" src=\"https:\/\/lh3.googleusercontent.com\/p_BE9f4L0Q3y2BGMafyUrmEQMzxj0Y-xGynimO3-eRxjm7KK-XPT-c_JhiA2uABjWDYLeilcrH06slrZ-kSNMjpDiuw8wiwClkhYNAPRdIpxSkgTN5qOpux1Pkra5YShhn0xQ9EAJfEBzBWow6g7K6Wf0GkFpI_2W974I1AljsxaZdOY2dnOLMusoA5Thj5xn2DsrDlqaSDwewi2JGUgEHS_fdVE4usP1swql31nQC_gahi3QB9vK_VgfPdwYxJpjNwP2ow3lSEGO5qZ59UrGmu0Z3hH3o55a6eH46--x0IiGXpQ3jPPQuTTgfPMQsvWPosc1hMftyDUUSR42VqG-6ssfAHuPg4FWVJ4zWpsne-M6f1Y7hB96EeucR9jVo8u1wvcG_L7zJASXrnPauHwIjPC7-D-h7JwxJSlCh85GvSTqWIn4EuGLSU1IcuYUbdfKHl3AF7HB_hkcO7cDGi4-_gim1n2jm72dKEm41gzsKXMEKgqOEISgVC4Xt51yVUPiwcVqi2KTpSpV-kDQlF38BgHAIQRU7NADMLHTXSbwJgn5ZKLwfC9-7UoOeKrIsXnxLVWdH65nXFRhZmWxCt8cvQaD5uLlMKRnpQorHo4refUXCcP6Te6eRl5DriOd12goRaitqzktICkMQHsGKIEx8OHHxzHO5eESW6LaXM62vu7_jxulVKnqpDFzQEYWgT1So8WUJ3qHCOr61ki9JsNs0YuIA=w477-h357-no?authuser=2\" \/><br \/>\n<img decoding=\"async\" src=\"https:\/\/lh3.googleusercontent.com\/FiuO5jjVkDWdgbm400WFGALntyHCYJ_ADsuuNRerxTn4VG5aP4c3r1zsqvrmbKkTi1QKmuX_2vnYZ16Xc6P5CegtUuUdC4Dl9o58dpbI9qqRct5OTYWVyjDEs10J1wJ2CYYwyRnxbb6NA0HmJcR6aCOGDBFxYkphikTpXrPDl1c9aX04iyDtcn9n4euOlZHU3TAPsA8LTXdH_faBq96t5L327MVxCiYgyCnbHGDV-DeuxBwoX1Uci5S9yO3HXOxDRW1EUr2BLEMwRvI-xFnHQLRgQLuKb9GT_zm5bYOxH0Q56C5BXY6IHZHqEVv3zLK2lZINQgxop69Ib06pbEQGKFogdoC5odh-ETCqFm8EXkqbLyySmds-ApO4G-IZz9VLYLUM-kyCLWKBQFCRu2qNGhAcKHd08F-XW6LR_aGqypx5_ARB_lWix7bKrLh6qej5Up3NGQHAj8LT7FudlDKMXJ91RyFPtHbrJ2ibnnHPXmob6QIQLGHXdzlWHkv4UjMeGSte4skxWtEaxIKHFqaNj6CNejQScZJHV6cGyg9Zj_-HwcXsEnf6sW-yKmxuvj_IN0duicaABbNihc0-UBNfa0GZHgm4JZCNVzKYIexnNh1Uibq4cTZDxpMkpILC3Ueq_IghI63XzUtxh0INlYo03xFsKZD56BbMkdqkO0rs1kMFM-xpIx6IBBqIFsny92AlFJJeqm4_q1T2gqlW-9g-ZrjAsQ=w477-h357-no?authuser=2\" \/><br \/>\n<img decoding=\"async\" src=\"https:\/\/lh3.googleusercontent.com\/PhigTfhPmMDDjKmHsVq8eAcsoxLsL7REsJTfJtadkE7kExofTnDBDRdiselfTDgYIobYoF7MCYdMEqBslakJIrlKo739IHolhroWxFoHcZMce-Zwf2IvrsqE9wM438wjvI6_P8k_xm7JBUeVAMByeUZcglFaHP466G7rUFybvDWnG1ZOqnBoKlTFhQcCHZPdSMBz_1eCBxZ3ofsfiMMph8uNRqezAHysrlR_C-GIDxKh-pnmitUHe_FWqxK3XYfXvMudE4IrNuKy3m8_jN58M-Shc-ofkmmTR3Rcbo3CcrqgzH3q3n8sRiBIy1m9Uc-JaP0x-16HFVGq3gDBkpTuD85K4sLuxWILW7zbOhB8mbHsOCZx2Vu5P3rZmc4J2qreEkASL6J_GaAaHEN2RmOBUgmMxIhSgr18yPeAB8paSQiPc4DnB4vNafsEK3d4lFYw8rS_8Z3NpK5QX80ImJwTuJ83-dOJF_3OsZAWqUiRvQkTB_KVhiJ8HrNEYuj6-4Yd5V1MO9F_gT8AN3EzCkoqwVk5S7sVTIUsFewWZb8oe_S-tXF6cSf9_KC7eYTg8SVi9eesGxaapBWk-lKfGeZaM9QQiXqQaFBi0pfJNBjb5z62LcrbuZ3_Dx8tKt-6lSO6wejxFdV0koQcqltMRomXIa2Xsx07QJhNU-9awnq_iPIC6YsZPJvsUuAifKfAI9mRAsNlWfWHS28hwjUBQFCoWsaTxQ=w477-h357-no?authuser=2\" \/><br \/>\n<img decoding=\"async\" src=\"https:\/\/lh3.googleusercontent.com\/VxvqoZeRmwZzMW7PZZym1hgQlWiliuhHf3r_SquAijzBAMm1EUbO1BUOIiNVHs_JZ7Sa_MkYTbiPkMtlMzEEhVfc6ZAqeJmi0sz1Y-ilfzRaiBmlUQciD3N6BF0d-z9NjlV5mpL0t7NxrlANbgSdOR__hxliJcjzrT3rZJRhsmGWYVdXkQ3vhaSDlq8mLX1A0jHjKkWLpdBCuyQMq-mVKCrBUl_f2QBvTs31-62LAFe4BuMHYhS-mo905RY6oF5TlAqh10xdGorCMwDA6HHhd7lL5ll5ZTX_HzI8r6i0SvUH7PhuIDXHkSss287MdC-MQc8BQtRI7K-BnyAU1aV-X6dmRaUWsyBgs8ca_Sa5YLA7Cslg1TW30ueNrp3T21Pksyr-_BFRK8HDDnRrSLGvy4V__22tH3QWL7rl9S7YkcnicJ4envL8oU3pbRHLeuspizYlB8-q5ic3vbCNemt2SEfi4eHZDtLfMA64H5BCH8ZxbBHG4SN7yxjLTV5V6KXrIANKMdeSNPGr27tJ5F0waBzVSIILtASfM_u5OT_VGAvJVzwGkN1HHXmGise8-qiuQiQ3-PEhbBVCbL1479lOfS5RTy-qW8qYSWsxieOHLu5Xx1DVrunuBHyeSQMWPEHizpK79o5SuXqkxLqkQEzRx_h2G8GFdHB7RPIXcrAQTDUlr5l8QiDWqr8LPe2YF87630uOSRNxEoY15tch-HIx8uOl6A=w477-h357-no?authuser=2\" \/><br \/>\n<img decoding=\"async\" src=\"https:\/\/lh3.googleusercontent.com\/Dmvfwx2PAtSj-zdQyiwWiruXrB54NIGhASIHwl1BHMAcvyq5Vlh6ss46eJV7YyGrl2IK1MUpXMUo7TJ0PMIKNlXq4kBRBX_54zeWn1JU_WZ6EH2eSyl0OXWLgzdxw6_fsDfTOusQknw-zWZaJAbyvgz4ocrjkfH3DIpUxrEgxOnRmlpEJybNV8EJ0V9N_QLzNDboAORFZ4V3mShzDJqKvbUCcSZheyGrZwhCbvps-AWMaF0trxB6FxdCBs31zazIIwSmo3JtTBTHfS4YMYlyoHLipwoFDW695849hoEDwXeM77-whaNrmWjMUdbwURaHpCi0dGdteCBGjccg61ZqAddO7o2pSBe3eTW3NEfiLNF25erIGYNy9WC-ws_0gB0vvVl3Cu1RybOc1N_nVkgaK45Dq1_Mmy5kVRvvkI7jARsTS8lcQ_AsqJXXaINcjDhQS0kiSZF8ybaND9RUQBL6esWWbyEj5jhzIyPIbVTtXO6TEq1ZlurUB6zfh6AsJs2OYjAP0peVSdNxU3OtNgpKi2bh0ZGVxB19N1JeC9bQo1JKPR4nql_cwnfFXAsLb3yYyuprjafbvgzjQgXhJt89azwaAiiDvdG7eueVeX76D_fJSvTdTyO5EYf5M7sfpMoVxZloqihJrzXk4NQLrG3l99Vi9i9RHbG0R4arF4HimFKwD-zfBiBsmWNgopIJLuk2EpcDlgZoAT3LlICyKtmussBshw=w477-h357-no?authuser=2\" \/><br \/>\n<img decoding=\"async\" src=\"https:\/\/lh3.googleusercontent.com\/hM-Cy1oKCccIagx0yog36tFA7tP47QWQH8s8cp1__YJb0k0M6fJQgGNSZS5c7SgDeipYOBxRpVJ2zdrZbdYmYSTY41RCza36G_VZug9VVq0_1arLxMtLQgVyz0IcZgC6Zh1xAK12uWWprAIIsmErAl3bDXNP4B3qbdR5FmShaXpuZ9pC-Pe1UGIvC8pWIzSUKGDJsh0WXeBOAXig4NwLxeWrZ75uR34BAJr_V0V5UjA-kuupBRDNFl3z-K5DCWmXnvxINs7Yarlf-LX6jUly8evGFxAQX1Y7oMaqEaH6e-jXILiAx_8bzNgTgS7BpNkhFHd4cAD31wjeumviRcNNqR7NMwyEbieRy6FafFm30YU5MEVTxpYON8a2AZL8dtNnso3L9ZKktTxJSeJ2AwgsIoBWF9Lbtn2xGj23r6BfJOQcJSBBi0r7nTdCOvGwX3-iS-xX-o8yQ6TrnPM6GMopx-IecYsNwjQ7_nE9mVSXwF7VH0QYnci6xEFwg1WJZy2q1dmqECBS7B2Djw40o4NREyH30XYV8wajGGOh6mC564JCU3vtVELsASbARng3_rr-UgqBhnEOcI81sGlQt0AuPtdPkCLlrmDJxilrrS0bt6o9OkqmPUKxbIktoIrt092Xu8QcETfmYOEKM6EL3dq5jyO4mov9yeKZFyZXPENX38O_w-rBEXacf867k0EvszRxe1v335OtoUXte7Jn4CnRujLuqw=w477-h357-no?authuser=2\" \/><br \/>\n<img decoding=\"async\" src=\"https:\/\/lh3.googleusercontent.com\/rJOhbOEIW4ZYMQEmvSg_y-ONisA6oVHDw7YvuI0Stx6pWlM-gj23Ece43EwTmQWCOx7WKQnp9QJicJQQrtvvmzpVc9CDrqGXS9wJ4dj1z3FJMw6obs8-kHgPiSXzdmmSnFRk_lyCt65ZknRIxtnXFRiG_Cxe3nG8kZuSlHR8QqfnxE2AFlpUX78EZvBa-tzxEiV6lPNJYc2cZLmklMQjD6yE_qUL5Bfn3mZWTaf4te_j_-MnJoMQoiiRKttkYhgMuIergLuGeKWXSaSjsz5isWF-4LJ-6xP85_bQVMZ0ZNoA8ll8kdF092yQzuTcWhbeMpSE2qcV1HfjFKnYexyoY9QU6GRhDRTg_tENmjlq8D7X1QJDWFlqMTdK64gGPy4O1DLbwbEcUWFJYcszsUwpN50kGfX3U3yWtydSY5lMR0FkmgR7rYAceCPkUpL3ECKnEhJiY81otfs3UR2f-NGuclbyATS80ubEUppaANansywUSXP1SOFoEpoP6ZnqGmObMLP5o-diMtNIkYVWOu9vL0vxc4_jI3nyZoCz_423MjPsMBcfTjLRvR4RmH_vpR4SSAKR_1_tct3NRsqQT4CG3sI2M-FJ-7Xz5M79p38WgTcy5ulLnOmq6xah9yj7K8k3lgz2k5jYpTzuBLEdJVQBz-qyb4xYEllAGV4uk54gNA1HIlyWlGoOSdEZw3SgCI9oEIfggM8qRbFHNJPFcfG94lu28g=w477-h357-no?authuser=2\" \/><br \/>\n<img decoding=\"async\" src=\"https:\/\/lh3.googleusercontent.com\/05VaS6vffk3PqnaYlsc9ZY1xpCXiLaXzNQRg8u9ik_nqlNJU3TRfrdk2f23z05irPYsnImjvoMPNxAdS0fVrxnotD0pFYhYego8iVHoVQ4fPQ1nuqADEDVRa1LDWBA1KI-um2E_xQsbJRm8iSoFeQqV8fuofEogn1Fj558H6k1XD1jDocx5shpoetgWHdor4gDE1hK5yMCIcJvxQjD_D-H2xF3bIJAQKcxWvjm6F-OOfaCBul5q6Jm4sBDFeg5FR2W_IF-uNhVH9Ryac_XlC51jen-b6Ok94iKRzP3tLXLJuqap-GXS3cOiTNk0NOsokg-wrZLMv4iagbXz_xEeQjQUOOr9Pb0QVeDWCP1evo29yplGAIX9oO74CIx1WDDNH2I7scWlIoDWqJwzp30LCL1lJGyKWzBrtDLJrkgcpk1HMQd5shRphO_iuGWXE48nUpdFDldpTsMp9rmDJ_PlkDd0ILGPDVT9Ii3zNrUfKpyeR6YRlFf220TPoGfAh1lkvDq2apeBUvtb1aI62Fthyo3owpvs1pP-6NKlr5mTCVqMTWXufPCHW_3CMf2bmxLv7VrkuAh93p5lf864GdID43SSb9XX3Ou1t3TF1B5YsQuc7NbBKhExUFae_y18ifXyxsfoxIR_iCTqbeqbdjZNaPURvMUg1wQOZGzd7ay_rKpsPn3dSx4Fih7VKox5pOMvBeNF7w9cTKA4Ozd9KhcMvAVZuPA=w477-h357-no?authuser=2\" \/><br \/>\n<img decoding=\"async\" src=\"https:\/\/lh3.googleusercontent.com\/finpk6VK3CMGDwQC4z5b0MktqVXlwkHlna19eetNelx1G2cfH0No4dX0VoUBYmQmuT5ADAVsDeNySRpwJ2FpeA7xiFNB9ZWIt4SXYNQxuT8t7nU5z74LIVcEvKzMTKH1su-ghwwBJDu99bSXb-RqCnxsrK1IV7YHr07uc6dCJU6m2DTrN5MysRyHDwii1ttiZgYMVC0HqHwWD1G-CxImOdjrWcVNgzTmVLkzDGcNh32TCfb1j2VXCRnIE16FPrHCJcdSIx0R7SPMUdugdobmX3B3bO-mIHPJK35U2wGR8aXIxQWz77v6MXuvZwSAHv3IRug27qKcGI1bxK5hX68KOnuWPfWhexP4Jjr4HT4__BMdjFxYpBwxdI6I_Bpc8grjp1vJZQ6xTTMd-i9CU-KZFs53aw0oEX20bhqr2eOroKQdDNvKh7Bw5xxUcS2SQBRo3W2Ik4912GBjIXVANy4a8wOAkVSmfLqTgESkeG-el-vPM8BzbfeP5T5K6biK2hyJaBRd82VzKdzcfLyvUKTMHL3taw8OmMzFkBLGpHrvZrtTrgnadAvnzPKWikh9WTUBJTrBhuNkze9fGk4cCjNSFY4ChUA-e4kxPcwtk9e-dPexKjVUr2KRk9wMOiDC_tLJXKid0IkK3sgaIFVRjpXlZsjlA1X6AAp9Ifk19mOoFZADgtvMyPCC35AUWpGrgK8Gi4ReIGlJ-WM-1J30Mc8-PE_bLA=w384-h288-no?authuser=2\" \/><br \/>\n<img decoding=\"async\" src=\"https:\/\/lh3.googleusercontent.com\/Ks2gsjGPu5RAQU6iokrbnB9BjgW7yUeihE8QYmYzpqmDdZszMQxy1Mu-a7KM-RGSTYaZ3UPENhBApGNleCFdu4RSix5rA1ZfXGvuq0F_6O65s1TXJCAH7ldVKTYMlreO0wb2uowPdiaC5tRDn1BD418MRARN5gjM-6B5NQktBR5gZgu7Flw2C9sKK6YUUwczs8jtyQnJILsxT6ZqP9t80K--tDUSgmj-8atBN7AEIoGrinh74B7YYBDEe45viT7KNR0ZFXgaU_jqpC3B0GaPRsiPDSosTvReWrPwHUdR1XDt4qMpRTP5U9kWRDYP6cVZRIPP4XM1gokqEJlMqsyL2N9CbArJStyjwlyWxOcp6u50nbLTHXPFGLEVT1oxAdw2aQ7x1rR9le0s9N1qGR2XCL8_MQSkVbIKgIuKEUaZIaePkJQMpltTf_alAR3vDfeB_VzKP5fbggObl48jy9HtywISj4dYZy62z9An7RoNO4uP7MoKUyIulZIIrjNkM8r2D0irZbL-RbPQvRi0BFqjoRSxGCDya-E9V6zikAYnmjcDnO2_tVFFv2_dLWPVRI5C0psOFaNQvNUoLM2YZFIko7fIyBol1ruN8AN3FcZCx43iC5o6FyYsf8GNJI-MyRWUBo_h7NmrAkVAzCGdenDf3ajGkAUs4h9zI9J2ILR3AjZhwRLpkfy5HYVIM3YN1OlRj7sPM8ATeKUuDQMf6u_P1XX5CA=w384-h288-no?authuser=2\" \/><\/div>\n<p><script type=\"text\/javascript\" src=\"https:\/\/cdn.jsdelivr.net\/npm\/jquery@3.5.1\/dist\/jquery.min.js\"><\/script><br \/>\n<script>\n  (MyGalleries=(typeof MyGalleries === 'undefined' ? [] : MyGalleries)).push({gallId:'#2382B',autoplay:true,lightbox:true,debug:false,popupLinks:true});\n  if(typeof GalleryLoaded === 'undefined'){\n    GalleryLoaded = jQuery(function(){\n      jQuery.ajax({url:'https:\/\/cdn.jsdelivr.net\/npm\/galleria@1.6.1\/dist\/galleria.min.js',dataType:'script',cache:true}).done(function(){\n        Galleria.loadTheme('https:\/\/cdn.jsdelivr.net\/npm\/galleria@1.6.1\/dist\/themes\/classic\/galleria.classic.js');\n        for(var n in MyGalleries){\n          Galleria.run(MyGalleries[n].gallId, MyGalleries[n]);\n          jQuery(MyGalleries[n].gallId).css('display','block');\n        }\n      });\n    });\n  }\n<\/script><\/p>\n","protected":false},"excerpt":{"rendered":"<p>Aquest m\u00f2dul es realitza posteriorment al m\u00f2dul 01 de t\u00e8cniques d\u2019equitaci\u00f3, on l\u2019alumne\/a ha apr\u00e9s el maneig, cura del cavall i a muntar,\u00a0 en aquest m\u00f2dul pot fer sortides i guiatges amb aquest mitj\u00e0.<br \/>\nEl m\u00f2dul est\u00e0 format per dues unitats formatives ben diferenciades:<br \/>\nLa primera unitat&hellip;  <a href=\"https:\/\/agora.xtec.cat\/iesperealsius\/estudis\/cicles-formatius-2\/cfgm-conduccio-dactivitats-fisiques-en-el-medi-natural\/c02-conduccio-de-grups-i-activitats-en-el-medi-natural\/\" title=\"Read MP02 &#8211; Guia eq\u00fcestre\">Llegeix m\u00e9s\u00bb<\/a><\/p>\n","protected":false},"author":1,"featured_media":0,"parent":4401,"menu_order":0,"comment_status":"closed","ping_status":"closed","template":"page-templates\/side-menu.php","meta":{"_bbp_topic_count":0,"_bbp_reply_count":0,"_bbp_total_topic_count":0,"_bbp_total_reply_count":0,"_bbp_voice_count":0,"_bbp_anonymous_reply_count":0,"_bbp_topic_count_hidden":0,"_bbp_reply_count_hidden":0,"_bbp_forum_subforum_count":0,"footnotes":""},"class_list":["post-4881","page","type-page","status-publish","hentry"],"post_mailing_queue_ids":[],"_links":{"self":[{"href":"https:\/\/agora.xtec.cat\/iesperealsius\/wp-json\/wp\/v2\/pages\/4881","targetHints":{"allow":["GET"]}}],"collection":[{"href":"https:\/\/agora.xtec.cat\/iesperealsius\/wp-json\/wp\/v2\/pages"}],"about":[{"href":"https:\/\/agora.xtec.cat\/iesperealsius\/wp-json\/wp\/v2\/types\/page"}],"author":[{"embeddable":true,"href":"https:\/\/agora.xtec.cat\/iesperealsius\/wp-json\/wp\/v2\/users\/1"}],"replies":[{"embeddable":true,"href":"https:\/\/agora.xtec.cat\/iesperealsius\/wp-json\/wp\/v2\/comments?post=4881"}],"version-history":[{"count":3,"href":"https:\/\/agora.xtec.cat\/iesperealsius\/wp-json\/wp\/v2\/pages\/4881\/revisions"}],"predecessor-version":[{"id":8402,"href":"https:\/\/agora.xtec.cat\/iesperealsius\/wp-json\/wp\/v2\/pages\/4881\/revisions\/8402"}],"up":[{"embeddable":true,"href":"https:\/\/agora.xtec.cat\/iesperealsius\/wp-json\/wp\/v2\/pages\/4401"}],"wp:attachment":[{"href":"https:\/\/agora.xtec.cat\/iesperealsius\/wp-json\/wp\/v2\/media?parent=4881"}],"curies":[{"name":"wp","href":"https:\/\/api.w.org\/{rel}","templated":true}]}}