{"id":4820,"date":"2020-03-14T11:40:05","date_gmt":"2020-03-14T10:40:05","guid":{"rendered":"https:\/\/agora.xtec.cat\/iesperealsius\/?page_id=4820"},"modified":"2020-04-15T22:45:20","modified_gmt":"2020-04-15T20:45:20","slug":"mp14-projecte-densenyament-i-animacio-socioesportiva","status":"publish","type":"page","link":"https:\/\/agora.xtec.cat\/iesperealsius\/estudis\/cicles-formatius-2\/cfgs-ensenyament-i-animacio-socioesportiva\/mp14-projecte-densenyament-i-animacio-socioesportiva\/","title":{"rendered":"MP14 &#8211; Projecte d&#8217;Ensenyament i Animaci\u00f3 Socioesportiva"},"content":{"rendered":"<p>Aquest m\u00f2dul est\u00e0 format per una \u00fanica a unitat formativa basada b\u00e0sicament en l\u2019elaboraci\u00f3 de diferents projectes i la seva posada en marxa en situaci\u00f3 real. Per tal d\u2019aconseguir els resultats d\u2019aprenentatge es duran a terme 4 projectes:<\/p>\n<ul>\n<li>Jornada Inter instituts del Pla de l\u2019Estany: adre\u00e7at als alumnes de 1r d\u2019ESO de tots els centres p\u00fablics i privats de la comarca<\/li>\n<li>Dinamitzaci\u00f3 de pati, amb diferents activitats l\u00fadic esportives.<\/li>\n<li>Jornada recreativa amb els alumnes de 2n d\u2019ESO de l\u2019institut, amb un tema concret a treball, com podria ser el Gran Joc.<\/li>\n<li>Dia Mundial de l\u2019Activitat F\u00edsica: on s\u2019organitza per a tots els alumnes d\u2019ESO i Batxillerat de l\u2019institut una jornada d\u2019activitat f\u00edsica, anant a peu o amb bicicleta a diferents indrets propers a l\u2019institut i la realitzaci\u00f3 de diferents jocs.<\/li>\n<\/ul>\n<p>&nbsp;<\/p>\n<div id=\"1C513\" style=\"width:100%;max-width:1000px;height:800px;display:none;\">\n<img decoding=\"async\" src=\"https:\/\/lh3.googleusercontent.com\/s66oJWp0uIzoSULeU80XxhSncWaX1mATaAk1Uq2uFMTg5W80Rm0mi5KTzh54W3XepwItz3wQ4P1SGUJDMOfIvy_cHvj_spPEDjGsquvMdok-vasSiWR_qz__Be-meftwX9yvqmRHoLEas_eSIFgD02V3vO_uBlmNMGE0iABYz-4zafALSmMDbCCYDCeWs_L3Ru-uHHkeiBbhqEmPBeu-uhtdfXleM1jIrebM7ymY2gWdT0fRXkowrMNL7zPWYH9WDAvAwD-8081olWwk73bju15lgjmc6tpxoDkAJmWnWIV3o0zznESM6nOr2jMOJYY6RpXT-JbaURU19iF-Lq36p-xMDsprw-8BXQH4Bp-LZSdAp-_j3ke2mpjXfTLRebI3s3C40c7R98u8UOTFM4riL4K5elkOutYMcj2hkLUw9zRQfCVHjV5rhuD_pIZGjCLXHxMRzudZ9lWaFnH0xfCH7KKxCDFnnsJMUW8AaJXNaXRUKMmCH56cAvlxHF3VyGLHfh22K7lIh1mpFxKWHWmCx0xBs1f9zwjNmffZBzfYOUYKB1syntTAC91EGKy5ylKEjauD3kyfkhflCa-zSh9-94qhtVSqXhcgHBiyLNDrHbwChL8Ot9GxNiJwuoXBsdjQqTLXPcVT7YTfjmNniTIHeGTmHsSm5IbgaNj5oUvVRoUjTtuHi0k7CBPu8MwSy_4EOy9H_c8vSF6wsp2ZLWJ5z7cdDjrTIAQsHB2OUr76Ec510MYC5-e1S9M=w1000-h800-no\"><br \/>\n<img decoding=\"async\" src=\"https:\/\/lh3.googleusercontent.com\/b_C3YWDelpVjs9nexVTGNbYGxZMI78ELOV8sY1IO7wNWxhkgk8KFxYy8fHCzInfFe6_3pDzc5mzrDv_FTfcpRCi6s90cLxNB8ESzCiXr1WepYoP8SJzRZIp8Dz70zlxCwNxEW2vIxZavlEGYw4yRDiPQ3LgL4NGHYTIO8YHWgKXPb5m6on0hSMBR27LltuA4UqFV91NTtfMhlvm_A3zE_30isopYZh-OqYu_mxnCyuVyblvxoV-WyYtXYLpIG52BaDNmqoYA7VUucO2LkVOhWoWOAV8R1l1Aq8JLF-6lW7ryKKpNyRdOq4xN3Ci7nIZMfQ5rWXpEh-_FsC8WTa91Gepi2zwtsqiXZLORmD-2ekdlaRWe2MlluIgYLYPKhGH7iHIYfatkEoQ1wwJan6CWjiSq5agiAzpD9CkGeJiiwtsjB1PmiWZEbK147cLw8F4X32UKjKy_8XjsIbCV-EQWHaPT99Nu7qQjWRXf7rLpCQ93p_ZkXhiMoMVOttAg9m9q-Y1ghLX6VIV9roQWA8gigggkFpSZ_VVDHMse0Zl29LE0Tr7DhToV_KrHWBaj0jS-hMk0Tb_pPY3I_ZVBC7_BTqpkVOqn459wpkcvzqNxveWuVx9YnGBMu75Z8Cy4C8roTBqYlZhQ409ZOTXybC9vc4o5Y0dYpnHzjn60Ck6uvtsGEIrtOPv5__YJs0faVcz7L8MQGkFw_nyrQQ5kq73Q5s-ZLEwEGPhwV0D4UbPpMlaE5peWUAQnxDQ=w1000-h800-no\"><br \/>\n<img decoding=\"async\" src=\"https:\/\/lh3.googleusercontent.com\/rKOdpxSfmSgjnMElVGcoAYo7isJYyeuCuRs6liPcnEONHA5gfWps41CQuaq-g1UElFWaU_UoLDxYpGbTXO6rpX6siA9av4yLJqgaGFoSeIkM7-7OXki0aUNVAvsGQKcIoohngk0Qz7AjNKLtnmJrB0Qs4BjAz4xtv3Y9rStR-I86kKCJGsfaDyK6gkJsLYYu1UBTu0KAWE9qQamjtvM1MEP81JoJsIH1PtT79wDAYARMezxXRscY9MNFr9axYpKPmf_tIgtWpC5PIS6n3zCdRsfxEoP0KaI7u992OrgpJZcKxhNw-_2aOq3HOxycsm1jllP5m0YO5Mx1ESyotdATWPkzZvYnesDgnVjbTXYCC90DjTPaisxoVLWnCK-9V0O4Q0YpMfk9y8aOMxRdbtsgt1Ax9ZQssxmW0Dd3zyftY6xFR6dfWGaO2lEe6Ts4P_mtAUsQFB0WVPcCKZ6MXg-0tqb63IZgTsTt1WpnBGC2HWEu9AF2vRqlKv4S43K9h3H6GNfnEKpju7ho7mBc1fq-wJQOMARRgzspfbnVct1AvZEpTqRGE77w-YglNCoq2RUKvXuknHdKFmxrlRUeQ-jykhIH0XQ3uZLfxKOZXr1-Bhk_U7X1Jz0QaL-BQjdgTLPjWygvGndAf4SOvMlNzbZfyEFx8ZE64uoIGlCU23gva3eNM7GsgSq8JC3QpOPBvHJ-PLMMkK-mzYzpiqGpB1Z9xwKMwHXRH_4slV1h_GyQkD_nh5nq8oAglPA=w1000-h800-no\"><br \/>\n<img decoding=\"async\" src=\"https:\/\/lh3.googleusercontent.com\/3PgmC09pXa8sS0xkPYzTbW9R0iD3l4iFXFBUYLiIkwYhcPyVMu9YYaMDgx-Aec9p-iwIyY3Ub_16krmyhpVJzhk_FRIu9fobYrP9Gd9pNcxCGAmVmgfyHROdHiqSsYtAmBkyR5JtZjrvlYGuxp9CZekxnEY2H2R3745Ef-F8lUO-Z-3YheBsoMFcGx_7G7bN8lSLlxM8mpr9EByob74qj8dHZlb5MYQ3ZN0qmzISMMTxkYb_YyW8752ynL5MuRXnlhSWrXuoT8GhpfDYW9Q-LtzAYYvKFx5b3lkOWSvtbH4TlYJOGcfNi-Vw2xHPqeB2gB5WsW3HwKuNH6DLSS8paILiaksJs2Y3W8VaubReBCdHODBUOHOsSDK4xwdfqFeTRmsGbgzjcp4XF95ar0wg3SQbhXVNuxLo1w_rc4SPZXJbqPvRPDblUCv_-Eujgdnbloqq1DDt2GGvTCQmf5gcqcHizpIe012dKaCa8gxAfK69HBxiM_U4YnvewnrnKm7f0vKHkKT6XPXMx_n0GLbNDVkHIvrw-Q8eJ_5bnbC0PrW_oJFqHgqjMMAgt25ku9PpINhb72yLF1QSAN5OTAfwmR7TStX8ryeQ6d6DTBgMpTXizGYoElHKL075D1LaUJGT29NAqqY9eTWl8Tettx3n7ZWIRbqB0BoqXKP8JvXd_smOb0GZYJvMlRX14TD8AYI22VAZ01gg4--kVihwc1UblnPUOGmilHV5esTp08tF7mpltXHkWJ_mkXI=w1000-h800-no\"><br \/>\n<img decoding=\"async\" src=\"https:\/\/lh3.googleusercontent.com\/sL3eNLDDlFAQJk2zvPNvP1TA6GxdTkcEEIQIKBZW6BqR3NhRxcHU278pO8GXY1UZKmMBLogbOhc1ZvS1ttzCcC0aIx4YQHlWFRUnbInVQ5a4VpowahEyAunQSBBvi9MzgyVauNeOdG0iqKtHFKcNCa_fABQBivgYw4yBkCAkAO1qfxIWc2Q8mhsElPDPKPthmtI_3ApP0xyhyjZMeLVfKxWszwuY4PgZ5p6fLYxtqOvlavmjnwCWuvPnMnBsUCiIXKR098aaWgRb67GCr-NDze_HmLfrjNS0J4zuwoE0Ybg_WCOIyDjwBARsv6tKOSQLnM6nFQu2nq_j81QzMp1e7Z6KMOsQ4eb24yqL2qYK4KJNEWUJ5-kDS-qyMHqARrp5tjoUm5zoIGA6XZH6yQcINGrbFYAJhiQfKkbIihqilQg0e0HLOJ34lUd6vAeSbSCX_y8OECliqMQ9tnkWZYxeZ1r_mk4TDqE5s3ZUbmaEi8WzjhRs82S7CmS878OOPfTC5S5mj1vlhQQnZSDoZdjDfCtbPY4I-yQxYBzllzdnoYP6_1MktN0fSxV_VryJL3h98rU713ceNjQ7jXYybSp9l0vb7-LguJu5QR3joly_F_jRQMjRJ5ZiT0Dre1ghAQ5GzLMYNy8ib5Y-6nOhEFTMLsHRH9FZyhD4aDsx7Vm-hDMbTeZ9wc6ldAovjffdAOrAac38SF8F3AQFBqY8p7BbVznqf7WpKkx-upyUW3GmOCaJWMPRc8vIB3k=w1000-h800-no\"><br \/>\n<img decoding=\"async\" src=\"https:\/\/lh3.googleusercontent.com\/6JtAI_iURLqak6Di5vw44ULpvGU8Rh5CGNlnQFniN7olPEl6NFAonKgsARQP9CkBg5CIn9XEgHx1FgByhJPKXvgqOLtZ-StDqfRxg5mAKTO4Hr30kY-NodFI7E-H0_086PD1t5whlt2UIuXYqi-KfV347s_ttsBmUJz2-hdnf2TPY5bK_AwBcThE4v5dW9BOnMgNK8bEDeKq95wmtYriGwWbGlchLHDb51G3N4n0OD77RMbHlesg87fDhG6rEazJ_vQYMmuML0QhHtvvJ2svQlXNBDL_EcCYVif0pUsSzCsLwsrFllix4ZFRs7L3FuCCdkn_Re8ShAj3Sm7X6qqsQPWwnY-53oFgOD2uHVaPlJQhlWhTwqvvYK9byR_IsshB_JggZN1BpUQE8BlFZXyO3MaUcn3JCdGcfjxvK0PwIGhdQl09anpIz4CMg_jeDuXgtdsREZS1xVKzB1qIAwdDo2ZjveVg3p5p6ez6j1PeSSpbYUAZbg2GTcyNXDdxjJ28RwQG46fmfspOmqwL00s7434MJKTwszcSvjAEbZ2mK3Y_6dK4z7VF7aQAUmiZ3BdOH77jmiGy_S6RPPRsIXHU6Ih3vkZSc9-3GnxQh8PF0YDDOBz29CC2tDwOCnZDYjLhWESYFMdoO-idaIL5bDnkJfN_rw1b7zSViaq5q1ohd22gBXlL3EmivPQyF07-lABGhN2UICngeZ-uXpQvCo8VZDX6AM6ARi6coxVfxHwxa_fApitgFLKLRcg=w1000-h800-no\"><br \/>\n<img decoding=\"async\" src=\"https:\/\/lh3.googleusercontent.com\/7F--WymKyv44l7dv1hmqnbzrwLo2FeCddxif771z98WYHYDTQCmBJQbrZr_H5GkLqWzvZywGMvFhQHa8lEGRDCbeUNQhBZ9v60NbmIkc5LcKvWfiD6frqfVGxWByRo5nRHpDYslLUJYArEnCnZwcFj9PcgZtFQzbVzIB5WDEwqRJ1Oj_IqxgXrll0Cql5phxI7gs00iZcyF9rMUkn2KN8RNIs9ojeZEv_giyGRFXC09nu9B_bBMthNZoj3NWDkUW6I1FvfRAH_azKNFuf11gInAr0HjWjoY1uLxJ1X7ve7M5djLT_N2tj3QstFPBwTLfL-V8cBDN0mZSfG1zGeLXvy-Y3WSrdSisX0pG_dlSKQL23oXgafDSjFbq99ICsng9KcIrRJU-yowDgJTUrZGIAOuxcYc0F-HoDctQ35vko0kNu6wVFaQM5Q9_SeiziBwdiuFEoO9D-MDs_VjUG6QqoxmQXz5KyzkR0CEOJBmfYGc-tTF3wcRmOZo0_0mjCReZK9brFhtaSqC_ns5QZ7u9vfJo3t23Edjr237gQ_ZHwQ1YLoOzAmB6Fu0NadaqWStEYD1SSA5p1oxB7y3BA0TzGhn8o9h5CrjdWacU6VtFDtbuA8ViLRZVV5cE5VPArWcsIbciEeT79deXxmseIMDkt7c6T3SnOdCsXJ6Q8CRk6xln8oCdL-uLS3k5NbZHHjvStYk5xrvtOzsvyz8TVQkHM1kN0OivFzt8ld7VMGB6UFISqrAqVw4Hf5A=w1000-h800-no\"><br \/>\n<img decoding=\"async\" src=\"https:\/\/lh3.googleusercontent.com\/7Q5dqjWXHVECPbzvAetvMlBcEyhYZcbcDog6o45jjcDAUE8BLrlGem5NFcTm2aDl9X7Chtb2RMcDsg7UGzpFf7_FLNDRp6tZppeKNS7j6A0-eiIoCW5kVPJpIUJ16rY_Exe2JNjGwpdUKj2W26assA-Gv_5StHulbwKKmOthu1rNeYYAENpixWXm6AMiLNpeGTqDKyncUPzC-lfbMJL6jbNrqs41a-90xh5b1E2Sn2t5Wm3KqZ_9Re5yBgPXTCvhM59ny5XQLgDwwZ_Z2o5hqFxtqA1H8hGy-dYW8OVpqQ2vF_qr4Olaa_hXlb3_DpkosdRLbtoGGljFm0YBMYWs7uvtshmU20eSzxmpjPE6YecZacm3_GmTC8jBHKnXEQxs_uHyl8IAYw84BWv3Efj-jmj8ogf2sc6tDZSmmf4My8_5KBlvcRTitESKdpz7izX68vz0QEgG8PTI3ff6nHP06N-UdDBT2tQzJH4o81SNv_GoOzwSXlEH3WnBO54lTRgx1EogIwOxMW5x1BWaPeixrtrJrhaomwxk8kPUzYY_--CIon13xyxhxF6n21GElYBHt22Xj9HIQyTQEFWRu8C_sZF-Cp9ztGcwUhHTfCwixmCOljhCQFzJYFwetvxGd3djeoUKGm9_yM25ng7xCVmvK78J2wk5q_QW2XcfEUsfkjCYmPsVn9UZY_QYgbx33um3As-CHiw4Ch5OEA8QH6jXrOnfVhmnx1zxvRxABLrXYMzeH6azQtFQlx0=w1000-h800-no\"><br \/>\n<img decoding=\"async\" src=\"https:\/\/lh3.googleusercontent.com\/Qh13cvIVZRDu27p8VHiZlDlPEoE32Rr62SxowNArlmlN4aVkvS-k4Tl-bUNRmQz4vCVMpPepK1gnUGJryeI5s3R26vtP9zvmAg3zr27aYvCKM1gEvtWHvlwliu6kaRWqIiwTIBROPHefx2z8SXZagSJquO3MLRRD1QA6hf2XtONe_pW4e6_BP0KeH3x3YFQ5-G_tMVllBSjdEYuT9QaF2z4-ktC15x2EdQVfX8Q6-J4b78OKvfha6pAl0ZX91FfwJTePZxvSGtJOXNcYI5oSd5BU6Oi85URhQkcaGrvCsK51pmTzgwtRDycjBmRaMScRpTGDZK-1YaznMWNU3hQmv2fwmpGRU7dwg61O3--cMfGUwjHTqVuRPdUY7joAeWc_qQjvdswU8L4iG9zd-kXyeWPAJ9ebFELypjpAw9RPrhBKT6q_sgU2F-FQr3vPfvX7GYYQIbIyaNqGyG4S1z3_vruRBxE2MYZQmtyPO34Xt1AMntwehBHUII2vaOe2W-iT67fYFU7WQ1Q5rixMncbpDWCJXhQ02UjUHg42putG5dGQs27sRZ8B11xgYXWL3yLxUA_Po0SAZ4zlfkuJKwTQacI_hvFZGQ7LWuwaTD3uhh9FMgOOgov2rQxaRWT8REUqRn4sVjdUqVMUFddMd7tFgmw0np1lHiK0TZg04idpwyebo4geQfTYRdrlwsnxqmm_Czc-yvxwAFQEFbOQwQgM8rliCpbT59hHQ-jt3upm45MyIxtG7wKJ4fM=w1000-h800-no\"><br \/>\n<img decoding=\"async\" src=\"https:\/\/lh3.googleusercontent.com\/q_heKtJW-hCTJML8OZ8jK4aMDf1jkofQ5sLaO8Ba2vcr5RxXiYN2EsqHaKfHpx53Ick5zo-TkHo8a2zZBkvHZwetMYgLisC5VBJdnI3EwzIGJ-vfWOV9bGs0Ehj7mhj6JffbEiXRkIDdra8P96BOA58nfrEVdZXVJ3DNGl-RsGXYGHdXPHoaHfLLh94F79gfNbk0RPjixdT7j7YqC7S_6DlTjNjRZblWSNxKV4W7FJk2AsxaZfXWI554oUi3bZbykatA57upJdgh-okfwAIbwjUnrBNjoWeEZVK3GZaf_nYVkMXYClym2vsoqfWC4l2xWf7lrNBMlO_-3U0lwJ7TEi6ITbxkmi8rRZM3VfJZRHh82nJ6D6bxS6xCUEdzK0bm0IOO8tNP7wWax-j9etg0zdhHCwgT39NNvAbkdFWXxlTtpsueWNnECKsX6OBB5JfjFzVmv47m_v_XpX70raV_r2TNnobSJwJk2z4EY_hmIn-qTHh4yXd4Nx6mO6ayezh1-NC9w8_L79CFessEw1gZLmUM9LGIHnj4V8jzZceNRKskKh6zKuLtsCthN0hdJ9HqAdBjYJIm8hlzFTOz_I0IJMGgms0yLNXKzMLyX4DXwlSYa9UnOaUaTssSuKFEIEqIGnOeNIyyfqjkuTWdzq_KJA_PygMTFT0U_KiNqGPjYTKV8GrKEXgj6CbmuCGZIeeCK8F5qCx4XNLiXipRCrCcws_kiA8GlG8OS-GSqJi9TPlEVpyykO6x4zI=w1000-h800-no\"><br \/>\n<img decoding=\"async\" src=\"https:\/\/lh3.googleusercontent.com\/lG2FBUId2h55zTwbxMA_0N3HLzzP_oo9INVHzhPvz_TL0CG3yzgFFhif7sCDO8stE4XG2S5mNelRpHMaqHclChH40k8qtWbaZBiQU_T45XD9qf1O4k6LyDk9ZDcFQQ3LYbXEDp9KARQwCnnDstOdU1vvZR0BrMaJbOxNd1oHO6_Fh_s2PGe_LG6mXvcUmRhmtFfVaqihpOwWZDEGFZ43QU2pQt3enV7pX5c6WFerSE0NclxY2a1f29maIDJfCQWCVtrDqBLBZayqBovyL47agZllIQQb579JG2Eml-6xD0nUlkudkEegSEeD2-pkke7wv4xvJBkHBCLnNmGofSYqZ6dHkV1lie1zQphx6EXAHC_-e0OT6z0yoDqtthkAKn8OEUTmPfK-4nN-fPUocUyGNdi7M8x33WDoNky_ddRRZBKrf2nVRR8oxG49HayhOlFA9h9uDsAQwh8w3FH_cN28OW_tCQz-t2Gpzl8lhwZhpJCP4Ftzg2V4fJhRAp4XsfvYT-iPUn1tJ4wQMG6BKibS99m3zjBl3AxASeuUpRjhkTnW1FFF_YOWB0P_rpCEuTAzdUjIY4IAeCka_1h0Kt0dXiqR2ZySosJvhgHRvBeZlKOMpuQAmuIDLqd1pLutxS9eVPjeLqUTK5GzBWzqcaHbNsFuZTdlVEbz5cI-mauwUgspmhkaDWFuyT4cCYNleZTI8CETd_0wzsS8_Couoa9bQAABcMtI4eGoexQhPVXwh5-62JwrcPmO3BM=w1000-h800-no\"><br \/>\n<img decoding=\"async\" src=\"https:\/\/lh3.googleusercontent.com\/eyWWEbG8uPqx2cfEJ1nycLS5haIikhcBgHJMp8Kx3o6wktqJC3PfD-tN_Rv9SB_4J1_HqTjREC53ODV7GublLafW2A3sahxUjpd07zxaVMXUykRuRcc9gEU9jA2uHmvnm65kX4UJoMuwy6hjiS8pA6xtzakFe7TFcJ6ZNLJxtvh95zfNk-_7CuFecuHa_CQXYyw48gbrZ21BjResKNZ0dy3LzgU7-xt282bhv3JpfQYmJDhBaV1BnGu3xzF5I88PrWO6P0svoztmAuIEETl1WfuHkFEPlGyKKgi7iSXTrOSxtrpLBRDp7le1YPAOKBRnmtGDw2cmfxnHlOQKC4IJokCiAGvvoyWacaw0GTRjxcdamybhArV5oI_yPgeQPwnSFGfM8Lf1JxZnTKQ4afZqA-vz-haSxGKYwT4hemyrmofdS6sLcPTJEJERvvWuutrqVjcmBnPbWZAKqUK6YO6poEpF5jIDr2PjMQoA9_ZNeQJIpN1uOPmSc4aNSRDmwnPHsrthgL48KsPTwo4WlFD6owAPlHSw0obJwckF7-7gdXEcatpWWUZnzGwcFfoOIBvrwe4sVUIaoKZiTtY10kBSonGye9Ccw8fWcJAnp6EUHq4S7GszvrwxfBsZkzCT8oKoYbJ2RWYnjXnX4Ow95aB0TGi7HyEvyeyiR21yVfde3cR2UYK4YVAlvlnc8RkaIWX2OJshjlqwDbCgeePhwRVltQsZ2aoRMhBCMYKzRh0kGVKVYpN7Fs1gbVc=w1000-h800-no\"><br \/>\n<img decoding=\"async\" src=\"https:\/\/lh3.googleusercontent.com\/09ya_ChOTRIiWqh6MIoO-SuJnBsTuGBv0D2DqkwX3vUQktlVozHZ39ZeKbnoX12P-809HLEf_tMXbZDd7hqOIAX17VR2_BmKsuY-okA8Ny-3l4m0vY1RZNUPE9WtO_xOKcQR23ZxQUyzuXLBrgfuLIY_mBMOkdf3nU-j-KBBwe6ZEHsGH2prJWy0we1kOK5nT8ekoFvtRg6CutmzaUuew2pdD-9acF_R9Sy1ALRIcBYZJJU92zNxCtnABbcNyGGgOT_0_ojy7awwn4oBJkPvurmsmeudTqEZzgpADZAx7pHDoZLQndlQBi571_yGzm6eo7EGtikYoWFv65ronEiDRH-hqfwV6N2yK3wnqt1Vp3Vs6Y-7EieEe-1ZZi3CUSpZI6XW28GdLkRoLx0Z4eW3ioHBTzPNhMG98foTPjoZoOJtNvuU3xA8Rfb8p0PfSQ_oGZHKMiv_NwD5-CRVTVDIOtMONmqgR3jBEzify30kv3ABUWDZ_roCP_VUAHuk6gQbKCYIVCX2LbUrE2bdnrwGq0-9ByUdQQwq1KKZmFz165S8UpyIh70yn6ezbIH62rpnvHBQL5sq9Mwq4cXWVYI2-hEMxbhEJHbAmCBdKWToBBJPiJfBlotAgBEq6q50ch-1y1-Wl7_VKq_iu1A_VXq7VK630Hq80RdnBz00nmrVB4Qy_NwXs33CWFflqww7kFVCrs2xH7VJtslPorfT9FI7vBIqmfnPrOtYbeta8vHtC1WZS8Z49QMkthg=w1000-h800-no\"><br \/>\n<img decoding=\"async\" src=\"https:\/\/lh3.googleusercontent.com\/PG7E01EOBZN5iM2zH53iSRVyDJAzPUCflSuORbeAQ2Rqnk1ndpVy7ZJg-2KhQ2QFdlhTd3qywShZbz7X30v5nrkGZrLYK3qNNcWrRgjJadP5ZR5ICbOsxY9-CUw35R2xcBtAPRY4HAP-KsvsQdviiBYfQVZCpFqLPXE63D-x8_jjFxoF5-4Ba1JO0NaY2RWbGy8NPZR3iVWffflRMXkobDJlXLt9GcTnkEHQGG9Xwyz6FdlE5QTz1ai7dmfI2n4yWMKv62cSJMde56pUncscCOvoCto2peH60_zutbmrKuHWEmLN5e-dsniCblxfThFCNqlz_ruJ3cBLOkeIgQ8oymcbykZi3RnGOMsdWplB7-DIlfgGwVpkMEFX4NHX2t1_xzDtUsBZCoZTykgAxKDBhg7c5A5Oj6fXcId_xocuepeHj7l1-CFEG3QAuGou0oVWR4PLt99lptgKxFyzsSIjbO9vmx8ivQyZXJBL7z9p7AaJ6fHC4oCYoUGYtqkTFyljT9P1sULTKiwbGwyQKmyd4q-nUfUcMfd70JXrzHTMz8CO-Mcq6_Jjoaak2Zk1cHmo-8RX6y64r47CuWo3HoTAd05RIsEEjQgxWmkqwBrAgkEYgpBKaloESzDpXLtuh4rB3U7D0zIgYTzWNSh0eRXKAgLTv9G0TJpOAFn-P_ksndaHiLoq-6PKKDuMYLxsvXxkr_5YlqaNOfQsBbzYLifsmRlk5zBKRt3oXuXPRxX4XAxYgzDWXT68EcQ=w1000-h800-no\"><br \/>\n<img decoding=\"async\" src=\"https:\/\/lh3.googleusercontent.com\/C-tHVIwDMyoNHUWmhW-AMvyCUmbajqlHeFNaeCA2UFoaqzSR2wYreDM7gBP92HIJ9Eg9DcDmqZgAyGSc9XgBey3FHNzgeMsmXOWR76nxnivWX3DxiJVhaLY9QeQkEXZSZ5dXxc_oyvB53IfjriRm7UONQhkRyuYHSqedMzrD7sJKFCSM5ewPQJG3r8aUq0ciKJoagRalAycE3dNoCODH5xTf26pTO2qtLhSh9p3chjdXY-Ysnn6R79Xp5sbBrhxjv3p6impXVLZohriNaeR_uYdIZ0c42gnUeQkYlIYUqhb_F7nbelgNVX_8Lyg448-eGSEr0_NTtgZYG5xjcKWzxBbECSDSiYyHbhWzeNRz1E47afI7xU-iLwV3SOVf-ODiCVSat3GsjYDxY6VFzHTadohjahtig7ZwBpaeMhJhJuCFBcG_Dx7KR00KNoyd-kGXvliS37sENEupjrDIV69tbTsTQeEcGHrnE1-jmTKAdD47LqL99dY0BGSSQxutdaQI8_-R1mKfSY5LNzexqiXUVOAlpwA6ErZ4B4RkYa8GV4BpbsZsqXj4kDbjlfKWf1zej7eRlx2q316UTCBjOTvAD1C5GIGEiK9l2Pval7B_JtD9fXW1qIYmQUiSD7Dcn-pG2PKff2TJuLCIonW8h2xU55GlbDwjShZtQE8kiajchbZhzhdlJN5EIWPeeLpA6zmzOPN5OZ292WzhOAT3vReFDQGPs77oxN2eb3ST0HsOyMRwOKXA0Cz4wg8=w1000-h800-no\"><br \/>\n<img decoding=\"async\" src=\"https:\/\/lh3.googleusercontent.com\/QL0-BIFo-GUzcffEHY_CgJ96vhJiV0C2SzmLDetlHDIaGnx2LBOkg4UcHtZxh0I14U58ZwLsBU3rD5Um6NTqXkgE9WGit8od06brYsEqKsRXmwd8IRv1wt0t7DN2pbBgrz2HbEmH5_ahFb63Wea9OCvj3AVht25uT-atZopvj7geIiNsua8GMRWxU8t0MukfteJiJhLHg43LtJSS9ZImLDNvXRCm6uAcG1JdeMuBwe4M3W98_cRULp8cGKQRRn7S7h32tAoOQh6xBV6aqr8Se354UyAoasIErLSDj24apYB9kkPlYFZEatnLBlz6E9ZjjehD6zJdPgRdiuFKPnEWmomYhqZHTKQwmsyDEtdZPzxT9nLMVkuC56njVP13L5b_TujXO-7KIHd2DSkhdMo7ofvv2qokbYM51m3AIloflMIZLymMu2qIaOvTQmBMKCL3SBBUelDNiHi1XoUpxZVMyclQncTGCwpaT8oQRD8wiK-tNQpd04Wq3kpmw9c3hYES3tBfGBpWTfrt4e1ePdrLdZb1Hh0z05szHhQ2HPyGXU6U9zItDAbyD_vjQ3vaRvpncmCwGrXSl-sHEjgK618C5_yWDX4-kI_oa-oVnb8G8zMqY3rVxNtlzqkp-gA6Xxue0NiM2jAPy8-XDajGzl49ExJ0kQUyNOVcy7jKtunQX73HqQCmgJusJpUEoUZDPUiIIXwapuP0oqcKxC6ObPU5iT66uC84siqY6xG3q3Rb3kW0K94Im3BG_NE=w1000-h800-no\">\n<\/div>\n<p><script type=\"text\/javascript\" src=\"https:\/\/cdn.jsdelivr.net\/npm\/jquery@3.4.1\/dist\/jquery.min.js\"><\/script><br \/>\n<script>\n  (MyGalleries=(typeof MyGalleries === 'undefined' ? [] : MyGalleries)).push({gallId:'#1C513',autoplay:true,lightbox:true,debug:false,popupLinks:true});\n  if(typeof GalleryLoaded === 'undefined'){\n    GalleryLoaded = jQuery(function(){\n      jQuery.ajax({url:'https:\/\/cdn.jsdelivr.net\/npm\/galleria@1.5.7\/dist\/galleria.min.js',dataType:'script',cache:true}).done(function(){\n        Galleria.loadTheme('https:\/\/cdn.jsdelivr.net\/npm\/galleria@1.5.7\/dist\/themes\/classic\/galleria.classic.js');\n        for(var n in MyGalleries){\n          Galleria.run(MyGalleries[n].gallId, MyGalleries[n]);\n          jQuery(MyGalleries[n].gallId).css('display','block');\n        }\n      });\n    });\n  }\n<\/script><\/p>\n","protected":false},"excerpt":{"rendered":"<p>Aquest m\u00f2dul est\u00e0 format per una \u00fanica a unitat formativa basada b\u00e0sicament en l\u2019elaboraci\u00f3 de diferents projectes i la seva posada en marxa en situaci\u00f3 real. Per tal d\u2019aconseguir els resultats d\u2019aprenentatge es duran a terme 4 projectes:<\/p>\n<ul>\n<li>Jornada Inter instituts del Pla de l\u2019Estany: adre\u00e7at&hellip;  <a href=\"https:\/\/agora.xtec.cat\/iesperealsius\/estudis\/cicles-formatius-2\/cfgs-ensenyament-i-animacio-socioesportiva\/mp14-projecte-densenyament-i-animacio-socioesportiva\/\" title=\"Read MP14 &#8211; Projecte d&#8217;Ensenyament i Animaci\u00f3 Socioesportiva\">Llegeix m\u00e9s\u00bb<\/a><br \/>\n","protected":false},"author":1,"featured_media":0,"parent":4406,"menu_order":0,"comment_status":"closed","ping_status":"closed","template":"page-templates\/side-menu.php","meta":{"_bbp_topic_count":0,"_bbp_reply_count":0,"_bbp_total_topic_count":0,"_bbp_total_reply_count":0,"_bbp_voice_count":0,"_bbp_anonymous_reply_count":0,"_bbp_topic_count_hidden":0,"_bbp_reply_count_hidden":0,"_bbp_forum_subforum_count":0,"footnotes":""},"class_list":["post-4820","page","type-page","status-publish","hentry"],"post_mailing_queue_ids":[],"_links":{"self":[{"href":"https:\/\/agora.xtec.cat\/iesperealsius\/wp-json\/wp\/v2\/pages\/4820","targetHints":{"allow":["GET"]}}],"collection":[{"href":"https:\/\/agora.xtec.cat\/iesperealsius\/wp-json\/wp\/v2\/pages"}],"about":[{"href":"https:\/\/agora.xtec.cat\/iesperealsius\/wp-json\/wp\/v2\/types\/page"}],"author":[{"embeddable":true,"href":"https:\/\/agora.xtec.cat\/iesperealsius\/wp-json\/wp\/v2\/users\/1"}],"replies":[{"embeddable":true,"href":"https:\/\/agora.xtec.cat\/iesperealsius\/wp-json\/wp\/v2\/comments?post=4820"}],"version-history":[{"count":2,"href":"https:\/\/agora.xtec.cat\/iesperealsius\/wp-json\/wp\/v2\/pages\/4820\/revisions"}],"predecessor-version":[{"id":5266,"href":"https:\/\/agora.xtec.cat\/iesperealsius\/wp-json\/wp\/v2\/pages\/4820\/revisions\/5266"}],"up":[{"embeddable":true,"href":"https:\/\/agora.xtec.cat\/iesperealsius\/wp-json\/wp\/v2\/pages\/4406"}],"wp:attachment":[{"href":"https:\/\/agora.xtec.cat\/iesperealsius\/wp-json\/wp\/v2\/media?parent=4820"}],"curies":[{"name":"wp","href":"https:\/\/api.w.org\/{rel}","templated":true}]}}