{"id":4811,"date":"2020-03-14T11:34:10","date_gmt":"2020-03-14T10:34:10","guid":{"rendered":"https:\/\/agora.xtec.cat\/iesperealsius\/?page_id=4811"},"modified":"2020-03-14T11:34:10","modified_gmt":"2020-03-14T10:34:10","slug":"mp10-activitats-fisicoesportives-per-a-la-inclusio-social","status":"publish","type":"page","link":"https:\/\/agora.xtec.cat\/iesperealsius\/estudis\/cicles-formatius-2\/cfgs-ensenyament-i-animacio-socioesportiva\/mp10-activitats-fisicoesportives-per-a-la-inclusio-social\/","title":{"rendered":"MP10 &#8211; Activitats Fisicoesportives per a la Inclusi\u00f3 Social"},"content":{"rendered":"<p>El m\u00f2dul est\u00e0 format per dos grans i diferenciades unitats formatives:<\/p>\n<ul>\n<li><strong>\u00a0<\/strong>La unitat formativa d\u2019Activitats f\u00edsiques per a la gent gran on el contingut es divideix, b\u00e0sicament, en tres grans blocs:\n<ul>\n<li>Gent gran<\/li>\n<li>El cos i l\u2019envelliment<\/li>\n<li>Activitats dirigides per a la gent gran.<\/li>\n<\/ul>\n<\/li>\n<\/ul>\n<p style=\"padding-left: 40px;\">Tots els conceptes claus s\u00f3n treballats primer, de manera te\u00f2rica i despr\u00e9s de manera pr\u00e0ctica o aplicada per acabar-los d\u2019assolir, ja que d\u2019aquesta manera l\u2019alumne\/a els pot experimentar\u00a0 en primera persona.<\/p>\n<p>&nbsp;<\/p>\n<ul>\n<li>La unitat formativa d\u2019Activitats f\u00edsiques adaptades i d\u2019inclusi\u00f3 el contingut es divideix, b\u00e0sicament, en tres grans blocs:\n<ul>\n<li>Discapacitat f\u00edsica<\/li>\n<li>Discapacitat sensorial (visual)<\/li>\n<li>Discapacitat ps\u00edquica.<\/li>\n<\/ul>\n<\/li>\n<\/ul>\n<p style=\"padding-left: 40px;\">Tots els conceptes claus s\u00f3n treballats primer, de manera te\u00f2rica i despr\u00e9s de manera pr\u00e0ctica. A m\u00e9s, aquesta unitat es veu enriquida per la pres\u00e8ncia de diferents tallers en els quals es treballa el contingut a tractar a trav\u00e9s de persones amb la discapacitat associada.<\/p>\n","protected":false},"excerpt":{"rendered":"<p>El m\u00f2dul est\u00e0 format per dos grans i diferenciades unitats formatives:<\/p>\n<ul>\n<li>\u00a0La unitat formativa d\u2019Activitats f\u00edsiques per a la gent gran on el contingut es divideix, b\u00e0sicament, en tres grans blocs:\n<ul>\n<li>Gent gran<\/li>\n<li>El cos i l\u2019envelliment<\/li>\n<li>Activitats dirigides per a la gent gran.<\/li>\n<\/ul>\n<\/li>\n<\/ul>\n<p>Tots els conceptes claus s\u00f3n treballats&hellip;  <a href=\"https:\/\/agora.xtec.cat\/iesperealsius\/estudis\/cicles-formatius-2\/cfgs-ensenyament-i-animacio-socioesportiva\/mp10-activitats-fisicoesportives-per-a-la-inclusio-social\/\" title=\"Read MP10 &#8211; Activitats Fisicoesportives per a la Inclusi\u00f3 Social\">Llegeix m\u00e9s\u00bb<\/a><\/p>\n","protected":false},"author":1,"featured_media":0,"parent":4406,"menu_order":0,"comment_status":"closed","ping_status":"closed","template":"page-templates\/side-menu.php","meta":{"_bbp_topic_count":0,"_bbp_reply_count":0,"_bbp_total_topic_count":0,"_bbp_total_reply_count":0,"_bbp_voice_count":0,"_bbp_anonymous_reply_count":0,"_bbp_topic_count_hidden":0,"_bbp_reply_count_hidden":0,"_bbp_forum_subforum_count":0,"footnotes":""},"class_list":["post-4811","page","type-page","status-publish","hentry"],"post_mailing_queue_ids":[],"_links":{"self":[{"href":"https:\/\/agora.xtec.cat\/iesperealsius\/wp-json\/wp\/v2\/pages\/4811","targetHints":{"allow":["GET"]}}],"collection":[{"href":"https:\/\/agora.xtec.cat\/iesperealsius\/wp-json\/wp\/v2\/pages"}],"about":[{"href":"https:\/\/agora.xtec.cat\/iesperealsius\/wp-json\/wp\/v2\/types\/page"}],"author":[{"embeddable":true,"href":"https:\/\/agora.xtec.cat\/iesperealsius\/wp-json\/wp\/v2\/users\/1"}],"replies":[{"embeddable":true,"href":"https:\/\/agora.xtec.cat\/iesperealsius\/wp-json\/wp\/v2\/comments?post=4811"}],"version-history":[{"count":1,"href":"https:\/\/agora.xtec.cat\/iesperealsius\/wp-json\/wp\/v2\/pages\/4811\/revisions"}],"predecessor-version":[{"id":4812,"href":"https:\/\/agora.xtec.cat\/iesperealsius\/wp-json\/wp\/v2\/pages\/4811\/revisions\/4812"}],"up":[{"embeddable":true,"href":"https:\/\/agora.xtec.cat\/iesperealsius\/wp-json\/wp\/v2\/pages\/4406"}],"wp:attachment":[{"href":"https:\/\/agora.xtec.cat\/iesperealsius\/wp-json\/wp\/v2\/media?parent=4811"}],"curies":[{"name":"wp","href":"https:\/\/api.w.org\/{rel}","templated":true}]}}