{"id":4809,"date":"2020-03-14T11:31:15","date_gmt":"2020-03-14T10:31:15","guid":{"rendered":"https:\/\/agora.xtec.cat\/iesperealsius\/?page_id=4809"},"modified":"2020-04-15T22:44:51","modified_gmt":"2020-04-15T20:44:51","slug":"mp09-jocs-i-activitats-fisicorecreatives-i-danimacio-turistica","status":"publish","type":"page","link":"https:\/\/agora.xtec.cat\/iesperealsius\/estudis\/cicles-formatius-2\/cfgs-ensenyament-i-animacio-socioesportiva\/mp09-jocs-i-activitats-fisicorecreatives-i-danimacio-turistica\/","title":{"rendered":"MP09 &#8211; Jocs i Activitats Fisicorecreatives i d&#8217;Animaci\u00f3 Tur\u00edstica"},"content":{"rendered":"<p>El m\u00f2dul de Jocs i Activitats F\u00edsica recreatives i d\u2019Animaci\u00f3 Tur\u00edstica consta de tres Unitats Formatives:<\/p>\n<ul>\n<li>Dinamitzaci\u00f3 de jocs i activitats f\u00edsicorecreatives<\/li>\n<li>Dinamitzaci\u00f3 d\u2019activitats culturals<\/li>\n<li>Dinamitzaci\u00f3 de vetllades i espectacles.<\/li>\n<\/ul>\n<p>En aquest m\u00f2dul es donaran les eines per poder dirigir i dinamitzar esdeveniments, jocs i activitats f\u00edsic-esportives i recreatives adaptant-nos a la diversitat d\u2019usuaris.<\/p>\n<p>L\u2019animaci\u00f3 ser\u00e0 l\u2019eix vertebrador de totes les activitats que es proposaran dins del m\u00f2dul.<\/p>\n<p>Es donar\u00e0 els m\u00e0xims recursos a l\u2019alumnat per fer front a la diversitat d\u2019interessos i motivacions dels usuaris.<\/p>\n<p>Es proposaran tallers de face-painting, globofl\u00e8xia, construcci\u00f3 de mascotes, manualitats, cocktail games, quiz culturals, preparaci\u00f3 de vetllades,\u2026<br \/>\nTot des d\u2019un punt de vista pr\u00e0ctic, on l\u2019alumne\/a tingui un paper molt important, per tal d\u2019adaptar-se a les situacions en qu\u00e8 es pot trobar en el seu lloc de treball.<\/p>\n<div id=\"16217\" style=\"width:100%;max-width:1000px;height:800px;display:none;\">\n<img decoding=\"async\" src=\"https:\/\/lh3.googleusercontent.com\/1y-hL-4-YIM_x3ueYZTY414FCiGK6_2lWnCWFkbq3FPkqGx0ZV8bi4bZaG7HJyimtJ6_Lq4aos8Tp7dUV3Kw_MbcuTedCvLaKqbYKP99ztWObdEtH52z-d7b1Y0x-J96qSK1wU3luuH-YBk6t7iKaPEygR0-Sg2Pi_cC2oK4OF4__4RostwOsO_LOlsc5v2JBtmd56nFrG2ncuB5aY2bp_ELbAGJCvLgqcxG3f2tPsiGZs77WTqN2OYoy2JlTBSEgLMBuCxvvPYKy0A1-fBmMuXaLWQ3CJ-5XZKwTC3oKtp1oZSloIdxAUzqZpQRsf8wgwdgV2_Zcysrdy1r-FlKEWWAjqhXvvAcEnr6z_UgfXv2hBTqN0fb1xXl2sIaGpOHDVm8eVAW7fReim5z5t0s-7h7zy3GrNZjJSr4QEkXnpo4rPoKBMIPhDLHuM2di2zy3VQbL62QiRwzEVqe04970KqXEh1ZHbMY-1nzOjGQnrGzauTgZxzhZsVWSgqQUchN3WLz9jktrFZnaRf9FPewE-GIu8rWo1lWEf0P1uqBu6tm1BqelTfbt1NhR_4aCcZ0IVgyXQZmECitY82hlGLzPRD0bBNIYeSV9efrkcTncp_cVH3rhYJFcAcMFO0HUVzu96R0KnLjdZivBKiQa954PnZGmRo_P-gASqYZRBkItHVymC3BmRZpJ7PASv4ZQgIDgjve8NLIvkIiomDPe17Q-uxatv9h-IYP2TzyLd1hRWAVB9XqBdMM9UA=w1000-h800-no\"><br \/>\n<img decoding=\"async\" src=\"https:\/\/lh3.googleusercontent.com\/EuOqNMVzBNVCFFq9ImqIX8ybrOlpKA5i0CxkwIRFXMbSA4jY2_wQJwo_bquRuunsWT_VD_hy9zVke3xLhw3wAxkhWP2pks7n1GGhCA7HfdB-z_bd7Ox55hHpspyeehiB-xUsTbb88ahmjbc6K_yjS4cDMTYWgGD6xTEvdzDlenJLt5DgrOWDhRAF4E3DsIchIXbhxbP27-uI7mOvGNUlXcvvhdyJjZ_iaxA4azTyDF6rppEpvCXe4IHsArK3QWcVC9P5w8fLy06wPLCqV0gwLtb5XEotCa9cvKOfnX-qvX2tpLgmyiunByuVRHMjz9XMp-HlzYHMLdBxwGaPt7kRuBEDnLF5EZAv-rfzz9vLVUjh_ULLOzlpbjUKEeUp2psJdBsgL_quV_MBhx7tqZZIhdzKMvYdciINqQCtBLN6uuo_wUjq_JMRRfUcHYzVN5eOuYMz8cnk0qtDI3Bh1MZaW5ZWeC6XUaON_YUHn0f30mPtDTbfAtBfsl_zF84QFwe0w2WSluKpFOJYCb8AUnMAk-NRuvUj7oIAiqOFHdKC7wCmzFS7SkXYKLzc6O7JqebvvBapeHFvNzbhPDxfoPRZWhcJRUcK1x3TZKkcX6gnQWhjaKzi1iX-PWFKzGFaB8qsTcuF64j9LpBQcNQaVQ4N2od-x8cAjwURcml6nCi4wqvzb_0vZ1cGDHnf7dOcrWNkZ1b9jfqCcPCpDgnr3uWgj5YuVjrq4AVB4knm_YSDYWn5Hafft_phsWY=w1000-h800-no\"><br \/>\n<img decoding=\"async\" src=\"https:\/\/lh3.googleusercontent.com\/i18piVWtConBbwJW7Z3_hNf9DQMJHqoDLvuf7BqI8EbFhxeypTWMwP2ujGjzsa0PjbUihRompLRvQtyWw1CMZR0GlAmcWQhSUewORfgyznCyfJAM4SymCITGXyftdpUKX7PG5Yl277zXLAND4ptg4kXV3f2XYmKY_KYYvOJIQCDB2wMuylsQY1HIDN2THs4s06hh-o8mfdhhENFKKc-lGscQRSJv1oh-uAKGSzPFDY_EwYAD5R-PpKjeqm94_QhKRjbgDqBKWJgJPZYrdDTgbQ3r7s0u7XpERq0AO13k6j7stKutA1PBvpR-dGIqVq84V8ZZWYVMxu78khDPdfjxqhgLaEVjBK4TXIRQpUQjVTJjUT-Jj1_baAbkyzu19VPWnc8rWIpH9Tp9E_VO_ni0NRMuwG6slm1J2xvkBQRQ5Xw_d-eJWZBJSguvx9ecrFJDmrPJF7Ke7c2AR3S3wnr0NVdLeh3aD2Lu6gJj9FFqcAAcmMG8DUbxmSuhzg5uFEbXvlnFrri7kopdr5QSeAIjiQdTPNhWCKBO18LRGCEPFqGhjpwNWHSUyTuTC5_byKQ5bCFAuKEZ0YGNZlfvrisG8Fu_njgMzYymHL4gds98ONiz1fM0VBin4xEDq8TXme_NYUB8_kK6K8bQtWJhLjGtDW_e_OQF5Uwx-IG0hdjejelqVym_FZLP4xDxxiQ3lU5n9jnXYtAbqAx1MsZPUUgpqg3yb-mexWhl2GUDvi8j13OiexnEf6Ozzcg=w1000-h800-no\"><br \/>\n<img decoding=\"async\" src=\"https:\/\/lh3.googleusercontent.com\/czFAVJ0EHADQTrheYJvimocWO7Xe0W0jvIxjZbwC5S0tfd3NYSPxtwRl2gnoJ2SULBH7QdYfbSvXGOqY62QgjHKNDARljH-Jf7yCd-T7tqRvqxt1heB7OLsrN_X2kaRiIZoHsaJ3dtLw7rSswyJMO4chlXbCpWQIoSEYOI6RKXtVnxYIJJmIqkMFSLjTWc5Ei8N9xmdmFwr2birE6pXpiU6PAzjVqlgI6fRwtlftMneduSqzhEGIt1U83M94---FpsvFKpIkuiyT9O9DLPq8ARRsDHxZK1k5V222FJ9MtvpIuFkHmj0DX825PhGODIq7DJywEuN6dx6sKOVCISuhWIge-GxhIvARgCs1-7htyiowKLYr3a4G6meKi3BU7TE4vzMUrMNJB24wfuX3bJBrT2uJAyOOtKS8DZLsjFsFhVNIds_01xqLA-hNSKbLeWS60T7zsq9Yb5VYG3-k_1wFpxBWmP9pk2wzEeL2QI45ARdZDzMW282lscSr2P91dP-aboqJlMXyDN5RIl_MWQO7Xn-FLHlLuBOEVIeSIckEPxN27jRu9IHik8XUmfWYD2RVsgitlJxSpQuDUKxc_sJNlL17OoJAth9N-9Qb3KCo5N4xyc8IhQxXV_TJa9qqIupRt99gSExYo-HwNixqyz-YM5MNA5yOiHjXlZC6gge0lbWXkGLd-b5GIm1Gas6zG9RJrnGKJbPbNTfD54PznrwdAmU1vQthf-QR7JLRGmZnt2PFKN5SsUvn_js=w1000-h800-no\"><br \/>\n<img decoding=\"async\" src=\"https:\/\/lh3.googleusercontent.com\/-7YFe6b4XUNgdJERBTi7cKhjhnDysy6QC_qHJcO69y-DCGUjHKwiru5-dd73pvdEI7H6IeslnkLTTt3eUsqrzSgZQ03aWzzqqoPRHOblcWu6ze_JS1xJBVyM3xuSlNJyGvO9zAErwCjn2u_XiKBLIl7pQoWhb2ghhUWRruCergMubo-6bckk4sOS8esS7WgbiBlnEvofTXDkI2mXSsS2h5YDlh-VcQY5F8Se1WeethoxBj33pWhKyM8wMlep1BUMae7RwUP0q-whr6fi4Q6M7bu0-bQb3DYqYgFgZGv1LfPafBAuZAAH90yCWWpwwRWMW_H8AEWMsmqjvy4MvvjEBSn0XTXO9DWCtfVFiznZB5Bm_yoQBzt9D7y3qyTc7seis-hNgJmpPSzm319vaXPVljJE284fAaXMUHaDCsRLcNpLMzvkQuoBvqzjt7appfXW6TBtRiBY-MdMwz658CPVVWgElsexmdjz70AT4W18dCuOXD4xgBtSieyD7eL5z7hbBJpwmGXyqwaci-16ZoQ3N44wDZXnxQK5PqpOvSWnVTUzikDhbhx9xvXq6RSH2Ewc3BwpUFSWzEki2SSFsextq_xY2e0Ggd4ZtUpw8YD7mPsNDpU6b4FZWO7Z5Gy5XSmbuwt-RnMQDlFeghIcicfRBentZLg8bjInlVZNTJtd0ixTHZdlfmDaYXR6ygteAPSMCQQhGtKLpuqmoMMB0aH5RQtbThw3pZqzqpKXvURqzmbPYCkgjKwKmTE=w1000-h800-no\"><br \/>\n<img decoding=\"async\" src=\"https:\/\/lh3.googleusercontent.com\/x4IHPLjKYdA6WWkFbJ7xKsT9hwyOrEEC86FPZxFYW__FTY2FM1UZ3Hd5VtPwkaseNYPu2wc2CEnIXPCev2FZydpRfOqVzM_TjY3ybtEoRMl7mQ4O_5285QSR9sBAN7pBS68MDOI4u9bbfhCyzdlBMhfmAScKtF9b9phgeawLoKhOcGmtjelS4BxyQWbKkJ4ldVWCArIXC04kzpuHn1iKGlExfFDgVT2polAGtk--06qaeAisOZ6HvQFzB8hjxffQjVRWePCNnYscXgEzflBLa58gsqDmC7FsVhZOwpOEhay8i2CzPTfkFYLHihSLveaU4lHrFLIz_LOCL1XEsD0R2lzvz-lZP3NPrEBYpkqdwscVT9PD6CUxR5HJ1wrCELxWtcXxoXXDi_KJgmtasQHMQ_RLTlf3MTpnPYt855Ufq2zr70OWzGEJgo_7MskhgFHxodcDMEcueNtqbXgtIKxfMeQEf8GQVSw7JLR7LD78zPzoRgoa8ESPSNog8X-ETz6zWHz1pmE_qqMHo72KMTKvd8ZhtgNGi21LeqeJWMbtPkFriNpnimMKgmCvVsdSIQLvu_UYUr1iS45-aOC_9VE-kGm31wedttWQYIYEfDSwoLvb5BgFfaMUUEvJv_B3vXb84J_Q3Jx3ujRtgzkv3kzAa1ggyekVtvR8iSlwxNFV6FEnd8cGh0dJFV2TUN5yslyWxfKfxfGL4VSk81uAt1bgAgMnP0TuBEY1syI9mz4ButPGzCFZCQUUv38=w1000-h800-no\"><br \/>\n<img decoding=\"async\" src=\"https:\/\/lh3.googleusercontent.com\/u9ChBeVaudm28QXnWFosUljTMP-SZdwVOIKDMfrYrzJrlJ8HJ-G0nJ6HnRHbc7FR05JP3dNTYTgkRmmeXp3MJehe-OddeY8w_cywEf7-woehRNCM9rhthNfmpmWyiT0VOG3BKppbT43l_mW27Nyb0a20F7aFKZ6XiW06LR449GtTH1sev7dWWe_EjeAz20QP-GHR2tQQ21Nfc4QXRaRPrbjd-VXhWdTO9DrVT5sSyEskEKCIuHvb5fcRRg0fXKiMCgW7HUTdj82P7fSl-wAiS4Httd_5Pl6fIRX37zEqPn5ZFn-XtXYmcGrYGH3xY2b5Awh462V2pvQrHwlBYKI_Ty4dm81Pg5A9Bfj5kc2moZXfg1yM8YEe6BgaEFTmk1mVYPv14_kmxP29x_7QkaFt4iLpc02MAbKAG_T6IVkwY40sGkJfwfNw9mRjzFsAPZO1Z8LrFoku-BgYSS4yva-kIMGD-5_63I3zkvEZOooMmZlbnzTiaCbcSm912x-prME6of7ORb0-ygYpURpAxwru12vGq9CYQAUYzqx2B5LrlcsCJDiL6oFskKS2-xiyWyW0bdKmcCHer5-_5ADqX4Wh5fDmBGIUkpV2khAF39BbnehVMXPJzW8Anx_UCAqPve1QxOFcAPDTPCBH3VAMTViWm8WOKKTfJroJGRzeMcXCqs-HLLmtaOgObJSpsMc-1otPuviDed1dBOWeS5mn-fajHCezYKHO1sv3bmm8I9PBY5excZzQY7IH-vM=w1000-h800-no\"><br \/>\n<img decoding=\"async\" src=\"https:\/\/lh3.googleusercontent.com\/c5Cnh7oAEB6peEMLGpfzNnZCWFdlNCn5cKOROH4ScAoluzUKmmtViiu5T64S-Pnjy4UEow9ZdYLqhJhiGXnLRJviHILAiYCY_QNoRy-Zn1ZXJeQ5vSqafDPmt6no6MUvwjNkk-hgSJwD9KZzKAlIlll2HeVRRzZ2h51Y7wa0LMxtJK_y-SU_JOjHlj0bbphlWedI-zbuCUdPAlM2P_9_brGfefr9p9Zy7ePT4XNN-0CVv7P8dU8qWuo1VKZFItq0LycpsxnvyjvLe82m8KyM5YfrsDyENzm9_l242KH2c0cG1VvcKHFhWv1SvJ2Lf65z48lHqu67zXUynW5SkzCYLz05HPRjG_rwKia_XdotjXGUSYGoNEJkGep1yO1aTBZF10eHMzXFxYq8riaJPmar5gZbHRIwR4058rPiZwyf8SZBIpIQIN0j6Emc8kTpjxkpTPWME8NG7UZWToCwQAbIPLAp5fjE35EwinH-Whqw_0X2BmR2it5WlWgqqWvgmdBsk_oxh4fpj705xdnKA_rei_TsOq5cIKEOZTqwOZK-ab2U0-7jjxye-ZgE0fOHcYTEtepSeYWNlSrOao_GvzDe6d7k3sS0_TyJqvEt4zxvd9GNdg7CNSSNgZ-tPegeDCc7l3851IQlNMsy9aJi9DhRCGiJ1r_1psWPuVqHZ7vr7Kt4Y9Fjyi6EyAmcwm3Oi65cxa0O0HD1VhtvaYlHLRiZYYNBhend2FPWgxmhtwCWZdvcwDNPXzoOk5o=w1000-h800-no\">\n<\/div>\n<p><script type=\"text\/javascript\" src=\"https:\/\/cdn.jsdelivr.net\/npm\/jquery@3.4.1\/dist\/jquery.min.js\"><\/script><br \/>\n<script>\n  (MyGalleries=(typeof MyGalleries === 'undefined' ? [] : MyGalleries)).push({gallId:'#16217',autoplay:true,lightbox:true,debug:false,popupLinks:true});\n  if(typeof GalleryLoaded === 'undefined'){\n    GalleryLoaded = jQuery(function(){\n      jQuery.ajax({url:'https:\/\/cdn.jsdelivr.net\/npm\/galleria@1.5.7\/dist\/galleria.min.js',dataType:'script',cache:true}).done(function(){\n        Galleria.loadTheme('https:\/\/cdn.jsdelivr.net\/npm\/galleria@1.5.7\/dist\/themes\/classic\/galleria.classic.js');\n        for(var n in MyGalleries){\n          Galleria.run(MyGalleries[n].gallId, MyGalleries[n]);\n          jQuery(MyGalleries[n].gallId).css('display','block');\n        }\n      });\n    });\n  }\n<\/script><\/p>\n","protected":false},"excerpt":{"rendered":"<p>El m\u00f2dul de Jocs i Activitats F\u00edsica recreatives i d\u2019Animaci\u00f3 Tur\u00edstica consta de tres Unitats Formatives:<\/p>\n<ul>\n<li>Dinamitzaci\u00f3 de jocs i activitats f\u00edsicorecreatives<\/li>\n<li>Dinamitzaci\u00f3 d\u2019activitats culturals<\/li>\n<li>Dinamitzaci\u00f3 de vetllades i espectacles.<\/li>\n<\/ul>\n<p>En aquest m\u00f2dul es donaran les eines per poder dirigir i dinamitzar esdeveniments, jocs i activitats f\u00edsic-esportives i recreatives&hellip;  <a href=\"https:\/\/agora.xtec.cat\/iesperealsius\/estudis\/cicles-formatius-2\/cfgs-ensenyament-i-animacio-socioesportiva\/mp09-jocs-i-activitats-fisicorecreatives-i-danimacio-turistica\/\" title=\"Read MP09 &#8211; Jocs i Activitats Fisicorecreatives i d&#8217;Animaci\u00f3 Tur\u00edstica\">Llegeix m\u00e9s\u00bb<\/a><\/p>\n","protected":false},"author":1,"featured_media":0,"parent":4406,"menu_order":0,"comment_status":"closed","ping_status":"closed","template":"page-templates\/side-menu.php","meta":{"_bbp_topic_count":0,"_bbp_reply_count":0,"_bbp_total_topic_count":0,"_bbp_total_reply_count":0,"_bbp_voice_count":0,"_bbp_anonymous_reply_count":0,"_bbp_topic_count_hidden":0,"_bbp_reply_count_hidden":0,"_bbp_forum_subforum_count":0,"footnotes":""},"class_list":["post-4809","page","type-page","status-publish","hentry"],"post_mailing_queue_ids":[],"_links":{"self":[{"href":"https:\/\/agora.xtec.cat\/iesperealsius\/wp-json\/wp\/v2\/pages\/4809","targetHints":{"allow":["GET"]}}],"collection":[{"href":"https:\/\/agora.xtec.cat\/iesperealsius\/wp-json\/wp\/v2\/pages"}],"about":[{"href":"https:\/\/agora.xtec.cat\/iesperealsius\/wp-json\/wp\/v2\/types\/page"}],"author":[{"embeddable":true,"href":"https:\/\/agora.xtec.cat\/iesperealsius\/wp-json\/wp\/v2\/users\/1"}],"replies":[{"embeddable":true,"href":"https:\/\/agora.xtec.cat\/iesperealsius\/wp-json\/wp\/v2\/comments?post=4809"}],"version-history":[{"count":2,"href":"https:\/\/agora.xtec.cat\/iesperealsius\/wp-json\/wp\/v2\/pages\/4809\/revisions"}],"predecessor-version":[{"id":5265,"href":"https:\/\/agora.xtec.cat\/iesperealsius\/wp-json\/wp\/v2\/pages\/4809\/revisions\/5265"}],"up":[{"embeddable":true,"href":"https:\/\/agora.xtec.cat\/iesperealsius\/wp-json\/wp\/v2\/pages\/4406"}],"wp:attachment":[{"href":"https:\/\/agora.xtec.cat\/iesperealsius\/wp-json\/wp\/v2\/media?parent=4809"}],"curies":[{"name":"wp","href":"https:\/\/api.w.org\/{rel}","templated":true}]}}