{"id":4807,"date":"2020-03-14T11:29:36","date_gmt":"2020-03-14T10:29:36","guid":{"rendered":"https:\/\/agora.xtec.cat\/iesperealsius\/?page_id=4807"},"modified":"2024-05-18T13:02:29","modified_gmt":"2024-05-18T11:02:29","slug":"mp08-activitats-fisicoesportives-dequip","status":"publish","type":"page","link":"https:\/\/agora.xtec.cat\/iesperealsius\/estudis\/cicles-formatius-2\/cfgs-ensenyament-i-animacio-socioesportiva\/mp08-activitats-fisicoesportives-dequip\/","title":{"rendered":"MP08 &#8211; Activitats Fisicoesportives d&#8217;Equip"},"content":{"rendered":"<p>En el M\u00f2dul d\u2019Activitats Fisicoesportives d\u00b4Equip s&#8217;hi treballa a trav\u00e9s dels diferents resultats d&#8217;aprenentatge (RA) la metodologia de les activitats f\u00edsiques d\u00b4equip i la dinamitzaci\u00f3 d\u00b4activitats fisicoesportives d\u00b4equip.<\/p>\n<ul>\n<li>A la primera part del MP es treballaran els RA per tal de dotar als alumnes de les bases generals de la metodologia d\u2019aprenentatge en els esports d\u2019equip, aix\u00ed com el seu an\u00e0lisi estructural i funcional. Els resultats d\u2019aprenentatge s\u2019assoliran des del punt de vista te\u00f2ric i pr\u00e0ctic.<\/li>\n<li>A la segona part del MP coneixerem les possibilitats de les activitats f\u00edsic-esportives d\u2019equip, sempre dins de l\u2019\u00e0mbit recreatiu. S\u2019analitzaran \u00a0esports com voleibol, volei-platja, futbol, handbol, b\u00e0squet, korfbal, rugby, tic-toc, futbolgolf, \u2026<\/li>\n<\/ul>\n<p>Es veuran les diferents possibilitats que ens ofereixen en l\u2019animaci\u00f3 i recreaci\u00f3, al mateix temps que els alumnes dissenyaran i dinamitzaran sessions l\u00fadic-recreatives.<\/p>\n<p>En la darrera sessi\u00f3 de curs es realitzar\u00e0 una sortida l\u00fadic-recreativa a on els alumnes podran practicar diferents esports d\u2019equip que per instal\u00b7lacions no es poden fer a l\u2019institut: futgolf, futbol platja, handbol platja, voleibol platja.<\/p>\n<p>&nbsp;<\/p>\n<p><iframe loading=\"lazy\" src=\"https:\/\/drive.google.com\/file\/d\/1vtXTHMFsdQDWN6_TtUTUAFnEcbrHDTr0\/preview\" width=\"1000\" height=\"700\" allowfullscreen=\"allowfullscreen\"><\/iframe><\/p>\n","protected":false},"excerpt":{"rendered":"<p>En el M\u00f2dul d\u2019Activitats Fisicoesportives d\u00b4Equip s&#8217;hi treballa a trav\u00e9s dels diferents resultats d&#8217;aprenentatge (RA) la metodologia de les activitats f\u00edsiques d\u00b4equip i la dinamitzaci\u00f3 d\u00b4activitats fisicoesportives d\u00b4equip.<\/p>\n<ul>\n<li>A la primera part del MP es treballaran els RA per tal de dotar als alumnes de les&hellip;  <a href=\"https:\/\/agora.xtec.cat\/iesperealsius\/estudis\/cicles-formatius-2\/cfgs-ensenyament-i-animacio-socioesportiva\/mp08-activitats-fisicoesportives-dequip\/\" title=\"Read MP08 &#8211; Activitats Fisicoesportives d&#8217;Equip\">Llegeix m\u00e9s\u00bb<\/a><br \/>\n","protected":false},"author":1,"featured_media":0,"parent":4406,"menu_order":0,"comment_status":"closed","ping_status":"closed","template":"page-templates\/side-menu.php","meta":{"_bbp_topic_count":0,"_bbp_reply_count":0,"_bbp_total_topic_count":0,"_bbp_total_reply_count":0,"_bbp_voice_count":0,"_bbp_anonymous_reply_count":0,"_bbp_topic_count_hidden":0,"_bbp_reply_count_hidden":0,"_bbp_forum_subforum_count":0,"footnotes":""},"class_list":["post-4807","page","type-page","status-publish","hentry"],"post_mailing_queue_ids":[],"_links":{"self":[{"href":"https:\/\/agora.xtec.cat\/iesperealsius\/wp-json\/wp\/v2\/pages\/4807","targetHints":{"allow":["GET"]}}],"collection":[{"href":"https:\/\/agora.xtec.cat\/iesperealsius\/wp-json\/wp\/v2\/pages"}],"about":[{"href":"https:\/\/agora.xtec.cat\/iesperealsius\/wp-json\/wp\/v2\/types\/page"}],"author":[{"embeddable":true,"href":"https:\/\/agora.xtec.cat\/iesperealsius\/wp-json\/wp\/v2\/users\/1"}],"replies":[{"embeddable":true,"href":"https:\/\/agora.xtec.cat\/iesperealsius\/wp-json\/wp\/v2\/comments?post=4807"}],"version-history":[{"count":4,"href":"https:\/\/agora.xtec.cat\/iesperealsius\/wp-json\/wp\/v2\/pages\/4807\/revisions"}],"predecessor-version":[{"id":11064,"href":"https:\/\/agora.xtec.cat\/iesperealsius\/wp-json\/wp\/v2\/pages\/4807\/revisions\/11064"}],"up":[{"embeddable":true,"href":"https:\/\/agora.xtec.cat\/iesperealsius\/wp-json\/wp\/v2\/pages\/4406"}],"wp:attachment":[{"href":"https:\/\/agora.xtec.cat\/iesperealsius\/wp-json\/wp\/v2\/media?parent=4807"}],"curies":[{"name":"wp","href":"https:\/\/api.w.org\/{rel}","templated":true}]}}