{"id":4800,"date":"2020-03-14T11:23:49","date_gmt":"2020-03-14T10:23:49","guid":{"rendered":"https:\/\/agora.xtec.cat\/iesperealsius\/?page_id=4800"},"modified":"2020-03-14T11:23:49","modified_gmt":"2020-03-14T10:23:49","slug":"mp05-activitats-fisicoesportives-individuals","status":"publish","type":"page","link":"https:\/\/agora.xtec.cat\/iesperealsius\/estudis\/cicles-formatius-2\/cfgs-ensenyament-i-animacio-socioesportiva\/mp05-activitats-fisicoesportives-individuals\/","title":{"rendered":"MP05 &#8211; Activitats Fisicoesportives Individuals"},"content":{"rendered":"<p>Aquest m\u00f2dul consta de 3 Unitats Formatives:<\/p>\n<ul>\n<li><strong>UF 1: Metodologia de les activitats f\u00edsiques individuals: <\/strong>a on es treballa la metodologia a utilitzar en els diferents esports i activitats terrestres i aqu\u00e0tiques\u00a0 de les unitats formatives 2 i 3.<\/li>\n<li><strong>UF 2: Dinamitzaci\u00f3 d\u2019activitats f\u00edsic-esportives en el medi terrestre: <\/strong>En aquesta unitat formativa es treballen els esports terrestres de l\u2019atletisme i la gimn\u00e0stica esportiva. Es treballa a nivell te\u00f2ric i pr\u00e0ctic aix\u00ed com la seva aplicaci\u00f3 metodol\u00f2gica.<\/li>\n<li><strong>UF3: Dinamitzaci\u00f3 d\u2019activitats fisicoesportives en el medi aqu\u00e0tic:<\/strong> En aquesta unitat formativa es treballen tres grans blocs:\n<ul>\n<li>Aprendre a nedar: domini elemental b\u00e0sic: familiaritzaci\u00f3, respiraci\u00f3, flotaci\u00f3 i propulsi\u00f3.<\/li>\n<li>Domini del medi aqu\u00e0tic: a trav\u00e9s de les habilitats motrius b\u00e0siques: despla\u00e7aments, salts, girs i maneig i control d\u2019objectes.<\/li>\n<li>Iniciaci\u00f3 esportiva: a trav\u00e9s de les habilitats motrius espec\u00edfiques: nataci\u00f3 esportiva (crol, esquena i bra\u00e7a) i waterpolo.<\/li>\n<\/ul>\n<\/li>\n<\/ul>\n<p>A m\u00e9s, tamb\u00e9 s\u2019introdueix el contingut del salvament aqu\u00e0tic sense material. Es treballa a nivell te\u00f2ric i pr\u00e0ctic aix\u00ed com la seva aplicaci\u00f3 metodol\u00f2gica.<\/p>\n<p>&nbsp;<\/p>\n<p>&nbsp;<\/p>\n","protected":false},"excerpt":{"rendered":"<p>Aquest m\u00f2dul consta de 3 Unitats Formatives:<\/p>\n<ul>\n<li>UF 1: Metodologia de les activitats f\u00edsiques individuals: a on es treballa la metodologia a utilitzar en els diferents esports i activitats terrestres i aqu\u00e0tiques\u00a0 de les unitats formatives 2 i 3.<\/li>\n<li>UF 2: Dinamitzaci\u00f3 d\u2019activitats f\u00edsic-esportives en el medi&hellip;  <a href=\"https:\/\/agora.xtec.cat\/iesperealsius\/estudis\/cicles-formatius-2\/cfgs-ensenyament-i-animacio-socioesportiva\/mp05-activitats-fisicoesportives-individuals\/\" title=\"Read MP05 &#8211; Activitats Fisicoesportives Individuals\">Llegeix m\u00e9s\u00bb<\/a><br \/>\n","protected":false},"author":1,"featured_media":0,"parent":4406,"menu_order":0,"comment_status":"closed","ping_status":"closed","template":"page-templates\/side-menu.php","meta":{"_bbp_topic_count":0,"_bbp_reply_count":0,"_bbp_total_topic_count":0,"_bbp_total_reply_count":0,"_bbp_voice_count":0,"_bbp_anonymous_reply_count":0,"_bbp_topic_count_hidden":0,"_bbp_reply_count_hidden":0,"_bbp_forum_subforum_count":0,"footnotes":""},"class_list":["post-4800","page","type-page","status-publish","hentry"],"post_mailing_queue_ids":[],"_links":{"self":[{"href":"https:\/\/agora.xtec.cat\/iesperealsius\/wp-json\/wp\/v2\/pages\/4800","targetHints":{"allow":["GET"]}}],"collection":[{"href":"https:\/\/agora.xtec.cat\/iesperealsius\/wp-json\/wp\/v2\/pages"}],"about":[{"href":"https:\/\/agora.xtec.cat\/iesperealsius\/wp-json\/wp\/v2\/types\/page"}],"author":[{"embeddable":true,"href":"https:\/\/agora.xtec.cat\/iesperealsius\/wp-json\/wp\/v2\/users\/1"}],"replies":[{"embeddable":true,"href":"https:\/\/agora.xtec.cat\/iesperealsius\/wp-json\/wp\/v2\/comments?post=4800"}],"version-history":[{"count":1,"href":"https:\/\/agora.xtec.cat\/iesperealsius\/wp-json\/wp\/v2\/pages\/4800\/revisions"}],"predecessor-version":[{"id":4802,"href":"https:\/\/agora.xtec.cat\/iesperealsius\/wp-json\/wp\/v2\/pages\/4800\/revisions\/4802"}],"up":[{"embeddable":true,"href":"https:\/\/agora.xtec.cat\/iesperealsius\/wp-json\/wp\/v2\/pages\/4406"}],"wp:attachment":[{"href":"https:\/\/agora.xtec.cat\/iesperealsius\/wp-json\/wp\/v2\/media?parent=4800"}],"curies":[{"name":"wp","href":"https:\/\/api.w.org\/{rel}","templated":true}]}}