{"id":4796,"date":"2020-03-14T11:19:35","date_gmt":"2020-03-14T10:19:35","guid":{"rendered":"https:\/\/agora.xtec.cat\/iesperealsius\/?page_id=4796"},"modified":"2020-03-14T11:19:35","modified_gmt":"2020-03-14T10:19:35","slug":"mp03-planificacio-de-lanimacio-socioesportiva","status":"publish","type":"page","link":"https:\/\/agora.xtec.cat\/iesperealsius\/estudis\/cicles-formatius-2\/cfgs-ensenyament-i-animacio-socioesportiva\/mp03-planificacio-de-lanimacio-socioesportiva\/","title":{"rendered":"MP03 &#8211; Planificaci\u00f3 de l&#8217;Animaci\u00f3 Socioesportiva"},"content":{"rendered":"<p>El m\u00f2dul de Planificaci\u00f3 de l&#8217;animaci\u00f3 esportiva \u00e9s un m\u00f2dul d&#8217;una \u00fanica unitat formativa que porta el mateix nom. Tot i ser un m\u00f2dul te\u00f2ric, l\u2019aplicaci\u00f3 pr\u00e0ctica hi \u00e9s present des del 1er dia de classe.<br \/>\nEn aquest m\u00f2dul els alumnes elaboren un projecte d&#8217;animaci\u00f3 socioesportiva que ells trien en funci\u00f3 de l&#8217;an\u00e0lisi de l&#8217;entorn que han realitzat anteriorment. La planificaci\u00f3 d&#8217;aquest projecte passa per totes les seves fases (an\u00e0lisi de l&#8217;entorn, identificaci\u00f3, justificaci\u00f3, objectius, metodologia, planificaci\u00f3 de les activitats, recursos, promoci\u00f3, gesti\u00f3 i avaluaci\u00f3) i ha de ser el m\u00e9s real possible.<br \/>\nPer finalitzar, expliquen i defensen el seu projecte davant de tota la classe.<\/p>\n","protected":false},"excerpt":{"rendered":"<p>El m\u00f2dul de Planificaci\u00f3 de l&#8217;animaci\u00f3 esportiva \u00e9s un m\u00f2dul d&#8217;una \u00fanica unitat formativa que porta el mateix nom. Tot i ser un m\u00f2dul te\u00f2ric, l\u2019aplicaci\u00f3 pr\u00e0ctica hi \u00e9s present des del 1er dia de classe.<br \/>\nEn aquest m\u00f2dul els alumnes elaboren un projecte d&#8217;animaci\u00f3 socioesportiva&hellip;  <a href=\"https:\/\/agora.xtec.cat\/iesperealsius\/estudis\/cicles-formatius-2\/cfgs-ensenyament-i-animacio-socioesportiva\/mp03-planificacio-de-lanimacio-socioesportiva\/\" title=\"Read MP03 &#8211; Planificaci\u00f3 de l&#8217;Animaci\u00f3 Socioesportiva\">Llegeix m\u00e9s\u00bb<\/a><\/p>\n","protected":false},"author":1,"featured_media":0,"parent":4406,"menu_order":0,"comment_status":"closed","ping_status":"closed","template":"page-templates\/side-menu.php","meta":{"_bbp_topic_count":0,"_bbp_reply_count":0,"_bbp_total_topic_count":0,"_bbp_total_reply_count":0,"_bbp_voice_count":0,"_bbp_anonymous_reply_count":0,"_bbp_topic_count_hidden":0,"_bbp_reply_count_hidden":0,"_bbp_forum_subforum_count":0,"footnotes":""},"class_list":["post-4796","page","type-page","status-publish","hentry"],"post_mailing_queue_ids":[],"_links":{"self":[{"href":"https:\/\/agora.xtec.cat\/iesperealsius\/wp-json\/wp\/v2\/pages\/4796","targetHints":{"allow":["GET"]}}],"collection":[{"href":"https:\/\/agora.xtec.cat\/iesperealsius\/wp-json\/wp\/v2\/pages"}],"about":[{"href":"https:\/\/agora.xtec.cat\/iesperealsius\/wp-json\/wp\/v2\/types\/page"}],"author":[{"embeddable":true,"href":"https:\/\/agora.xtec.cat\/iesperealsius\/wp-json\/wp\/v2\/users\/1"}],"replies":[{"embeddable":true,"href":"https:\/\/agora.xtec.cat\/iesperealsius\/wp-json\/wp\/v2\/comments?post=4796"}],"version-history":[{"count":1,"href":"https:\/\/agora.xtec.cat\/iesperealsius\/wp-json\/wp\/v2\/pages\/4796\/revisions"}],"predecessor-version":[{"id":4797,"href":"https:\/\/agora.xtec.cat\/iesperealsius\/wp-json\/wp\/v2\/pages\/4796\/revisions\/4797"}],"up":[{"embeddable":true,"href":"https:\/\/agora.xtec.cat\/iesperealsius\/wp-json\/wp\/v2\/pages\/4406"}],"wp:attachment":[{"href":"https:\/\/agora.xtec.cat\/iesperealsius\/wp-json\/wp\/v2\/media?parent=4796"}],"curies":[{"name":"wp","href":"https:\/\/api.w.org\/{rel}","templated":true}]}}