{"id":4793,"date":"2020-03-14T11:17:27","date_gmt":"2020-03-14T10:17:27","guid":{"rendered":"https:\/\/agora.xtec.cat\/iesperealsius\/?page_id=4793"},"modified":"2020-03-14T11:17:53","modified_gmt":"2020-03-14T10:17:53","slug":"mp02-dinamitzacio-de-grups","status":"publish","type":"page","link":"https:\/\/agora.xtec.cat\/iesperealsius\/estudis\/cicles-formatius-2\/cfgs-ensenyament-i-animacio-socioesportiva\/mp02-dinamitzacio-de-grups\/","title":{"rendered":"MP02 &#8211; Dinamitzaci\u00f3 de grups"},"content":{"rendered":"<p>Aquest m\u00f2dul consta de 2 unitats formatives: el grup i la seva dinamitzaci\u00f3 i el grup de treball.<\/p>\n<ul>\n<li>A la primera unitat formativa s\u2019apr\u00e8n el concepte de grup, les fases d\u2019un grup i la import\u00e0ncia d\u2019establir uns objectius comuns. A m\u00e9s, tamb\u00e9 es treballa el concepte de rols, de lideratge, la comunicaci\u00f3 i les actituds i el canvi d\u2019actituds.<br \/>\nDe manera pr\u00e0ctica es treballen 9 din\u00e0miques de grup al llarg de tot el curs: presentaci\u00f3, col\u2022laboraci\u00f3, relaci\u00f3, col\u2022laboraci\u00f3 i relaci\u00f3, opini\u00f3, resoluci\u00f3 de conflictes, creativitat, concentraci\u00f3 i autoestima.<\/li>\n<\/ul>\n<ul>\n<li>A la segona unitat formativa es realitzar\u00e0 un projecte a on els alumnes hauran de treballar plegats per tal d\u2019assolir el repte inicial que se\u2019ls plantejar\u00e0, tot adaptant-lo a les caracter\u00edstiques del cicle, animaci\u00f3 i recreaci\u00f3.<\/li>\n<\/ul>\n","protected":false},"excerpt":{"rendered":"<p>Aquest m\u00f2dul consta de 2 unitats formatives: el grup i la seva dinamitzaci\u00f3 i el grup de treball.<\/p>\n<ul>\n<li>A la primera unitat formativa s\u2019apr\u00e8n el concepte de grup, les fases d\u2019un grup i la import\u00e0ncia d\u2019establir uns objectius comuns. A m\u00e9s, tamb\u00e9 es treballa el concepte&hellip;  <a href=\"https:\/\/agora.xtec.cat\/iesperealsius\/estudis\/cicles-formatius-2\/cfgs-ensenyament-i-animacio-socioesportiva\/mp02-dinamitzacio-de-grups\/\" title=\"Read MP02 &#8211; Dinamitzaci\u00f3 de grups\">Llegeix m\u00e9s\u00bb<\/a><br \/>\n","protected":false},"author":1,"featured_media":0,"parent":4406,"menu_order":0,"comment_status":"closed","ping_status":"closed","template":"page-templates\/side-menu.php","meta":{"_bbp_topic_count":0,"_bbp_reply_count":0,"_bbp_total_topic_count":0,"_bbp_total_reply_count":0,"_bbp_voice_count":0,"_bbp_anonymous_reply_count":0,"_bbp_topic_count_hidden":0,"_bbp_reply_count_hidden":0,"_bbp_forum_subforum_count":0,"footnotes":""},"class_list":["post-4793","page","type-page","status-publish","hentry"],"post_mailing_queue_ids":[],"_links":{"self":[{"href":"https:\/\/agora.xtec.cat\/iesperealsius\/wp-json\/wp\/v2\/pages\/4793","targetHints":{"allow":["GET"]}}],"collection":[{"href":"https:\/\/agora.xtec.cat\/iesperealsius\/wp-json\/wp\/v2\/pages"}],"about":[{"href":"https:\/\/agora.xtec.cat\/iesperealsius\/wp-json\/wp\/v2\/types\/page"}],"author":[{"embeddable":true,"href":"https:\/\/agora.xtec.cat\/iesperealsius\/wp-json\/wp\/v2\/users\/1"}],"replies":[{"embeddable":true,"href":"https:\/\/agora.xtec.cat\/iesperealsius\/wp-json\/wp\/v2\/comments?post=4793"}],"version-history":[{"count":2,"href":"https:\/\/agora.xtec.cat\/iesperealsius\/wp-json\/wp\/v2\/pages\/4793\/revisions"}],"predecessor-version":[{"id":4795,"href":"https:\/\/agora.xtec.cat\/iesperealsius\/wp-json\/wp\/v2\/pages\/4793\/revisions\/4795"}],"up":[{"embeddable":true,"href":"https:\/\/agora.xtec.cat\/iesperealsius\/wp-json\/wp\/v2\/pages\/4406"}],"wp:attachment":[{"href":"https:\/\/agora.xtec.cat\/iesperealsius\/wp-json\/wp\/v2\/media?parent=4793"}],"curies":[{"name":"wp","href":"https:\/\/api.w.org\/{rel}","templated":true}]}}