{"id":2732,"date":"2019-02-22T18:00:14","date_gmt":"2019-02-22T17:00:14","guid":{"rendered":"http:\/\/agora.xtec.cat\/iesperealsius\/?page_id=2732"},"modified":"2020-10-13T14:01:20","modified_gmt":"2020-10-13T12:01:20","slug":"ensenyaments-esportius","status":"publish","type":"page","link":"https:\/\/agora.xtec.cat\/iesperealsius\/ensenyaments-esportius\/","title":{"rendered":"Ensenyaments Esportius"},"content":{"rendered":"<div class=\"row\">\n<div class=\"containerEE2\"><a href=\"https:\/\/agora.xtec.cat\/iesperealsius\/estudis\/ensenyaments-esportius\/futbol\/\"><br \/>\n<img decoding=\"async\" class=\"imageEE alignleft\" style=\"width: 100%;\" src=\"https:\/\/agora.xtec.cat\/iesperealsius\/wp-content\/uploads\/usu45\/2019\/02\/EE3.jpg\" alt=\"Futbol\" \/><\/p>\n<div class=\"middleEE\">\n<div class=\"textEE\">Futbol<\/div>\n<p><\/a>\n<\/div>\n<p>&nbsp;<\/p>\n<\/div>\n<div class=\"containerEE2\"><a href=\"https:\/\/agora.xtec.cat\/iesperealsius\/estudis\/ensenyaments-esportius\/salvament-i-socorrisme\/\"><br \/>\n<img decoding=\"async\" class=\"imageEE aligncenter\" style=\"width: 100%;\" src=\"https:\/\/agora.xtec.cat\/iesperealsius\/wp-content\/uploads\/usu45\/2019\/02\/EE4.jpg\" alt=\"Socorrisme\" \/><\/p>\n<div class=\"middleEE\">\n<div class=\"textEE\">Socorrisme<\/div>\n<p><\/a>\n<\/div>\n<p>&nbsp;<\/p>\n<\/div>\n<div class=\"containerEE2\"><a href=\"https:\/\/agora.xtec.cat\/iesperealsius\/estudis\/ensenyaments-esportius\/altres-especialitats\/\"><br \/>\n<img decoding=\"async\" class=\"imageEE alignright\" style=\"width: 100%;\" src=\"https:\/\/agora.xtec.cat\/iesperealsius\/wp-content\/uploads\/usu45\/2019\/02\/EE2.jpg\" alt=\"Altres ensenyaments\" \/><\/p>\n<div class=\"middleEE\">\n<div class=\"textEE\">Altres ensenyaments<\/div>\n<p><\/a>\n<\/div>\n<p>&nbsp;<\/p>\n<\/div>\n<\/div>\n<h1>Els cicles formatius d\u2019<strong>ensenyaments esportius<\/strong>\u00a0capaciten per exercir professionalment la mat\u00e8ria esportiva en la modalitat i especialitat cursada.<\/h1>\n<p>Els cicles formatius\u00a0d\u2019ensenyaments esportius ofereixen la possibilitat d\u2019obtenir les titulacions reglades (t\u00e8cnic esportiu o t\u00e8cnic esportiu superior) en diverses especialitats esportives, i capaciten per a la incorporaci\u00f3 al mercat laboral en les professions d\u2019entrenadors, directors, coordinadors esportius, etc.<\/p>\n<p><strong>A l\u2019Institut Pere Alsius de Banyoles<\/strong><\/p>\n<p>Els Ensenyaments esportius del nostre centre es realitzen en modalitat\u00a0<strong>compactada<\/strong>\u00a0(un cicle formatiu en un curs acad\u00e8mic) o\u00a0<strong>intensiva<\/strong>\u00a0(blocs comuns especialitats LOE \/per\u00edode transitori durant el per\u00edode d&#8217;estiu).<\/p>\n<p>A m\u00e9s, tots els nostres alumnes d\u2019ensenyaments esportius obtindran de forma paral\u00b7lela i gratuita el\u00a0Curs de SVB (<strong>Suport Vital B\u00e0sic<\/strong>) i\u00a0<strong>DEA<\/strong>\u00a0(Desfibril.lador Extern Autom\u00e0tic), certificats oficials del\u00a0Consell Catal\u00e0 de Ressuscitaci\u00f3 (CCR) i \u00a0del\u00a0Departament de Salut de la Generalitat de Catalunya.<\/p>\n<p>Per a realitzar les sessions\u00a0pr\u00e0ctiques (piscina, aig\u00fces obertes) el centre t\u00e9 convenis amb altres entitats esportives, com ara el Club Nataci\u00f3 Banyoles<\/p>\n<p>Podeu accedir a la consulta de l\u2019oferta p\u00fablica i con\u00e8ixer totes les possibilitats que el sistema educatiu p\u00fablic ofereix de totes les especialitats esportives que es realitzen al territori.<\/p>\n<p>El link \u00e9s:\u00a0<a href=\"http:\/\/smartclassroom.cat\/esports\/plataforma\/mainFiltreOferta.php\">http:\/\/smartclassroom.cat\/esports\/plataforma\/mainFiltreOferta.php<\/a><\/p>\n<p>&nbsp;<\/p>\n<p>I podeu\u00a0 veure tota la documentaci\u00f3 per l\u2019orientaci\u00f3 acad\u00e8mica i professional d&#8217;aquests estudis a:<\/p>\n<p><a href=\"http:\/\/xtec.gencat.cat\/ca\/curriculum\/professionals\/curriculum_ense_prof_esport\/curriculum_ense_prof_esport_orientacio_academica_professional\/\"><strong>http:\/\/xtec.gencat.cat\/ca\/curriculum\/professionals\/curriculum_ense_prof_esport\/curriculum_ense_prof_esport_orientacio_academica_professional\/<\/strong><\/a><\/p>\n","protected":false},"excerpt":{"rendered":"<p><a href=\"https:\/\/agora.xtec.cat\/iesperealsius\/estudis\/ensenyaments-esportius\/futbol\/\"><\/p>\n<p>Futbol<br \/>\n<\/a><\/p>\n<p>&nbsp;<\/p>\n<p><a href=\"https:\/\/agora.xtec.cat\/iesperealsius\/estudis\/ensenyaments-esportius\/salvament-i-socorrisme\/\"><\/p>\n<p>Socorrisme<br \/>\n<\/a><\/p>\n<p>&nbsp;<\/p>\n<p><a href=\"https:\/\/agora.xtec.cat\/iesperealsius\/estudis\/ensenyaments-esportius\/altres-especialitats\/\"><\/p>\n<p>Altres ensenyaments<br \/>\n<\/a><\/p>\n<p>&nbsp;<\/p>\n<p>Els cicles formatius d\u2019ensenyaments esportius\u00a0capaciten per exercir professionalment la mat\u00e8ria esportiva en la modalitat i especialitat cursada.<br \/>\nEls cicles formatius\u00a0d\u2019ensenyaments esportius ofereixen la possibilitat d\u2019obtenir les titulacions reglades (t\u00e8cnic esportiu o t\u00e8cnic esportiu superior) en diverses especialitats esportives, i capaciten per a&hellip;  <a href=\"https:\/\/agora.xtec.cat\/iesperealsius\/ensenyaments-esportius\/\" title=\"Read Ensenyaments Esportius\">Llegeix m\u00e9s\u00bb<\/a><\/p>\n","protected":false},"author":1,"featured_media":0,"parent":0,"menu_order":0,"comment_status":"closed","ping_status":"closed","template":"","meta":{"_bbp_topic_count":0,"_bbp_reply_count":0,"_bbp_total_topic_count":0,"_bbp_total_reply_count":0,"_bbp_voice_count":0,"_bbp_anonymous_reply_count":0,"_bbp_topic_count_hidden":0,"_bbp_reply_count_hidden":0,"_bbp_forum_subforum_count":0,"footnotes":""},"class_list":["post-2732","page","type-page","status-publish","hentry"],"post_mailing_queue_ids":[],"_links":{"self":[{"href":"https:\/\/agora.xtec.cat\/iesperealsius\/wp-json\/wp\/v2\/pages\/2732","targetHints":{"allow":["GET"]}}],"collection":[{"href":"https:\/\/agora.xtec.cat\/iesperealsius\/wp-json\/wp\/v2\/pages"}],"about":[{"href":"https:\/\/agora.xtec.cat\/iesperealsius\/wp-json\/wp\/v2\/types\/page"}],"author":[{"embeddable":true,"href":"https:\/\/agora.xtec.cat\/iesperealsius\/wp-json\/wp\/v2\/users\/1"}],"replies":[{"embeddable":true,"href":"https:\/\/agora.xtec.cat\/iesperealsius\/wp-json\/wp\/v2\/comments?post=2732"}],"version-history":[{"count":3,"href":"https:\/\/agora.xtec.cat\/iesperealsius\/wp-json\/wp\/v2\/pages\/2732\/revisions"}],"predecessor-version":[{"id":6368,"href":"https:\/\/agora.xtec.cat\/iesperealsius\/wp-json\/wp\/v2\/pages\/2732\/revisions\/6368"}],"wp:attachment":[{"href":"https:\/\/agora.xtec.cat\/iesperealsius\/wp-json\/wp\/v2\/media?parent=2732"}],"curies":[{"name":"wp","href":"https:\/\/api.w.org\/{rel}","templated":true}]}}