{"id":12254,"date":"2025-07-11T09:51:18","date_gmt":"2025-07-11T07:51:18","guid":{"rendered":"https:\/\/agora.xtec.cat\/iesperealsius\/?page_id=12254"},"modified":"2025-07-11T09:52:19","modified_gmt":"2025-07-11T07:52:19","slug":"tutoria-i-orientacio","status":"publish","type":"page","link":"https:\/\/agora.xtec.cat\/iesperealsius\/tutoria-i-orientacio\/","title":{"rendered":"Tutoria i orientaci\u00f3"},"content":{"rendered":"<p>Els m\u00f2duls de tutoria estan presents a cada curs i consten de 70 hores lectives (2 hores setmanals), a cadascun d\u2019ells.<\/p>\n<p>\u00c9s un espai on es transmeten les informacions importants de la setmana: les activitats pr\u00e0ctiques i col\u00b7laboracions, espais on es realitzaran, etc. Tamb\u00e9 es fan din\u00e0miques per fomentar la cohesi\u00f3 i les relacions amb el grup classe, es tracten diferents inquietuds que puguin sorgir i es treballa de manera assemble\u00e0ria.<\/p>\n<p>L\u2019orientaci\u00f3 personal professional \u00e9s un eix fonamental al llarg dels quatre cursos del cicle. Es treballen i potencien les compet\u00e8ncies de l\u2019alumnat de forma integral per la seva futura inserci\u00f3 laboral.<\/p>\n<p>Es fa un seguiment personalitzat, mantenint un contacte proper amb la fam\u00edlia i amb els agents externs implicats en el desenvolupament personal i social dels joves. D\u2019aquesta manera es vol aconseguir que a l\u2019alumne\/a se l\u2019acompanyi seguint una mateixa l\u00ednia de millora.<\/p>\n<p>&nbsp;<\/p>\n<p><a href=\"https:\/\/agora.xtec.cat\/iesperealsius\/wp-content\/uploads\/usu45\/2025\/07\/image13.png\"><img loading=\"lazy\" decoding=\"async\" class=\"alignnone size-medium wp-image-12258\" src=\"https:\/\/agora.xtec.cat\/iesperealsius\/wp-content\/uploads\/usu45\/2025\/07\/image13-300x300.png\" alt=\"\" width=\"300\" height=\"300\" srcset=\"https:\/\/agora.xtec.cat\/iesperealsius\/wp-content\/uploads\/usu45\/2025\/07\/image13-300x300.png 300w, https:\/\/agora.xtec.cat\/iesperealsius\/wp-content\/uploads\/usu45\/2025\/07\/image13-150x150.png 150w, https:\/\/agora.xtec.cat\/iesperealsius\/wp-content\/uploads\/usu45\/2025\/07\/image13.png 605w\" sizes=\"auto, (max-width: 300px) 100vw, 300px\" \/><\/a><\/p>\n","protected":false},"excerpt":{"rendered":"<p>Els m\u00f2duls de tutoria estan presents a cada curs i consten de 70 hores lectives (2 hores setmanals), a cadascun d\u2019ells.<br \/>\n\u00c9s un espai on es transmeten les informacions importants de la setmana: les activitats pr\u00e0ctiques i col\u00b7laboracions, espais on es realitzaran, etc. Tamb\u00e9 es fan&hellip;  <a href=\"https:\/\/agora.xtec.cat\/iesperealsius\/tutoria-i-orientacio\/\" title=\"Read Tutoria i orientaci\u00f3\">Llegeix m\u00e9s\u00bb<\/a><\/p>\n","protected":false},"author":7,"featured_media":0,"parent":0,"menu_order":0,"comment_status":"closed","ping_status":"closed","template":"","meta":{"_bbp_topic_count":0,"_bbp_reply_count":0,"_bbp_total_topic_count":0,"_bbp_total_reply_count":0,"_bbp_voice_count":0,"_bbp_anonymous_reply_count":0,"_bbp_topic_count_hidden":0,"_bbp_reply_count_hidden":0,"_bbp_forum_subforum_count":0,"footnotes":""},"class_list":["post-12254","page","type-page","status-publish","hentry"],"post_mailing_queue_ids":[],"_links":{"self":[{"href":"https:\/\/agora.xtec.cat\/iesperealsius\/wp-json\/wp\/v2\/pages\/12254","targetHints":{"allow":["GET"]}}],"collection":[{"href":"https:\/\/agora.xtec.cat\/iesperealsius\/wp-json\/wp\/v2\/pages"}],"about":[{"href":"https:\/\/agora.xtec.cat\/iesperealsius\/wp-json\/wp\/v2\/types\/page"}],"author":[{"embeddable":true,"href":"https:\/\/agora.xtec.cat\/iesperealsius\/wp-json\/wp\/v2\/users\/7"}],"replies":[{"embeddable":true,"href":"https:\/\/agora.xtec.cat\/iesperealsius\/wp-json\/wp\/v2\/comments?post=12254"}],"version-history":[{"count":2,"href":"https:\/\/agora.xtec.cat\/iesperealsius\/wp-json\/wp\/v2\/pages\/12254\/revisions"}],"predecessor-version":[{"id":12259,"href":"https:\/\/agora.xtec.cat\/iesperealsius\/wp-json\/wp\/v2\/pages\/12254\/revisions\/12259"}],"wp:attachment":[{"href":"https:\/\/agora.xtec.cat\/iesperealsius\/wp-json\/wp\/v2\/media?parent=12254"}],"curies":[{"name":"wp","href":"https:\/\/api.w.org\/{rel}","templated":true}]}}