{"id":12188,"date":"2025-07-11T08:40:38","date_gmt":"2025-07-11T06:40:38","guid":{"rendered":"https:\/\/agora.xtec.cat\/iesperealsius\/?page_id=12188"},"modified":"2025-07-11T08:40:38","modified_gmt":"2025-07-11T06:40:38","slug":"mp19-operacions-basiques-de-prevencio-en-installacions-esportives","status":"publish","type":"page","link":"https:\/\/agora.xtec.cat\/iesperealsius\/mp19-operacions-basiques-de-prevencio-en-installacions-esportives\/","title":{"rendered":"MP19 &#8211; Operacions b\u00e0siques de prevenci\u00f3 en instal\u00b7lacions esportives"},"content":{"rendered":"<p>El m\u00f2dul MP19 t\u00e9 un volum total de 245h hores lectives (7 hores setmanals).<\/p>\n<p>Ja en aquest segon cicle de l&#8217;IFE, es posa m\u00e9s \u00e8mfasi a treballar la planificaci\u00f3 i l&#8217;anticipaci\u00f3 tant en l&#8217;\u00e0mbit personal com professional. L&#8217;aprenentatge servei i els projectes, s\u00f3n una vegada m\u00e9s l&#8217;eix del treball amb l&#8217;alumnat. S&#8217;adapta i personalitza a cada alumne\/a les possibilitats de treball dins de cada m\u00f2dul, partint d&#8217;un aprenentatge significatiu, funcional i transferible, on es pugui veure l&#8217;aplicaci\u00f3 i evoluci\u00f3 personal dels sabers i habilitats.<\/p>\n<p>Els principals continguts de treball que es desenvolupen en el m\u00f2dul MP19 s\u00f3n:<\/p>\n<p>Comprovaci\u00f3 de seguretat passiva en espais esportius.<br \/>\nComprovaci\u00f3 de seguretat activa en espais esportius.<br \/>\nManteniment en els senyals de seguretat i informaci\u00f3.<br \/>\nRealitzaci\u00f3 de tasques d\u2019intervenci\u00f3 en conats d\u2019incendi.<br \/>\nTasques de suport en situacions d\u2019emerg\u00e8ncia en espais esportius.<br \/>\nTasques de suport en situacions d\u2019accidents.<\/p>\n","protected":false},"excerpt":{"rendered":"<p>El m\u00f2dul MP19 t\u00e9 un volum total de 245h hores lectives (7 hores setmanals).<br \/>\nJa en aquest segon cicle de l&#8217;IFE, es posa m\u00e9s \u00e8mfasi a treballar la planificaci\u00f3 i l&#8217;anticipaci\u00f3 tant en l&#8217;\u00e0mbit personal com professional. L&#8217;aprenentatge servei i els projectes, s\u00f3n una vegada m\u00e9s&hellip;  <a href=\"https:\/\/agora.xtec.cat\/iesperealsius\/mp19-operacions-basiques-de-prevencio-en-installacions-esportives\/\" title=\"Read MP19 &#8211; Operacions b\u00e0siques de prevenci\u00f3 en instal\u00b7lacions esportives\">Llegeix m\u00e9s\u00bb<\/a><\/p>\n","protected":false},"author":7,"featured_media":0,"parent":0,"menu_order":0,"comment_status":"closed","ping_status":"closed","template":"","meta":{"_bbp_topic_count":0,"_bbp_reply_count":0,"_bbp_total_topic_count":0,"_bbp_total_reply_count":0,"_bbp_voice_count":0,"_bbp_anonymous_reply_count":0,"_bbp_topic_count_hidden":0,"_bbp_reply_count_hidden":0,"_bbp_forum_subforum_count":0,"footnotes":""},"class_list":["post-12188","page","type-page","status-publish","hentry"],"post_mailing_queue_ids":[],"_links":{"self":[{"href":"https:\/\/agora.xtec.cat\/iesperealsius\/wp-json\/wp\/v2\/pages\/12188","targetHints":{"allow":["GET"]}}],"collection":[{"href":"https:\/\/agora.xtec.cat\/iesperealsius\/wp-json\/wp\/v2\/pages"}],"about":[{"href":"https:\/\/agora.xtec.cat\/iesperealsius\/wp-json\/wp\/v2\/types\/page"}],"author":[{"embeddable":true,"href":"https:\/\/agora.xtec.cat\/iesperealsius\/wp-json\/wp\/v2\/users\/7"}],"replies":[{"embeddable":true,"href":"https:\/\/agora.xtec.cat\/iesperealsius\/wp-json\/wp\/v2\/comments?post=12188"}],"version-history":[{"count":1,"href":"https:\/\/agora.xtec.cat\/iesperealsius\/wp-json\/wp\/v2\/pages\/12188\/revisions"}],"predecessor-version":[{"id":12189,"href":"https:\/\/agora.xtec.cat\/iesperealsius\/wp-json\/wp\/v2\/pages\/12188\/revisions\/12189"}],"wp:attachment":[{"href":"https:\/\/agora.xtec.cat\/iesperealsius\/wp-json\/wp\/v2\/media?parent=12188"}],"curies":[{"name":"wp","href":"https:\/\/api.w.org\/{rel}","templated":true}]}}